{"id":6560,"date":"2020-06-15T10:54:23","date_gmt":"2020-06-15T15:54:23","guid":{"rendered":"https:\/\/stagingxx.unisig.com\/wie-kaufen\/"},"modified":"2021-04-05T03:44:31","modified_gmt":"2021-04-05T08:44:31","slug":"wie-kaufen","status":"publish","type":"page","link":"https:\/\/unisig.com\/de\/wie-komme-ich-zu-meiner-maschine\/","title":{"rendered":"Wie komme ich zu meiner Maschine"},"content":{"rendered":"<div class=\"wpb-content-wrapper\"><p>[vc_row][vc_column][vc_single_image image=&#8221;1901&#8243; img_size=&#8221;full&#8221;][vc_column_text]<\/p>\n<h1>Wie komme ich zu meiner UNISIG Maschine<\/h1>\n<p>[\/vc_column_text][vc_separator][\/vc_column][\/vc_row][vc_row][vc_column][vc_column_text]<\/p>\n<h2>Finden Sie die richtige Maschine f\u00fcr Ihre Anwendung<\/h2>\n<p>[\/vc_column_text][vc_column_text]<\/p>\n<h5>Besprechen Sie Ihre Bewerbung mit UNISIG<\/h5>\n<p>[\/vc_column_text][vc_column_text]<a href=\"https:\/\/unisig.com\/how-to-buy\/request-a-quote\/\">Senden Sie Ihre Bewerbung<\/a> an die Engineering-Gruppe von UNISIG, und unser Team wird Ihre Anforderungen \u00fcberpr\u00fcfen, alle verbleibenden Fragen besprechen und eine detaillierte L\u00f6sung zusammen mit Automatisierung oder zus\u00e4tzlichen Optionen zur Optimierung des Prozesses vorschlagen. Gegebenenfalls werden Anwendungszeitstudien bereitgestellt, und das Vertriebsteam von UNISIG steht Ihnen zur Verf\u00fcgung, um den Vorschlag zu \u00fcberpr\u00fcfen und weitere Fragen zu beantworten.[\/vc_column_text][vc_column_text]<\/p>\n<h5>Computer online finden<\/h5>\n<p>[\/vc_column_text][vc_column_text]Ber\u00fccksichtigen Sie Ihre Teile- und Produktionsanforderungen und suchen Sie UNISIG Tieflochbohrmaschinen online. Sie k\u00f6nnen nach Bauteil- und Bohrungsparameternsuchen, nach Werkzeugen oder Prozesstypund nach Industriesegment. F\u00fcr Kunden, die eine beschleunigte Vorlaufzeit ben\u00f6tigen, stehen Express Delivery-Maschinen zur Verf\u00fcgung, um Ihre Bohrproduktion fr\u00fcher zu starten, mit einer gewissen Anpassbarkeit f\u00fcr Ihre Anwendungsanforderungen.[\/vc_column_text][vc_separator][\/vc_column][\/vc_row][vc_row][vc_column][vc_column_text]<\/p>\n<h2>Vertriebssupport-Prozess<\/h2>\n<p>[\/vc_column_text][vc_column_text]Unser erfahrenes Vertriebsteam steht Ihnen f\u00fcr eine detaillierte Angebots\u00fcberpr\u00fcfung zur Verf\u00fcgung und beantwortet weitere Fragen, und Vertreter k\u00f6nnen an der Unterst\u00fctzung des Verkaufsprozesses beteiligt sein. Kunden sind auch eingeladen, <a href=\"https:\/\/unisig.com\/de\/ueber-unisig\/\">unsere Anlage<\/a> zu besuchen, um mehr \u00fcber unseren Engineering- und Fertigungsprozess zu erfahren, unsere Ressourcen und F\u00e4higkeiten einzusehen und zus\u00e4tzliches technisches Personal zu treffen, das an Ihrem Maschinenkauf beteiligt sein wird. Um zus\u00e4tzliches Vertrauen in die Funktionen von UNISIG zu erhalten, kann ein Prozessentwicklungspaket erworben werden, um sicherzustellen, dass Ihre Anwendung nach Ihren Spezifikationen gebohrt wird.[\/vc_column_text][vc_separator][\/vc_column][\/vc_row][vc_row][vc_column][vc_column_text]<\/p>\n<h2>Maschinenbau, Schulung und Abnahme<\/h2>\n<p>[\/vc_column_text][vc_column_text]Nach Eingang der Bestellung wird Ihre neue Tiefbohrmaschine im Engineering verfeinert und tritt in den Fertigungsprozess ein, der die meisten Komponenten umfasst, die im eigenen Haus hergestellt werden. Nach Abschluss der Fertigstellung beherbergen wir Kunden in der Regel f\u00fcr einen Ablauf in unserer Anlage, was eine betriebliche Schulung und ein detailliertes Verst\u00e4ndnis der Ausr\u00fcstung und Werkzeuge erm\u00f6glicht. Neue Maschinenbesitzer verlassen mit dem Wissen, mit der Produktion zu beginnen, sobald die Installation abgeschlossen ist, und die F\u00e4higkeiten, ihre Fertigungsprozesse f\u00fcr maximale Effizienz zu entwickeln.[\/vc_column_text][vc_separator][\/vc_column][\/vc_row][vc_row][vc_column][vc_column_text]<\/p>\n<h2>Installation und Vor-Ort-Schulung<\/h2>\n<p>[\/vc_column_text][vc_column_text]Nach dem Ablauf und der Maschinenabnahme werden Maschinen von geschulten UNISIG-Technikern in Zusammenarbeit mit den Anlagenwartungsmitarbeitern versendet und professionell in Kundeneinrichtungen installiert. Die Maschine wird pr\u00e4zise ausgerichtet, getestet, und die Maschinenableitung und Bedienerschulung wird vor Ort fortgesetzt, was zu einem leistungsf\u00e4higen Tieflochbohrsystem mit selbstbewussten Bedienern f\u00fchrt.[\/vc_column_text][vc_separator][\/vc_column][\/vc_row][vc_row][vc_column][vc_column_text]<\/p>\n<h2>Follow-Up-Support<\/h2>\n<p>[\/vc_column_text][vc_column_text]UNISIG unterst\u00fctzt Sie nach der Installation mit einem erfahrenen Netzwerk von Ingenieuren, Technikern und geschulten und zertifizierten Servicegruppen auf der ganzen Welt. UNISIG-Serviceteams bieten Support-Services wie Au\u00dfendienst, vorbeugende Wartung und Weiterbildung an.[\/vc_column_text][vc_separator][\/vc_column][\/vc_row][vc_row][vc_column][vc_cta h2=&#8221;Start hier&#8221; h2_font_container=&#8221;color:%23005288&#8243; h2_google_fonts=&#8221;font_family:Open%20Sans%3A300%2C300italic%2Cregular%2Citalic%2C600%2C600italic%2C700%2C700italic%2C800%2C800italic|font_style:400%20regular%3A400%3Anormal&#8221; shape=&#8221;square&#8221; style=&#8221;custom&#8221; add_button=&#8221;bottom&#8221; btn_title=&#8221;Anforderung eines Angebots&#8221; btn_shape=&#8221;square&#8221; use_custom_fonts_h2=&#8221;true&#8221; custom_background=&#8221;#e3e3e3&#8243; custom_text=&#8221;#151515&#8243; css=&#8221;.vc_custom_1472241966485{border-top-width: 0px !important;border-right-width: 0px !important;border-bottom-width: 0px !important;border-left-width: 0px !important;}&#8221; btn_link=&#8221;url:http%3A%2F%2Funisig.com%2Fhow-to-buy%2Frequest-a-quote%2F|&#8221;]Geben Sie Ihre Anwendungsdetails f\u00fcr eine technische \u00dcberpr\u00fcfung und einen Vorschlag f\u00fcr UNISIG Tiefbohrl\u00f6sungen ein.[\/vc_cta][\/vc_column][\/vc_row]<\/p>\n<\/div>","protected":false},"excerpt":{"rendered":"<p>[vc_row][vc_column][vc_single_image image=&#8221;1901&#8243; img_size=&#8221;full&#8221;][vc_column_text] Wie komme ich zu meiner UNISIG Maschine [\/vc_column_text][vc_separator][\/vc_column][\/vc_row][vc_row][vc_column][vc_column_text] Finden Sie die richtige Maschine f\u00fcr Ihre Anwendung [\/vc_column_text][vc_column_text] Besprechen Sie Ihre Bewerbung mit UNISIG [\/vc_column_text][vc_column_text]Senden Sie Ihre Bewerbung an die Engineering-Gruppe von UNISIG, und unser Team wird Ihre Anforderungen \u00fcberpr\u00fcfen, alle verbleibenden Fragen besprechen und eine detaillierte L\u00f6sung zusammen mit Automatisierung oder zus\u00e4tzlichen<a href=\"https:\/\/unisig.com\/de\/wie-komme-ich-zu-meiner-maschine\/\" class=\"more-link\">Read More<\/a><\/p>\n","protected":false},"author":3,"featured_media":0,"parent":0,"menu_order":0,"comment_status":"closed","ping_status":"closed","template":"page-templates\/template-2.php","meta":{"_acf_changed":false,"footnotes":""},"folder":[],"class_list":["post-6560","page","type-page","status-publish","hentry"],"acf":[],"_links":{"self":[{"href":"https:\/\/unisig.com\/de\/wp-json\/wp\/v2\/pages\/6560","targetHints":{"allow":["GET"]}}],"collection":[{"href":"https:\/\/unisig.com\/de\/wp-json\/wp\/v2\/pages"}],"about":[{"href":"https:\/\/unisig.com\/de\/wp-json\/wp\/v2\/types\/page"}],"author":[{"embeddable":true,"href":"https:\/\/unisig.com\/de\/wp-json\/wp\/v2\/users\/3"}],"replies":[{"embeddable":true,"href":"https:\/\/unisig.com\/de\/wp-json\/wp\/v2\/comments?post=6560"}],"version-history":[{"count":0,"href":"https:\/\/unisig.com\/de\/wp-json\/wp\/v2\/pages\/6560\/revisions"}],"wp:attachment":[{"href":"https:\/\/unisig.com\/de\/wp-json\/wp\/v2\/media?parent=6560"}],"wp:term":[{"taxonomy":"folder","embeddable":true,"href":"https:\/\/unisig.com\/de\/wp-json\/wp\/v2\/folder?post=6560"}],"curies":[{"name":"wp","href":"https:\/\/api.w.org\/{rel}","templated":true}]}}