{"id":6562,"date":"2020-06-15T10:54:23","date_gmt":"2020-06-15T15:54:23","guid":{"rendered":"https:\/\/stagingxx.unisig.com\/alle-maschinen\/"},"modified":"2025-01-24T13:25:17","modified_gmt":"2025-01-24T19:25:17","slug":"alle-maschinen","status":"publish","type":"page","link":"https:\/\/unisig.com\/de\/alle-maschinen\/","title":{"rendered":"Alle Maschinen"},"content":{"rendered":"<div class=\"wpb-content-wrapper\"><p>[vc_row][vc_column][vc_column_text]<\/p>\n<h1>Alle Tiefbohrmaschinen-Baureihen<\/h1>\n<p>[\/vc_column_text][vc_separator][\/vc_column][\/vc_row][vc_row][vc_column width=&#8221;1\/3&#8243;][vc_single_image image=&#8221;200797&#8243; img_size=&#8221;full&#8221; onclick=&#8221;custom_link&#8221; link=&#8221;\/?page_id=6379&#8243;][vc_column_text]<\/p>\n<h4><a href=\"https:\/\/unisig.com\/de\/alle-maschinen\/une6-medizinisches-tiefbohren\/\">UNE6 Maschinen f\u00fcr die Medizintechnik<\/a><\/h4>\n<p>[\/vc_column_text][vc_column_text]Hersteller medizinischer Komponenten profitieren vom Tiefbohren nach dem Langdrehen, wodurch ein hocheffizientes Arbeiten ohne Genauigkeitseinbu\u00dfen auch bei\u00a0 z\u00e4hen medizinischen Werkstoffen m\u00f6glich ist.<\/p>\n<p><a href=\"https:\/\/unisig.com\/de\/alle-maschinen\/une6-medizinisches-tiefbohren\/\">Maschinen finden &gt;<\/a>[\/vc_column_text][\/vc_column][vc_column width=&#8221;1\/3&#8243;][vc_single_image image=&#8221;200811&#8243; img_size=&#8221;full&#8221; onclick=&#8221;custom_link&#8221; link=&#8221;\/?page_id=6594&#8243;][vc_column_text]<\/p>\n<h4><a href=\"https:\/\/unisig.com\/de\/alle-maschinen\/une-elb-tiefbohrmaschinen\/\">UNE ELB-Tiefbohrmaschinen<\/a><\/h4>\n<p>[\/vc_column_text][vc_column_text]Lohnfertiger k\u00f6nnen diese UNE Einlippentiefbohrmaschinen problemlos zu ihren eigenen Fertigungsprozessen hinzuf\u00fcgen. Diese Maschinen erlauben eine einfache und schnelle Einrichtung und ben\u00f6tigen nur eine kleine, kompakte Stellfl\u00e4che. Sie sind erh\u00e4ltlich mit kurzer Lieferzeit und gew\u00e4hrleisten die von UNISIG bekannte Pr\u00e4zision.<\/p>\n<p><a href=\"https:\/\/unisig.com\/de\/alle-maschinen\/une-elb-tiefbohrmaschinen\/\">Maschinen finden &gt;<\/a>[\/vc_column_text][\/vc_column][vc_column width=&#8221;1\/3&#8243;][vc_single_image image=&#8221;200839&#8243; img_size=&#8221;full&#8221; onclick=&#8221;custom_link&#8221; css=&#8221;&#8221; link=&#8221;\/?page_id=6673&#8243;][vc_column_text]<\/p>\n<h4><a href=\"https:\/\/unisig.com\/de\/alle-maschinen\/uni-serie-tiefbohrmaschinen\/\">UNI Maschinen f\u00fcr Gro\u00dfserien<\/a><\/h4>\n<p>[\/vc_column_text][vc_column_text]Ein und mehrspindlige UNI Gro\u00dfserien-Tiefbohrmaschinen arbeiten mit dem ELB- oder BTA-Werkzeugsystem und werden h\u00e4ufig mit Automatisierungsfunktionen ausger\u00fcstet um h\u00f6chste Produktionskapazit\u00e4tten mit extrem hoher Genauigkeit zu erreichen.<\/p>\n<p><a href=\"https:\/\/unisig.com\/de\/alle-maschinen\/uni-serie-tiefbohrmaschinen\/\">Maschinen finden&gt;<\/a>[\/vc_column_text][\/vc_column][\/vc_row][vc_row][vc_column width=&#8221;1\/3&#8243;][vc_single_image image=&#8221;200721&#8243; img_size=&#8221;full&#8221; onclick=&#8221;custom_link&#8221; link=&#8221;\/?page_id=6425&#8243;][vc_column_text]<\/p>\n<h4><a href=\"https:\/\/unisig.com\/de\/alle-maschinen\/b-serie-bis-800mm\/\">B-Serie BTA &lt; 800 mm Umlauf<\/a><\/h4>\n<p>[\/vc_column_text][vc_column_text]Diese BTA-Tiefbohrmaschinen k\u00f6nnen zuverl\u00e4ssig hochpr\u00e4zise, zentrische Bohrungen in drehrunde Werkst\u00fccke einbringen.<\/p>\n<p><a href=\"https:\/\/unisig.com\/de\/alle-maschinen\/b-serie-bis-800mm\/\">Maschinen finden &gt;<\/a>[\/vc_column_text][\/vc_column][vc_column width=&#8221;1\/3&#8243;][vc_single_image image=&#8221;200735&#8243; img_size=&#8221;full&#8221; onclick=&#8221;custom_link&#8221; link=&#8221;\/?page_id=6675&#8243;][vc_column_text]<\/p>\n<h4><a href=\"https:\/\/unisig.com\/de\/alle-maschinen\/b-serie-ueber-800\/\">B-Serie BTA &gt; 800 mm Umlauf<\/a><\/h4>\n<p>[\/vc_column_text][vc_column_text]F\u00fcr l\u00e4ngere runde Werkst\u00fccke mit mittiger Bohrung behalten die Maschinen der B-Serie Genauigkeit und Geradheit bei, auch bei extremen Tiefen.<\/p>\n<p><a href=\"https:\/\/unisig.com\/de\/alle-maschinen\/b-serie-ueber-800\/\">Maschinen finden &gt;<\/a>[\/vc_column_text][\/vc_column][vc_column width=&#8221;1\/3&#8243;][vc_single_image image=&#8221;200785&#8243; img_size=&#8221;full&#8221; onclick=&#8221;custom_link&#8221; css=&#8221;&#8221; link=&#8221;https:\/\/unisig.com\/de\/alle-maschinen\/schaelen-und-glattwalzen\/&#8221;][vc_column_text]<\/p>\n<h4><a href=\"https:\/\/unisig.com\/de\/alle-maschinen\/schaelen-und-glattwalzen\/\">S-Serie f\u00fcr das Sch\u00e4len und Glattwalzen<\/a><\/h4>\n<p>[\/vc_column_text][vc_column_text]S-Serie Maschinen sind optimiert f\u00fcr einen effizienten und pr\u00e4zisen Einsatz von Sch\u00e4l- und Glattwalzwerkzeugen mit denen die hohen Oberfl\u00e4cheng\u00fcten erzeugt werden wie sie z.B. f\u00fcr Hydraulikzylinder gefordert sind.<\/p>\n<p><a href=\"https:\/\/unisig.com\/de\/alle-maschinen\/schaelen-und-glattwalzen\/\">Maschinen finden &gt;<\/a>[\/vc_column_text][\/vc_column][\/vc_row][vc_row][vc_column width=&#8221;1\/3&#8243;][vc_single_image image=&#8221;200701&#8243; img_size=&#8221;full&#8221; onclick=&#8221;custom_link&#8221; link=&#8221;https:\/\/unisig.com\/de\/alle-maschinen\/usk-kreuztischmaschinen\/&#8221;][vc_column_text]<\/p>\n<h4><a href=\"https:\/\/unisig.com\/de\/alle-maschinen\/usk-kreuztischmaschinen\/\">USK CNC-Kreuztischmaschinen<\/a><\/h4>\n<p>[\/vc_column_text][vc_column_text]USK Kreuztischmaschinen sind sehr vielseitig einsetzbar f\u00fcr einen gro\u00dfen Bereich von Bohrdurchmessern, Werkzeugtypen, Bohrtiefen, Werkst\u00fcckgeometrien und exzentrischen Bohrungspositionen. Dies alles mit Optionen f\u00fcr h\u00f6chste Genauigkeit.<\/p>\n<p><a href=\"https:\/\/unisig.com\/de\/alle-maschinen\/usk-kreuztischmaschinen\/\">Maschinen finden &gt;<\/a>[\/vc_column_text][\/vc_column][vc_column width=&#8221;1\/3&#8243;][vc_single_image image=&#8221;200665&#8243; img_size=&#8221;full&#8221; onclick=&#8221;custom_link&#8221; link=&#8221;https:\/\/unisig.com\/de\/alle-maschinen\/sondermaschinen\/&#8221;][vc_column_text]<\/p>\n<h4><a href=\"https:\/\/unisig.com\/de\/alle-maschinen\/sondermaschinen\/\">USC BTA-Maschinen f\u00fcr Gro\u00dfteile<\/a><\/h4>\n<p>[\/vc_column_text][vc_column_text]USC Tiefbohrmaschinen mit Fahrst\u00e4nder bringen pr\u00e4zise Bohrungen in nicht-runde Werkst\u00fccke bis 50 t ein. USC Machines sind robuste, zuverl\u00e4ssige Maschinen und ben\u00f6tigen nur eine geringe Aufstellfl\u00e4che.<\/p>\n<p><a href=\"https:\/\/unisig.com\/de\/alle-maschinen\/sondermaschinen\/\">Maschinen finden &gt;<\/a>[\/vc_column_text][\/vc_column][vc_column width=&#8221;1\/3&#8243;][vc_single_image image=&#8221;200651&#8243; img_size=&#8221;full&#8221; onclick=&#8221;custom_link&#8221; link=&#8221;\/?page_id=6366&#8243;][vc_column_text]<\/p>\n<h4><a href=\"https:\/\/unisig.com\/de\/alle-maschinen\/tiefbohr-und-fraeszentren\/\">USC-M Tiefbohr- und Fr\u00e4szentren<\/a><\/h4>\n<p>[\/vc_column_text][vc_column_text]USC-M Tiefbohr- und Bearbeitungszentren erm\u00f6glichen Formenbauern vielf\u00e4ltige Operationen in einem einzigen Setup durchzuf\u00fchren, damit drastisch den Durchsatz zu verbessern und zugleich Design-Beschr\u00e4nkungen aufzuheben.<\/p>\n<p><a href=\"https:\/\/unisig.com\/de\/alle-maschinen\/tiefbohr-und-fraeszentren\/\">Maschinen finden &gt;<\/a>[\/vc_column_text][\/vc_column][\/vc_row][vc_row][vc_column width=&#8221;1\/3&#8243;][vc_single_image image=&#8221;200679&#8243; img_size=&#8221;full&#8221; onclick=&#8221;custom_link&#8221; link=&#8221;https:\/\/unisig.com\/de\/alle-maschinen\/sondermaschinen\/&#8221;][vc_column_text]<\/p>\n<h4><a href=\"https:\/\/unisig.com\/de\/alle-maschinen\/sondermaschinen\/\">USC-TS f\u00fcr W\u00e4rmetauscherb\u00f6den<\/a><\/h4>\n<p>[\/vc_column_text][vc_column_text]USC-TS Maschinen verwenden mehrere Spindeln um die Tausende von genauen Bohrungen einzubringen die in der Produktion von W\u00e4rmetauscherrohrb\u00f6den ben\u00f6tigt werden und maximieren dabei die Effizienz f\u00fcr diese Energie-Anwendung.<\/p>\n<p><a href=\"https:\/\/unisig.com\/de\/alle-maschinen\/sondermaschinen\/\">Maschinen finden &gt;<\/a>[\/vc_column_text][\/vc_column][vc_column width=&#8221;1\/3&#8243;][vc_single_image image=&#8221;200793&#8243; img_size=&#8221;full&#8221; onclick=&#8221;custom_link&#8221; link=&#8221;https:\/\/unisig.com\/de\/alle-maschinen\/unr-reibmaschinen\/&#8221;][vc_column_text]<\/p>\n<h4><a href=\"https:\/\/unisig.com\/de\/alle-maschinen\/unr-reibmaschinen\/\">UNR Reibmaschinen<\/a><\/h4>\n<p>[\/vc_column_text][vc_column_text]UNR Reibmaschinen beherrschen neben dem Pr\u00e4zisionstiefbohren ebenso den Reibproze\u00df mit dem eine perfekte und hochgenaue Bohrungsoberfl\u00e4che erzeugt werden kann, wie in der Herstellung von Laufrohlingen gefordert.<\/p>\n<p><a href=\"https:\/\/unisig.com\/de\/alle-maschinen\/unr-reibmaschinen\/\">Maschinen finden &gt;<\/a>[\/vc_column_text][\/vc_column][vc_column width=&#8221;1\/3&#8243;][vc_single_image image=&#8221;200763&#8243; img_size=&#8221;full&#8221; onclick=&#8221;custom_link&#8221; link=&#8221;https:\/\/unisig.com\/de\/alle-maschinen\/drallziehmaschinen\/&#8221;][vc_column_text]<\/p>\n<h4><a href=\"https:\/\/unisig.com\/de\/alle-maschinen\/drallziehmaschinen\/\">R-Serie Drallziehmaschinen<\/a><\/h4>\n<p>[\/vc_column_text][vc_column_text]Nach dem Tiefbohren und Reiben werden die Maschinen der R-Serie eingesetzt um in einem servogesteuerten Drallziehproze\u00df Z\u00fcge einzubringen und so Gewehrlauf-Rohlinge mit un\u00fcbertroffener Genauigkeit zu fertigen.<\/p>\n<p><a href=\"https:\/\/unisig.com\/de\/alle-maschinen\/drallziehmaschinen\/\">Maschinen finden &gt;<\/a>[\/vc_column_text][\/vc_column][\/vc_row][vc_row][vc_column][vc_cta h2=&#8221;Lassen Sie Ihre Anwendung pr\u00fcfen&#8221; h2_font_container=&#8221;color:%23005288&#8243; h2_google_fonts=&#8221;font_family:Open%20Sans%3A300%2C300italic%2Cregular%2Citalic%2C600%2C600italic%2C700%2C700italic%2C800%2C800italic|font_style:400%20regular%3A400%3Anormal&#8221; shape=&#8221;square&#8221; style=&#8221;custom&#8221; add_button=&#8221;bottom&#8221; btn_title=&#8221;Ihre Anfrage senden&#8221; btn_shape=&#8221;square&#8221; css=&#8221;.vc_custom_1603228452333{border-top-width: 0px !important;border-right-width: 0px !important;border-bottom-width: 0px !important;border-left-width: 0px !important;}&#8221; use_custom_fonts_h2=&#8221;true&#8221; custom_background=&#8221;#e3e3e3&#8243; custom_text=&#8221;#151515&#8243; btn_link=&#8221;url:%2F%3Fpage_id%3D6519|title:Anforderung%20eines%20Angebots||&#8221;]Wenn Sie nicht sicher sind, welche Maschine am besten f\u00fcr Sie geeignet ist, senden Sie uns Ihre Anwendung zur Pr\u00fcfung durch unsere Anwendungsingenieure zu.[\/vc_cta][\/vc_column][\/vc_row]<\/p>\n<\/div>","protected":false},"excerpt":{"rendered":"<p>[vc_row][vc_column][vc_column_text] Alle Tiefbohrmaschinen-Baureihen [\/vc_column_text][vc_separator][\/vc_column][\/vc_row][vc_row][vc_column width=&#8221;1\/3&#8243;][vc_single_image image=&#8221;200797&#8243; img_size=&#8221;full&#8221; onclick=&#8221;custom_link&#8221; link=&#8221;\/?page_id=6379&#8243;][vc_column_text] UNE6 Maschinen f\u00fcr die Medizintechnik [\/vc_column_text][vc_column_text]Hersteller medizinischer Komponenten profitieren vom Tiefbohren nach dem Langdrehen, wodurch ein hocheffizientes Arbeiten ohne Genauigkeitseinbu\u00dfen auch bei\u00a0 z\u00e4hen medizinischen Werkstoffen m\u00f6glich ist. Maschinen finden &gt;[\/vc_column_text][\/vc_column][vc_column width=&#8221;1\/3&#8243;][vc_single_image image=&#8221;200811&#8243; img_size=&#8221;full&#8221; onclick=&#8221;custom_link&#8221; link=&#8221;\/?page_id=6594&#8243;][vc_column_text] UNE ELB-Tiefbohrmaschinen [\/vc_column_text][vc_column_text]Lohnfertiger k\u00f6nnen diese UNE Einlippentiefbohrmaschinen problemlos zu ihren eigenen<a href=\"https:\/\/unisig.com\/de\/alle-maschinen\/\" class=\"more-link\">Read More<\/a><\/p>\n","protected":false},"author":6,"featured_media":0,"parent":0,"menu_order":0,"comment_status":"closed","ping_status":"closed","template":"page-templates\/template-2.php","meta":{"_acf_changed":false,"footnotes":""},"folder":[],"class_list":["post-6562","page","type-page","status-publish","hentry"],"acf":[],"_links":{"self":[{"href":"https:\/\/unisig.com\/de\/wp-json\/wp\/v2\/pages\/6562","targetHints":{"allow":["GET"]}}],"collection":[{"href":"https:\/\/unisig.com\/de\/wp-json\/wp\/v2\/pages"}],"about":[{"href":"https:\/\/unisig.com\/de\/wp-json\/wp\/v2\/types\/page"}],"author":[{"embeddable":true,"href":"https:\/\/unisig.com\/de\/wp-json\/wp\/v2\/users\/6"}],"replies":[{"embeddable":true,"href":"https:\/\/unisig.com\/de\/wp-json\/wp\/v2\/comments?post=6562"}],"version-history":[{"count":0,"href":"https:\/\/unisig.com\/de\/wp-json\/wp\/v2\/pages\/6562\/revisions"}],"wp:attachment":[{"href":"https:\/\/unisig.com\/de\/wp-json\/wp\/v2\/media?parent=6562"}],"wp:term":[{"taxonomy":"folder","embeddable":true,"href":"https:\/\/unisig.com\/de\/wp-json\/wp\/v2\/folder?post=6562"}],"curies":[{"name":"wp","href":"https:\/\/api.w.org\/{rel}","templated":true}]}}