{"id":6563,"date":"2020-06-15T10:54:23","date_gmt":"2020-06-15T15:54:23","guid":{"rendered":"https:\/\/stagingxx.unisig.com\/produkte-technologie\/automatisierung\/flexible-automatisierung\/"},"modified":"2024-05-21T09:00:32","modified_gmt":"2024-05-21T14:00:32","slug":"flexible-automatisierung","status":"publish","type":"page","link":"https:\/\/unisig.com\/de\/automatisierung\/flexible-automatisierung\/","title":{"rendered":"Flexible Automatisierung"},"content":{"rendered":"<div class=\"wpb-content-wrapper\"><p>[vc_row][vc_column][vc_single_image image=&#8221;1723&#8243; img_size=&#8221;full&#8221;][vc_column_text]<\/p>\n<h1>Flexible Automatisierung<\/h1>\n<p>[\/vc_column_text][vc_column_text]Flexible Automationsl\u00f6sungen sind so konstruiert, dass sie die Produktivit\u00e4t und Zuverl\u00e4ssigkeit erh\u00f6hen und mit einer Vielzahl von Anwendungen und Konfigurationen arbeiten k\u00f6nnen. Die flexible Automatisierung kann in die Originalmaschine integriert oder unabh\u00e4ngig entworfen und programmiert werden, um eine Vielzahl von Automatisierungsaufgaben zu erf\u00fcllen.<\/p>\n<p>UNISIG verf\u00fcgt \u00fcber umfangreiche Erfahrung in der Entwicklung von Automatisierungsl\u00f6sungen f\u00fcr Tiefbohrsysteme und CNC-Bearbeitungszellen. Wir werden Ihre Anwendung, Toleranzen und Produktionsanforderungen genau pr\u00fcfen um Ihnen einen Budgetvorschlag f\u00fcr eine ideale L\u00f6sung zu unterbreiten.[\/vc_column_text][vc_column_text]<\/p>\n<h4>Mehr erfahren<\/h4>\n<p>[\/vc_column_text][unisig_icon_content icon=&#8221;fas fa-video&#8221;]<a href=\"https:\/\/unisig.com\/de\/news-und-events\/technische-artikel\/bta-tiefbohren-mit-flexibler-automatisierung\/\"> UNISIG BTA Tiefbohrmaschine der B-Serie mit flexibler Automatisierung | Video<\/a>[\/unisig_icon_content][unisig_icon_content icon=&#8221;fas fa-video&#8221;]<a href=\"https:\/\/unisig.com\/de\/news-und-events\/tiefbohrzelle-mit-flexibler-automatisierung\/\"> UNISIG 4-Spindel-Einlippenbohrzelle mit flexibler Automatisierung | Video<\/a>[\/unisig_icon_content][vc_separator][\/vc_column][\/vc_row][vc_row][vc_column width=&#8221;1\/2&#8243;][vc_single_image image=&#8221;2909&#8243; img_size=&#8221;full&#8221;][vc_column_text]<\/p>\n<h3>Roboter-Automatisierung<\/h3>\n<p>[\/vc_column_text][vc_column_text]Roboter bieten das Nonplusultra an flexibler Automatisierung. \u00dcber die Produktivit\u00e4tsvorteile hinaus werden einzigartig geformte Teile und Mehrfachoperationen mit Robotern leicht gehandhabt. Die Robotertechnologie wird von branchenf\u00fchrenden Automatisierungsherstellern wie Fanuc ausgew\u00e4hlt und von erfahrenen UNISIG-Ingenieuren fachm\u00e4nnisch programmiert.[\/vc_column_text][\/vc_column][vc_column width=&#8221;1\/2&#8243;][vc_single_image image=&#8221;2908&#8243; img_size=&#8221;full&#8221;][vc_column_text]<\/p>\n<h3>Robotervorbereitung<\/h3>\n<p>[\/vc_column_text][vc_column_text]UNISIG-Maschinen k\u00f6nnen robotertauglich konstruiert werden, so dass sie von der vorhandenen Automatisierung in einer Fabrikhalle oder in einer CNC-Bearbeitungszelle bedient werden k\u00f6nnen. Diese Option umfasst in der Regel automatische T\u00fcren, Sicherheitsrelais, interne Teileerkennung und eine intelligente Integration in die Fabrikautomation.[\/vc_column_text][\/vc_column][\/vc_row][vc_row][vc_column width=&#8221;1\/2&#8243;][vc_single_image image=&#8221;2910&#8243; img_size=&#8221;full&#8221;][vc_column_text]<\/p>\n<h3>Palettenf\u00f6rderer<\/h3>\n<p>[\/vc_column_text][vc_column_text]Palettenf\u00f6rderer werden in Verbindung mit Roboter-Automatisierung eingesetzt zur Beladung und Handhabung kleiner Teile in Umgebungen mit hohen Produktionsvolumen.[\/vc_column_text][\/vc_column][vc_column width=&#8221;1\/2&#8243;][vc_single_image image=&#8221;2911&#8243; img_size=&#8221;full&#8221;][vc_column_text]<\/p>\n<h3>Palettenwechseler<\/h3>\n<p>[\/vc_column_text][vc_column_text]Paletten erm\u00f6glichen eine Vielzahl von Aufspannsystemen, Vorrichtungen und Teilen auf der gleichen Maschine, um St\u00fcckkosten zu verringern oder um einen unbemannten Betrieb zu erm\u00f6glichen.[\/vc_column_text][\/vc_column][\/vc_row][vc_row][vc_column width=&#8221;1\/2&#8243;][vc_single_image image=&#8221;2912&#8243; img_size=&#8221;full&#8221;][vc_column_text]<\/p>\n<h3>Servo-Portallader<\/h3>\n<p>[\/vc_column_text][vc_column_text]Komplexe Produktionsbohrsysteme verf\u00fcgen oft mehrere Stationen und verschiedene Be- und Entladepunkte. Servogesteuerte Portalsysteme bieten flexible Programmierm\u00f6glichkeiten in Verbindung mit hoher Geschwindigkeit und gro\u00dfen Servicebereichen. Auch Pr\u00fcf- und Ausschleusungsstationen sind m\u00f6glich, was zu einer erh\u00f6hten Produktivit\u00e4t bei hoher Genauigkeit f\u00fchrt.[\/vc_column_text][\/vc_column][\/vc_row][vc_row][vc_column][vc_cta h2=&#8221;Informationen anfordern&#8221; h2_font_container=&#8221;color:%23005288&#8243; h2_google_fonts=&#8221;font_family:Open%20Sans%3A300%2C300italic%2Cregular%2Citalic%2C600%2C600italic%2C700%2C700italic%2C800%2C800italic|font_style:400%20regular%3A400%3Anormal&#8221; shape=&#8221;square&#8221; style=&#8221;custom&#8221; add_button=&#8221;bottom&#8221; btn_title=&#8221;Meine Anwendung einsenden&#8221; btn_shape=&#8221;square&#8221; use_custom_fonts_h2=&#8221;true&#8221; custom_background=&#8221;#e3e3e3&#8243; custom_text=&#8221;#151515&#8243; css=&#8221;.vc_custom_1599464253171{border-top-width: 0px !important;border-right-width: 0px !important;border-bottom-width: 0px !important;border-left-width: 0px !important;}&#8221; btn_link=&#8221;url:%2F%3Fpage_id%3D6519|||&#8221;]Fordern Sie Informationen zur flexiblen Automatisierung an, oder senden Sie Ihre Anwendung zur \u00dcberpr\u00fcfung.[\/vc_cta][\/vc_column][\/vc_row]<\/p>\n<\/div>","protected":false},"excerpt":{"rendered":"<p>[vc_row][vc_column][vc_single_image image=&#8221;1723&#8243; img_size=&#8221;full&#8221;][vc_column_text] Flexible Automatisierung [\/vc_column_text][vc_column_text]Flexible Automationsl\u00f6sungen sind so konstruiert, dass sie die Produktivit\u00e4t und Zuverl\u00e4ssigkeit erh\u00f6hen und mit einer Vielzahl von Anwendungen und Konfigurationen arbeiten k\u00f6nnen. Die flexible Automatisierung kann in die Originalmaschine integriert oder unabh\u00e4ngig entworfen und programmiert werden, um eine Vielzahl von Automatisierungsaufgaben zu erf\u00fcllen. UNISIG verf\u00fcgt \u00fcber umfangreiche Erfahrung in der<a href=\"https:\/\/unisig.com\/de\/automatisierung\/flexible-automatisierung\/\" class=\"more-link\">Read More<\/a><\/p>\n","protected":false},"author":3,"featured_media":0,"parent":0,"menu_order":0,"comment_status":"closed","ping_status":"closed","template":"page-templates\/template-2.php","meta":{"_acf_changed":false,"footnotes":""},"folder":[],"class_list":["post-6563","page","type-page","status-publish","hentry"],"acf":[],"_links":{"self":[{"href":"https:\/\/unisig.com\/de\/wp-json\/wp\/v2\/pages\/6563","targetHints":{"allow":["GET"]}}],"collection":[{"href":"https:\/\/unisig.com\/de\/wp-json\/wp\/v2\/pages"}],"about":[{"href":"https:\/\/unisig.com\/de\/wp-json\/wp\/v2\/types\/page"}],"author":[{"embeddable":true,"href":"https:\/\/unisig.com\/de\/wp-json\/wp\/v2\/users\/3"}],"replies":[{"embeddable":true,"href":"https:\/\/unisig.com\/de\/wp-json\/wp\/v2\/comments?post=6563"}],"version-history":[{"count":0,"href":"https:\/\/unisig.com\/de\/wp-json\/wp\/v2\/pages\/6563\/revisions"}],"wp:attachment":[{"href":"https:\/\/unisig.com\/de\/wp-json\/wp\/v2\/media?parent=6563"}],"wp:term":[{"taxonomy":"folder","embeddable":true,"href":"https:\/\/unisig.com\/de\/wp-json\/wp\/v2\/folder?post=6563"}],"curies":[{"name":"wp","href":"https:\/\/api.w.org\/{rel}","templated":true}]}}