{"id":6569,"date":"2020-06-15T10:54:24","date_gmt":"2020-06-15T15:54:24","guid":{"rendered":"https:\/\/stagingxx.unisig.com\/warum-unisig\/"},"modified":"2025-04-07T07:50:54","modified_gmt":"2025-04-07T12:50:54","slug":"warum-unisig","status":"publish","type":"page","link":"https:\/\/unisig.com\/de\/ueber-unisig\/","title":{"rendered":"\u00dcber UNISIG"},"content":{"rendered":"<div class=\"wpb-content-wrapper\"><p>[vc_row][vc_column][vc_single_image image=&#8221;5766&#8243; img_size=&#8221;full&#8221; alignment=&#8221;center&#8221;][vc_column_text]<\/p>\n<h1>\u00dcber UNISIG<\/h1>\n<p>[\/vc_column_text][vc_column_text css=&#8221;&#8221;]UNISIG ist einer der gr\u00f6\u00dften Hersteller von Tiefbohrmaschinen und f\u00fchrend in Technologie, Innovation, Support und Service, auf den sich unsere Kunden verlassen, um wettbewerbsf\u00e4hig zu sein. Zu unseren Kunden z\u00e4hlen kleine Lohnbearbeiter, die ihre F\u00e4higkeiten erweitern m\u00f6chten, ebenso wie gro\u00dfe OEMs, die Millionen von Bohrungen einbringen m\u00fcssen.<\/p>\n<p>Wir bieten das gesamte Tiefbohrsystem \u2013 Maschinen, Werkzeuge und Automatisierung. Von technischem Know-how, Schulungen bis zu Remote- und Vor-Ort-Service, um den Wert der Investitionen unserer Kunden zu maximieren.<\/p>\n<p>UNISIG Maschinen werden in den USA f\u00fcr unseren weltweiten Kundenstamm entwickelt und hergestellt. Unsere Maschinen k\u00f6nnen \u00fcberall auf der Welt installiert und unterst\u00fctzt werden. Wir haben Installationen in Nord- und S\u00fcdamerika, Europa und Asien und bieten den technischen Support und Service, den unsere Kunden ben\u00f6tigen, um w\u00e4hrend der Lebensdauer der Ger\u00e4te produktiv zu bleiben.<\/p>\n<p>Wir glauben, dass unser Erfolg auf ein sehr starkes Verst\u00e4ndnis des Tiefbohrprozesses, der Bohrwerkzeuge und ihrer Anwendungen zur\u00fcckzuf\u00fchren ist. Eine lange Erfolgsgeschichte, ungeachtet der technischen Herausforderungen, best\u00e4tigt unseren Ansatz.<\/p>\n<p>Unsere Erfahrung basiert auf der gemeinsamen Probleml\u00f6sung mit unseren Kunden und dem Verst\u00e4ndnis ihrer Maschinenanforderungen f\u00fcr das Erreichen ihrer Tiefbohrziele. Diese Erkenntnisse setzen wir dann mit unseren beeindruckenden Entwicklungs- und Fertigungskapazit\u00e4ten ein und setzen neue Ma\u00dfst\u00e4be f\u00fcr die Leistung von Tiefbohrmaschinen. Dies wiederum treibt die Werkzeugentwicklung zum Nutzen der gesamten Branche voran.<\/p>\n<p>UNISIG unterst\u00fctzt Kunden mit wenig oder keiner Tiefbohrerfahrung oft dabei, neue, f\u00fcr ihre Fertigungsanforderungen wichtige Projekte erfolgreich zu starten. Auch erfahrenere Kunden sch\u00e4tzen die Leistung, Pr\u00e4zision und Steuerung unserer Maschinen.<\/p>\n<p>Unsere Produkte decken das gesamte Spektrum der Tiefbohranwendungen ab. Wir bieten Standardmodelle f\u00fcr Bohrungen mit einem Durchmesser von weniger als 1 mm (0,040 Zoll) in medizinischen Titankomponenten. Dar\u00fcber hinaus bauen wir Maschinen, die Bohrungen mit einem Durchmesser von 500 mm (20 Zoll) und \u00fcber 10 Meter (30 Fu\u00df) Tiefe in massive, hochfeste Schmiedeteile bohren k\u00f6nnen. Unsere Erfahrung geht \u00fcber das Bohren mit unseren 5-achsigen CNC-Fr\u00e4s- und Bohrmaschinen hinaus. Unser Vertriebs- und Anwendungsteam hilft Ihnen gerne, die passende L\u00f6sung zu finden.<\/p>\n<p>Wir investieren in unser Express-Lieferprogramm, um eine schnelle Lieferung von Standardmodellen zu erm\u00f6glichen. Das UNISIG Tech Center bietet Test- und Prototyping-Services an, um das Risiko neuer Prozessentwicklungen zu reduzieren und bildet oft die Grundlage f\u00fcr Innovationen, die unsere Produkte verbessern. Sollte eine Standardmaschine nicht die richtige L\u00f6sung sein, entwickeln wir eine ma\u00dfgeschneiderte L\u00f6sung mit den gleichen Leistungs- und Serviceanspr\u00fcchen wie eine Standardmaschine.[\/vc_column_text][vc_separator][\/vc_column][\/vc_row][vc_row][vc_column][vc_column_text]Erfahren Sie mehr \u00fcber UNISIG:<\/p>\n<ul>\n<li><a href=\"https:\/\/unisig.com\/why-unisig\/engineering-and-manufacturing\/\">Engineering und Fertigung<\/a><\/li>\n<li><a href=\"https:\/\/unisig.com\/de\/warum-unisig\/unser-hauptsitz\/?lang=de\">Unser Hauptsitz<\/a><\/li>\n<li><a href=\"https:\/\/unisig.com\/de\/warum-unisig\/unternehmensstruktur\/?lang=de\">Unternehmensstruktur<\/a><\/li>\n<li><a href=\"https:\/\/unisig.com\/de\/warum-unisig\/geschichte\/?lang=de\">Geschichte<\/a><\/li>\n<li><a href=\"https:\/\/unisig.com\/careers-at-unisig\" target=\"_blank\" rel=\"noopener noreferrer\">Karriere<\/a><\/li>\n<\/ul>\n<p>[\/vc_column_text][\/vc_column][\/vc_row]<\/p>\n<\/div>","protected":false},"excerpt":{"rendered":"<p>[vc_row][vc_column][vc_single_image image=&#8221;5766&#8243; img_size=&#8221;full&#8221; alignment=&#8221;center&#8221;][vc_column_text] \u00dcber UNISIG [\/vc_column_text][vc_column_text css=&#8221;&#8221;]UNISIG ist einer der gr\u00f6\u00dften Hersteller von Tiefbohrmaschinen und f\u00fchrend in Technologie, Innovation, Support und Service, auf den sich unsere Kunden verlassen, um wettbewerbsf\u00e4hig zu sein. Zu unseren Kunden z\u00e4hlen kleine Lohnbearbeiter, die ihre F\u00e4higkeiten erweitern m\u00f6chten, ebenso wie gro\u00dfe OEMs, die Millionen von Bohrungen einbringen m\u00fcssen. Wir<a href=\"https:\/\/unisig.com\/de\/ueber-unisig\/\" class=\"more-link\">Read More<\/a><\/p>\n","protected":false},"author":3,"featured_media":0,"parent":0,"menu_order":0,"comment_status":"closed","ping_status":"closed","template":"page-templates\/template-2.php","meta":{"_acf_changed":false,"footnotes":""},"folder":[],"class_list":["post-6569","page","type-page","status-publish","hentry"],"acf":[],"_links":{"self":[{"href":"https:\/\/unisig.com\/de\/wp-json\/wp\/v2\/pages\/6569","targetHints":{"allow":["GET"]}}],"collection":[{"href":"https:\/\/unisig.com\/de\/wp-json\/wp\/v2\/pages"}],"about":[{"href":"https:\/\/unisig.com\/de\/wp-json\/wp\/v2\/types\/page"}],"author":[{"embeddable":true,"href":"https:\/\/unisig.com\/de\/wp-json\/wp\/v2\/users\/3"}],"replies":[{"embeddable":true,"href":"https:\/\/unisig.com\/de\/wp-json\/wp\/v2\/comments?post=6569"}],"version-history":[{"count":0,"href":"https:\/\/unisig.com\/de\/wp-json\/wp\/v2\/pages\/6569\/revisions"}],"wp:attachment":[{"href":"https:\/\/unisig.com\/de\/wp-json\/wp\/v2\/media?parent=6569"}],"wp:term":[{"taxonomy":"folder","embeddable":true,"href":"https:\/\/unisig.com\/de\/wp-json\/wp\/v2\/folder?post=6569"}],"curies":[{"name":"wp","href":"https:\/\/api.w.org\/{rel}","templated":true}]}}