{"id":6570,"date":"2020-06-15T10:54:25","date_gmt":"2020-06-15T15:54:25","guid":{"rendered":"https:\/\/stagingxx.unisig.com\/produkte-technologie\/automatisierung\/maschinenautomatisierung\/"},"modified":"2021-11-19T08:46:37","modified_gmt":"2021-11-19T14:46:37","slug":"maschinenautomatisierung","status":"publish","type":"page","link":"https:\/\/unisig.com\/de\/automatisierung\/maschinenautomatisierung\/","title":{"rendered":"Maschinen-Automatisierung"},"content":{"rendered":"<div class=\"wpb-content-wrapper\"><p>[vc_row][vc_column][vc_single_image image=&#8221;1725&#8243; img_size=&#8221;full&#8221;][vc_column_text]<\/p>\n<h1>Maschinen-Automatisierung<\/h1>\n<p>[\/vc_column_text][vc_column_text]Die Maschinenautomatisierung wird f\u00fcr Tiefbohrsystemen entwickelt und eingesetzt, um die Produktivit\u00e4t beim BTA- oder ELB-Tiefbohren zu erh\u00f6hen. Diese Automatisierungsf\u00e4higkeiten sind integrierte Komponenten, die von Anfang an so konstruiert wurden, dass sie integral mit dem restlichen System funktionieren.<\/p>\n<p>UNISIG verf\u00fcgt \u00fcber langj\u00e4hrige Erfahrung in der Entwicklung von Automatisierungsl\u00f6sungen f\u00fcr Tieflochbohrmaschinen und CNC-Bearbeitungszellen. Bei der Entwicklung einer idealen L\u00f6sung werden wir Ihre Anwendung, Ihre Toleranz- und Produktionsanforderungen, Ihre Einrichtung und Ihr Budget genauestens ber\u00fccksichtigen.[\/vc_column_text][\/vc_column][\/vc_row][vc_row][vc_column width=&#8221;1\/2&#8243;][vc_single_image image=&#8221;2915&#8243; img_size=&#8221;full&#8221;][vc_column_text]<\/p>\n<h3>Programmierbare intelligente F\u00f6rderer<\/h3>\n<p>[\/vc_column_text][vc_column_text]F\u00f6rdersysteme bringen Teile zu und von den Maschinen und sind eine einfache M\u00f6glichkeit, den Wert einer Investition zu erh\u00f6hen. F\u00f6rdersysteme k\u00f6nnen auch verwendet werden, um unregelm\u00e4\u00dfig geformte Komponenten aufzureihen und um die Vorteile von Palettensystemen zu nutzen sowie den Teiletransport in der gesamten Anlage zu verbessern.[\/vc_column_text][\/vc_column][vc_column width=&#8221;1\/2&#8243;][vc_single_image image=&#8221;2914&#8243; img_size=&#8221;full&#8221;][vc_column_text]<\/p>\n<h3>Hubbalken-Beladung<\/h3>\n<p>[\/vc_column_text][vc_column_text]Wellen werden h\u00e4ufig mit einer Hubbalken-Automatisierung geladen, um mehrere Spindeln produktiv zu bedienen. Die Hubbalken-Automatisierung erm\u00f6glicht die gleichzeitige Bereitstellung und das Bohren von Teilen, wodurch sich der Durchsatz drastisch erh\u00f6ht.[\/vc_column_text][\/vc_column][\/vc_row][vc_row][vc_column][vc_cta h2=&#8221;Informationen anfordern&#8221; h2_font_container=&#8221;color:%23005288&#8243; h2_google_fonts=&#8221;font_family:Open%20Sans%3A300%2C300italic%2Cregular%2Citalic%2C600%2C600italic%2C700%2C700italic%2C800%2C800italic|font_style:400%20regular%3A400%3Anormal&#8221; shape=&#8221;square&#8221; style=&#8221;custom&#8221; add_button=&#8221;bottom&#8221; btn_title=&#8221;Meine Anwendung senden&#8221; btn_shape=&#8221;square&#8221; use_custom_fonts_h2=&#8221;true&#8221; custom_background=&#8221;#e3e3e3&#8243; custom_text=&#8221;#151515&#8243; css=&#8221;.vc_custom_1599464744909{border-top-width: 0px !important;border-right-width: 0px !important;border-bottom-width: 0px !important;border-left-width: 0px !important;}&#8221; btn_link=&#8221;url:%2F%3Fpage_id%3D6519|||&#8221;]Fordern Sie Informationen zur Automatisierung an, oder senden Sie Ihre Anwendung zur \u00dcberpr\u00fcfung.[\/vc_cta][\/vc_column][\/vc_row]<\/p>\n<\/div>","protected":false},"excerpt":{"rendered":"<p>[vc_row][vc_column][vc_single_image image=&#8221;1725&#8243; img_size=&#8221;full&#8221;][vc_column_text] Maschinen-Automatisierung [\/vc_column_text][vc_column_text]Die Maschinenautomatisierung wird f\u00fcr Tiefbohrsystemen entwickelt und eingesetzt, um die Produktivit\u00e4t beim BTA- oder ELB-Tiefbohren zu erh\u00f6hen. Diese Automatisierungsf\u00e4higkeiten sind integrierte Komponenten, die von Anfang an so konstruiert wurden, dass sie integral mit dem restlichen System funktionieren. UNISIG verf\u00fcgt \u00fcber langj\u00e4hrige Erfahrung in der Entwicklung von Automatisierungsl\u00f6sungen f\u00fcr Tieflochbohrmaschinen und CNC-Bearbeitungszellen.<a href=\"https:\/\/unisig.com\/de\/automatisierung\/maschinenautomatisierung\/\" class=\"more-link\">Read More<\/a><\/p>\n","protected":false},"author":3,"featured_media":0,"parent":0,"menu_order":0,"comment_status":"closed","ping_status":"closed","template":"page-templates\/template-2.php","meta":{"_acf_changed":false,"footnotes":""},"folder":[],"class_list":["post-6570","page","type-page","status-publish","hentry"],"acf":[],"_links":{"self":[{"href":"https:\/\/unisig.com\/de\/wp-json\/wp\/v2\/pages\/6570","targetHints":{"allow":["GET"]}}],"collection":[{"href":"https:\/\/unisig.com\/de\/wp-json\/wp\/v2\/pages"}],"about":[{"href":"https:\/\/unisig.com\/de\/wp-json\/wp\/v2\/types\/page"}],"author":[{"embeddable":true,"href":"https:\/\/unisig.com\/de\/wp-json\/wp\/v2\/users\/3"}],"replies":[{"embeddable":true,"href":"https:\/\/unisig.com\/de\/wp-json\/wp\/v2\/comments?post=6570"}],"version-history":[{"count":0,"href":"https:\/\/unisig.com\/de\/wp-json\/wp\/v2\/pages\/6570\/revisions"}],"wp:attachment":[{"href":"https:\/\/unisig.com\/de\/wp-json\/wp\/v2\/media?parent=6570"}],"wp:term":[{"taxonomy":"folder","embeddable":true,"href":"https:\/\/unisig.com\/de\/wp-json\/wp\/v2\/folder?post=6570"}],"curies":[{"name":"wp","href":"https:\/\/api.w.org\/{rel}","templated":true}]}}