{"id":6573,"date":"2020-06-15T10:54:25","date_gmt":"2020-06-15T15:54:25","guid":{"rendered":"https:\/\/stagingxx.unisig.com\/produkte-technologie\/automatisierung\/kundenspezifische-automatisierung\/"},"modified":"2023-06-12T10:31:23","modified_gmt":"2023-06-12T15:31:23","slug":"kundenspezifische-automatisierung","status":"publish","type":"page","link":"https:\/\/unisig.com\/de\/automatisierung\/kundenspezifische-automatisierung\/","title":{"rendered":"Kundenspezifische Automatisierung"},"content":{"rendered":"<div class=\"wpb-content-wrapper\"><p>[vc_row][vc_column][vc_single_image image=&#8221;1724&#8243; img_size=&#8221;full&#8221;][vc_column_text]<\/p>\n<h1>Kundenspezifische Automatisierung<\/h1>\n<p>[\/vc_column_text][vc_column_text]Wenn die Anforderungen an die Automatisierung f\u00fcr eine Maschinenkonfiguration oder Anwendung sehr spezifisch sind, werden kundenspezifische Automatisierungsfunktionen eingesetzt, um die Bed\u00fcrfnisse der Produktion zu erf\u00fcllen. Diese F\u00e4higkeiten basieren auf bew\u00e4hrten Automatisierungstechnologien, die so konfiguriert und programmiert werden, dass sie Herausforderungen beim Tiefbohren wie etwa Werkst\u00fccke mit extremer L\u00e4nge, strenge Toleranzen und schnellen Durchsatz bew\u00e4ltigen k\u00f6nnen.<\/p>\n<p>UNISIG verf\u00fcgt \u00fcber umfangreiche Erfahrung in der Entwicklung von Automatisierungsl\u00f6sungen f\u00fcr Tiefbohrsysteme und CNC-Bearbeitungszellen. Wir werden Ihre Anwendung, Toleranzen und Produktionsanforderungen genau pr\u00fcfen um Ihnen einen Budgetvorschlag f\u00fcr eine ideale L\u00f6sung zu unterbreiten.<\/p>\n<p>[\/vc_column_text][\/vc_column][\/vc_row][vc_row][vc_column width=&#8221;1\/2&#8243;][vc_single_image image=&#8221;205159&#8243; img_size=&#8221;full&#8221;][vc_column_text]<\/p>\n<h3>Pick &amp; Place-Automatisierung<\/h3>\n<p>[\/vc_column_text][vc_column_text]Pneumatisch oder hydraulisch angetriebene Pick and Place-Einheiten werden zum Handling von Teilen auf Mehrspindeltiefbohrmaschinen eingesetzt und erh\u00f6hen die Produktivit\u00e4t bei einfacher und erschwinglicher Handhabung. Mit Pick and Place k\u00f6nnen ungerade Formteile gehandhabt werden, wodurch komplexe Bohrvorg\u00e4nge leicht automatisiert werden k\u00f6nnen.[\/vc_column_text][\/vc_column][vc_column width=&#8221;1\/2&#8243;][vc_single_image image=&#8221;2906&#8243; img_size=&#8221;full&#8221;][vc_column_text]<\/p>\n<h3>Schwergutlader<\/h3>\n<p>[\/vc_column_text][vc_column_text]Die Automatisierung ist nicht auf kleinere Komponenten beschr\u00e4nkt. Gro\u00dfe und schwere Werkst\u00fccke lassen sich durch die Automatisierung der Beladung mit Schwergutladern leicht handhaben, wodurch die Produktivit\u00e4t erh\u00f6ht und gleichzeitig der Aufwand f\u00fcr das Umsetzen und Laden von Teilen dieser Art verringert wird.[\/vc_column_text][\/vc_column][\/vc_row][vc_row][vc_column width=&#8221;1\/2&#8243;][vc_single_image image=&#8221;2904&#8243; img_size=&#8221;full&#8221;][vc_column_text]<\/p>\n<h3>Magazinlader<\/h3>\n<p>[\/vc_column_text][vc_column_text]Kleine, gleichf\u00f6rmige Komponenten k\u00f6nnen mit Magazinladern schnell durch die Bohroperationen geschleust werden. So wird der Produktionsproze\u00df beschleunigt bei minimaler Investition.[\/vc_column_text][\/vc_column][vc_column width=&#8221;1\/2&#8243;][vc_single_image image=&#8221;2899&#8243; img_size=&#8221;full&#8221;][vc_column_text]<\/p>\n<h3>Massenlader<\/h3>\n<p>[\/vc_column_text][vc_column_text]Massenlader mit Vereinzelung erm\u00f6glichen den unbeaufsichtigten Betrieb f\u00fcr Produktionsanlagen mit hohem Produktionsvolumen. Mit dieser Funktion k\u00f6nnen viele Teile in eine Maschine geladen werden, und sie kann f\u00fcr die Sortierung und Ausrichtung programmiert werden, wodurch manuelle Eingriffe weiter reduziert und gleichzeitig die Produktivit\u00e4t maximiert wird.[\/vc_column_text][\/vc_column][\/vc_row][vc_row][vc_column][vc_cta h2=&#8221;Informationen anfordern&#8221; h2_font_container=&#8221;color:%23005288&#8243; h2_google_fonts=&#8221;font_family:Open%20Sans%3A300%2C300italic%2Cregular%2Citalic%2C600%2C600italic%2C700%2C700italic%2C800%2C800italic|font_style:400%20regular%3A400%3Anormal&#8221; shape=&#8221;square&#8221; style=&#8221;custom&#8221; add_button=&#8221;bottom&#8221; btn_title=&#8221;Meine Anwendung senden&#8221; btn_shape=&#8221;square&#8221; use_custom_fonts_h2=&#8221;true&#8221; custom_background=&#8221;#e3e3e3&#8243; custom_text=&#8221;#151515&#8243; css=&#8221;.vc_custom_1599465253726{border-top-width: 0px !important;border-right-width: 0px !important;border-bottom-width: 0px !important;border-left-width: 0px !important;}&#8221; btn_link=&#8221;url:%2F%3Fpage_id%3D6519|||&#8221;]Fordern Sie Informationen zur benutzerdefinierten Automatisierung an, oder senden Sie Ihre Anwendung zur \u00dcberpr\u00fcfung.[\/vc_cta][\/vc_column][\/vc_row]<\/p>\n<\/div>","protected":false},"excerpt":{"rendered":"<p>[vc_row][vc_column][vc_single_image image=&#8221;1724&#8243; img_size=&#8221;full&#8221;][vc_column_text] Kundenspezifische Automatisierung [\/vc_column_text][vc_column_text]Wenn die Anforderungen an die Automatisierung f\u00fcr eine Maschinenkonfiguration oder Anwendung sehr spezifisch sind, werden kundenspezifische Automatisierungsfunktionen eingesetzt, um die Bed\u00fcrfnisse der Produktion zu erf\u00fcllen. Diese F\u00e4higkeiten basieren auf bew\u00e4hrten Automatisierungstechnologien, die so konfiguriert und programmiert werden, dass sie Herausforderungen beim Tiefbohren wie etwa Werkst\u00fccke mit extremer L\u00e4nge, strenge Toleranzen<a href=\"https:\/\/unisig.com\/de\/automatisierung\/kundenspezifische-automatisierung\/\" class=\"more-link\">Read More<\/a><\/p>\n","protected":false},"author":3,"featured_media":0,"parent":0,"menu_order":0,"comment_status":"closed","ping_status":"closed","template":"page-templates\/template-2.php","meta":{"_acf_changed":false,"footnotes":""},"folder":[],"class_list":["post-6573","page","type-page","status-publish","hentry"],"acf":[],"_links":{"self":[{"href":"https:\/\/unisig.com\/de\/wp-json\/wp\/v2\/pages\/6573","targetHints":{"allow":["GET"]}}],"collection":[{"href":"https:\/\/unisig.com\/de\/wp-json\/wp\/v2\/pages"}],"about":[{"href":"https:\/\/unisig.com\/de\/wp-json\/wp\/v2\/types\/page"}],"author":[{"embeddable":true,"href":"https:\/\/unisig.com\/de\/wp-json\/wp\/v2\/users\/3"}],"replies":[{"embeddable":true,"href":"https:\/\/unisig.com\/de\/wp-json\/wp\/v2\/comments?post=6573"}],"version-history":[{"count":0,"href":"https:\/\/unisig.com\/de\/wp-json\/wp\/v2\/pages\/6573\/revisions"}],"wp:attachment":[{"href":"https:\/\/unisig.com\/de\/wp-json\/wp\/v2\/media?parent=6573"}],"wp:term":[{"taxonomy":"folder","embeddable":true,"href":"https:\/\/unisig.com\/de\/wp-json\/wp\/v2\/folder?post=6573"}],"curies":[{"name":"wp","href":"https:\/\/api.w.org\/{rel}","templated":true}]}}