{"id":6577,"date":"2020-06-15T10:54:26","date_gmt":"2020-06-15T15:54:26","guid":{"rendered":"https:\/\/stagingxx.unisig.com\/produkte-technologie\/werkzeuge\/gundrill-langlebige-werkzeuge\/"},"modified":"2023-07-25T02:25:10","modified_gmt":"2023-07-25T07:25:10","slug":"elb-werkzeugzubehoer","status":"publish","type":"page","link":"https:\/\/unisig.com\/de\/produktetechnologie\/werkzeuge\/elb-werkzeugbzubehoer\/","title":{"rendered":"ELB-Werkzeugzubeh\u00f6r"},"content":{"rendered":"<div class=\"wpb-content-wrapper\"><p>[vc_row][vc_column][vc_single_image image=&#8221;1939&#8243; img_size=&#8221;full&#8221;][vc_column_text]<\/p>\n<h1>ELB Werkzeugzubeh\u00f6r<\/h1>\n<p>[\/vc_column_text][vc_column_text]Werkzeugzubeh\u00f6r f\u00fcr Einlippentiefbohrmaschinen ist f\u00fcr Pr\u00e4zisionsbohrungen in Anwendungen mit kleinerem Durchmesser unerl\u00e4sslich. Das Werkzeugzubeh\u00f6r umfasst Komponenten wie Werkzeugeinstellung und Werzeugaufnahmesysteme, L\u00fcnettenbaugruppen und Bohrbuchsensysteme. Das Werkzeugzubeh\u00f6r tr\u00e4gt zu den extrem runden, geraden Bohrungen bei, die durch den Tiefbohrvorgang entstehen.<\/p>\n<p>Das Werkzeugzubeh\u00f6r arbeitet mit dem gesamten Tiefbohrmaschinensystem, um Schneidwerkzeuge f\u00fcr gerades, pr\u00e4zises und effizientes Bohren zu halten und auszurichten. ELB-Werkzeugubeh\u00f6r wird basierend auf der fertigen Bohrungsgr\u00f6\u00dfe gew\u00e4hlt und kann f\u00fcr effiziente Einrichtung und Gr\u00f6\u00dfenwechsel einfach an der Maschine\u00a0 ausgewechselt werden.<\/p>\n<p>ELB-Werkzeugzubeh\u00f6r wird von UNISIG nach ISO- und DIN-Normen unter Verwendung von Premium-Lagern entwickelt und hergestellt. Auch ma\u00dfgeschneiderte Produkte sind f\u00fcr einzigartige Anwendungen verf\u00fcgbar. Das Werkzeugzubeh\u00f6r kann als Teil eines Maschinensystempakets oder als einzelne Komponenten angegeben werden.<\/p>\n<p>Einige Maschinenmodelle sind mit Umr\u00fcstm\u00f6glichkeit vom BTA- zum ELB-Tiefbohrsystem in einer Maschine erh\u00e4ltlich.[\/vc_column_text][\/vc_column][\/vc_row][vc_row][vc_column][vc_text_separator title=&#8221;Finden Sie ELB-Werkzeugzubeh\u00f6r&#8221; title_align=&#8221;separator_align_left&#8221;][\/vc_column][\/vc_row][vc_row][vc_column width=&#8221;1\/3&#8243;][vc_column_text]<\/p>\n<h6 style=\"text-align: center;\">ELB Voreinstellungsschrauben und Abdichtungen<\/h6>\n<p>[\/vc_column_text][vc_single_image image=&#8221;1952&#8243; img_size=&#8221;full&#8221;][vc_column_text]Diese Werkzeugkomponente dient der Abdichtung der K\u00fchlmittelzuf\u00fchrung sowie der L\u00e4ngeneinstellung der Einlippenbohrer ohne dass eine \u00c4nderung des Werkzeugsoffsets notwendig wird.[\/vc_column_text][\/vc_column][vc_column width=&#8221;1\/3&#8243;][vc_column_text]<\/p>\n<h6 style=\"text-align: center;\">ELB Werkzeugaufnahmen und Spannzangen<\/h6>\n<p>[\/vc_column_text][vc_single_image image=&#8221;1956&#8243; img_size=&#8221;full&#8221;][vc_column_text]Bohreraufnahmen und Spannzangen nach Industriestandard zentrieren und spannen das Werkzeug auf der Spinde, um einen zuverl\u00e4ssigen und genauen Bohrungsverlauf zu gew\u00e4hrleisten.[\/vc_column_text][\/vc_column][vc_column width=&#8221;1\/3&#8243;][vc_column_text]<\/p>\n<h6 style=\"text-align: center;\">L\u00fcnettenadapter<\/h6>\n<p>[\/vc_column_text][vc_single_image image=&#8221;1950&#8243; img_size=&#8221;full&#8221;][vc_column_text]L\u00fcnettenadapter werden in den L\u00fcnettensschlitten der Maschine eingesetzt und unterst\u00fctzen das Werkzeug und reduzieren die Vibration und Auslenkung f\u00fcr maximale Geradheit beim Bohren. Die Adapter sind so konzipiert, dass sie Standard-L\u00fcnettenbuchsen aufnehmen k\u00f6nnen.[\/vc_column_text][\/vc_column][\/vc_row][vc_row][vc_column width=&#8221;1\/3&#8243;][vc_column_text]<\/p>\n<h6 style=\"text-align: center;\">L\u00fcnettenbuchsen<\/h6>\n<p>[\/vc_column_text][vc_single_image image=&#8221;1960&#8243; img_size=&#8221;full&#8221;][vc_column_text]Forml\u00fcnettenbuchsen unterst\u00fctzen das Bohrwerkzeug und dichten den Sp\u00e4nekasten ab. Standard-L\u00fcnettenbuchsen sind f\u00fcr das komplette Sortiment an Einlippenbohrern erh\u00e4ltlich und werden in die L\u00fcnettenadapter eingesetzt.[\/vc_column_text][\/vc_column][vc_column width=&#8221;1\/3&#8243;][vc_column_text]<\/p>\n<h6 style=\"text-align: center;\">Aufnahmeverl\u00e4ngerungen<\/h6>\n<p>[\/vc_column_text][vc_single_image image=&#8221;1958&#8243; img_size=&#8221;full&#8221;][vc_column_text]Aufnahmeverl\u00e4ngerungen erm\u00f6glichen den Einsatz k\u00fcrzerer Einlippenbohrer auf Maschinen ohne Einbu\u00dfen bei der Genauigkeit. Gute Zug\u00e4nglichkeit und schnellerer Bohrerwechsel tragen zu h\u00f6herer Produktivit\u00e4t bei.[\/vc_column_text][\/vc_column][vc_column width=&#8221;1\/3&#8243;][vc_column_text]<\/p>\n<h6 style=\"text-align: center;\">Bohrbuchsenhalter<\/h6>\n<p>[\/vc_column_text][vc_single_image image=&#8221;1955&#8243; img_size=&#8221;full&#8221;][vc_column_text]Ein Bohrbuchsenhalter wird am Sp\u00e4nekasten montiert und nimmt die Bohrbuchseneins\u00e4tze auf. Er liegt direkt am Werkst\u00fcck an und gew\u00e4hrleistet eine saubere Anbohrf\u00fchrung f\u00fcr einen perfekt geraden Bohrzyklus.[\/vc_column_text][\/vc_column][\/vc_row][vc_row][vc_column width=&#8221;1\/3&#8243;][vc_column_text]<\/p>\n<h6 style=\"text-align: center;\">Bohrbuchseneins\u00e4tze<\/h6>\n<p>[\/vc_column_text][vc_single_image image=&#8221;1949&#8243; img_size=&#8221;full&#8221;][vc_column_text]Die Bohrbuchsen werden in die Bohrbuchsenhalter eingesetzt und sind kritische Bestandteile beim pr\u00e4zisen Tiefbohren mit minimalem Verlauf. Die Bohrbuchsen werden je nach Werkzeugdurchmesser gefertigt und sitzen in einer Passung im Halter.[\/vc_column_text][\/vc_column][\/vc_row][vc_row][vc_column][vc_separator][vc_column_text]ELB-Werkzeugzubeh\u00f6r ist Teil eines Gesamtsystems aus Tiefbohrmaschine und Einlippenbohrwerkzeug.<\/p>\n<p><a href=\"https:\/\/unisig.com\/de\/informationen-ressourcen\/tiefbohrverfahren\/einlippenbohren\/\">Finden Sie ELB-Tiefbohrmaschinen &gt;<\/a><\/p>\n<p><a href=\"https:\/\/unisig.com\/de\/produktetechnologie\/werkzeuge\/elb-werkzeuge\/\">Finden Sie ELB-Werkzeuge &gt;<\/a>[\/vc_column_text][\/vc_column][\/vc_row][vc_row][vc_column][vc_cta h2=&#8221;Informationen anfordern&#8221; h2_font_container=&#8221;color:%23005288&#8243; h2_google_fonts=&#8221;font_family:Open%20Sans%3A300%2C300italic%2Cregular%2Citalic%2C600%2C600italic%2C700%2C700italic%2C800%2C800italic|font_style:400%20regular%3A400%3Anormal&#8221; shape=&#8221;square&#8221; style=&#8221;custom&#8221; add_button=&#8221;bottom&#8221; btn_title=&#8221;Weitere Informationen anfordern&#8221; btn_shape=&#8221;square&#8221; use_custom_fonts_h2=&#8221;true&#8221; custom_background=&#8221;#e3e3e3&#8243; custom_text=&#8221;#151515&#8243; css=&#8221;.vc_custom_1603197338697{border-top-width: 0px !important;border-right-width: 0px !important;border-bottom-width: 0px !important;border-left-width: 0px !important;}&#8221; btn_link=&#8221;url:%2F%3Fpage_id%3D6519|||&#8221;]Fordern Sie Informationen zum ELB-Werkzeugzubeh\u00f6r an oder Senden Sie uns Ihre Anwendung zur Pr\u00fcfung.[\/vc_cta][\/vc_column][\/vc_row]<\/p>\n<\/div>","protected":false},"excerpt":{"rendered":"<p>[vc_row][vc_column][vc_single_image image=&#8221;1939&#8243; img_size=&#8221;full&#8221;][vc_column_text] ELB Werkzeugzubeh\u00f6r [\/vc_column_text][vc_column_text]Werkzeugzubeh\u00f6r f\u00fcr Einlippentiefbohrmaschinen ist f\u00fcr Pr\u00e4zisionsbohrungen in Anwendungen mit kleinerem Durchmesser unerl\u00e4sslich. Das Werkzeugzubeh\u00f6r umfasst Komponenten wie Werkzeugeinstellung und Werzeugaufnahmesysteme, L\u00fcnettenbaugruppen und Bohrbuchsensysteme. Das Werkzeugzubeh\u00f6r tr\u00e4gt zu den extrem runden, geraden Bohrungen bei, die durch den Tiefbohrvorgang entstehen. Das Werkzeugzubeh\u00f6r arbeitet mit dem gesamten Tiefbohrmaschinensystem, um Schneidwerkzeuge f\u00fcr gerades, pr\u00e4zises<a href=\"https:\/\/unisig.com\/de\/produktetechnologie\/werkzeuge\/elb-werkzeugbzubehoer\/\" class=\"more-link\">Read More<\/a><\/p>\n","protected":false},"author":3,"featured_media":0,"parent":0,"menu_order":0,"comment_status":"closed","ping_status":"closed","template":"page-templates\/template-2.php","meta":{"_acf_changed":false,"footnotes":""},"folder":[],"class_list":["post-6577","page","type-page","status-publish","hentry"],"acf":[],"_links":{"self":[{"href":"https:\/\/unisig.com\/de\/wp-json\/wp\/v2\/pages\/6577","targetHints":{"allow":["GET"]}}],"collection":[{"href":"https:\/\/unisig.com\/de\/wp-json\/wp\/v2\/pages"}],"about":[{"href":"https:\/\/unisig.com\/de\/wp-json\/wp\/v2\/types\/page"}],"author":[{"embeddable":true,"href":"https:\/\/unisig.com\/de\/wp-json\/wp\/v2\/users\/3"}],"replies":[{"embeddable":true,"href":"https:\/\/unisig.com\/de\/wp-json\/wp\/v2\/comments?post=6577"}],"version-history":[{"count":0,"href":"https:\/\/unisig.com\/de\/wp-json\/wp\/v2\/pages\/6577\/revisions"}],"wp:attachment":[{"href":"https:\/\/unisig.com\/de\/wp-json\/wp\/v2\/media?parent=6577"}],"wp:term":[{"taxonomy":"folder","embeddable":true,"href":"https:\/\/unisig.com\/de\/wp-json\/wp\/v2\/folder?post=6577"}],"curies":[{"name":"wp","href":"https:\/\/api.w.org\/{rel}","templated":true}]}}