{"id":6580,"date":"2020-06-15T10:54:27","date_gmt":"2020-06-15T15:54:27","guid":{"rendered":"https:\/\/stagingxx.unisig.com\/produkte-technologie\/werkzeuge\/bta-durable-tooling\/"},"modified":"2023-07-25T02:20:38","modified_gmt":"2023-07-25T07:20:38","slug":"bta-werkzeugzuebehoer","status":"publish","type":"page","link":"https:\/\/unisig.com\/de\/produktetechnologie\/werkzeuge\/bta-werkzeugzubehoer\/","title":{"rendered":"BTA Werkzeugzubeh\u00f6r"},"content":{"rendered":"<div class=\"wpb-content-wrapper\"><p>[vc_row][vc_column][vc_single_image image=&#8221;1938&#8243; img_size=&#8221;full&#8221;][vc_column_text]<\/p>\n<h1>BTA Werkzeugzubeh\u00f6r<\/h1>\n<p>[\/vc_column_text][vc_column_text]<\/p>\n<p>Das BTA-Werkzeugzubeh\u00f6r umfasst Komponenten wie Werkzeugaufnahme, Schwingungsd\u00e4mpfung und Bohrbuchsensysteme und unterst\u00fctzt das Werkzeug in einem Tiefbohrmaschinensystemen f\u00fcr pr\u00e4zises Bohren und effiziente Produktion.<\/p>\n<p>BTA-Werkzeugzubeh\u00f6r wird nach der gew\u00fcnschten Bohrungsgr\u00f6\u00dfe ausgew\u00e4hlt und kann f\u00fcr effizientes Einrichten und Gr\u00f6\u00dfenwechsel einfach in der Maschine ausgewechselt werden.<\/p>\n<p>Dauerhaftes Werkzeugzubeh\u00f6r wird im UNISIG-Werk nach ISO- und DIN-Normen und unter Verwendung von hochwertigen Lagern entwickelt und hergestellt. F\u00fcr einzigartige Anwendungen sind auch kundenspezifische Produkte erh\u00e4ltlich. Das Werkzeugzubrh\u00f6r kann als Teil eines Maschinensystempakets oder als einzelne Komponenten angeboten werden.<\/p>\n<p>Einige Maschinenmodelle sind mit Umr\u00fcstm\u00f6glichkeit vom BTA zum ELB-System auf einer Maschine verf\u00fcgbar.<\/p>\n<p>[\/vc_column_text][\/vc_column][\/vc_row][vc_row][vc_column][vc_text_separator title=&#8221;FINDEN BTA Durable Tooling&#8221; title_align=&#8221;separator_align_left&#8221;][vc_column_text]<\/p>\n<h3>BTA Bohrrohrsystem<\/h3>\n<p>[\/vc_column_text][vc_column_text]<\/p>\n<h5><em><a href=\"https:\/\/unisig.com\/de\/bta-bohrrohre\/\">Informationen \u00fcber das Bohrrohrsystem, Standardgr\u00f6\u00dfen und Bohrrohrbestellung<\/a><\/em><\/h5>\n<p>[\/vc_column_text][\/vc_column][\/vc_row][vc_row][vc_column width=&#8221;1\/3&#8243;][vc_column_text]<\/p>\n<h6 style=\"text-align: center;\">BTA Bohrrohre<\/h6>\n<p>[\/vc_column_text][vc_single_image image=&#8221;2050&#8243; img_size=&#8221;full&#8221;][vc_column_text]BTA-Bohrrohre verbinden die Bohrk\u00f6pfe sicher mit der Maschine f\u00fcr zuverl\u00e4ssiges BTA-Bohren. Bohrrohre sind in Standardgr\u00f6\u00dfen und -verbindungsarten erh\u00e4ltlich.<\/p>\n<p><a href=\"https:\/\/unisig.com\/de\/bta-bohrrohre\/\">Weitere Informationen &gt;<\/a>[\/vc_column_text][\/vc_column][vc_column width=&#8221;1\/3&#8243;][vc_column_text]<\/p>\n<h6 style=\"text-align: center;\">Bohrrohr-Anschl\u00fcsse<\/h6>\n<p>[\/vc_column_text][vc_single_image image=&#8221;2049&#8243; img_size=&#8221;full&#8221;][vc_column_text]Die Bohrrohre sind mit 4-g\u00e4ngigem Gewinde, 1-g\u00e4ngigem Gewinde oder Flanschanschl\u00fcssen erh\u00e4ltlich, um eine zuverl\u00e4ssige Standardkompatibilit\u00e4t sowie eine einfache Installation und einen schnellen Wechsel der BTA-Schneidwerkzeuge zu gew\u00e4hrleisten.<\/p>\n<p><a href=\"https:\/\/unisig.com\/de\/bta-bohrrohre\/\">Weitere Informationen &gt;<\/a>[\/vc_column_text][\/vc_column][vc_column width=&#8221;1\/3&#8243;][vc_column_text]<\/p>\n<h6 style=\"text-align: center;\">Gr\u00f6\u00dfen- und Anschlu\u00dfadapter<\/h6>\n<p>[\/vc_column_text][vc_single_image image=&#8221;2038&#8243; img_size=&#8221;full&#8221;][vc_column_text]BTA Bohrrohrgr\u00f6\u00dfen- oder Anschlu\u00dfadapter erm\u00f6glichen den Einsatz eines Bohrrohrs und Zubeh\u00f6rsatzes mit einem erweiterten Spektrum von Bohrk\u00f6pfen.<\/p>\n<p><a href=\"https:\/\/unisig.com\/de\/bta-bohrrohre\/\">Weitere Informationen &gt;<\/a>[\/vc_column_text][\/vc_column][\/vc_row][vc_row][vc_column][vc_separator][vc_column_text]<\/p>\n<h3>Bohrrohrspannung<\/h3>\n<p>[\/vc_column_text][\/vc_column][\/vc_row][vc_row][vc_column width=&#8221;1\/3&#8243;][vc_column_text]<\/p>\n<h6 style=\"text-align: center;\">Halbschalenspannung<\/h6>\n<p>[\/vc_column_text][vc_single_image image=&#8221;2040&#8243; img_size=&#8221;full&#8221;][vc_column_text]Drei Typen von Bohrrohrspannungen (Bajonett, Direktaufnahme oder \u00fcber Adapter) sind verf\u00fcgbar, um das Rohr mit der Bohrspindel zu verbinden und werden auf der Grundlage internationaler Aufnahmestandards ausgew\u00e4hlt.[\/vc_column_text][\/vc_column][vc_column width=&#8221;1\/3&#8243;][vc_column_text]<\/p>\n<h6 style=\"text-align: center;\">Halbschaleneins\u00e4tze und Abdichtung<\/h6>\n<p>[\/vc_column_text][vc_single_image image=&#8221;2048&#8243; img_size=&#8221;full&#8221;][vc_column_text]Halbschaleneins\u00e4tze und Abdichtungen erlauben die Aufnahme verschiedenster Bohrrohrdurchmesser in eine Halbschalenspannung. Es stehen verschiedene Halbschalenspannungen zu Verf\u00fcgung f\u00fcr beste Anpassung, je nach Maschinengr\u00f6\u00dfe.[\/vc_column_text][\/vc_column][\/vc_row][vc_row][vc_column][vc_separator][vc_column_text]<\/p>\n<h3>Schwingungsd\u00e4mpferkartuschen<\/h3>\n<p>[\/vc_column_text][\/vc_column][\/vc_row][vc_row][vc_column width=&#8221;1\/3&#8243;][vc_column_text]<\/p>\n<h6 style=\"text-align: center;\">Standard- oder mechanische D\u00e4mpfer<\/h6>\n<p>[\/vc_column_text][vc_single_image image=&#8221;2041&#8243; img_size=&#8221;full&#8221;][vc_column_text]Schwingungsd\u00e4mpfer stabilisieren BTA Werkzeuge, um Vibrationen zu reduzieren, w\u00e4hrend Sie f\u00fcr einen sanften Rundlauf f\u00fcr optimale Bohrungen sorgen. Standard-D\u00e4mpfer verwenden eine konische Spannzange und werden als kosteng\u00fcnstige L\u00f6sung \u00fcber eine Kontermutter gespannt. Mechanische D\u00e4mpfer verwenden hingegen eine zylindrische Spannzange und Halter und erm\u00f6glichen feinste Anpassungen w\u00e4hrend des Bohrprozesses.[\/vc_column_text][\/vc_column][vc_column width=&#8221;1\/3&#8243;][vc_column_text]<\/p>\n<h6 style=\"text-align: center;\">Reduzierungen f\u00fcr Schwingungsd\u00e4mpfer<\/h6>\n<p>[\/vc_column_text][vc_single_image image=&#8221;2047&#8243; img_size=&#8221;full&#8221;][vc_column_text]Reduzierungen f\u00fcr die Standard- aufnahmegr\u00f6\u00dfen der Schwingungsd\u00e4mpferschlitten k\u00f6nnen Schwingungs- d\u00e4mpferkartuschen anderer Gr\u00f6\u00dfe aufnehmen.[\/vc_column_text][\/vc_column][vc_column width=&#8221;1\/3&#8243;][vc_column_text]<\/p>\n<h6 style=\"text-align: center;\">Konische oder zylindrische Spannzangen<\/h6>\n<p>[\/vc_column_text][vc_single_image image=&#8221;2046&#8243; img_size=&#8221;full&#8221;][vc_column_text]<\/p>\n<p>Die Spannzangen werden je nach Bohrrohrdurchmesser in die Schwingungsd\u00e4mpferkartuschen eingesetzt. Sie bestehen aus einem besonderen Material, das Besch\u00e4digungen des Bohrrohrs verhindert.<\/p>\n<p>Konische Spannzangen werden in Standardd\u00e4mpfern und zylindrische Spannzangen in hydraulischen D\u00e4mpfern verwendet.<\/p>\n<p>[\/vc_column_text][\/vc_column][\/vc_row][vc_row][vc_column][vc_separator][vc_column_text]<\/p>\n<h3>BOZA-System<\/h3>\n<p>[\/vc_column_text][\/vc_column][\/vc_row][vc_row][vc_column width=&#8221;1\/3&#8243;][vc_column_text]<\/p>\n<h6 style=\"text-align: center;\">Stopfbuchsenpackungen<\/h6>\n<p>[\/vc_column_text][vc_single_image image=&#8221;2036&#8243; img_size=&#8221;full&#8221;][vc_column_text]Die Stopfbuchsenpackungen sitzen in der BOZA-Baugruppe, f\u00fchren das Bohrrohr und dichten das K\u00fchlmittel rund um das Bohrrohr ab.[\/vc_column_text][\/vc_column][vc_column width=&#8221;1\/3&#8243;][vc_column_text]<\/p>\n<h6 style=\"text-align: center;\">Grundbohrbuchsenhalter<\/h6>\n<p>[\/vc_column_text][vc_single_image image=&#8221;2035&#8243; img_size=&#8221;full&#8221;][vc_column_text]Die Grundbohrbuchsenhalter passen in den Aufnahmedurchmesser des Werkst\u00fcckbackenfutters oder Spannkonus an der BOZA-Baugruppe und nehmen die Bohrbuchsen auf. Die verschlei\u00dfenden Bohrbuchsen m\u00fcssen auf den jeweiligen Bohrdurchmesser abgestimmt sein und f\u00fchren das Bohrwerkzeug punktgenau ins Werkst\u00fcckmaterial ohne dass eine Pilotbohrung ben\u00f6tigt wird.[\/vc_column_text][\/vc_column][vc_column width=&#8221;1\/3&#8243;][vc_column_text]<\/p>\n<h6 style=\"text-align: center;\">Bohrbuchsensystem<\/h6>\n<p>[\/vc_column_text][vc_single_image image=&#8221;2045&#8243; img_size=&#8221;full&#8221;][vc_column_text]Das BTA-Buchsensystem umfasst die Bohrbuchsen, Dichtungen und optionale Reduzierungen, um das Werkzeug an der perfekten Stelle in das Werkst\u00fcckmaterial zu f\u00fchren. Die Bohrbuchsen sind in metrischen und z\u00f6lligen Standard-Au\u00dfenabmessungen erh\u00e4ltlich und k\u00f6nnen f\u00fcr jeden beliebigen Bohrungsdurchmesser hergestellt werden.[\/vc_column_text][\/vc_column][\/vc_row][vc_row][vc_column][vc_separator][vc_column_text]<\/p>\n<p>DAs BTA Werkzeugzubeh\u00f6r ist Teil eines Gesamtsystems von Tiefbohrmaschine und BTA Bohrwerkzeugen.<\/p>\n<p><a href=\"https:\/\/unisig.com\/de\/informationen-ressourcen\/tiefbohrverfahren\/bta-bohren\/\">Finden Sie BTA Bohrmaschinen &gt;<\/a><\/p>\n<p><a href=\"https:\/\/unisig.com\/de\/bta-werkzeuge\/\">Finden Sie BTA-Werkzeuge &gt;<\/a>[\/vc_column_text][\/vc_column][\/vc_row][vc_row][vc_column][vc_cta h2=&#8221;Informationen anfordern&#8221; h2_font_container=&#8221;color:%23005288&#8243; h2_google_fonts=&#8221;font_family:Open%20Sans%3A300%2C300italic%2Cregular%2Citalic%2C600%2C600italic%2C700%2C700italic%2C800%2C800italic|font_style:400%20regular%3A400%3Anormal&#8221; shape=&#8221;square&#8221; style=&#8221;custom&#8221; add_button=&#8221;bottom&#8221; btn_title=&#8221;Meine Anwendung anfragen&#8221; btn_shape=&#8221;square&#8221; use_custom_fonts_h2=&#8221;true&#8221; custom_background=&#8221;#e3e3e3&#8243; custom_text=&#8221;#151515&#8243; css=&#8221;.vc_custom_1599471112440{border-top-width: 0px !important;border-right-width: 0px !important;border-bottom-width: 0px !important;border-left-width: 0px !important;}&#8221; btn_link=&#8221;url:%2F%3Fpage_id%3D6519|||&#8221;]Fordern Sie Informationen zu BTA-Werkzeugzubeh\u00f6r an, oder senden Sie Ihren Anwendung zur \u00dcberpr\u00fcfung.[\/vc_cta][\/vc_column][\/vc_row]<\/p>\n<\/div>","protected":false},"excerpt":{"rendered":"<p>[vc_row][vc_column][vc_single_image image=&#8221;1938&#8243; img_size=&#8221;full&#8221;][vc_column_text] BTA Werkzeugzubeh\u00f6r [\/vc_column_text][vc_column_text] Das BTA-Werkzeugzubeh\u00f6r umfasst Komponenten wie Werkzeugaufnahme, Schwingungsd\u00e4mpfung und Bohrbuchsensysteme und unterst\u00fctzt das Werkzeug in einem Tiefbohrmaschinensystemen f\u00fcr pr\u00e4zises Bohren und effiziente Produktion. BTA-Werkzeugzubeh\u00f6r wird nach der gew\u00fcnschten Bohrungsgr\u00f6\u00dfe ausgew\u00e4hlt und kann f\u00fcr effizientes Einrichten und Gr\u00f6\u00dfenwechsel einfach in der Maschine ausgewechselt werden. Dauerhaftes Werkzeugzubeh\u00f6r wird im UNISIG-Werk nach ISO-<a href=\"https:\/\/unisig.com\/de\/produktetechnologie\/werkzeuge\/bta-werkzeugzubehoer\/\" class=\"more-link\">Read More<\/a><\/p>\n","protected":false},"author":3,"featured_media":0,"parent":0,"menu_order":0,"comment_status":"closed","ping_status":"closed","template":"page-templates\/template-2.php","meta":{"_acf_changed":false,"footnotes":""},"folder":[],"class_list":["post-6580","page","type-page","status-publish","hentry"],"acf":[],"_links":{"self":[{"href":"https:\/\/unisig.com\/de\/wp-json\/wp\/v2\/pages\/6580","targetHints":{"allow":["GET"]}}],"collection":[{"href":"https:\/\/unisig.com\/de\/wp-json\/wp\/v2\/pages"}],"about":[{"href":"https:\/\/unisig.com\/de\/wp-json\/wp\/v2\/types\/page"}],"author":[{"embeddable":true,"href":"https:\/\/unisig.com\/de\/wp-json\/wp\/v2\/users\/3"}],"replies":[{"embeddable":true,"href":"https:\/\/unisig.com\/de\/wp-json\/wp\/v2\/comments?post=6580"}],"version-history":[{"count":0,"href":"https:\/\/unisig.com\/de\/wp-json\/wp\/v2\/pages\/6580\/revisions"}],"wp:attachment":[{"href":"https:\/\/unisig.com\/de\/wp-json\/wp\/v2\/media?parent=6580"}],"wp:term":[{"taxonomy":"folder","embeddable":true,"href":"https:\/\/unisig.com\/de\/wp-json\/wp\/v2\/folder?post=6580"}],"curies":[{"name":"wp","href":"https:\/\/api.w.org\/{rel}","templated":true}]}}