{"id":6582,"date":"2016-06-20T19:25:07","date_gmt":"2016-06-20T19:25:07","guid":{"rendered":"https:\/\/stagingxx.unisig.com\/alle-maschinen\/benutzerdefinierte-maschinen\/"},"modified":"2024-04-30T01:43:51","modified_gmt":"2024-04-30T06:43:51","slug":"sondermaschinen","status":"publish","type":"page","link":"https:\/\/unisig.com\/de\/alle-maschinen\/sondermaschinen\/","title":{"rendered":"Sondermaschinen"},"content":{"rendered":"<div class=\"wpb-content-wrapper\"><p>[vc_row][vc_column]<div class=\"avt_masterslider_el \" >\n\t\t<!-- MasterSlider -->\n\t\t<div id=\"P_MS69d771271a48d\" class=\"master-slider-parent ms-parent-id-19\" style=\"max-width:1000px;\" >\n\n\t\t\t\n\t\t\t<!-- MasterSlider Main -->\n\t\t\t<div id=\"MS69d771271a48d\" class=\"master-slider ms-skin-black-2 round-skin\" >\n\t\t\t\t \t\t\t\t \n\n\t\t\t<div  class=\"ms-slide\" data-delay=\"3\" data-fill-mode=\"fill\"   >\n\t\t\t\t\t<img decoding=\"async\" src=\"https:\/\/unisig.com\/wp-content\/plugins\/masterslider\/public\/assets\/css\/blank.gif\" alt=\"\" title=\"B500-4M_Drop Bed_Header\" data-src=\"https:\/\/unisig.com\/wp-content\/uploads\/2024\/04\/B500-4M_Drop-Bed_Header-1000x600.jpg\" \/>\n\n\n\t\t\t\t<\/div>\n\t\t\t<div  class=\"ms-slide\" data-delay=\"3\" data-fill-mode=\"fill\"   >\n\t\t\t\t\t<img decoding=\"async\" src=\"https:\/\/unisig.com\/wp-content\/plugins\/masterslider\/public\/assets\/css\/blank.gif\" alt=\"\" title=\"S500-13M Overall Machine_cropped\" data-src=\"https:\/\/unisig.com\/wp-content\/uploads\/2024\/04\/S500-13M-Overall-Machine_cropped-1000x600.jpg\" \/>\n\n\n\t\t\t\t<\/div>\n\t\t\t<div  class=\"ms-slide\" data-delay=\"3\" data-fill-mode=\"fill\"   >\n\t\t\t\t\t<img decoding=\"async\" src=\"https:\/\/unisig.com\/wp-content\/plugins\/masterslider\/public\/assets\/css\/blank.gif\" alt=\"\" title=\"UNI-20-2-250-CR Interior_Header\" data-src=\"https:\/\/unisig.com\/wp-content\/uploads\/2024\/04\/UNI-20-2-250-CR-Interior_Header-1000x600.jpg\" \/>\n\n\n\t\t\t\t<\/div>\n\n\t\t\t<\/div>\n\t\t\t<!-- END MasterSlider Main -->\n\n\t\t\t \n\t\t<\/div>\n\t\t<!-- END MasterSlider -->\n\n\t\t<script>\n\t\t( window.MSReady = window.MSReady || [] ).push( function( $ ) {\n\n\t\t\t\"use strict\";\n\t\t\tvar masterslider_a48d = new MasterSlider();\n\n\t\t\t\/\/ slider controls\n\t\t\tmasterslider_a48d.control('arrows'     ,{ autohide:true, overVideo:true  });\n\t\t\t\/\/ slider setup\n\t\t\tmasterslider_a48d.setup(\"MS69d771271a48d\", {\n\t\t\t\twidth           : 1000,\n\t\t\t\theight          : 600,\n\t\t\t\tminHeight       : 0,\n\t\t\t\tspace           : 0,\n\t\t\t\tstart           : 1,\n\t\t\t\tgrabCursor      : true,\n\t\t\t\tswipe           : true,\n\t\t\t\tmouse           : true,\n\t\t\t\tkeyboard        : false,\n\t\t\t\tlayout          : \"boxed\",\n\t\t\t\twheel           : false,\n\t\t\t\tautoplay        : true,\n                instantStartLayers:false,\n\t\t\t\tmobileBGVideo:false,\n\t\t\t\tloop            : true,\n\t\t\t\tshuffle         : false,\n\t\t\t\tpreload         : 0,\n\t\t\t\theightLimit     : true,\n\t\t\t\tautoHeight      : false,\n\t\t\t\tsmoothHeight    : true,\n\t\t\t\tendPause        : false,\n\t\t\t\toverPause       : true,\n\t\t\t\tfillMode        : \"fill\",\n\t\t\t\tcenterControls  : true,\n\t\t\t\tstartOnAppear   : false,\n\t\t\t\tlayersMode      : \"center\",\n\t\t\t\tautofillTarget  : \"\",\n\t\t\t\thideLayers      : false,\n\t\t\t\tfullscreenMargin: 0,\n\t\t\t\tspeed           : 20,\n\t\t\t\tdir             : \"h\",\n\t\t\t\tresponsive      : true,\n\t\t\t\ttabletWidth     : 768,\n\t\t\t\ttabletHeight    : null,\n\t\t\t\tphoneWidth      : 480,\n\t\t\t\tphoneHeight    : null,\n\t\t\t\tsizingReference : window,\n\t\t\t\tparallaxMode    : 'swipe',\n\t\t\t\tview            : \"basic\"\n\t\t\t});\n\n\t\t\t\n\t\t\twindow.masterslider_instances = window.masterslider_instances || [];\n\t\t\twindow.masterslider_instances.push( masterslider_a48d );\n\t\t});\n\t\t<\/script>\n\n<\/div>[vc_column_text]<\/p>\n<h1>Sondermaschinen und erweiterte Funktionalit\u00e4t<\/h1>\n<p>[\/vc_column_text][vc_column_text]<\/p>\n<p class=\"p2\">Obwohl UNISIG eine sehr breiten Produktpalette an Tiefbohrmaschinen anbietet, gibt es Projekte, in denen die einzigartige Anwendung eines Kunden eine ma\u00dfgeschneiderte L\u00f6sung erfordert. Unser modularer Ansatz beim Maschinendesign bedeutet, dass die meisten kundenspezifischen Maschinen mit Komponenten und Designkonzepten aus unserer Bibliothek von Standardmaschinen beginnen.<\/p>\n<p>Jede ma\u00dfgeschneiderte UNISIG-Maschine verf\u00fcgt \u00fcber eine soliden technischen Aufbau und \u00fcber die gleichen Qualit\u00e4tsstandards sowie die gleichen langfristigen Ersatzteil- und Serviceverpflichtungen wie unsere Standardmodelle. Unsere Kunden profitieren von dieser Zuverl\u00e4ssigkeit und Unterst\u00fctzung.<\/p>\n<p>Bestimmte Branchen erfordern extreme Tiefbohranwendungen oder Bearbeitungsprozesse. UNISIG verf\u00fcgt \u00fcber die Erfahrung, die theoretischen Grenzen von Werkzeugen und Maschinen zu verstehen und ihren Nutzbereich f\u00fcr die Produktion zu maximieren.[\/vc_column_text][vc_separator][\/vc_column][\/vc_row][vc_row][vc_column width=&#8221;1\/2&#8243;][vc_single_image image=&#8221;206395&#8243; img_size=&#8221;large&#8221;][vc_column_text]<\/p>\n<p class=\"p2\">UNISIG B700 BTA Maschine mit abgesenktem Werkst\u00fcckbett f\u00fcr erh\u00f6hten Umalauf auf 1600 mm<\/p>\n<p>[\/vc_column_text][\/vc_column][vc_column width=&#8221;1\/2&#8243;][vc_single_image image=&#8221;206398&#8243; img_size=&#8221;large&#8221;][vc_column_text]<\/p>\n<p class=\"p2\">UNI-Serie Maschinen mit Automatisierung f\u00fcr die Herstellung von Gro\u00dfserien in Fertigungszellen<\/p>\n<p>[\/vc_column_text][\/vc_column][\/vc_row][vc_row][vc_column width=&#8221;1\/2&#8243;][vc_single_image image=&#8221;206401&#8243; img_size=&#8221;large&#8221;][vc_column_text]<\/p>\n<p class=\"p2\">USC-TS Maschinen f\u00fcr das Tiefbohren von W\u00e4rmetauscherb\u00f6den<\/p>\n<p>[\/vc_column_text][\/vc_column][vc_column width=&#8221;1\/2&#8243;][vc_single_image image=&#8221;206404&#8243; img_size=&#8221;large&#8221;][vc_column_text]<\/p>\n<p class=\"p2\">USC-Serie BTA Tiefbohrmaschinen mit gro\u00dfem Tisch f\u00fcr exzentrische Bohrungen in Gro\u00dfteilen<\/p>\n<p>[\/vc_column_text][\/vc_column][\/vc_row][vc_row][vc_column][vc_cta h2=&#8221;Informationen anfordern&#8221; h2_font_container=&#8221;tag:h2|text_align:left|color:%23005288&#8243; h2_google_fonts=&#8221;font_family:Open%20Sans%3A300%2C300italic%2Cregular%2Citalic%2C600%2C600italic%2C700%2C700italic%2C800%2C800italic|font_style:400%20regular%3A400%3Anormal&#8221; shape=&#8221;square&#8221; style=&#8221;custom&#8221; add_button=&#8221;bottom&#8221; btn_title=&#8221;Anwendung pr\u00fcfen lassen&#8221; btn_shape=&#8221;square&#8221; use_custom_fonts_h2=&#8221;true&#8221; custom_background=&#8221;#e3e3e3&#8243; custom_text=&#8221;#151515&#8243; css=&#8221;.vc_custom_1714458557994{border-top-width: 0px !important;border-right-width: 0px !important;border-bottom-width: 0px !important;border-left-width: 0px !important;}&#8221; btn_link=&#8221;url:%2F%3Fpage_id%3D6519&#8243;]Senden Sie uns Ihre Anwendungsdaten f\u00fcr eine Pr\u00fcfung durch unsere Anwendungstechniker und f\u00fcr einen Maschinenvorschlag.[\/vc_cta][\/vc_column][\/vc_row]<\/p>\n<\/div>","protected":false},"excerpt":{"rendered":"<p>[vc_row][vc_column][vc_column_text] Sondermaschinen und erweiterte Funktionalit\u00e4t [\/vc_column_text][vc_column_text] Obwohl UNISIG eine sehr breiten Produktpalette an Tiefbohrmaschinen anbietet, gibt es Projekte, in denen die einzigartige Anwendung eines Kunden eine ma\u00dfgeschneiderte L\u00f6sung erfordert. Unser modularer Ansatz beim Maschinendesign bedeutet, dass die meisten kundenspezifischen Maschinen mit Komponenten und Designkonzepten aus unserer Bibliothek von Standardmaschinen beginnen. Jede ma\u00dfgeschneiderte UNISIG-Maschine verf\u00fcgt \u00fcber<a href=\"https:\/\/unisig.com\/de\/alle-maschinen\/sondermaschinen\/\" class=\"more-link\">Read More<\/a><\/p>\n","protected":false},"author":6,"featured_media":0,"parent":6562,"menu_order":0,"comment_status":"closed","ping_status":"closed","template":"page-templates\/template-2.php","meta":{"_acf_changed":false,"footnotes":""},"folder":[],"class_list":["post-6582","page","type-page","status-publish","hentry"],"acf":[],"_links":{"self":[{"href":"https:\/\/unisig.com\/de\/wp-json\/wp\/v2\/pages\/6582","targetHints":{"allow":["GET"]}}],"collection":[{"href":"https:\/\/unisig.com\/de\/wp-json\/wp\/v2\/pages"}],"about":[{"href":"https:\/\/unisig.com\/de\/wp-json\/wp\/v2\/types\/page"}],"author":[{"embeddable":true,"href":"https:\/\/unisig.com\/de\/wp-json\/wp\/v2\/users\/6"}],"replies":[{"embeddable":true,"href":"https:\/\/unisig.com\/de\/wp-json\/wp\/v2\/comments?post=6582"}],"version-history":[{"count":0,"href":"https:\/\/unisig.com\/de\/wp-json\/wp\/v2\/pages\/6582\/revisions"}],"up":[{"embeddable":true,"href":"https:\/\/unisig.com\/de\/wp-json\/wp\/v2\/pages\/6562"}],"wp:attachment":[{"href":"https:\/\/unisig.com\/de\/wp-json\/wp\/v2\/media?parent=6582"}],"wp:term":[{"taxonomy":"folder","embeddable":true,"href":"https:\/\/unisig.com\/de\/wp-json\/wp\/v2\/folder?post=6582"}],"curies":[{"name":"wp","href":"https:\/\/api.w.org\/{rel}","templated":true}]}}