{"id":6587,"date":"2020-06-15T10:54:28","date_gmt":"2020-06-15T15:54:28","guid":{"rendered":"https:\/\/stagingxx.unisig.com\/finden-sie-eine-maschine\/nach-prozesstyp\/"},"modified":"2024-06-17T09:33:24","modified_gmt":"2024-06-17T14:33:24","slug":"nach-prozesstyp","status":"publish","type":"page","link":"https:\/\/unisig.com\/de\/informationen-ressourcen\/tiefbohrverfahren\/","title":{"rendered":"Tiefbohrverfahren"},"content":{"rendered":"<div class=\"wpb-content-wrapper\"><p>[vc_row][vc_column][vc_column_text]<\/p>\n<h1>Tiefbohrverfahren<\/h1>\n<p>[\/vc_column_text][vc_column_text]UNISIG-Maschinen sind in der Lage, eine Vielzahl von Werkzeugverfahren einzusetzen, um Teile- und Produktionsanforderungen zu erf\u00fcllen. Finden Sie Ihre Maschine basierend auf dem Tiefbohr-Werkzeugsystem.[\/vc_column_text][vc_separator][\/vc_column][\/vc_row][vc_row][vc_column width=&#8221;1\/3&#8243;][vc_single_image image=&#8221;1683&#8243; img_size=&#8221;full&#8221; onclick=&#8221;custom_link&#8221; link=&#8221;\/?page_id=6601&#8243;][vc_column_text]<\/p>\n<h4><a href=\"https:\/\/unisig.com\/de\/informationen-ressourcen\/tiefbohrverfahren\/einlippenbohren\/\">Einlippen-Tiefbohren<\/a><\/h4>\n<p>[\/vc_column_text][vc_column_text]Das Einlippentiefbohren ist f\u00fcr Bohrungsdurchmesser im Bereich von 1 &#8211; 50 mm geeignet [0 .04 &#8211; 2.00 in] und verwendet interne K\u00fchlmittelzufuhr und externe Spanableitung, um tiefe Bohrungen pr\u00e4zise zu bearbeiten.<\/p>\n<p><a href=\"https:\/\/unisig.com\/de\/informationen-ressourcen\/tiefbohrverfahren\/einlippenbohren\/\">Weitere Informationen &gt;<\/a>[\/vc_column_text][\/vc_column][vc_column width=&#8221;1\/3&#8243;][vc_single_image image=&#8221;1682&#8243; img_size=&#8221;full&#8221; onclick=&#8221;custom_link&#8221; link=&#8221;\/?page_id=6632&#8243;][vc_column_text]<\/p>\n<h4><a href=\"https:\/\/unisig.com\/de\/informationen-ressourcen\/tiefbohrverfahren\/bta-bohren\/\">BTA-Bohren<\/a><\/h4>\n<p>[\/vc_column_text][vc_column_text]BTA-Werkzeuge verwenden externe K\u00fchlmittelzufuhr und internen Spanabtransport, um Bohrungen mit gr\u00f6\u00dferem Durchmesser bei einer schnelleren Vorschubrate zu bohren. Bohrungsdurchmesser zwischen 20 &#8211; 630 [0 .80 &#8211; 24.8 in] sind \u00fcblich.<\/p>\n<p><a href=\"https:\/\/unisig.com\/de\/informationen-ressourcen\/tiefbohrverfahren\/bta-bohren\/\">Weitere Informationen &gt;<\/a>[\/vc_column_text][\/vc_column][vc_column width=&#8221;1\/3&#8243;][vc_single_image image=&#8221;1677&#8243; img_size=&#8221;full&#8221; onclick=&#8221;custom_link&#8221; link=&#8221;\/?page_id=6634&#8243;][vc_column_text]<\/p>\n<h4><a href=\"https:\/\/unisig.com\/de\/informationen-ressourcen\/tiefbohrverfahren\/ejektorbohren\/\">Ejektor-Bohren<\/a><\/h4>\n<p>[\/vc_column_text][vc_column_text]Ejektorbohren ist eine Zwei-Rohr-Variante von BTA-Bohrungen in begrenzten Anwendungen auf Bohrwerken. Typische Ejektorbohrungen haben einen Durchmesser von 20 bis 200 [0 .08 &#8211; 7.87 in] mm und eine sehr begrenzte Bohrtiefe.<\/p>\n<p><a href=\"https:\/\/unisig.com\/de\/informationen-ressourcen\/tiefbohrverfahren\/ejektorbohren\/\">Weitere Informationen &gt;<\/a>[\/vc_column_text][\/vc_column][\/vc_row][vc_row][vc_column width=&#8221;1\/3&#8243;][vc_single_image image=&#8221;1681&#8243; img_size=&#8221;full&#8221; onclick=&#8221;custom_link&#8221; link=&#8221;\/?page_id=6631\/&#8221;][vc_column_text]<\/p>\n<h4><a href=\"https:\/\/unisig.com\/de\/maschine-finden\/nach-bohrverfahren\/aufbohren\/\">Aufbohren<\/a><\/h4>\n<p>[\/vc_column_text][vc_column_text]Das Aufbohren wird eingesetzt, um vorhandene Bohrungen zu vergr\u00f6\u00dfern und kann f\u00fcr erh\u00f6hte Geradheit in der fertigen Bohrung gef\u00fchrt werden oder in der Vorbohrung f\u00fcr Konzentrizit\u00e4t.<\/p>\n<p><a href=\"https:\/\/unisig.com\/de\/maschine-finden\/nach-bohrverfahren\/aufbohren\/\">Weitere Informationen &gt;<\/a>[\/vc_column_text][\/vc_column][vc_column width=&#8221;1\/3&#8243;][vc_single_image image=&#8221;1679&#8243; img_size=&#8221;full&#8221; onclick=&#8221;custom_link&#8221; link=&#8221;\/?page_id=6646&#8243;][vc_column_text]<\/p>\n<h4><a href=\"https:\/\/unisig.com\/de\/informationen-ressourcen\/tiefbohrverfahren\/zieh-aufbohren\/\">Zieh-Aufbohren<\/a><\/h4>\n<p>[\/vc_column_text][vc_column_text]Zieh-Aufbohren weitet einen vorhandenen Bohrdurchmesser auf und sorgt durch das Ziehen des Werkzuegs durch das Werkst\u00fcck mit einem Bohrrohr unter Zugspannung f\u00fcr maximale Geradheit der Bohrung.<\/p>\n<p><a href=\"https:\/\/unisig.com\/de\/informationen-ressourcen\/tiefbohrverfahren\/zieh-aufbohren\/\">Weitere Informationen &gt;<\/a>[\/vc_column_text][\/vc_column][vc_column width=&#8221;1\/3&#8243;][vc_single_image image=&#8221;1678&#8243; img_size=&#8221;full&#8221; onclick=&#8221;custom_link&#8221; link=&#8221;onclick=&#8221;custom_link&#8221; link=&#8221;\/?page_id=6639&#8243;][vc_column_text]<\/p>\n<h4><a href=\"https:\/\/unisig.com\/de\/informationen-ressourcen\/tiefbohrverfahren\/kernbohren\/\">Kernbohren<\/a><\/h4>\n<p>[\/vc_column_text][vc_column_text]Kernbohren ist ein Vollbohrproze\u00df bei dem durch Herausschneiden eines Ringes mit geringerer Leistung ein massiver Kern verbleibt.<\/p>\n<p><a href=\"https:\/\/unisig.com\/de\/informationen-ressourcen\/tiefbohrverfahren\/kernbohren\/\">Weitere Informationen &gt;<\/a>[\/vc_column_text][\/vc_column][\/vc_row][vc_row][vc_column width=&#8221;1\/3&#8243;][vc_single_image image=&#8221;1676&#8243; img_size=&#8221;full&#8221; onclick=&#8221;custom_link&#8221; link=&#8221;\/?page_id=6645&#8243;][vc_column_text]<\/p>\n<h4><a href=\"https:\/\/unisig.com\/de\/informationen-ressourcen\/tiefbohrverfahren\/schaelen-und-glattwalzen\/\">Sch\u00e4len und Glattwalzen<\/a><\/h4>\n<p>[\/vc_column_text][vc_column_text]Sch\u00e4len und Glattwalzen ist ein zweistufiger Bearbeitungsproze\u00df zum Erreichen Oberfl\u00e4chenqualit\u00e4ten, die f\u00fcr die Anwendung wie z.B. Hydraulikzylinder gefordert werden.<\/p>\n<p><a href=\"https:\/\/unisig.com\/de\/informationen-ressourcen\/tiefbohrverfahren\/schaelen-und-glattwalzen\/\">Weitere Informationen &gt;<\/a>[\/vc_column_text][\/vc_column][vc_column width=&#8221;1\/3&#8243;][vc_single_image image=&#8221;1680&#8243; img_size=&#8221;full&#8221; onclick=&#8221;custom_link&#8221; link=&#8221;onclick=&#8221;custom_link&#8221; link=&#8221;\/?page_id=6649&#8243;][vc_column_text]<\/p>\n<h4><a href=\"https:\/\/unisig.com\/de\/informationen-ressourcen\/tiefbohrverfahren\/bodenformung\/\">Bodenformung<\/a><\/h4>\n<p>[\/vc_column_text][vc_column_text]Bodenformung vers\u00e4ubert den Bohrgrund mit Formwerkzeugen. \u00dcbliche Profile sind Radien, Stufen oder fl\u00e4che B\u00f6den.<\/p>\n<p><a href=\"https:\/\/unisig.com\/de\/informationen-ressourcen\/tiefbohrverfahren\/bodenformung\/\">Weitere Informationen &gt;<\/a>[\/vc_column_text][\/vc_column][vc_column width=&#8221;1\/3&#8243;][vc_single_image image=&#8221;1675&#8243; img_size=&#8221;full&#8221; onclick=&#8221;custom_link&#8221; link=&#8221;\/?page_id=6648&#8243;][vc_column_text]<\/p>\n<h4><a href=\"https:\/\/unisig.com\/de\/informationen-ressourcen\/tiefbohrverfahren\/auskammern\/\">Auskammern<\/a><\/h4>\n<p>[\/vc_column_text][vc_column_text]Auskammern oder Bottle Boring nutzt Aktoren, die in der Bohrung ein- und ausfahren um ein internes Profil zu erzeugen. H\u00e4ufig eingesetzt in Anwendungen f\u00fcr Flugzeugfahrgestelle.<\/p>\n<p><a href=\"https:\/\/unisig.com\/de\/informationen-ressourcen\/tiefbohrverfahren\/auskammern\/\">Weitere Informationen &gt;<\/a>[\/vc_column_text][\/vc_column][\/vc_row][vc_row][vc_column width=&#8221;1\/3&#8243;][vc_single_image image=&#8221;1674&#8243; img_size=&#8221;medium&#8221; onclick=&#8221;custom_link&#8221; link=&#8221;\/?page_id=6644\/&#8221;][vc_column_text]<\/p>\n<h4><a href=\"https:\/\/unisig.com\/de\/informationen-ressourcen\/tiefbohrverfahren\/reiben\/\">Reiben<\/a><\/h4>\n<p>[\/vc_column_text][vc_column_text]Reiben ist ein Arbeitsschritt in der Produktion von Gewehrl\u00e4ufen. Nach dem Tiefbohren und vor dem Drallziehen verbessert es die Rundheit und Oberfl\u00e4cheng\u00fcte der Bohrung.<\/p>\n<p><a href=\"https:\/\/unisig.com\/de\/informationen-ressourcen\/tiefbohrverfahren\/reiben\/\">Weitere Informationen &gt;<\/a>[\/vc_column_text][\/vc_column][vc_column width=&#8221;1\/3&#8243;][vc_single_image image=&#8221;1673&#8243; img_size=&#8221;full&#8221; onclick=&#8221;custom_link&#8221; link=&#8221;\/?page_id=6638&#8243;][vc_column_text]<\/p>\n<h4><a href=\"https:\/\/unisig.com\/de\/informationen-ressourcen\/tiefbohrverfahren\/drallziehen\/\">Drallziehen<\/a><\/h4>\n<p>[\/vc_column_text][vc_column_text]Drallziehen wird auf einer servogesteuerten Maschinen f\u00fcr pr\u00e4zise Felder und Z\u00fcge in einem Laufrohling durchgef\u00fchrt.<\/p>\n<p><a href=\"https:\/\/unisig.com\/de\/informationen-ressourcen\/tiefbohrverfahren\/drallziehen\/\">Weitere Informationen &gt;<\/a>[\/vc_column_text][\/vc_column][vc_column width=&#8221;1\/3&#8243;][vc_single_image image=&#8221;3525&#8243; img_size=&#8221;full&#8221; onclick=&#8221;custom_link&#8221; link=&#8221;\/?page_id=6505&#8243;][vc_column_text]<\/p>\n<h4><a href=\"https:\/\/unisig.com\/de\/informationen-ressourcen\/tiefbohrverfahren\/fraesen-und-bearbeiten\/\">Fr\u00e4sen und Bearbeiten<\/a><\/h4>\n<p>[\/vc_column_text][vc_column_text]Fr\u00e4sen und konventionelle Bearbeitung erg\u00e4nzt Tiefbohrfunktionen zur Steigerung der Produktivit\u00e4t und Durchsatz bei ausgew\u00e4hlten Maschinen.<\/p>\n<p><a href=\"https:\/\/unisig.com\/de\/informationen-ressourcen\/tiefbohrverfahren\/fraesen-und-bearbeiten\/\">Weitere Informationen &gt;<\/a>[\/vc_column_text][\/vc_column][\/vc_row][vc_row][vc_column][vc_cta h2=&#8221;Anwendung einsenden&#8221; h2_font_container=&#8221;color:%23005288&#8243; h2_google_fonts=&#8221;font_family:Open%20Sans%3A300%2C300italic%2Cregular%2Citalic%2C600%2C600italic%2C700%2C700italic%2C800%2C800italic|font_style:400%20regular%3A400%3Anormal&#8221; shape=&#8221;square&#8221; style=&#8221;custom&#8221; add_button=&#8221;bottom&#8221; btn_title=&#8221;Anwendung einsenden&#8221; btn_shape=&#8221;square&#8221; use_custom_fonts_h2=&#8221;true&#8221; custom_background=&#8221;#e3e3e3&#8243; custom_text=&#8221;#151515&#8243; css=&#8221;.vc_custom_1604494743428{border-top-width: 0px !important;border-right-width: 0px !important;border-bottom-width: 0px !important;border-left-width: 0px !important;}&#8221; btn_link=&#8221;url:%2F%3Fpage_id%3D6519|||&#8221;]Wenn Sie sich nicht sicher sind oder Ihr Werkzeugprozess hier nicht aufgef\u00fchrt ist, senden Sie bitte Ihre Anwendung zur \u00dcberpr\u00fcfung.[\/vc_cta][\/vc_column][\/vc_row]<\/p>\n<\/div>","protected":false},"excerpt":{"rendered":"<p>[vc_row][vc_column][vc_column_text] Tiefbohrverfahren [\/vc_column_text][vc_column_text]UNISIG-Maschinen sind in der Lage, eine Vielzahl von Werkzeugverfahren einzusetzen, um Teile- und Produktionsanforderungen zu erf\u00fcllen. Finden Sie Ihre Maschine basierend auf dem Tiefbohr-Werkzeugsystem.[\/vc_column_text][vc_separator][\/vc_column][\/vc_row][vc_row][vc_column width=&#8221;1\/3&#8243;][vc_single_image image=&#8221;1683&#8243; img_size=&#8221;full&#8221; onclick=&#8221;custom_link&#8221; link=&#8221;\/?page_id=6601&#8243;][vc_column_text] Einlippen-Tiefbohren [\/vc_column_text][vc_column_text]Das Einlippentiefbohren ist f\u00fcr Bohrungsdurchmesser im Bereich von 1 &#8211; 50 mm geeignet [0 .04 &#8211; 2.00 in] und verwendet interne K\u00fchlmittelzufuhr und<a href=\"https:\/\/unisig.com\/de\/informationen-ressourcen\/tiefbohrverfahren\/\" class=\"more-link\">Read More<\/a><\/p>\n","protected":false},"author":3,"featured_media":0,"parent":0,"menu_order":0,"comment_status":"closed","ping_status":"closed","template":"page-templates\/template-2.php","meta":{"_acf_changed":false,"footnotes":""},"folder":[],"class_list":["post-6587","page","type-page","status-publish","hentry"],"acf":[],"_links":{"self":[{"href":"https:\/\/unisig.com\/de\/wp-json\/wp\/v2\/pages\/6587","targetHints":{"allow":["GET"]}}],"collection":[{"href":"https:\/\/unisig.com\/de\/wp-json\/wp\/v2\/pages"}],"about":[{"href":"https:\/\/unisig.com\/de\/wp-json\/wp\/v2\/types\/page"}],"author":[{"embeddable":true,"href":"https:\/\/unisig.com\/de\/wp-json\/wp\/v2\/users\/3"}],"replies":[{"embeddable":true,"href":"https:\/\/unisig.com\/de\/wp-json\/wp\/v2\/comments?post=6587"}],"version-history":[{"count":0,"href":"https:\/\/unisig.com\/de\/wp-json\/wp\/v2\/pages\/6587\/revisions"}],"wp:attachment":[{"href":"https:\/\/unisig.com\/de\/wp-json\/wp\/v2\/media?parent=6587"}],"wp:term":[{"taxonomy":"folder","embeddable":true,"href":"https:\/\/unisig.com\/de\/wp-json\/wp\/v2\/folder?post=6587"}],"curies":[{"name":"wp","href":"https:\/\/api.w.org\/{rel}","templated":true}]}}