{"id":6592,"date":"2020-06-15T10:54:29","date_gmt":"2020-06-15T15:54:29","guid":{"rendered":"https:\/\/stagingxx.unisig.com\/finden-sie-eine-maschine\/nach-bohrungsspezifikation\/lochlage\/"},"modified":"2021-03-21T08:58:59","modified_gmt":"2021-03-21T13:58:59","slug":"lochlage","status":"publish","type":"page","link":"https:\/\/unisig.com\/de\/machine-finden\/nach-position\/lage-der-bohrung\/","title":{"rendered":"Maschinen nach Bohrungsposition finden"},"content":{"rendered":"<div class=\"wpb-content-wrapper\"><p>[vc_row][vc_column][vc_column_text]<\/p>\n<h1>Maschine nach Bohrungsposition finden<\/h1>\n<p>[\/vc_column_text][vc_column_text]Finden Sie eine L\u00f6sung f\u00fcr jede Anwendung, die Zentrumsbohrungen oder exzentrische Bohrungen, oder eine Kombination aus beidem erfordert.[\/vc_column_text][vc_column_text]<\/p>\n<table>\n<thead>\n<tr>\n<th>Lage der Bohrung<\/th>\n<th>M\u00f6gliche Maschinenbaureihen<\/th>\n<\/tr>\n<\/thead>\n<tbody>\n<tr>\n<td>Haupts\u00e4chlich zentrische Bohrungen<\/td>\n<td><a href=\"https:\/\/unisig.com\/de\/alle-maschinen\/une6-medizinisches-tiefbohren\/\">UNE6<\/a> &#8211; Pr\u00e4zisions-ELB-Tiefbohrmaschinen speziell f\u00fcr kleine medizinische Anwendungen<br \/>\n<a href=\"https:\/\/unisig.com\/de\/alle-maschinen\/une-elb-tiefbohrmaschinen\/\">UNE<\/a> &#8211; Kompakte ELB-Maschinen f\u00fcr Lohnfertiger<br \/>\n<a href=\"https:\/\/unisig.com\/de\/alle-maschinen\/uni-serie-tiefbohrmaschinen\/\">UNI<\/a> &#8211; ELB- und\/oder BTA-Maschinen f\u00fcr Gro\u00dfserien mit weitgehender individueller Anpassung<br \/>\n<a href=\"https:\/\/unisig.com\/de\/alle-maschinen\/b-serie-bis-800mm\/\">B-Serie &lt; 800 mm Umlauf<\/a> &#8211; BTA-Maschinen f\u00fcr zentrische Bohrungen in runden Werkst\u00fccken<br \/>\n<a href=\"https:\/\/unisig.com\/de\/alle-maschinen\/b-serie-ueber-800\/\">B-Serie &gt; 800 mm Umlauf<\/a> &#8211; BTA-Maschinen f\u00fcr zentrische Bohrungen in runden Werkst\u00fccken<\/td>\n<\/tr>\n<tr>\n<td>Haupts\u00e4chlich exzentrische Bohrungen<\/td>\n<td><a href=\"https:\/\/unisig.com\/de\/alle-maschinen\/usk-kreuztischmaschinen\/\">USK<\/a> &#8211; ELB-Kreuztischmaschinen f\u00fcr zentrische und exzentrische Bohrungen bis 40 mm [1.57 in]<br \/>\n<a href=\"https:\/\/unisig.com\/de\/alle-maschinen\/usc-maschinen-fuer-grossteile\/\">USC<\/a> &#8211; BTA Fahrst\u00e4ndermaschinen f\u00fcr exzentrische Bohrungen in gr\u00f6\u00dfere Werkst\u00fccke bis 165 mm [6.5 in]<br \/>\n<a href=\"https:\/\/unisig.com\/de\/alle-maschinen\/usc-ts-rohrbodenmaschinen\/\">USC-TS<\/a> &#8211; Mehrspindelige Fahrst\u00e4ndermaschinen f\u00fcr W\u00e4rmetauscher-Rohrb\u00f6den<br \/>\n<a href=\"https:\/\/unisig.com\/de\/alle-maschinen\/tiefbohr-und-fraeszentren\/\">USC-M<\/a> &#8211; ELB und BTA Tiefbohr- und Fr\u00e4szentren mit Fahrst\u00e4nder f\u00fcr den Formenbau<\/td>\n<\/tr>\n<\/tbody>\n<\/table>\n<p>[\/vc_column_text][\/vc_column][\/vc_row]<\/p>\n<\/div>","protected":false},"excerpt":{"rendered":"<p>[vc_row][vc_column][vc_column_text] Maschine nach Bohrungsposition finden [\/vc_column_text][vc_column_text]Finden Sie eine L\u00f6sung f\u00fcr jede Anwendung, die Zentrumsbohrungen oder exzentrische Bohrungen, oder eine Kombination aus beidem erfordert.[\/vc_column_text][vc_column_text] Lage der Bohrung M\u00f6gliche Maschinenbaureihen Haupts\u00e4chlich zentrische Bohrungen UNE6 &#8211; Pr\u00e4zisions-ELB-Tiefbohrmaschinen speziell f\u00fcr kleine medizinische Anwendungen UNE &#8211; Kompakte ELB-Maschinen f\u00fcr Lohnfertiger UNI &#8211; ELB- und\/oder BTA-Maschinen f\u00fcr Gro\u00dfserien mit weitgehender individueller<a href=\"https:\/\/unisig.com\/de\/machine-finden\/nach-position\/lage-der-bohrung\/\" class=\"more-link\">Read More<\/a><\/p>\n","protected":false},"author":3,"featured_media":0,"parent":0,"menu_order":0,"comment_status":"closed","ping_status":"closed","template":"page-templates\/template-2.php","meta":{"_acf_changed":false,"footnotes":""},"folder":[],"class_list":["post-6592","page","type-page","status-publish","hentry"],"acf":[],"_links":{"self":[{"href":"https:\/\/unisig.com\/de\/wp-json\/wp\/v2\/pages\/6592","targetHints":{"allow":["GET"]}}],"collection":[{"href":"https:\/\/unisig.com\/de\/wp-json\/wp\/v2\/pages"}],"about":[{"href":"https:\/\/unisig.com\/de\/wp-json\/wp\/v2\/types\/page"}],"author":[{"embeddable":true,"href":"https:\/\/unisig.com\/de\/wp-json\/wp\/v2\/users\/3"}],"replies":[{"embeddable":true,"href":"https:\/\/unisig.com\/de\/wp-json\/wp\/v2\/comments?post=6592"}],"version-history":[{"count":0,"href":"https:\/\/unisig.com\/de\/wp-json\/wp\/v2\/pages\/6592\/revisions"}],"wp:attachment":[{"href":"https:\/\/unisig.com\/de\/wp-json\/wp\/v2\/media?parent=6592"}],"wp:term":[{"taxonomy":"folder","embeddable":true,"href":"https:\/\/unisig.com\/de\/wp-json\/wp\/v2\/folder?post=6592"}],"curies":[{"name":"wp","href":"https:\/\/api.w.org\/{rel}","templated":true}]}}