{"id":6593,"date":"2020-06-15T10:54:30","date_gmt":"2020-06-15T15:54:30","guid":{"rendered":"https:\/\/stagingxx.unisig.com\/informationen-ressourcen\/was-ist-deep-hole-drilling\/was-ist-bta-drilling\/"},"modified":"2021-01-19T08:08:08","modified_gmt":"2021-01-19T14:08:08","slug":"was-ist-bta-bohren","status":"publish","type":"page","link":"https:\/\/unisig.com\/de\/informationen-ressourcen\/was-ist-tiefbohren\/bta-bohren\/","title":{"rendered":"Was ist BTA-Bohren"},"content":{"rendered":"<div class=\"wpb-content-wrapper\"><p>[vc_row][vc_column][vc_single_image image=&#8221;1598&#8243; img_size=&#8221;full&#8221;][vc_column_text]<\/p>\n<h1>Was ist BTA Bohren?<\/h1>\n<p>[\/vc_column_text][vc_column_text]<\/p>\n<h5><a href=\"https:\/\/unisig.com\/de\/informationen-ressourcen-4\/was-ist-tiefbohren\/\">Beginnen Sie hier: Was it Tiefbohren &#8211; \u00dcbersicht<\/a><\/h5>\n<p>[\/vc_column_text][vc_column_text]<img decoding=\"async\" class=\"alignright size-medium wp-image-1588 lazyload\" data-src=\"https:\/\/unisig.com\/wp-content\/smush-webp\/2016\/06\/bta-deep-hole-drilling-diagram-UNISIG-300x180.png.webp\" alt=\"bta-deep-hole-drilling-diagram-UNISIG\" width=\"300\" height=\"180\" data-srcset=\"https:\/\/unisig.com\/wp-content\/smush-webp\/2016\/06\/bta-deep-hole-drilling-diagram-UNISIG-300x180.png.webp 300w, https:\/\/unisig.com\/wp-content\/smush-webp\/2016\/06\/bta-deep-hole-drilling-diagram-UNISIG-150x90.png.webp 150w, https:\/\/unisig.com\/wp-content\/smush-webp\/2016\/06\/bta-deep-hole-drilling-diagram-UNISIG-600x360.png.webp 600w, https:\/\/unisig.com\/wp-content\/smush-webp\/2016\/06\/bta-deep-hole-drilling-diagram-UNISIG-768x461.png.webp 768w, https:\/\/unisig.com\/wp-content\/smush-webp\/2016\/06\/bta-deep-hole-drilling-diagram-UNISIG-32x19.png.webp 32w, https:\/\/unisig.com\/wp-content\/smush-webp\/2016\/06\/bta-deep-hole-drilling-diagram-UNISIG.png.webp 1000w\" data-sizes=\"auto\" src=\"data:image\/svg+xml;base64,PHN2ZyB3aWR0aD0iMSIgaGVpZ2h0PSIxIiB4bWxucz0iaHR0cDovL3d3dy53My5vcmcvMjAwMC9zdmciPjwvc3ZnPg==\" style=\"--smush-placeholder-width: 300px; --smush-placeholder-aspect-ratio: 300\/180;\" data-original-sizes=\"(max-width: 300px) 100vw, 300px\" \/>BTA-Bohren ist ein <a href=\"https:\/\/unisig.com\/de\/informationen-ressourcen-4\/was-ist-tiefbohren\/\">Tiefbohrverfahren,<\/a> bei dem ein spezielles <a href=\"https:\/\/unisig.com\/de\/produktetechnologie\/werkzeuge\/bta-werkzeugzubehoer\/\">Bohrwerkzeug<\/a> auf einem langen Bohrrohr verwendet wird, um tiefe Bohrungen in Metall zu erzeugen, von Bohrungen mit einem Durchmesser von 20 mm [0 .80 in] und gr\u00f6\u00dfer, bis hin zu Tiefen-zu-Durchmesser-Verh\u00e4ltnissen von 400:1. BTA-Bohrungen sind die effektivste Methode zum Einbringen tiefer Bohrungen, da es sich um einen saubereren, zuverl\u00e4ssigeren und leistungsf\u00e4higeren Prozess als herk\u00f6mmliche Spiralbohrer handelt und gr\u00f6\u00dfere Durchmesser und h\u00f6here Vorschubraten als das alternative ELB-Tiefbohren erreichen kann.<\/p>\n<p>BTA-Bohrwerkzeugk\u00f6pfe werden aufgeschraubt oder auf langen Bohrrohren montiert und verwenden mehrere Schneidfl\u00e4chen auf einem einzigen Werkzeug, um Sp\u00e4ne effizient abzutragen, indem sie die Sp\u00e4ne mit Hochdruckk\u00fchlmittel durch Spanm\u00e4uler im Werkzeugkopf durch das Bohrrohr und durch die Bearbeitungsspindel ableiten. BTA-Werkzeuge sind mit gel\u00f6teten oder eingesetzten Wende-Hartmetallschneidplatten\u00a0 erh\u00e4ltlich.<\/p>\n<p>BTA steht f\u00fcr Boring and Trepanning Association und wird manchmal auch als STS -Bohren (Single Tube System) bezeichnet, da es ein einziges Bohrrohr f\u00fcr das BTA-Werkzeug verwendet, anders als z.B. das Ejektorbohren, das zwei verwendet.[\/vc_column_text][\/vc_column][\/vc_row][vc_row][vc_column][vc_column_text]<\/p>\n<h2>BTA-Bohren im Vergleich zu ELB-Bohren<\/h2>\n<p>[\/vc_column_text][vc_column_text]BTA-Bohrungen k\u00f6nnen typischerweise 5-7 mal h\u00f6here Bohrvorschubraten erreichen als ELB-Bohrungen bei gleichem Durchmesser, aufgrund des Werkzeugdesigns, der effizienteren Sp\u00e4neausleitung sowie des Maschinenkonzepts und der Maschinenleistung. BTA-Tiefbohrmaschinen f\u00fchren K\u00fchlmittel um den Werkzeugkopf zu und leiten die Sp\u00e4ne durch das Bohrwerkzeug und die Maschinenspindel aus. Anders als z.B. ELB-Bohren, bei dem K\u00fchlmittel intern zugef\u00fchrt wird und Sp\u00e4ne durch eine externe Nut am Werkzeug abgeleitet werden. BTA-Bohrungen sind sehr effizient f\u00fcr Bohrungen von 20 &#8211; 200 mm [0 .80 &#8211; 8.00 in] was einen gr\u00f6\u00dferen Bereich als das ELB-Bohren abdeckt.[\/vc_column_text][vc_column_text]<\/p>\n<h5><a href=\"https:\/\/unisig.com\/de\/informationen-ressourcen\/was-ist-tiefbohren\/elb-bohren\/\">Erfahren Sie mehr \u00fcber ELB-Tiefbohren<\/a><\/h5>\n<p>[\/vc_column_text][\/vc_column][\/vc_row][vc_row][vc_column][vc_column_text]<\/p>\n<h2>Optimale Eigenschaften f\u00fcr den BTA-Bohrprozess<\/h2>\n<p>[\/vc_column_text][vc_column_text]BTA Tiefbohren ist das ideale Verfahren f\u00fcr eine Reihe gr\u00f6\u00dferer Tiefbohrungen. BTA-Bohrungen und Sekund\u00e4roerationen sind in der Lage, Bohrungen mit extremen Tiefen-zu-Durchmesser-Verh\u00e4ltnis zu erzeugen und dabei strenge Toleranzen zu erreichen.<\/p>\n<h5>BTA Werkzeugdurchmesserbereich<\/h5>\n<table>\n<tbody>\n<tr>\n<td>8 &#8211; 65 mm<\/td>\n<td>Gel\u00f6tete Einweg-BTA K\u00f6pfe<\/td>\n<\/tr>\n<tr>\n<td>10 &#8211; 114 mm<\/td>\n<td>Spatenbohrer BTA<\/td>\n<\/tr>\n<tr>\n<td>16 &#8211; 28 mm<\/td>\n<td>BTA Werkzeuge mit Wendeschneidplatten, Einzelschneide<\/td>\n<\/tr>\n<tr>\n<td>25 mm +<\/td>\n<td>BTA Werkzeuge mit Wendeschneidplatten, Mehrfachscheiden<\/td>\n<\/tr>\n<\/tbody>\n<\/table>\n<p>[\/vc_column_text][\/vc_column][\/vc_row][vc_row][vc_column][vc_column_text]<\/p>\n<h2>BTA Tiefbohrausr\u00fcstung<\/h2>\n<p>[\/vc_column_text][vc_column_text]Tiefbohrmaschinen, die f\u00fcr BTA und verwandte Prozesse entwickelt wurden, sind komplexe Systeme von hochpr\u00e4zisen Komponenten, die f\u00fcr extrem tiefe Bohrungen und strenge Toleranzen entwickelt und gebaut werden. Sehen Sie sich UNISIG&#8217;s Maschinendiagramm an, um mehr \u00fcber BTA-Tiefbohrmaschinen zu erfahren.<\/p>\n<p><a href=\"https:\/\/unisig.com\/de\/informationen-ressourcen\/was-ist-tiefbohren\/bta-maschinen-uebersicht\/\">Weitere Informationen \u00fcber BTA Tiefbohrmaschinen &gt;<\/a><\/p>\n<p>BTA-Bohrwerkzeuge werden ausgew\u00e4hlt und in das Tiefbohrsystem integriert, um die h\u00f6chstm\u00f6glichen Toleranzstandards zu erreichen.<\/p>\n<p><a href=\"https:\/\/unisig.com\/de\/bta-werkzeuge\/\">Mehr \u00fcber BTA Werkzeuge &gt;<\/a>[\/vc_column_text][\/vc_column][\/vc_row][vc_row][vc_column][vc_cta h2=&#8221;BTA-Tiefbohrmaschinen finden&#8221; h2_font_container=&#8221;color:%23005288&#8243; h2_google_fonts=&#8221;font_family:Open%20Sans%3A300%2C300italic%2Cregular%2Citalic%2C600%2C600italic%2C700%2C700italic%2C800%2C800italic|font_style:400%20regular%3A400%3Anormal&#8221; shape=&#8221;square&#8221; style=&#8221;custom&#8221; add_button=&#8221;bottom&#8221; btn_title=&#8221;Finden Sie BTA-Maschinen&#8221; btn_shape=&#8221;square&#8221; use_custom_fonts_h2=&#8221;true&#8221; custom_background=&#8221;#e3e3e3&#8243; custom_text=&#8221;#151515&#8243; css=&#8221;.vc_custom_1611065285608{border-top-width: 0px !important;border-right-width: 0px !important;border-bottom-width: 0px !important;border-left-width: 0px !important;}&#8221; btn_link=&#8221;url:%2F%3Fpage_id%3D6632|||&#8221;]BTA Tiefbohrmaschinen sind f\u00fcr Anwendungen mit Bohrdurchmessern ab 20 mm und mehr ausgelegt [0.80 in][\/vc_cta][\/vc_column][\/vc_row]<\/p>\n<\/div>","protected":false},"excerpt":{"rendered":"<p>[vc_row][vc_column][vc_single_image image=&#8221;1598&#8243; img_size=&#8221;full&#8221;][vc_column_text] Was ist BTA Bohren? [\/vc_column_text][vc_column_text] Beginnen Sie hier: Was it Tiefbohren &#8211; \u00dcbersicht [\/vc_column_text][vc_column_text]BTA-Bohren ist ein Tiefbohrverfahren, bei dem ein spezielles Bohrwerkzeug auf einem langen Bohrrohr verwendet wird, um tiefe Bohrungen in Metall zu erzeugen, von Bohrungen mit einem Durchmesser von 20 mm [0 .80 in] und gr\u00f6\u00dfer, bis hin zu Tiefen-zu-Durchmesser-Verh\u00e4ltnissen<a href=\"https:\/\/unisig.com\/de\/informationen-ressourcen\/was-ist-tiefbohren\/bta-bohren\/\" class=\"more-link\">Read More<\/a><\/p>\n","protected":false},"author":3,"featured_media":0,"parent":6554,"menu_order":0,"comment_status":"closed","ping_status":"closed","template":"page-templates\/template-2.php","meta":{"_acf_changed":false,"footnotes":""},"folder":[],"class_list":["post-6593","page","type-page","status-publish","hentry"],"acf":[],"_links":{"self":[{"href":"https:\/\/unisig.com\/de\/wp-json\/wp\/v2\/pages\/6593","targetHints":{"allow":["GET"]}}],"collection":[{"href":"https:\/\/unisig.com\/de\/wp-json\/wp\/v2\/pages"}],"about":[{"href":"https:\/\/unisig.com\/de\/wp-json\/wp\/v2\/types\/page"}],"author":[{"embeddable":true,"href":"https:\/\/unisig.com\/de\/wp-json\/wp\/v2\/users\/3"}],"replies":[{"embeddable":true,"href":"https:\/\/unisig.com\/de\/wp-json\/wp\/v2\/comments?post=6593"}],"version-history":[{"count":0,"href":"https:\/\/unisig.com\/de\/wp-json\/wp\/v2\/pages\/6593\/revisions"}],"up":[{"embeddable":true,"href":"https:\/\/unisig.com\/de\/wp-json\/wp\/v2\/pages\/6554"}],"wp:attachment":[{"href":"https:\/\/unisig.com\/de\/wp-json\/wp\/v2\/media?parent=6593"}],"wp:term":[{"taxonomy":"folder","embeddable":true,"href":"https:\/\/unisig.com\/de\/wp-json\/wp\/v2\/folder?post=6593"}],"curies":[{"name":"wp","href":"https:\/\/api.w.org\/{rel}","templated":true}]}}