{"id":6594,"date":"2020-06-15T10:54:30","date_gmt":"2020-06-15T15:54:30","guid":{"rendered":"https:\/\/stagingxx.unisig.com\/alle-maschinen\/une-gundrilling-machines\/"},"modified":"2025-01-24T13:36:32","modified_gmt":"2025-01-24T19:36:32","slug":"une-elb-tiefbohrmaschinen","status":"publish","type":"page","link":"https:\/\/unisig.com\/de\/alle-maschinen\/une-elb-tiefbohrmaschinen\/","title":{"rendered":"UNE-Serie Einlippen-Tiefbohrmaschinen"},"content":{"rendered":"<div class=\"wpb-content-wrapper\"><p>[vc_row][vc_column]<div class=\"avt_masterslider_el \" >\n\t\t<!-- MasterSlider -->\n\t\t<div id=\"P_MS69d14f0d30d9b\" class=\"master-slider-parent ms-parent-id-6\" style=\"max-width:1000px;\" >\n\n\t\t\t\n\t\t\t<!-- MasterSlider Main -->\n\t\t\t<div id=\"MS69d14f0d30d9b\" class=\"master-slider ms-skin-black-2 round-skin\" >\n\t\t\t\t \t\t\t\t \n\n\t\t\t<div  class=\"ms-slide\" data-delay=\"3\" data-fill-mode=\"fill\"   >\n\t\t\t\t\t<img decoding=\"async\" src=\"https:\/\/unisig.com\/wp-content\/plugins\/masterslider\/public\/assets\/css\/blank.gif\" alt=\"\" title=\"overall-gundrilling-machine-UNE12\" data-src=\"https:\/\/unisig.com\/wp-content\/smush-webp\/2019\/09\/overall-gundrilling-machine-UNE12.jpg.webp\" \/>\n\n\n\t\t\t\t<\/div>\n\t\t\t<div  class=\"ms-slide\" data-delay=\"3\" data-fill-mode=\"fill\"   >\n\t\t\t\t\t<img decoding=\"async\" src=\"https:\/\/unisig.com\/wp-content\/plugins\/masterslider\/public\/assets\/css\/blank.gif\" alt=\"\" title=\"automation-for-gundrilling-machines\" data-src=\"https:\/\/unisig.com\/wp-content\/smush-webp\/2019\/09\/automation-for-gundrilling-machines.jpg.webp\" \/>\n\n\n\t\t\t\t<\/div>\n\t\t\t<div  class=\"ms-slide\" data-delay=\"3\" data-fill-mode=\"fill\"   >\n\t\t\t\t\t<img decoding=\"async\" src=\"https:\/\/unisig.com\/wp-content\/plugins\/masterslider\/public\/assets\/css\/blank.gif\" alt=\"UNISIG UNE32-2-1000-CR\" title=\"UNE32-2-1000-CR_left_web\" data-src=\"https:\/\/unisig.com\/wp-content\/smush-webp\/2024\/07\/UNE32-2-1000-CR_left_web.jpg.webp\" \/>\n\n\n\t\t\t\t<\/div>\n\t\t\t<div  class=\"ms-slide\" data-delay=\"3\" data-fill-mode=\"fill\"   >\n\t\t\t\t\t<img decoding=\"async\" src=\"https:\/\/unisig.com\/wp-content\/plugins\/masterslider\/public\/assets\/css\/blank.gif\" alt=\"UNE25 gundrilling machine with universal workpiece table\" title=\"UNE25-1-1000-FT_Front_Door_open\" data-src=\"https:\/\/unisig.com\/wp-content\/uploads\/2024\/04\/UNE25-1-1000-FT_Front_Door_open-1000x600.jpg\" \/>\n\n\n\t\t\t\t<\/div>\n\n\t\t\t<\/div>\n\t\t\t<!-- END MasterSlider Main -->\n\n\t\t\t \n\t\t<\/div>\n\t\t<!-- END MasterSlider -->\n\n\t\t<script>\n\t\t( window.MSReady = window.MSReady || [] ).push( function( $ ) {\n\n\t\t\t\"use strict\";\n\t\t\tvar masterslider_0d9b = new MasterSlider();\n\n\t\t\t\/\/ slider controls\n\t\t\tmasterslider_0d9b.control('arrows'     ,{ autohide:true, overVideo:true  });\n\t\t\t\/\/ slider setup\n\t\t\tmasterslider_0d9b.setup(\"MS69d14f0d30d9b\", {\n\t\t\t\twidth           : 1000,\n\t\t\t\theight          : 600,\n\t\t\t\tminHeight       : 0,\n\t\t\t\tspace           : 0,\n\t\t\t\tstart           : 1,\n\t\t\t\tgrabCursor      : true,\n\t\t\t\tswipe           : true,\n\t\t\t\tmouse           : true,\n\t\t\t\tkeyboard        : false,\n\t\t\t\tlayout          : \"boxed\",\n\t\t\t\twheel           : false,\n\t\t\t\tautoplay        : true,\n                instantStartLayers:false,\n\t\t\t\tmobileBGVideo:false,\n\t\t\t\tloop            : true,\n\t\t\t\tshuffle         : false,\n\t\t\t\tpreload         : 0,\n\t\t\t\theightLimit     : true,\n\t\t\t\tautoHeight      : false,\n\t\t\t\tsmoothHeight    : true,\n\t\t\t\tendPause        : false,\n\t\t\t\toverPause       : true,\n\t\t\t\tfillMode        : \"fill\",\n\t\t\t\tcenterControls  : true,\n\t\t\t\tstartOnAppear   : false,\n\t\t\t\tlayersMode      : \"center\",\n\t\t\t\tautofillTarget  : \"\",\n\t\t\t\thideLayers      : false,\n\t\t\t\tfullscreenMargin: 0,\n\t\t\t\tspeed           : 20,\n\t\t\t\tdir             : \"h\",\n\t\t\t\tresponsive      : true,\n\t\t\t\ttabletWidth     : 768,\n\t\t\t\ttabletHeight    : null,\n\t\t\t\tphoneWidth      : 480,\n\t\t\t\tphoneHeight    : null,\n\t\t\t\tsizingReference : window,\n\t\t\t\tparallaxMode    : 'swipe',\n\t\t\t\tview            : \"basic\"\n\t\t\t});\n\n\t\t\t\n\t\t\twindow.masterslider_instances = window.masterslider_instances || [];\n\t\t\twindow.masterslider_instances.push( masterslider_0d9b );\n\t\t});\n\t\t<\/script>\n\n<\/div>[\/vc_column][\/vc_row][vc_row][vc_column width=&#8221;3\/4&#8243;][vc_column_text]<\/p>\n<h1>UNE-Serie Einlippen-Tiefbohrmaschinen<\/h1>\n<p>[\/vc_column_text][\/vc_column][vc_column width=&#8221;1\/4&#8243;][vc_btn title=&#8221;Schnellanfrage&#8221; shape=&#8221;square&#8221; align=&#8221;right&#8221; css=&#8221;.vc_custom_1737747389644{padding-top: 14px !important;}&#8221; link=&#8221;url:https%3A%2F%2Funisig.com%2Fde%2Fschnellanfrageformular|title:Quick%20Machine%20Request%20DE&#8221; el_class=&#8221;popmake-7864&#8243;][\/vc_column][\/vc_row][vc_row][vc_column][vc_column_text]UNE ELB-Tiefbohrmaschinen stellen Leistung, m\u00fchelose Bedienung und Flexibilit\u00e4t in den Vordergrund und erm\u00f6glichen es Lohnfertigern und Produktionsherstellern, mehr Werkst\u00fccke mit h\u00f6herer Effizienz und Wiederholbarkeit zu bohren. Ausgelegt f\u00fcr Wendeschneidplatten-, Gel\u00f6tete- und Vollhartmetall-Einlippenbohrer und mit einem gro\u00dfen Bohrdurchmesserbereich k\u00f6nnen Kunden F\u00e4higkeiten wie nie zuvor hinzuf\u00fcgen. Die standardm\u00e4\u00dfige und optionale Maschinenautomatisierung erm\u00f6glicht es den Anwendern, das Beste aus ihrer Maschine herauszuholen &#8211; jetzt und auch bei steigenden Anforderungen in der Zukunft.<\/p>\n<p>UNISIGs UNE-Maschinen mit vielf\u00e4ltigen Funktionen sind fachm\u00e4nnisch konstruiert und so konzipiert, dass sie nur eine kleine, kompakte Stellfl\u00e4che beanspruchen. Mit Konfigurationen, die f\u00fcr Bohrdurchmesser bis zu 40 mm und Werkst\u00fcckl\u00e4ngen bis zu 3.000 mm ausgelegt sind, vereinfacht UNISIG den Tiefbohrprozess f\u00fcr alle Beteiligten &#8211; vom Firmeninhaber bis hin zum Bediener und Instandhalter.[\/vc_column_text][vc_separator][\/vc_column][\/vc_row][vc_row][vc_column][vc_tta_tabs shape=&#8221;square&#8221; color=&#8221;white&#8221; alignment=&#8221;right&#8221; active_section=&#8221;1&#8243; el_class=&#8221;machine-spec-tables&#8221;][vc_tta_section title=&#8221;Metrisch&#8221; tab_id=&#8221;1469812290825-2638acd8-94189b36-e0e4&#8243;][vc_column_text css=&#8221;&#8221;]<\/p>\n<table class=\"rwd-table\">\n<tbody>\n<tr>\n<th>Beschreibung<\/th>\n<th><a href=\"https:\/\/unisig.com\/de\/produkt\/une12-2-2\/\">UNE12-2<\/a><\/th>\n<th><a href=\"https:\/\/unisig.com\/de\/produkt\/une20-2-2\/\">UNE20-2<\/a><\/th>\n<th><a href=\"https:\/\/unisig.com\/de\/produkt\/une25-2\/\">UNE25<\/a><\/th>\n<th><a href=\"https:\/\/unisig.com\/de\/produkt\/une32-2-2\/\">UNE32-2<\/a><\/th>\n<th><a href=\"https:\/\/unisig.com\/de\/produkt\/une40\/\">UNE40<\/a><\/th>\n<\/tr>\n<tr>\n<td data-th=\"Rated gundrill diameter\">Spindelanzahl<\/td>\n<td data-th=\"UNE6\">2<\/td>\n<td data-th=\"UNE12, 20\">2<\/td>\n<td data-th=\"UNE20\">1<\/td>\n<td data-th=\"UNE12, 20\">2<\/td>\n<td data-th=\"UNE20\">1<\/td>\n<\/tr>\n<tr>\n<td data-th=\"Rated gundrill diameter\">Bohrdurchmesser max.<\/td>\n<td data-th=\"UNE6\">12 mm<\/td>\n<td data-th=\"UNE12, 20\">20 mm<\/td>\n<td data-th=\"UNE20\">25 mm<\/td>\n<td data-th=\"UNE12, 20\">32 mm<\/td>\n<td data-th=\"UNE20\">40 mm<\/td>\n<\/tr>\n<tr>\n<td data-th=\"Spindle power\">Bohrdurchmesser max., Einzelspindelbetrieb<\/td>\n<td data-th=\"UNE6\">19 mm<\/td>\n<td data-th=\"UNE12, 20\">25 mm<\/td>\n<td data-th=\"UNE20\">k.A.<\/td>\n<td data-th=\"UNE12, 20\">40 mm<\/td>\n<td data-th=\"UNE20\">k.A.<\/td>\n<\/tr>\n<tr>\n<td data-th=\"Spindle nose\">Bohrdurchmesser min.<\/td>\n<td data-th=\"UNE6\">1,4 mm<\/td>\n<td data-th=\"UNE12, 20\">2,0 mm<\/td>\n<td data-th=\"UNE20\">2,0 mm<\/td>\n<td data-th=\"UNE12, 20\">3,0 mm<\/td>\n<td data-th=\"UNE20\">3,0 mm<\/td>\n<\/tr>\n<tr>\n<td data-th=\"Drill depth\">Werkzeugdrehzahl max.<\/td>\n<td data-th=\"UNE6\">12.000 U\/min<\/td>\n<td data-th=\"UNE12, 20\">8.000 U\/min<\/td>\n<td data-th=\"UNE20\">8.000 U\/min<\/td>\n<td data-th=\"UNE12, 20\">6.000 U\/min<\/td>\n<td data-th=\"UNE20\">6.000 U\/min<\/td>\n<\/tr>\n<tr>\n<td data-th=\"Cutting fluid pressure\">Werkst\u00fcckdrehzahl max.<\/td>\n<td data-th=\"UNE6\">900 U\/min<\/td>\n<td data-th=\"UNE12, 20\">600 U\/min<\/td>\n<td data-th=\"UNE20\">600 U\/min<\/td>\n<td data-th=\"UNE12, 20\">400 U\/min<\/td>\n<td data-th=\"UNE20\">400 U\/min<\/td>\n<\/tr>\n<tr>\n<td data-th=\"Cutting fluid flow, maximum\">M\u00f6gliche maximale Werkst\u00fcckl\u00e4ngen<\/td>\n<td style=\"text-align: center;\" colspan=\"3\" data-th=\"UNE6\">750 mm<br \/>\n1.000 mm<br \/>\n1.500 mm<\/td>\n<td style=\"text-align: center;\" colspan=\"2\" data-th=\"UNE12, 20\">1.000 mm<br \/>\n1.500 mm<br \/>\n2.000 mm<br \/>\n3.000 mm<\/td>\n<\/tr>\n<tr>\n<td colspan=\"6\"><\/td>\n<\/tr>\n<\/tbody>\n<\/table>\n<p>[\/vc_column_text][\/vc_tta_section][vc_tta_section title=&#8221;Zoll&#8221; tab_id=&#8221;1469812290427-4adebc19-72cd9b36-e0e4&#8243;][vc_column_text css=&#8221;&#8221;]<\/p>\n<table class=\"rwd-table\">\n<tbody>\n<tr>\n<th>Beschreibung<\/th>\n<th><a href=\"https:\/\/unisig.com\/de\/produkt\/une12-2-2\/\">UNE12-2<\/a><\/th>\n<th><a href=\"https:\/\/unisig.com\/de\/produkt\/une20-2-2\/\">UNE20-2<\/a><\/th>\n<th><a href=\"https:\/\/unisig.com\/de\/produkt\/une25-2\/\">UNE25<\/a><\/th>\n<th><a href=\"https:\/\/unisig.com\/de\/produkt\/une32-2-2\/\">UNE32-2<\/a><\/th>\n<th><a href=\"https:\/\/unisig.com\/de\/produkt\/une40\/\">UNE40<\/a><\/th>\n<\/tr>\n<tr>\n<td data-th=\"Rated gundrill diameter\">Spindelanzahl<\/td>\n<td data-th=\"UNE6\">2<\/td>\n<td data-th=\"UNE12, 20\">2<\/td>\n<td data-th=\"UNE20\">1<\/td>\n<td data-th=\"UNE12, 20\">2<\/td>\n<td data-th=\"UNE20\">1<\/td>\n<\/tr>\n<tr>\n<td data-th=\"Rated gundrill diameter\">Bohrdurchmesser max.<\/td>\n<td data-th=\"UNE6\">0,5 in<\/td>\n<td data-th=\"UNE12, 20\">0,8 in<\/td>\n<td data-th=\"UNE20\">1,0 in<\/td>\n<td data-th=\"UNE12, 20\">1.26 in<\/td>\n<td data-th=\"UNE20\">1.57 in<\/td>\n<\/tr>\n<tr>\n<td data-th=\"Spindle power\">Bohrdurchmesser max., Einzelbetrieb<\/td>\n<td data-th=\"UNE6\">0,75 in<\/td>\n<td data-th=\"UNE12, 20\">1,0 in<\/td>\n<td data-th=\"UNE20\">k.A.<\/td>\n<td data-th=\"UNE12, 20\">1.57 in<\/td>\n<td data-th=\"UNE20\">k.A.<\/td>\n<\/tr>\n<tr>\n<td data-th=\"Spindle nose\">Bohrdurchmesser min.<\/td>\n<td data-th=\"UNE6\">0,06 in<\/td>\n<td data-th=\"UNE12, 20\">0,08 in<\/td>\n<td data-th=\"UNE20\">0,08 in<\/td>\n<td data-th=\"UNE12, 20\">0,12 in<\/td>\n<td data-th=\"UNE20\">0,12 in<\/td>\n<\/tr>\n<tr>\n<td data-th=\"Drill depth\">Werkzeugdrehzahl max.<\/td>\n<td data-th=\"UNE6\">12.000 U\/min<\/td>\n<td data-th=\"UNE12, 20\">8.000 U\/min<\/td>\n<td data-th=\"UNE20\">8.000 U\/min<\/td>\n<td data-th=\"UNE12, 20\">6.000 U\/min<\/td>\n<td data-th=\"UNE20\">6.000 U\/min<\/td>\n<\/tr>\n<tr>\n<td data-th=\"Cutting fluid pressure\">Werkst\u00fcckdrehzahl max.<\/td>\n<td data-th=\"UNE6\">900 U\/min<\/td>\n<td data-th=\"UNE12, 20\">600 U\/min<\/td>\n<td data-th=\"UNE20\">600 U\/min<\/td>\n<td data-th=\"UNE12, 20\">400 U\/min<\/td>\n<td data-th=\"UNE20\">400 U\/min<\/td>\n<\/tr>\n<tr>\n<td data-th=\"Cutting fluid flow, maximum\">M\u00f6gliche maximale Werkst\u00fcckl\u00e4ngen<\/td>\n<td style=\"text-align: center;\" colspan=\"3\" data-th=\"UNE6\">29,5 in<br \/>\n39,4 in<br \/>\n59,1 in<\/td>\n<td style=\"text-align: center;\" colspan=\"2\" data-th=\"UNE12, 20\">39,4 in<br \/>\n59,1 in<br \/>\n78,8 in<br \/>\n118,1 in<\/td>\n<\/tr>\n<tr>\n<td colspan=\"6\"><\/td>\n<\/tr>\n<\/tbody>\n<\/table>\n<p>[\/vc_column_text][\/vc_tta_section][\/vc_tta_tabs][\/vc_column][\/vc_row][vc_row][vc_column][vc_separator][vc_column_text]<\/p>\n<h4>Weitere Informationen:<\/h4>\n<p>[\/vc_column_text][unisig_icon_content icon=&#8221;fas fa-video&#8221;]<a href=\"https:\/\/unisig.com\/de\/news-und-events\/technische-artikel\/une32-2-1500-cr-zweispindel-einlippenbohrmaschine\/\">UNE32-2-1500-CR Zweispindlige Einlippen-Tiefbohrmaschine | Video<\/a>[\/unisig_icon_content][unisig_icon_content icon=&#8221;fas fa-video&#8221;]<a href=\"https:\/\/unisig.com\/de\/news-und-events\/technische-artikel\/une12-2-750-cr-merkmale\/\">UNE12-2-750-CR Merkmale| Video<\/a>[\/unisig_icon_content][unisig_icon_content icon=&#8221;fas fa-video&#8221;]<a href=\"https:\/\/unisig.com\/de\/news-und-events\/technische-artikel\/une-40-1500-ft\/\">UNE40-1500-FT ELB-Maschine mit universellem Werkst\u00fccktisch | Video<\/a>[\/unisig_icon_content][vc_row_inner][vc_column_inner][\/vc_column_inner][\/vc_row_inner][\/vc_column][\/vc_row][vc_row][vc_column][vc_separator][vc_column_text]<\/p>\n<h4>UNE-Maschinenempfehlungen:<\/h4>\n<p>[\/vc_column_text][\/vc_column][\/vc_row][vc_row][vc_column width=&#8221;1\/3&#8243;][vc_column_text]<\/p>\n<h5>Empfohlene Werkzeuge<\/h5>\n<p>[\/vc_column_text][vc_column_text css=&#8221;&#8221;]<\/p>\n<ul>\n<li><a href=\"https:\/\/unisig.com\/de\/produktetechnologie\/werkzeuge\/elb-werkzeugbzubehoer\/\">ELB Werkzeugzubeh\u00f6r<\/a><\/li>\n<\/ul>\n<p>[\/vc_column_text][\/vc_column][vc_column width=&#8221;1\/3&#8243;][vc_column_text]<\/p>\n<h5>Empfohlene Automatisierung<\/h5>\n<p>[\/vc_column_text][vc_column_text css=&#8221;&#8221;]<\/p>\n<ul>\n<li><a href=\"https:\/\/unisig.com\/de\/automatisierung\/flexible-automatisierung\/\">Roboterautomatisierung<\/a><\/li>\n<li><a href=\"https:\/\/unisig.com\/de\/automatisierung\/flexible-automatisierung\/\">Robotervorbereitung<\/a><\/li>\n<\/ul>\n<p>[\/vc_column_text][\/vc_column][vc_column width=&#8221;1\/3&#8243;][vc_column_text]<\/p>\n<h5>Empfohlenes Zubeh\u00f6r<\/h5>\n<p>[\/vc_column_text][vc_column_text css=&#8221;&#8221;]<\/p>\n<ul>\n<li><a href=\"https:\/\/unisig.com\/de\/maschinenzubehoer\/tiefbohroel\/\">Tiefbohr\u00f6l<\/a><\/li>\n<li><a href=\"https:\/\/unisig.com\/de\/produktetechnologie\/maschinenzubehoer\/elb-schleifmaschine\/\">ELB-Werkzeugschleifmaschine<\/a><\/li>\n<\/ul>\n<p>[\/vc_column_text][\/vc_column][\/vc_row][vc_row][vc_column][vc_separator][vc_btn title=&#8221;Mein Angebot anfordern&#8221; shape=&#8221;square&#8221; size=&#8221;sm&#8221; align=&#8221;left&#8221; link=&#8221;url:%2F%3Fpage_id%3D6519|||&#8221;][\/vc_column][\/vc_row]<\/p>\n<\/div>","protected":false},"excerpt":{"rendered":"<p>[vc_row][vc_column][\/vc_column][\/vc_row][vc_row][vc_column width=&#8221;3\/4&#8243;][vc_column_text] UNE-Serie Einlippen-Tiefbohrmaschinen [\/vc_column_text][\/vc_column][vc_column width=&#8221;1\/4&#8243;][vc_btn title=&#8221;Schnellanfrage&#8221; shape=&#8221;square&#8221; align=&#8221;right&#8221; css=&#8221;.vc_custom_1737747389644{padding-top: 14px !important;}&#8221; link=&#8221;url:https%3A%2F%2Funisig.com%2Fde%2Fschnellanfrageformular|title:Quick%20Machine%20Request%20DE&#8221; el_class=&#8221;popmake-7864&#8243;][\/vc_column][\/vc_row][vc_row][vc_column][vc_column_text]UNE ELB-Tiefbohrmaschinen stellen Leistung, m\u00fchelose Bedienung und Flexibilit\u00e4t in den Vordergrund und erm\u00f6glichen es Lohnfertigern und Produktionsherstellern, mehr Werkst\u00fccke mit h\u00f6herer Effizienz und Wiederholbarkeit zu bohren. Ausgelegt f\u00fcr Wendeschneidplatten-, Gel\u00f6tete- und Vollhartmetall-Einlippenbohrer und mit einem gro\u00dfen Bohrdurchmesserbereich k\u00f6nnen Kunden F\u00e4higkeiten wie nie<a href=\"https:\/\/unisig.com\/de\/alle-maschinen\/une-elb-tiefbohrmaschinen\/\" class=\"more-link\">Read More<\/a><\/p>\n","protected":false},"author":6,"featured_media":0,"parent":6562,"menu_order":1,"comment_status":"closed","ping_status":"closed","template":"page-templates\/template-2.php","meta":{"_acf_changed":false,"footnotes":""},"folder":[],"class_list":["post-6594","page","type-page","status-publish","hentry"],"acf":[],"_links":{"self":[{"href":"https:\/\/unisig.com\/de\/wp-json\/wp\/v2\/pages\/6594","targetHints":{"allow":["GET"]}}],"collection":[{"href":"https:\/\/unisig.com\/de\/wp-json\/wp\/v2\/pages"}],"about":[{"href":"https:\/\/unisig.com\/de\/wp-json\/wp\/v2\/types\/page"}],"author":[{"embeddable":true,"href":"https:\/\/unisig.com\/de\/wp-json\/wp\/v2\/users\/6"}],"replies":[{"embeddable":true,"href":"https:\/\/unisig.com\/de\/wp-json\/wp\/v2\/comments?post=6594"}],"version-history":[{"count":0,"href":"https:\/\/unisig.com\/de\/wp-json\/wp\/v2\/pages\/6594\/revisions"}],"up":[{"embeddable":true,"href":"https:\/\/unisig.com\/de\/wp-json\/wp\/v2\/pages\/6562"}],"wp:attachment":[{"href":"https:\/\/unisig.com\/de\/wp-json\/wp\/v2\/media?parent=6594"}],"wp:term":[{"taxonomy":"folder","embeddable":true,"href":"https:\/\/unisig.com\/de\/wp-json\/wp\/v2\/folder?post=6594"}],"curies":[{"name":"wp","href":"https:\/\/api.w.org\/{rel}","templated":true}]}}