{"id":6601,"date":"2020-06-15T10:54:31","date_gmt":"2020-06-15T15:54:31","guid":{"rendered":"https:\/\/stagingxx.unisig.com\/finden-sie-eine-maschine\/nach-prozesstyp\/gun-drilling\/"},"modified":"2025-01-15T09:54:40","modified_gmt":"2025-01-15T15:54:40","slug":"einlippentiefbohren","status":"publish","type":"page","link":"https:\/\/unisig.com\/de\/informationen-ressourcen\/tiefbohrverfahren\/einlippenbohren\/","title":{"rendered":"Einlippentiefbohren"},"content":{"rendered":"<div class=\"wpb-content-wrapper\"><p>[vc_row][vc_column][vc_column_text]<\/p>\n<h1>Einlippentiefbohren<\/h1>\n<p>[\/vc_column_text][vc_column_text]Maschinen mit dem Einlippen-Tiefbohrverfahren (ELB) sind in der Lage, Pr\u00e4zisionsbohrungen von 1 &#8211; 50 mm Durchmesser zu [0 .04 -2.00 in] herzustellen, und k\u00f6nnen Genauigkeit in extremen Tiefen-zu-Durchmesser-Verh\u00e4ltnissen beibehalten. Einlippenbohren arbeitet mit innerer K\u00fchlmittelzufuhr, die Sp\u00e4ne werden durch eine Nut au\u00dfen am Werkzeug abgeleitet um einen sauberen und genauen Bohrproze\u00df zu gew\u00e4hrleisten.[\/vc_column_text][vc_separator][vc_column_text]<\/p>\n<h2>Maschinen f\u00fcr das Einlippentiefbohren<\/h2>\n<p>[\/vc_column_text][\/vc_column][\/vc_row][vc_row][vc_column width=&#8221;1\/3&#8243;][vc_single_image image=&#8221;207805&#8243; img_size=&#8221;full&#8221; onclick=&#8221;custom_link&#8221; css=&#8221;&#8221; link=&#8221;\/?page_id=6379&#8243;][vc_column_text]<\/p>\n<h4><a href=\"https:\/\/unisig.com\/de\/alle-maschinen\/une6-medizinisches-tiefbohren\/\">UNE6-Serie<\/a><\/h4>\n<p>[\/vc_column_text][vc_column_text]Hochgeschwindigkeitsspindeln und extreme Genauigkeitsfunktionen erm\u00f6glichen es den UNE6-Maschinen, die f\u00fcr hochpr\u00e4zise medizinische Anwendungen wie Knochenschrauben und chirurgische Instrumente erforderlichen Toleranzen zu erreichen.<\/p>\n<h5>Entwickelt f\u00fcr:<\/h5>\n<ul>\n<li>ELB<\/li>\n<li>Durchmesser bis 6,0 mm [0 .24 in]<\/li>\n<li>Zylindrische Werkst\u00fccke<\/li>\n<\/ul>\n<p>[\/vc_column_text][\/vc_column][vc_column width=&#8221;1\/3&#8243;][vc_single_image image=&#8221;207808&#8243; img_size=&#8221;full&#8221; onclick=&#8221;custom_link&#8221; css=&#8221;&#8221; link=&#8221;\/?page_id=6594&#8243;][vc_column_text]<\/p>\n<h4><a href=\"https:\/\/unisig.com\/de\/alle-maschinen\/une-elb-tiefbohrmaschinen\/\">UNE-Serie<\/a><\/h4>\n<p>[\/vc_column_text][vc_column_text]UNE-Einlippentiefbohrmaschinen haben eine kompakte Stellfl\u00e4che, schnelle Lieferzeiten und sind ideale, kosteng\u00fcnstige L\u00f6sungen f\u00fcr Lohnfertiger, die ihre Bearbeitungsm\u00f6glichkeiten mit dem Tiefbohren erweitern m\u00f6chten.<\/p>\n<h5>Entwickelt f\u00fcr:<\/h5>\n<ul>\n<li>ELB<\/li>\n<li>Durchmesser bis 40 mm [1 .60 in]<\/li>\n<li>Zylindrische Werkst\u00fccke<\/li>\n<\/ul>\n<p>[\/vc_column_text][\/vc_column][vc_column width=&#8221;1\/3&#8243;][vc_single_image image=&#8221;207822&#8243; img_size=&#8221;full&#8221; onclick=&#8221;custom_link&#8221; css=&#8221;&#8221; link=&#8221;\/?page_id=6673&#8243;][vc_column_text]<\/p>\n<h4><a href=\"https:\/\/unisig.com\/de\/alle-maschinen\/uni-serie-tiefbohrmaschinen\/\">UNI-Serie<\/a><\/h4>\n<p>[\/vc_column_text][vc_column_text]UNI-Maschinen sind ideal f\u00fcr Tiefbohrungen in hochproduktiven Umgebungen. Diese Maschinen sind modular konfiguriert, verf\u00fcgen oft \u00fcber Automatisierung um h\u00f6chste Effizienz und Genauigkeit zu erreichen.<\/p>\n<h5>Entwickelt f\u00fcr:<\/h5>\n<ul>\n<li>ELB und\/oder BTA<\/li>\n<li>Durchmesser bis 50 mm [2 .00 in]<\/li>\n<li>Zylindrische Werkst\u00fccke<\/li>\n<\/ul>\n<p>[\/vc_column_text][\/vc_column][\/vc_row][vc_row][vc_column width=&#8221;1\/3&#8243;][vc_single_image image=&#8221;207937&#8243; img_size=&#8221;full&#8221; onclick=&#8221;custom_link&#8221; css=&#8221;&#8221; link=&#8221;\/?page_id=6666&#8243;][vc_column_text]<\/p>\n<h4><a href=\"https:\/\/unisig.com\/de\/alle-maschinen\/usk-kreuztischmaschinen\/\">USK-Serie<\/a><\/h4>\n<p>[\/vc_column_text][vc_column_text]Die Kreuztischmaschinen der USK SERIE sind f\u00fcr die Bearbeitung einer Vielzahl von Werkst\u00fccken mit einem gro\u00dfen Durchmesser- und Bohrtiefenbereich konzipiert und bieten eine Reihe von Optionen, um Toleranz- oder Produktionsziele zu erreichen.<\/p>\n<h5>Entwickelt f\u00fcr:<\/h5>\n<ul>\n<li>ELB<\/li>\n<li>Durchmesser bis 75 mm [3 .00 in]<\/li>\n<li>Zylindrische oder kubische Werkst\u00fccke<\/li>\n<\/ul>\n<p>[\/vc_column_text][\/vc_column][vc_column width=&#8221;1\/3&#8243;][vc_single_image image=&#8221;207817&#8243; img_size=&#8221;full&#8221; onclick=&#8221;custom_link&#8221; css=&#8221;&#8221; link=&#8221;\/?page_id=6657&#8243;][vc_column_text]<\/p>\n<h4><a href=\"https:\/\/unisig.com\/de\/alle-maschinen\/usc-maschinen-fuer-grossteile\/\">USC-Serie<\/a><\/h4>\n<p>[\/vc_column_text][vc_column_text]Die Fahrst\u00e4ndermaschinen der USC-Serie erlauben die Bearbeitung gr\u00f6\u00dferer und schwererer Werkst\u00fccke mit Robustheit und Genauigkeit<\/p>\n<h5>Entwickelt f\u00fcr:<\/h5>\n<ul>\n<li>BTA<\/li>\n<li>Durchmesser bis 102 mm [4 .00 in]<\/li>\n<li>Gro\u00dfvolumige Werkst\u00fccke<\/li>\n<\/ul>\n<p>[\/vc_column_text][\/vc_column][vc_column width=&#8221;1\/3&#8243;][vc_single_image image=&#8221;207811&#8243; img_size=&#8221;full&#8221; onclick=&#8221;custom_link&#8221; css=&#8221;&#8221; link=&#8221;\/?page_id=6366&#8243;][vc_column_text]<\/p>\n<h4><a href=\"https:\/\/unisig.com\/de\/alle-maschinen\/tiefbohr-und-fraeszentren\/\">USC-M-Serie<\/a><\/h4>\n<p>[\/vc_column_text][vc_column_text]Die Maschinen der USC-M-Serie kombinieren Tiefbohren und Fr\u00e4sen in einer einzigen Maschine, was zu erheblichen Verbesserungen der Leistungsf\u00e4higkeit und des Durchsatzes f\u00fchrt.<\/p>\n<h5>Entwickelt f\u00fcr:<\/h5>\n<ul>\n<li>ELB und BTA<\/li>\n<li>Durchmesser bis 50 mm [2 .00 in]<\/li>\n<li>Gro\u00dfvolumige Werkst\u00fccke<\/li>\n<li>Anwendungen im Formenbau<\/li>\n<\/ul>\n<p>[\/vc_column_text][\/vc_column][\/vc_row][vc_row][vc_column width=&#8221;1\/3&#8243;][vc_single_image image=&#8221;207944&#8243; img_size=&#8221;full&#8221; onclick=&#8221;custom_link&#8221; css=&#8221;&#8221; link=&#8221;https:\/\/unisig.com\/de\/alle-maschinen\/unx-serie\/&#8221;][vc_column_text]<\/p>\n<h4><a href=\"https:\/\/unisig.com\/de\/alle-maschinen\/unx-serie\/\">UNX-Serie<\/a><\/h4>\n<p>[\/vc_column_text][vc_column_text]Die UNX-Serie wurde entwickelt, um den Herausforderungen von exzentrischen Bohrungen mit extremen Tiefen-zu-Durchmesser-Verh\u00e4ltnissen gerecht zu werden.<\/p>\n<h5>Entwickelt f\u00fcr:<\/h5>\n<ul>\n<li>ELB und BTA<\/li>\n<li>Durchmesser bis 50 mm [2 .00 in]<\/li>\n<li>Bohrtiefen bis 3.000 mm [118 in]<\/li>\n<li>Werkst\u00fcckl\u00e4nge bis 10.000 mm [32 .8 ft]<\/li>\n<\/ul>\n<p>[\/vc_column_text][\/vc_column][\/vc_row][vc_row][vc_column][vc_separator][vc_column_text]<\/p>\n<h5>Einlippenbohren, weitere Informationen<\/h5>\n<p>[\/vc_column_text][unisig_icon_content icon=&#8221;fa fa-file-text-o&#8221;]<a href=\"https:\/\/unisig.com\/news-and-events\/technical-articles\/gundrilling-for-better-results\" target=\"_blank\" rel=\"noopener noreferrer\">Einlippenbohren f\u00fcr bessere Ergebnisse | Artikel<\/a>[\/unisig_icon_content][\/vc_column][\/vc_row][vc_row][vc_column][vc_cta h2=&#8221;Anwendung einsenden&#8221; h2_font_container=&#8221;color:%23005288&#8243; h2_google_fonts=&#8221;font_family:Open%20Sans%3A300%2C300italic%2Cregular%2Citalic%2C600%2C600italic%2C700%2C700italic%2C800%2C800italic|font_style:400%20regular%3A400%3Anormal&#8221; shape=&#8221;square&#8221; style=&#8221;custom&#8221; add_button=&#8221;bottom&#8221; btn_title=&#8221;Anwendung einsenden&#8221; btn_shape=&#8221;square&#8221; css=&#8221;.vc_custom_1604498462004{border-top-width: 0px !important;border-right-width: 0px !important;border-bottom-width: 0px !important;border-left-width: 0px !important;}&#8221; use_custom_fonts_h2=&#8221;true&#8221; custom_background=&#8221;#e3e3e3&#8243; custom_text=&#8221;#151515&#8243; btn_link=&#8221;url:%2F%3Fpage_id%3D6519|||&#8221;]Senden Sie Ihre Anwendung f\u00fcr ein ElB-Maschinenangebot.[\/vc_cta][\/vc_column][\/vc_row]<\/p>\n<\/div>","protected":false},"excerpt":{"rendered":"<p>[vc_row][vc_column][vc_column_text] Einlippentiefbohren [\/vc_column_text][vc_column_text]Maschinen mit dem Einlippen-Tiefbohrverfahren (ELB) sind in der Lage, Pr\u00e4zisionsbohrungen von 1 &#8211; 50 mm Durchmesser zu [0 .04 -2.00 in] herzustellen, und k\u00f6nnen Genauigkeit in extremen Tiefen-zu-Durchmesser-Verh\u00e4ltnissen beibehalten. Einlippenbohren arbeitet mit innerer K\u00fchlmittelzufuhr, die Sp\u00e4ne werden durch eine Nut au\u00dfen am Werkzeug abgeleitet um einen sauberen und genauen Bohrproze\u00df zu gew\u00e4hrleisten.[\/vc_column_text][vc_separator][vc_column_text] Maschinen<a href=\"https:\/\/unisig.com\/de\/informationen-ressourcen\/tiefbohrverfahren\/einlippenbohren\/\" class=\"more-link\">Read More<\/a><\/p>\n","protected":false},"author":3,"featured_media":0,"parent":6587,"menu_order":0,"comment_status":"closed","ping_status":"closed","template":"page-templates\/template-2.php","meta":{"_acf_changed":false,"footnotes":""},"folder":[],"class_list":["post-6601","page","type-page","status-publish","hentry"],"acf":[],"_links":{"self":[{"href":"https:\/\/unisig.com\/de\/wp-json\/wp\/v2\/pages\/6601","targetHints":{"allow":["GET"]}}],"collection":[{"href":"https:\/\/unisig.com\/de\/wp-json\/wp\/v2\/pages"}],"about":[{"href":"https:\/\/unisig.com\/de\/wp-json\/wp\/v2\/types\/page"}],"author":[{"embeddable":true,"href":"https:\/\/unisig.com\/de\/wp-json\/wp\/v2\/users\/3"}],"replies":[{"embeddable":true,"href":"https:\/\/unisig.com\/de\/wp-json\/wp\/v2\/comments?post=6601"}],"version-history":[{"count":0,"href":"https:\/\/unisig.com\/de\/wp-json\/wp\/v2\/pages\/6601\/revisions"}],"up":[{"embeddable":true,"href":"https:\/\/unisig.com\/de\/wp-json\/wp\/v2\/pages\/6587"}],"wp:attachment":[{"href":"https:\/\/unisig.com\/de\/wp-json\/wp\/v2\/media?parent=6601"}],"wp:term":[{"taxonomy":"folder","embeddable":true,"href":"https:\/\/unisig.com\/de\/wp-json\/wp\/v2\/folder?post=6601"}],"curies":[{"name":"wp","href":"https:\/\/api.w.org\/{rel}","templated":true}]}}