{"id":6604,"date":"2020-06-15T10:54:32","date_gmt":"2020-06-15T15:54:32","guid":{"rendered":"https:\/\/stagingxx.unisig.com\/finden-sie-eine-maschine\/nach-industrie\/automotive\/"},"modified":"2025-01-24T14:48:26","modified_gmt":"2025-01-24T20:48:26","slug":"automobilindustrie","status":"publish","type":"page","link":"https:\/\/unisig.com\/de\/branchen\/automobilindustrie\/","title":{"rendered":"Automobilindustrie"},"content":{"rendered":"<div class=\"wpb-content-wrapper\"><p>[vc_row][vc_column][vc_column_text]<\/p>\n<h1>Automobilindustrie<\/h1>\n<p>[\/vc_column_text][vc_column_text]Tiefbohrmaschinen f\u00fcr gro\u00dfe Produktionsvolumen werden von branchenf\u00fchrenden Automobilherstellern eingesetzt, um die Anforderungen an Produktion und Genauigkeit zu erf\u00fcllen. Tiefbohrsysteme werden mit der f\u00fcr eine kontinuierliche Produktion erforderlichen Zuverl\u00e4ssigkeit konstruiert und oft mit Automatisierungsl\u00f6sungen f\u00fcr eine effiziente Fertigung kombiniert.<\/p>\n<p>UNISIG bietet einen integrierten Ansatz f\u00fcr Tiefbohrbearbeitungszellen, mit Mehrspindeltiefbohrmaschinen und <a href=\"https:\/\/unisig.com\/de\/automatisierung\/\">Automatisierungsl\u00f6sungen<\/a> wie flexiblen Ladesystemen und Robotik, sowie die Erfahrung dies zu einer hochproduktiven L\u00f6sung zusammenzuf\u00fchren.[\/vc_column_text][vc_separator][vc_column_text]<\/p>\n<h2>Maschinen f\u00fcr die Automobilindustrie finden<\/h2>\n<p>[\/vc_column_text][\/vc_column][\/vc_row][vc_row][vc_column width=&#8221;1\/3&#8243;][vc_single_image image=&#8221;1696&#8243; img_size=&#8221;full&#8221; onclick=&#8221;custom_link&#8221; link=&#8221;\/?page_id=6594&#8243;][vc_column_text]<\/p>\n<h4><a href=\"https:\/\/unisig.com\/de\/alle-maschinen\/une-elb-tiefbohrmaschinen\/\">UNE-Serie<\/a><\/h4>\n<p>[\/vc_column_text][vc_column_text]Kompakte UNE Maschinen sind ideal f\u00fcr das Tiefbohren f\u00fcr Produkte mit niedrigen und mittleren Produktionsvolumen bei zentrischer Bearbeitung. UNE-Maschinen erg\u00e4nzen h\u00e4ufig Arbeitsschritte von CNC-Maschinenzellen.<\/p>\n<h5>Entwickelt f\u00fcr:<\/h5>\n<ul>\n<li>ELB<\/li>\n<li>Durchmesser bis 40 mm [1 .60 in]<\/li>\n<li>Zylindrische Werkst\u00fccke<\/li>\n<\/ul>\n<p>[\/vc_column_text][\/vc_column][vc_column width=&#8221;1\/3&#8243;][vc_single_image image=&#8221;1695&#8243; img_size=&#8221;full&#8221; onclick=&#8221;custom_link&#8221; css=&#8221;&#8221; link=&#8221;https:\/\/unisig.com\/de\/alle-maschinen\/uni-serie-tiefbohrmaschinen\/&#8221;][vc_column_text]<\/p>\n<h4><a href=\"https:\/\/unisig.com\/de\/alle-maschinen\/uni-serie-tiefbohrmaschinen\/\">UNI-Serie<\/a><\/h4>\n<p>[\/vc_column_text][vc_column_text]UNI Hochleistungs-BTA- oder ELB-Tiefbohrmaschinen mit modularer Bauweise sind ideal f\u00fcr Komponenten wie Lenkstangen, Getriebewellen, Common-Rail Einspritzkomponenten und Kurbelwellen. UNI-Maschinen werden oft mehrspindlig und mit Automatisierung gebaut, um den Anforderungen von Automobilherstellern an hohe Produktion und Genauigkeit gerecht zu werden. Sie k\u00f6nnen auch die schnelle Umr\u00fcstung von BTA- auf ELB-Werkzeuge beinhalten um den Bohrbereich auf einer einzigen Maschine zu erh\u00f6hen.<\/p>\n<h5>Entwickelt f\u00fcr:<\/h5>\n<ul>\n<li>ELB und\/oder BTA<\/li>\n<li>Durchmesser bis 50 mm [2 .00 in]<\/li>\n<li>Zylindrische Werkst\u00fccke<\/li>\n<\/ul>\n<p>[\/vc_column_text][\/vc_column][\/vc_row][vc_row][vc_column][vc_cta h2=&#8221;Anwendung einsenden&#8221; h2_font_container=&#8221;color:%23005288&#8243; h2_google_fonts=&#8221;font_family:Open%20Sans%3A300%2C300italic%2Cregular%2Citalic%2C600%2C600italic%2C700%2C700italic%2C800%2C800italic|font_style:400%20regular%3A400%3Anormal&#8221; shape=&#8221;square&#8221; style=&#8221;custom&#8221; add_button=&#8221;bottom&#8221; btn_title=&#8221;Anfrage einsenden&#8221; btn_shape=&#8221;square&#8221; css=&#8221;.vc_custom_1606905669885{border-top-width: 0px !important;border-right-width: 0px !important;border-bottom-width: 0px !important;border-left-width: 0px !important;}&#8221; use_custom_fonts_h2=&#8221;true&#8221; custom_background=&#8221;#e3e3e3&#8243; custom_text=&#8221;#151515&#8243; btn_link=&#8221;url:%2F%3Fpage_id%3D6519|||&#8221;]Senden Sie uns Ihre Anwendung f\u00fcr ein Angebot \u00fcber eine Tiefbohrmaschine f\u00fcr Automotive-Komponenten.[\/vc_cta][\/vc_column][\/vc_row]<\/p>\n<\/div>","protected":false},"excerpt":{"rendered":"<p>[vc_row][vc_column][vc_column_text] Automobilindustrie [\/vc_column_text][vc_column_text]Tiefbohrmaschinen f\u00fcr gro\u00dfe Produktionsvolumen werden von branchenf\u00fchrenden Automobilherstellern eingesetzt, um die Anforderungen an Produktion und Genauigkeit zu erf\u00fcllen. Tiefbohrsysteme werden mit der f\u00fcr eine kontinuierliche Produktion erforderlichen Zuverl\u00e4ssigkeit konstruiert und oft mit Automatisierungsl\u00f6sungen f\u00fcr eine effiziente Fertigung kombiniert. UNISIG bietet einen integrierten Ansatz f\u00fcr Tiefbohrbearbeitungszellen, mit Mehrspindeltiefbohrmaschinen und Automatisierungsl\u00f6sungen wie flexiblen Ladesystemen und<a href=\"https:\/\/unisig.com\/de\/branchen\/automobilindustrie\/\" class=\"more-link\">Read More<\/a><\/p>\n","protected":false},"author":3,"featured_media":0,"parent":0,"menu_order":0,"comment_status":"closed","ping_status":"closed","template":"page-templates\/template-2.php","meta":{"_acf_changed":false,"footnotes":""},"folder":[],"class_list":["post-6604","page","type-page","status-publish","hentry"],"acf":[],"_links":{"self":[{"href":"https:\/\/unisig.com\/de\/wp-json\/wp\/v2\/pages\/6604","targetHints":{"allow":["GET"]}}],"collection":[{"href":"https:\/\/unisig.com\/de\/wp-json\/wp\/v2\/pages"}],"about":[{"href":"https:\/\/unisig.com\/de\/wp-json\/wp\/v2\/types\/page"}],"author":[{"embeddable":true,"href":"https:\/\/unisig.com\/de\/wp-json\/wp\/v2\/users\/3"}],"replies":[{"embeddable":true,"href":"https:\/\/unisig.com\/de\/wp-json\/wp\/v2\/comments?post=6604"}],"version-history":[{"count":0,"href":"https:\/\/unisig.com\/de\/wp-json\/wp\/v2\/pages\/6604\/revisions"}],"wp:attachment":[{"href":"https:\/\/unisig.com\/de\/wp-json\/wp\/v2\/media?parent=6604"}],"wp:term":[{"taxonomy":"folder","embeddable":true,"href":"https:\/\/unisig.com\/de\/wp-json\/wp\/v2\/folder?post=6604"}],"curies":[{"name":"wp","href":"https:\/\/api.w.org\/{rel}","templated":true}]}}