{"id":6605,"date":"2020-06-15T10:54:32","date_gmt":"2020-06-15T15:54:32","guid":{"rendered":"https:\/\/stagingxx.unisig.com\/finden-sie-eine-maschine\/nach-industrie\/energie\/"},"modified":"2021-11-19T09:24:04","modified_gmt":"2021-11-19T15:24:04","slug":"energieerzeugung","status":"publish","type":"page","link":"https:\/\/unisig.com\/de\/branchen\/energieerzeugung\/","title":{"rendered":"Energieerzeugung"},"content":{"rendered":"<div class=\"wpb-content-wrapper\"><p>[vc_row][vc_column][vc_column_text]<\/p>\n<h1>Energieerzeugung<\/h1>\n<p>[\/vc_column_text][vc_column_text]<\/p>\n<p>Energiekomponenten wie W\u00e4rmetauscherrohrb\u00f6den und gro\u00dfe Turbinenwellen werden auf UNISIG-Tiefbohrmaschinen gebohrt um die Anforderungen an Genauigkeit und Effizienz zu erf\u00fcllen.<\/p>\n<p>Mehrspindel-S\u00e4ulenmaschinen mit BTA-Bohrm\u00f6glichkeiten erm\u00f6glichen es in der Fertigung, Tausende von Bohrungen schnell und pr\u00e4zise zu bearbeiten, um W\u00e4rmetauscherrohrb\u00f6den wettbewerbsf\u00e4hig herzustellen. Mehrzweck-Bohr- und Auskammermaschinen erm\u00f6glichen die Herstellung von Generatorwellen mit h\u00f6herer Zuverl\u00e4ssigkeit und weniger R\u00fcstvorg\u00e4ngen.<\/p>\n<p>[\/vc_column_text][vc_separator][vc_column_text]<\/p>\n<h2>Maschinen f\u00fcr die Energieerzeugung finden<\/h2>\n<p>[\/vc_column_text][\/vc_column][\/vc_row][vc_row][vc_column width=&#8221;1\/3&#8243;][vc_single_image image=&#8221;1689&#8243; img_size=&#8221;full&#8221; onclick=&#8221;custom_link&#8221; link=&#8221;\/?page_id=6662&#8243;][vc_column_text]<\/p>\n<h4><a href=\"https:\/\/unisig.com\/de\/alle-maschinen\/usc-ts-rohrbodenmaschinen\/\">USC-TS-Serie<\/a><\/h4>\n<p>[\/vc_column_text][vc_column_text]Diese Maschinen in Fahrst\u00e4nderbauweise sind speziell f\u00fcr die Fertigugnsanforderungen der Hersteller von W\u00e4rmetauscherrohrb\u00f6den konzipiert. Mit einem starren Aufbau, mehreren Bohrspindeln und Verfahrwegen, die f\u00fcr die Handhabung gro\u00dfer Werkst\u00fccken ausgelegt sind.<\/p>\n<h5>Entwickelt f\u00fcr:<\/h5>\n<ul>\n<li>Mehrspindlig BTA<\/li>\n<li>Bohrdurchmesser bis 65 mm [2 .60 in]<\/li>\n<li>Bohrtiefen bis 1.000 mm [40 .0 in]<\/li>\n<li>Energieerzeugung<\/li>\n<\/ul>\n<p>[\/vc_column_text][\/vc_column][vc_column width=&#8221;1\/3&#8243;][vc_single_image image=&#8221;1691&#8243; img_size=&#8221;full&#8221; onclick=&#8221;custom_link&#8221; link=&#8221;\/?page_id=6425&#8243;][vc_column_text]<\/p>\n<h4><a href=\"https:\/\/unisig.com\/de\/alle-maschinen\/b-serie-bis-800mm\/\">B-Serie bis 800 mm Umlauf<\/a><\/h4>\n<p>[\/vc_column_text][vc_column_text]Zentrische BTA-Tiefbohrmaschinen bearbeiten gro\u00dfe Turbinenwellen und sind auch f\u00fcr sekund\u00e4re Bearbeitungen wie das Auskammern geeignet.<\/p>\n<h5>Entwickelt f\u00fcr:<\/h5>\n<ul>\n<li>BTA<\/li>\n<li>Durchmesser bis 300 mm [12 .0 in]<\/li>\n<li>Bohrtiefen bis 10 m [32 .0 ft und mehr]<\/li>\n<li>Zylindrische Werkst\u00fccke<\/li>\n<\/ul>\n<p>[\/vc_column_text][\/vc_column][vc_column width=&#8221;1\/3&#8243;][vc_single_image image=&#8221;1690&#8243; img_size=&#8221;full&#8221; onclick=&#8221;custom_link&#8221; link=&#8221;\/?page_id=6675&#8243;][vc_column_text]<\/p>\n<h4><a href=\"https:\/\/unisig.com\/de\/alle-maschinen\/b-serie-ueber-800\/\">B-Serie \u00fcber 800 mm Umlauf<\/a><\/h4>\n<p>[\/vc_column_text][vc_column_text]F\u00fcr l\u00e4ngere Werkst\u00fccke mit gr\u00f6\u00dferen Flanschen sowie f\u00fcr Bohrungen gr\u00f6\u00dferer Durchmesser in Turbinenwellen sind diese Maschinen perfekt geeignet.<\/p>\n<h5>Entwickelt f\u00fcr:<\/h5>\n<ul>\n<li>BTA<\/li>\n<li>Durchmesser bis 630 mm [25 .0 in]<\/li>\n<li>Bohrtiefen bis 20.000 mm [65 .5 ft]<\/li>\n<li>Zylindrische Werkst\u00fccke<\/li>\n<\/ul>\n<p>[\/vc_column_text][\/vc_column][\/vc_row][vc_row][vc_column width=&#8221;1\/3&#8243;][vc_single_image image=&#8221;1693&#8243; img_size=&#8221;full&#8221; onclick=&#8221;custom_link&#8221; link=&#8221;\/?page_id=6657&#8243;][vc_column_text]<\/p>\n<h4><a href=\"https:\/\/unisig.com\/de\/alle-maschinen\/usc-maschinen-fuer-grossteile\/\">USC-Serie<\/a><\/h4>\n<p>[\/vc_column_text][vc_column_text]USC-Fahrst\u00e4ndermaschinen k\u00f6nnen gr\u00f6\u00dfte kubische Werkst\u00fccke bearbeiten wie sie zum Beispiel in der Fertigung von Pumpenbl\u00f6cke vorkommen und nutzen das effektive BTA-Bohrverfahren f\u00fcr eine optimale Produktion.<\/p>\n<h5>Entwickelt f\u00fcr:<\/h5>\n<ul>\n<li>BTA<\/li>\n<li>Durchmesser bis 102 mm [4 .00 in]<\/li>\n<li>Gro\u00dfvolumige Werkst\u00fccke<\/li>\n<\/ul>\n<p>[\/vc_column_text][\/vc_column][\/vc_row][vc_row][vc_column][vc_separator][vc_column_text]<\/p>\n<h5>Weitere Informationen zur Energieerzeugung<\/h5>\n<p>[\/vc_column_text][unisig_icon_content icon=&#8221;fa fa-video-camera&#8221;]<a href=\"https:\/\/vimeo.com\/121155510\" target=\"_blank\" rel=\"noopener noreferrer\">USC-TS Maschinenvorf\u00fchrung | Video<\/a>[\/unisig_icon_content][\/vc_column][\/vc_row][vc_row][vc_column][vc_cta h2=&#8221;Ihre Anfrage senden&#8221; h2_font_container=&#8221;color:%23005288&#8243; h2_google_fonts=&#8221;font_family:Open%20Sans%3A300%2C300italic%2Cregular%2Citalic%2C600%2C600italic%2C700%2C700italic%2C800%2C800italic|font_style:400%20regular%3A400%3Anormal&#8221; shape=&#8221;square&#8221; style=&#8221;custom&#8221; add_button=&#8221;bottom&#8221; btn_title=&#8221;Anwendung einsenden&#8221; btn_shape=&#8221;square&#8221; use_custom_fonts_h2=&#8221;true&#8221; custom_background=&#8221;#e3e3e3&#8243; custom_text=&#8221;#151515&#8243; css=&#8221;.vc_custom_1606925962510{border-top-width: 0px !important;border-right-width: 0px !important;border-bottom-width: 0px !important;border-left-width: 0px !important;}&#8221; btn_link=&#8221;url:%2F%3Fpage_id%3D6519|||&#8221;]Senden Sie uns eine Anfrage f\u00fcr ein Angebot f\u00fcr eine Tiefbohrmaschine f\u00fcr die Energieerzeugung.[\/vc_cta][\/vc_column][\/vc_row]<\/p>\n<\/div>","protected":false},"excerpt":{"rendered":"<p>[vc_row][vc_column][vc_column_text] Energieerzeugung [\/vc_column_text][vc_column_text] Energiekomponenten wie W\u00e4rmetauscherrohrb\u00f6den und gro\u00dfe Turbinenwellen werden auf UNISIG-Tiefbohrmaschinen gebohrt um die Anforderungen an Genauigkeit und Effizienz zu erf\u00fcllen. Mehrspindel-S\u00e4ulenmaschinen mit BTA-Bohrm\u00f6glichkeiten erm\u00f6glichen es in der Fertigung, Tausende von Bohrungen schnell und pr\u00e4zise zu bearbeiten, um W\u00e4rmetauscherrohrb\u00f6den wettbewerbsf\u00e4hig herzustellen. Mehrzweck-Bohr- und Auskammermaschinen erm\u00f6glichen die Herstellung von Generatorwellen mit h\u00f6herer Zuverl\u00e4ssigkeit und weniger<a href=\"https:\/\/unisig.com\/de\/branchen\/energieerzeugung\/\" class=\"more-link\">Read More<\/a><\/p>\n","protected":false},"author":3,"featured_media":0,"parent":6586,"menu_order":0,"comment_status":"closed","ping_status":"closed","template":"page-templates\/template-2.php","meta":{"_acf_changed":false,"footnotes":""},"folder":[],"class_list":["post-6605","page","type-page","status-publish","hentry"],"acf":[],"_links":{"self":[{"href":"https:\/\/unisig.com\/de\/wp-json\/wp\/v2\/pages\/6605","targetHints":{"allow":["GET"]}}],"collection":[{"href":"https:\/\/unisig.com\/de\/wp-json\/wp\/v2\/pages"}],"about":[{"href":"https:\/\/unisig.com\/de\/wp-json\/wp\/v2\/types\/page"}],"author":[{"embeddable":true,"href":"https:\/\/unisig.com\/de\/wp-json\/wp\/v2\/users\/3"}],"replies":[{"embeddable":true,"href":"https:\/\/unisig.com\/de\/wp-json\/wp\/v2\/comments?post=6605"}],"version-history":[{"count":0,"href":"https:\/\/unisig.com\/de\/wp-json\/wp\/v2\/pages\/6605\/revisions"}],"up":[{"embeddable":true,"href":"https:\/\/unisig.com\/de\/wp-json\/wp\/v2\/pages\/6586"}],"wp:attachment":[{"href":"https:\/\/unisig.com\/de\/wp-json\/wp\/v2\/media?parent=6605"}],"wp:term":[{"taxonomy":"folder","embeddable":true,"href":"https:\/\/unisig.com\/de\/wp-json\/wp\/v2\/folder?post=6605"}],"curies":[{"name":"wp","href":"https:\/\/api.w.org\/{rel}","templated":true}]}}