{"id":6609,"date":"2020-06-15T10:54:33","date_gmt":"2020-06-15T15:54:33","guid":{"rendered":"https:\/\/stagingxx.unisig.com\/finden-sie-eine-maschine\/nach-industrie\/medizinisch\/"},"modified":"2022-03-29T10:47:27","modified_gmt":"2022-03-29T15:47:27","slug":"medizintechnik","status":"publish","type":"page","link":"https:\/\/unisig.com\/de\/branchen\/medizintechnik-old\/","title":{"rendered":"Medizintechnik (Old)"},"content":{"rendered":"<div class=\"wpb-content-wrapper\"><p>[vc_row][vc_column][vc_column_text]<\/p>\n<h1>Medizintechnik<\/h1>\n<p>[\/vc_column_text][vc_column_text]Medizinische Komponenten erfordern die pr\u00e4zise Bearbeitung von Tiefbohrungen kleinster Durchmesser in hochfestes Titan oder chirurgischen Edelstahl. Kleine Durchmesser, d\u00fcnne Wandst\u00e4rken und strenge Toleranzen k\u00f6nnen Herausforderungen f\u00fcr die Herstellung von Werkst\u00fccken wie Knochenschrauben und Knochenbohrern darstellen. Die UNE6-Maschinen von UNISIG sind das Ergebnis der Erfahrung im Umgang mit diesen Anwendungen und erm\u00f6glichen es Herstellern medizinischer Werkzeuge, auf einem h\u00f6heren Niveau zu konkurrieren.[\/vc_column_text][vc_separator][vc_column_text]<\/p>\n<h2>Maschinen f\u00fcr medizinische Anwendungen finden<\/h2>\n<p>[\/vc_column_text][\/vc_column][\/vc_row][vc_row][vc_column width=&#8221;1\/3&#8243;][vc_single_image image=&#8221;5845&#8243; img_size=&#8221;full&#8221; onclick=&#8221;custom_link&#8221; link=&#8221;\/?page_id=6379&#8243;][vc_column_text]<\/p>\n<h4><a href=\"https:\/\/unisig.com\/de\/alle-maschinen\/une6-medizinisches-tiefbohren\/\">UNE6 Maschinen<\/a><\/h4>\n<p>[\/vc_column_text][vc_column_text]Hochgeschwindigkeitsspindeln und extreme Genauigkeit erm\u00f6glichen es UNE6-Maschinen, die Toleranzen zu erreichen, die f\u00fcr hochpr\u00e4zise medizinische Anwendungen wie Knochenschrauben und chirurgische Instrumente erforderlich sind.<\/p>\n<h5>Entwickelt f\u00fcr:<\/h5>\n<ul>\n<li><a href=\"https:\/\/unisig.com\/de\/informationen-ressourcen\/was-ist-tiefbohren\/elb-bohren\/\">Einlippenbohren<\/a><\/li>\n<li>Durchmesser bis 6 mm [0 .24 in]<\/li>\n<li>Bohrtiefen bis 250 mm [10 .0 in]<\/li>\n<li>Medizintechnik<\/li>\n<\/ul>\n<p>[\/vc_column_text][\/vc_column][\/vc_row][vc_row][vc_column][vc_separator][vc_column_text]<\/p>\n<h5>Weiterf\u00fchrende Informationen zum Bohren medizinischer Komponenten<\/h5>\n<p>[\/vc_column_text][unisig_icon_content icon=&#8221;fa fa-cogs&#8221;]<a href=\"https:\/\/unisig.com\/news-and-events\/case-studies\/drilling-smallest-diameters\/\" target=\"_blank\" rel=\"noopener noreferrer\">Precision Medical Drilling on the UNE6 | Case Study<\/a>[\/unisig_icon_content][unisig_icon_content icon=&#8221;fas fa-download&#8221;]<a href=\"https:\/\/unisig.com\/de\/tiefbohrloesungen-medizintechnik\/\" target=\"_blank\" rel=\"noopener noreferrer\">Medical Industry Solutions | Brochure<\/a>[\/unisig_icon_content][\/vc_column][\/vc_row][vc_row][vc_column][vc_cta h2=&#8221;Anfrage einsenden&#8221; h2_font_container=&#8221;color:%23005288&#8243; h2_google_fonts=&#8221;font_family:Open%20Sans%3A300%2C300italic%2Cregular%2Citalic%2C600%2C600italic%2C700%2C700italic%2C800%2C800italic|font_style:400%20regular%3A400%3Anormal&#8221; shape=&#8221;square&#8221; style=&#8221;custom&#8221; add_button=&#8221;bottom&#8221; btn_title=&#8221;Anwendung einsenden&#8221; btn_shape=&#8221;square&#8221; use_custom_fonts_h2=&#8221;true&#8221; custom_background=&#8221;#e3e3e3&#8243; custom_text=&#8221;#151515&#8243; css=&#8221;.vc_custom_1609250000401{border-top-width: 0px !important;border-right-width: 0px !important;border-bottom-width: 0px !important;border-left-width: 0px !important;}&#8221; btn_link=&#8221;url:%2F%3Fpage_id%3D6519|||&#8221;]Senden Sie uns Ihre Anwendung f\u00fcr ein Angebot \u00fcber eine ELB-Maschine f\u00fcr die Medizintechnik.[\/vc_cta][\/vc_column][\/vc_row]<\/p>\n<\/div>","protected":false},"excerpt":{"rendered":"<p>[vc_row][vc_column][vc_column_text] Medizintechnik [\/vc_column_text][vc_column_text]Medizinische Komponenten erfordern die pr\u00e4zise Bearbeitung von Tiefbohrungen kleinster Durchmesser in hochfestes Titan oder chirurgischen Edelstahl. Kleine Durchmesser, d\u00fcnne Wandst\u00e4rken und strenge Toleranzen k\u00f6nnen Herausforderungen f\u00fcr die Herstellung von Werkst\u00fccken wie Knochenschrauben und Knochenbohrern darstellen. Die UNE6-Maschinen von UNISIG sind das Ergebnis der Erfahrung im Umgang mit diesen Anwendungen und erm\u00f6glichen es Herstellern<a href=\"https:\/\/unisig.com\/de\/branchen\/medizintechnik-old\/\" class=\"more-link\">Read More<\/a><\/p>\n","protected":false},"author":3,"featured_media":0,"parent":0,"menu_order":0,"comment_status":"closed","ping_status":"closed","template":"page-templates\/template-2.php","meta":{"_acf_changed":false,"footnotes":""},"folder":[],"class_list":["post-6609","page","type-page","status-publish","hentry"],"acf":[],"_links":{"self":[{"href":"https:\/\/unisig.com\/de\/wp-json\/wp\/v2\/pages\/6609","targetHints":{"allow":["GET"]}}],"collection":[{"href":"https:\/\/unisig.com\/de\/wp-json\/wp\/v2\/pages"}],"about":[{"href":"https:\/\/unisig.com\/de\/wp-json\/wp\/v2\/types\/page"}],"author":[{"embeddable":true,"href":"https:\/\/unisig.com\/de\/wp-json\/wp\/v2\/users\/3"}],"replies":[{"embeddable":true,"href":"https:\/\/unisig.com\/de\/wp-json\/wp\/v2\/comments?post=6609"}],"version-history":[{"count":0,"href":"https:\/\/unisig.com\/de\/wp-json\/wp\/v2\/pages\/6609\/revisions"}],"wp:attachment":[{"href":"https:\/\/unisig.com\/de\/wp-json\/wp\/v2\/media?parent=6609"}],"wp:term":[{"taxonomy":"folder","embeddable":true,"href":"https:\/\/unisig.com\/de\/wp-json\/wp\/v2\/folder?post=6609"}],"curies":[{"name":"wp","href":"https:\/\/api.w.org\/{rel}","templated":true}]}}