{"id":6610,"date":"2020-06-15T10:54:33","date_gmt":"2020-06-15T15:54:33","guid":{"rendered":"https:\/\/stagingxx.unisig.com\/finden-sie-eine-maschine\/nach-industrie\/hydraulikzylinder\/"},"modified":"2023-07-25T08:09:40","modified_gmt":"2023-07-25T13:09:40","slug":"hydraulikzylinder","status":"publish","type":"page","link":"https:\/\/unisig.com\/de\/branchen\/hydraulikzylinder\/","title":{"rendered":"Hydraulikzylinder"},"content":{"rendered":"<div class=\"wpb-content-wrapper\"><p>[vc_row][vc_column][vc_column_text]<\/p>\n<h1>Hydraulikzylinder<\/h1>\n<p>[\/vc_column_text][vc_column_text]Die UNISIG Baureihe von <a href=\"https:\/\/unisig.com\/de\/alle-maschinen\/schaelen-und-glattwalzen\/\">Sch\u00e4l- und Glattwalzmaschinen<\/a> wurde entwickelt, um den Anforderungen der Hersteller von Hydraulikzylindern gerecht zu werden. Dieselben steifen Maschinenbetten und programmierbaren Bearbeitungsfunktionen, die auf unseren BTA Tiefbohrmaschinen zu finden sind, wurden auch in diese speziell f\u00fcr das Sch\u00e4len- und Glattwalzen entwickelte Maschinen integriert. Unsere Systeme unterst\u00fctzen alle Hersteller von Sch\u00e4l- und Glattwalzwerkzeugen, um die Anforderungen an Rundheit und Oberfl\u00e4cheng\u00fcte souver\u00e4n erreichen zu k\u00f6nnen.[\/vc_column_text][vc_separator][vc_column_text]<\/p>\n<h2>Maschinen f\u00fcr Hydraulikzylinder finden<\/h2>\n<p>[\/vc_column_text][\/vc_column][\/vc_row][vc_row][vc_column width=&#8221;1\/3&#8243;][vc_single_image image=&#8221;1688&#8243; img_size=&#8221;full&#8221; onclick=&#8221;custom_link&#8221; link=&#8221;\/?page_id=6610&#8243;][vc_column_text]<\/p>\n<h4><a href=\"https:\/\/unisig.com\/de\/alle-maschinen\/schaelen-und-glattwalzen\/\">S-Serie<\/a><\/h4>\n<p>[\/vc_column_text][vc_column_text]Optimiert f\u00fcr den Sch\u00e4l- und Glattwalzprozess, fertigen die Maschinen der S-Serie Hydraulikzylinder einfach und effektiv und erreichen h\u00f6chste Standards in der Oberfl\u00e4cheng\u00fcte.<\/p>\n<h5>Entwickelt f\u00fcr:<\/h5>\n<ul>\n<li><a href=\"https:\/\/unisig.com\/de\/informationen-ressourcen\/tiefbohrverfahren\/schaelen-und-glattwalzen\/\">Sch\u00e4len- und Glattwalzen<\/a>, Aufbohren<\/li>\n<li>Durchmesser bis 305 mm [12 .0 in]<\/li>\n<li>Zylindrische Werkst\u00fccke<\/li>\n<li>Hydraulikindustrie<\/li>\n<\/ul>\n<p>[\/vc_column_text][\/vc_column][vc_column width=&#8221;1\/3&#8243;][vc_single_image image=&#8221;1691&#8243; img_size=&#8221;full&#8221; onclick=&#8221;custom_link&#8221; link=&#8221;\/?page_id=6425&#8243;][vc_column_text]<\/p>\n<h4><a href=\"https:\/\/unisig.com\/de\/alle-maschinen\/b-serie-bis-800mm\/\">B-Serie &lt; 800 mm Umlauf<\/a><\/h4>\n<p>[\/vc_column_text][vc_column_text]Tiefbohrmaschinen k\u00f6nnen ebenfalls Rohre Sch\u00e4len- und Glattwlazen bis zu 10 m durch [32 .0 ft] und mehr und sind in der Lage, BTA-Bohrungen und andere Sekund\u00e4rprozesse durchzuf\u00fchren.<\/p>\n<h5>Entwickelt f\u00fcr:<\/h5>\n<ul>\n<li><a href=\"https:\/\/unisig.com\/de\/informationen-ressourcen\/tiefbohrverfahren\/bta-bohren\/\">BTA<\/a>, <a href=\"https:\/\/unisig.com\/de\/alle-maschinen\/b-serie-bis-800mm\/\">Sch\u00e4len- und Glattwalzen<\/a><\/li>\n<li>Durchmesser bis 300 mm [12 .0 in]<\/li>\n<li>Bohrtiefen bis 10.000 mm [32 .0 ft] und mehr<\/li>\n<li>Zylindrische Werkst\u00fccke<\/li>\n<\/ul>\n<p>[\/vc_column_text][\/vc_column][vc_column width=&#8221;1\/3&#8243;][vc_single_image image=&#8221;1690&#8243; img_size=&#8221;full&#8221; onclick=&#8221;custom_link&#8221; link=&#8221;\/?page_id=6675&#8243;][vc_column_text]<\/p>\n<h4><a href=\"https:\/\/unisig.com\/de\/alle-maschinen\/b-serie-ueber-800\/\">B-Serie &gt; 800 mm Umlauf<\/a><\/h4>\n<p>[\/vc_column_text][vc_column_text]Diese Tiefbohrmaschinen eignen sich f\u00fcr Sch\u00e4l- und Glattwalzbearbeitung von Rohren mit einer L\u00e4nge von mehr als 6 m [20 .0 ft] und sind in zudem der Lage, BTA-Bohrungen und andere Sekund\u00e4rprozesse durchzuf\u00fchren.<\/p>\n<h5>Entwickelt f\u00fcr:<\/h5>\n<ul>\n<li><a href=\"https:\/\/unisig.com\/de\/informationen-ressourcen\/tiefbohrverfahren\/bta-bohren\/\">BTA<\/a>, <a href=\"https:\/\/unisig.com\/de\/informationen-ressourcen\/tiefbohrverfahren\/schaelen-und-glattwalzen\/\">Sch\u00e4len- und Glattwalzen<\/a><\/li>\n<li>Durchmesser bis 630 mm [25 .0 in]<\/li>\n<li>Bohrtiefen bis 20.000 mm [65 .5 ft]<\/li>\n<li>Zylindrische Werkst\u00fccke<\/li>\n<\/ul>\n<p>[\/vc_column_text][\/vc_column][\/vc_row][vc_row][vc_column][vc_separator][vc_column_text]<\/p>\n<h5>Zus\u00e4tzliche Informationen \u00fcber Hydraulikzylinder<\/h5>\n<p>[\/vc_column_text][unisig_icon_content icon=&#8221;fa fa-cogs&#8221;]<a href=\"https:\/\/unisig.com\/news-and-events\/case-studies\/cylinder-production-success\/\" target=\"_blank\" rel=\"noopener noreferrer\">Modernizing Cylinder Production | Case Study<\/a>[\/unisig_icon_content][unisig_icon_content icon=&#8221;fa fa-file-text-o&#8221;]<a href=\"https:\/\/unisig.com\/news-and-events\/technical-articles\/combining-skiving-burnishing-for-cylinder-bores\/\" target=\"_blank\" rel=\"noopener noreferrer\">Combining Skiving and Roller Burnishing | Article<\/a>[\/unisig_icon_content][\/vc_column][\/vc_row][vc_row][vc_column][vc_cta h2=&#8221;Anfrage einsenden&#8221; h2_font_container=&#8221;color:%23005288&#8243; h2_google_fonts=&#8221;font_family:Open%20Sans%3A300%2C300italic%2Cregular%2Citalic%2C600%2C600italic%2C700%2C700italic%2C800%2C800italic|font_style:400%20regular%3A400%3Anormal&#8221; shape=&#8221;square&#8221; style=&#8221;custom&#8221; add_button=&#8221;bottom&#8221; btn_title=&#8221;Anfrage einsenden&#8221; btn_shape=&#8221;square&#8221; use_custom_fonts_h2=&#8221;true&#8221; custom_background=&#8221;#e3e3e3&#8243; custom_text=&#8221;#151515&#8243; css=&#8221;.vc_custom_1609249951345{border-top-width: 0px !important;border-right-width: 0px !important;border-bottom-width: 0px !important;border-left-width: 0px !important;}&#8221; btn_link=&#8221;url:%2F%3Fpage_id%3D6519|||&#8221;]Senden Sie uns Ihre Hydraulikzylinder-Anwendung f\u00fcr ein Angebot \u00fcber eine Sch\u00e4l- und Glattwalzmaschine.[\/vc_cta][\/vc_column][\/vc_row]<\/p>\n<\/div>","protected":false},"excerpt":{"rendered":"<p>[vc_row][vc_column][vc_column_text] Hydraulikzylinder [\/vc_column_text][vc_column_text]Die UNISIG Baureihe von Sch\u00e4l- und Glattwalzmaschinen wurde entwickelt, um den Anforderungen der Hersteller von Hydraulikzylindern gerecht zu werden. Dieselben steifen Maschinenbetten und programmierbaren Bearbeitungsfunktionen, die auf unseren BTA Tiefbohrmaschinen zu finden sind, wurden auch in diese speziell f\u00fcr das Sch\u00e4len- und Glattwalzen entwickelte Maschinen integriert. Unsere Systeme unterst\u00fctzen alle Hersteller von Sch\u00e4l-<a href=\"https:\/\/unisig.com\/de\/branchen\/hydraulikzylinder\/\" class=\"more-link\">Read More<\/a><\/p>\n","protected":false},"author":3,"featured_media":0,"parent":0,"menu_order":0,"comment_status":"closed","ping_status":"closed","template":"page-templates\/template-2.php","meta":{"_acf_changed":false,"footnotes":""},"folder":[],"class_list":["post-6610","page","type-page","status-publish","hentry"],"acf":[],"_links":{"self":[{"href":"https:\/\/unisig.com\/de\/wp-json\/wp\/v2\/pages\/6610","targetHints":{"allow":["GET"]}}],"collection":[{"href":"https:\/\/unisig.com\/de\/wp-json\/wp\/v2\/pages"}],"about":[{"href":"https:\/\/unisig.com\/de\/wp-json\/wp\/v2\/types\/page"}],"author":[{"embeddable":true,"href":"https:\/\/unisig.com\/de\/wp-json\/wp\/v2\/users\/3"}],"replies":[{"embeddable":true,"href":"https:\/\/unisig.com\/de\/wp-json\/wp\/v2\/comments?post=6610"}],"version-history":[{"count":0,"href":"https:\/\/unisig.com\/de\/wp-json\/wp\/v2\/pages\/6610\/revisions"}],"wp:attachment":[{"href":"https:\/\/unisig.com\/de\/wp-json\/wp\/v2\/media?parent=6610"}],"wp:term":[{"taxonomy":"folder","embeddable":true,"href":"https:\/\/unisig.com\/de\/wp-json\/wp\/v2\/folder?post=6610"}],"curies":[{"name":"wp","href":"https:\/\/api.w.org\/{rel}","templated":true}]}}