{"id":6614,"date":"2020-06-15T10:54:34","date_gmt":"2020-06-15T15:54:34","guid":{"rendered":"https:\/\/stagingxx.unisig.com\/produkte-technologie\/maschinen\/"},"modified":"2021-12-09T09:27:20","modified_gmt":"2021-12-09T15:27:20","slug":"maschinen","status":"publish","type":"page","link":"https:\/\/unisig.com\/de\/alle-maschinen\/maschinen\/","title":{"rendered":"Pr\u00e4zisions-Tiefbohrmaschinen"},"content":{"rendered":"<div class=\"wpb-content-wrapper\"><p>[vc_row][vc_column][vc_single_image image=&#8221;2197&#8243; img_size=&#8221;full&#8221;][vc_column_text]<\/p>\n<h1>Pr\u00e4zisions-Tiefbohrmaschinen<\/h1>\n<p>[\/vc_column_text][vc_column_text][\/vc_column_text][vc_column_text]UNISIG bietet zielgerichtete Tiefbohrl\u00f6sungen f\u00fcr eine breite Palette von Tiefbohranwendungen, die entwickelt wurden, um den Anforderungen von Applikationen in nahezu allen Branchen gerecht zu werden. Von kleinen medizinischen Werkzeugkomponenten bis hin zu gro\u00dfen Werkst\u00fccken f\u00fcr die \u00d6lfeldexploration k\u00f6nnen UNISIG-Maschinen die hohen Anforderungen und einzigartigen Herausforderungen, die diese Anwendungen mit sich bringen, sicher bew\u00e4ltigen.<\/p>\n<p>UNISIG-Maschinen sind in der Lage <a href=\"https:\/\/unisig.com\/de\/informationen-ressourcen-4\/was-ist-tiefbohren\/\">Tiefbohrungen<\/a> von weniger als 1 mm bis zu 1 Meter Durchmesser und Tiefen von einigen Zentimetern bis zu \u00fcber 20 m einzubringen. Unsere Maschinen k\u00f6nnen dabei strenge Toleranzen einhalten, selbst in den extremsten Bohrungsdurchmessern\u00a0 oder Tiefe-zu-Durchmesser Verh\u00e4ltnissen.<\/p>\n<p>UNISIG bietet komplette L\u00f6sungen f\u00fcr das Tiefbohren und unser erfahrenes Team wird Sie durch den Auswahlprozess f\u00fchren, um eine <a href=\"https:\/\/unisig.com\/de\/alle-maschinen\/\">Maschine,<\/a> <a href=\"https:\/\/unisig.com\/de\/informationen-ressourcen\/tiefbohrverfahren\/\">Werkzeugsystem<\/a> und <a href=\"https:\/\/unisig.com\/de\/automatisierung\/\">Automatisierungsl\u00f6sung<\/a>\u00a0zu finden, die Ihre Anspr\u00fcche an das Tiefbohren erf\u00fcllt. UNISIGs Ingenieure und technisches Personal verf\u00fcgen \u00fcber umfangreiche, praktische Erfahrung mit Tiefbohrungen und arbeiten eng mit den Kunden zusammen, um Fertigungsprozesse zu entwickeln, die Anwendungs-, Toleranz- und Produktionsziele erreichen.[\/vc_column_text][\/vc_column][\/vc_row][vc_row][vc_column width=&#8221;1\/2&#8243;][vc_column_text]<\/p>\n<h2><a href=\"https:\/\/unisig.com\/de\/alle-maschinen\/\">Alle UNISIG Maschinen<\/a><\/h2>\n<p>[\/vc_column_text][vc_single_image image=&#8221;2075&#8243; img_size=&#8221;full&#8221; onclick=&#8221;custom_link&#8221; link=&#8221;https:\/\/unisig.com\/de\/alle-maschinen\/&#8221;][vc_column_text]Hier werden alle UNISIG Tiefbohr-Maschinenbaureihen sowie technische Eckdaten f\u00fcr Standard-Maschinen angezeigt.[\/vc_column_text][vc_column_text]<a href=\"https:\/\/unisig.com\/de\/alle-maschinen\/\">Maschinenbaureihen anzeigen &gt;<\/a>[\/vc_column_text][\/vc_column][vc_column width=&#8221;1\/2&#8243;][vc_column_text]<\/p>\n<h2><a href=\"https:\/\/unisig.com\/de\/maschinenfinder\/\">Maschinenfinder<\/a><\/h2>\n<p>[\/vc_column_text][vc_single_image image=&#8221;1735&#8243; img_size=&#8221;full&#8221; onclick=&#8221;custom_link&#8221; link=&#8221;https:\/\/unisig.com\/de\/maschinenfinder\/&#8221;][vc_column_text]Durchsuchen Sie das Tiefbohrmaschinen-Lieferprogramm nach Bohrungsparametern, Werkst\u00fcckspezifikation oder Werkzeugtyp um eine ideale L\u00f6sung f\u00fcr Ihre Anwendung finden.[\/vc_column_text][vc_column_text]<a href=\"https:\/\/unisig.com\/de\/maschinenfinder\/\">Finden Sie eine Maschine &gt;<\/a>[\/vc_column_text][\/vc_column][\/vc_row]<\/p>\n<\/div>","protected":false},"excerpt":{"rendered":"<p>[vc_row][vc_column][vc_single_image image=&#8221;2197&#8243; img_size=&#8221;full&#8221;][vc_column_text] Pr\u00e4zisions-Tiefbohrmaschinen [\/vc_column_text][vc_column_text][\/vc_column_text][vc_column_text]UNISIG bietet zielgerichtete Tiefbohrl\u00f6sungen f\u00fcr eine breite Palette von Tiefbohranwendungen, die entwickelt wurden, um den Anforderungen von Applikationen in nahezu allen Branchen gerecht zu werden. Von kleinen medizinischen Werkzeugkomponenten bis hin zu gro\u00dfen Werkst\u00fccken f\u00fcr die \u00d6lfeldexploration k\u00f6nnen UNISIG-Maschinen die hohen Anforderungen und einzigartigen Herausforderungen, die diese Anwendungen mit sich bringen,<a href=\"https:\/\/unisig.com\/de\/alle-maschinen\/maschinen\/\" class=\"more-link\">Read More<\/a><\/p>\n","protected":false},"author":6,"featured_media":0,"parent":6562,"menu_order":0,"comment_status":"closed","ping_status":"closed","template":"page-templates\/template-2.php","meta":{"_acf_changed":false,"footnotes":""},"folder":[],"class_list":["post-6614","page","type-page","status-publish","hentry"],"acf":[],"_links":{"self":[{"href":"https:\/\/unisig.com\/de\/wp-json\/wp\/v2\/pages\/6614","targetHints":{"allow":["GET"]}}],"collection":[{"href":"https:\/\/unisig.com\/de\/wp-json\/wp\/v2\/pages"}],"about":[{"href":"https:\/\/unisig.com\/de\/wp-json\/wp\/v2\/types\/page"}],"author":[{"embeddable":true,"href":"https:\/\/unisig.com\/de\/wp-json\/wp\/v2\/users\/6"}],"replies":[{"embeddable":true,"href":"https:\/\/unisig.com\/de\/wp-json\/wp\/v2\/comments?post=6614"}],"version-history":[{"count":0,"href":"https:\/\/unisig.com\/de\/wp-json\/wp\/v2\/pages\/6614\/revisions"}],"up":[{"embeddable":true,"href":"https:\/\/unisig.com\/de\/wp-json\/wp\/v2\/pages\/6562"}],"wp:attachment":[{"href":"https:\/\/unisig.com\/de\/wp-json\/wp\/v2\/media?parent=6614"}],"wp:term":[{"taxonomy":"folder","embeddable":true,"href":"https:\/\/unisig.com\/de\/wp-json\/wp\/v2\/folder?post=6614"}],"curies":[{"name":"wp","href":"https:\/\/api.w.org\/{rel}","templated":true}]}}