{"id":6615,"date":"2020-06-15T10:54:34","date_gmt":"2020-06-15T15:54:34","guid":{"rendered":"https:\/\/stagingxx.unisig.com\/dienstleistungen-support\/kundensupport\/"},"modified":"2020-06-15T10:54:34","modified_gmt":"2020-06-15T15:54:34","slug":"kundensupport","status":"publish","type":"page","link":"https:\/\/unisig.com\/de\/dienstleistungen-support\/kundensupport\/","title":{"rendered":"Kundensupport"},"content":{"rendered":"<div class=\"wpb-content-wrapper\"><p>[vc_row][vc_column][vc_single_image image=&#8221;2326&#8243; img_size=&#8221;full&#8221;][unisig_title title=&#8221;UNISIG Deep Hole Drilling Machine Support&#8221;][\/vc_column][\/vc_row][vc_row][vc_column][vc_column_text]Das Team von UNISIG unterst\u00fctzt weiterhin sehr viel Unterst\u00fctzung w\u00e4hrend des Abtrags- und Installationsprozesses sowie nach der Lieferung, um unsere Tieflochbohrkunden bei ihrer Produktion und ihrem Gewinn zu unterst\u00fctzen.<\/p>\n<p>[\/vc_column_text][\/vc_column][\/vc_row][vc_row css=&#8221;.vc_custom_1465331242834{border-top-width: 1px !important;border-top-color: #d0d2d3 !important;border-top-style: solid !important;}&#8221;][vc_column width=&#8221;1\/2&#8243;][vc_single_image image=&#8221;2314&#8243; img_size=&#8221;full&#8221;][vc_column_text]<\/p>\n<h5>Technischer Support<\/h5>\n<p>[\/vc_column_text][vc_column_text]Globaler technischer Support wird von UNISIGs eigenem technischen Team oder von werksgeschulten und zertifizierten Anbietern angeboten, um schnell und effizient auf Probleme zu reagieren. Unser f\u00e4higes Team nutzt Erfahrung und Technologie, um Probleme bei der Diagnose und Service-Fehlerbehebung zu diagnostizieren und zu beheben, die Kunden m\u00f6glicherweise haben, um sie mit wenig Unterbrechungen wieder in Betrieb zu nehmen.[\/vc_column_text][\/vc_column][vc_column width=&#8221;1\/2&#8243;][vc_single_image image=&#8221;1901&#8243; img_size=&#8221;full&#8221;][vc_column_text]<\/p>\n<h5>Ausbildung<\/h5>\n<p>[\/vc_column_text][vc_column_text]Der Maschinenkauf umfasst Schulungen zum Zeitpunkt des Ablaufs und der Installation, um sicherzustellen, dass Die Kunden vertrauen in die Maschine und den Prozess von UNISIG. Ausgebildete UNISIG-Techniker arbeiten eng mit Kunden in einer praktischen Umgebung zusammen, um Maschinen und Werkzeuge, Bohren, Maschinenparameter, Fehlerbehebung und allgemeine Wartung zu \u00fcberpr\u00fcfen. Kunden erhalten ihre Maschine mit einem tiefen Verst\u00e4ndnis daf\u00fcr, wie sie f\u00fcr maximale Genauigkeit und Effizienz verwendet werden kann. Zus\u00e4tzliche Tiefschulungen sind ebenfalls verf\u00fcgbar.[\/vc_column_text][\/vc_column][\/vc_row][vc_row][vc_column width=&#8221;1\/2&#8243;][vc_single_image image=&#8221;2305&#8243; img_size=&#8221;full&#8221;][vc_column_text]<\/p>\n<h5>Vorbeugende Wartung<\/h5>\n<p>[\/vc_column_text][vc_column_text]Die Wartung von UNISIG Tiefbohrmaschinen tr\u00e4gt zu hoher Pr\u00e4zisionsleistung, Haltbarkeit und Ausfallzeitenbeisambilit\u00e4t bei. UNISIG bietet vorbeugende Wartungsrichtlinien und Serviceempfehlungen, die Kunden regelm\u00e4\u00dfig oder nach Bedarf problemlos handhaben oder warten k\u00f6nnen. Die vorbeugende Wartung von UNISIG-Maschinen l\u00e4sst sich durch integrierte Sensoren an kritischen Maschinenpunkten leicht vorhersagen. Die Wartung umfasst Funktionstests, Inspektion und Anpassung von Baugruppen, Fl\u00fcssigkeitsaustausch, \u00dcberpr\u00fcfung der Maschinenausrichtung und \u00dcberpr\u00fcfung der Steuerungsdiagnose.[\/vc_column_text][\/vc_column][vc_column width=&#8221;1\/2&#8243;][vc_single_image image=&#8221;2336&#8243; img_size=&#8221;full&#8221;][vc_column_text]<\/p>\n<h5>Au\u00dfendienst<\/h5>\n<p>[\/vc_column_text][vc_column_text]Das Netzwerk globaler Techniker von UNISIG reagiert schnell, wenn Au\u00dfendienst erforderlich ist. Geschulte Techniker verwenden die gleiche High-Level-Technologie, die im Maschinenbau verwendet wird, um alle mechanischen oder elektrischen Probleme zu bew\u00e4ltigen, die auftreten k\u00f6nnen.[\/vc_column_text][\/vc_column][\/vc_row][vc_row][vc_column][vc_cta h2=&#8221;UNISIG-Maschinenunterst\u00fctzung anfordern&#8221; h2_font_container=&#8221;color:%23005288&#8243; h2_google_fonts=&#8221;font_family:Open%20Sans%3A300%2C300italic%2Cregular%2Citalic%2C600%2C600italic%2C700%2C700italic%2C800%2C800italic|font_style:400%20regular%3A400%3Anormal&#8221; shape=&#8221;square&#8221; style=&#8221;custom&#8221; add_button=&#8221;bottom&#8221; btn_title=&#8221;Support anfordern&#8221; btn_shape=&#8221;square&#8221; use_custom_fonts_h2=&#8221;true&#8221; custom_background=&#8221;#e3e3e3&#8243; custom_text=&#8221;#151515&#8243; css=&#8221;.vc_custom_1471627467850{border-top-width: 0px !important;border-right-width: 0px !important;border-bottom-width: 0px !important;border-left-width: 0px !important;}&#8221; btn_link=&#8221;url:http%3A%2F%2Funisig.com%2Fanforderungsdienst%2F%3Flang%3Dde|&#8221;]Senden Sie Ihre Computer- und Support-Problemdetails, um Support von unserem Servicenetzwerk anzufordern.[\/vc_cta][\/vc_column][\/vc_row]<\/p>\n<\/div>","protected":false},"excerpt":{"rendered":"<p>[vc_row][vc_column][vc_single_image image=&#8221;2326&#8243; img_size=&#8221;full&#8221;][unisig_title title=&#8221;UNISIG Deep Hole Drilling Machine Support&#8221;][\/vc_column][\/vc_row][vc_row][vc_column][vc_column_text]Das Team von UNISIG unterst\u00fctzt weiterhin sehr viel Unterst\u00fctzung w\u00e4hrend des Abtrags- und Installationsprozesses sowie nach der Lieferung, um unsere Tieflochbohrkunden bei ihrer Produktion und ihrem Gewinn zu unterst\u00fctzen. [\/vc_column_text][\/vc_column][\/vc_row][vc_row css=&#8221;.vc_custom_1465331242834{border-top-width: 1px !important;border-top-color: #d0d2d3 !important;border-top-style: solid !important;}&#8221;][vc_column width=&#8221;1\/2&#8243;][vc_single_image image=&#8221;2314&#8243; img_size=&#8221;full&#8221;][vc_column_text] Technischer Support [\/vc_column_text][vc_column_text]Globaler technischer Support wird von<a href=\"https:\/\/unisig.com\/de\/dienstleistungen-support\/kundensupport\/\" class=\"more-link\">Read More<\/a><\/p>\n","protected":false},"author":3,"featured_media":0,"parent":6527,"menu_order":0,"comment_status":"closed","ping_status":"closed","template":"page-templates\/template-2.php","meta":{"_acf_changed":false,"footnotes":""},"folder":[],"class_list":["post-6615","page","type-page","status-publish","hentry"],"acf":[],"_links":{"self":[{"href":"https:\/\/unisig.com\/de\/wp-json\/wp\/v2\/pages\/6615","targetHints":{"allow":["GET"]}}],"collection":[{"href":"https:\/\/unisig.com\/de\/wp-json\/wp\/v2\/pages"}],"about":[{"href":"https:\/\/unisig.com\/de\/wp-json\/wp\/v2\/types\/page"}],"author":[{"embeddable":true,"href":"https:\/\/unisig.com\/de\/wp-json\/wp\/v2\/users\/3"}],"replies":[{"embeddable":true,"href":"https:\/\/unisig.com\/de\/wp-json\/wp\/v2\/comments?post=6615"}],"version-history":[{"count":0,"href":"https:\/\/unisig.com\/de\/wp-json\/wp\/v2\/pages\/6615\/revisions"}],"up":[{"embeddable":true,"href":"https:\/\/unisig.com\/de\/wp-json\/wp\/v2\/pages\/6527"}],"wp:attachment":[{"href":"https:\/\/unisig.com\/de\/wp-json\/wp\/v2\/media?parent=6615"}],"wp:term":[{"taxonomy":"folder","embeddable":true,"href":"https:\/\/unisig.com\/de\/wp-json\/wp\/v2\/folder?post=6615"}],"curies":[{"name":"wp","href":"https:\/\/api.w.org\/{rel}","templated":true}]}}