{"id":6617,"date":"2020-06-15T10:54:34","date_gmt":"2020-06-15T15:54:34","guid":{"rendered":"https:\/\/stagingxx.unisig.com\/finden-sie-eine-maschine\/nach-industrie\/militaer-und-verteidigung\/"},"modified":"2025-01-24T15:09:21","modified_gmt":"2025-01-24T21:09:21","slug":"militaer-und-verteidigung","status":"publish","type":"page","link":"https:\/\/unisig.com\/de\/branchen\/militaer-und-verteidigung\/","title":{"rendered":"Milit\u00e4r und Verteidigung"},"content":{"rendered":"<div class=\"wpb-content-wrapper\"><p>[vc_row][vc_column][vc_column_text]<\/p>\n<h1>Milit\u00e4r &amp; Verteidigung<\/h1>\n<p>[\/vc_column_text][vc_column_text]Pr\u00e4zisionsbohren von Waffenkomponenten erfordert Maschinen, die lange, schwere Werkst\u00fccke zuverl\u00e4ssig und pr\u00e4zise bearbeiten k\u00f6nnen. Von kleineren Pr\u00e4zisionsl\u00e4ufen bis hin zu Hochleistungskanonen k\u00f6nnen UNISIG Tiefbohrmaschinen die hohen Pr\u00e4zisionsstandards erf\u00fcllen, die bei diesen Anwendungen gefordert werden.[\/vc_column_text][vc_separator][vc_column_text]<\/p>\n<h2>Maschinen f\u00fcr Milit\u00e4r &amp; Verteidigung<\/h2>\n<p>[\/vc_column_text][\/vc_column][\/vc_row][vc_row][vc_column width=&#8221;1\/3&#8243;][vc_single_image image=&#8221;1696&#8243; img_size=&#8221;full&#8221; onclick=&#8221;custom_link&#8221; link=&#8221;\/?page_id=6594&#8243;][vc_column_text]<\/p>\n<h4><a href=\"https:\/\/unisig.com\/de\/alle-maschinen\/une-elb-tiefbohrmaschinen\/\">UNE-Serie<\/a><\/h4>\n<p>[\/vc_column_text][vc_column_text]Diese Maschinen f\u00fcr das zentrische Bohren kleinerer, drehrunder Werkst\u00fccke sind ideal f\u00fcr kleinere Gewehrl\u00e4ufe und Verteidigungskomponenten.<\/p>\n<h5>Entwickelt f\u00fcr:<\/h5>\n<ul>\n<li><a href=\"https:\/\/unisig.com\/de\/informationen-ressourcen\/was-ist-tiefbohren\/elb-bohren\/\">ELB<\/a><\/li>\n<li>Durchmesser bis 20 mm [0 .80 in]<\/li>\n<li>Bohrtiefen bis 1.500 mm [59.1 in]<\/li>\n<\/ul>\n<p>[\/vc_column_text][\/vc_column][vc_column width=&#8221;1\/3&#8243;][vc_single_image image=&#8221;1695&#8243; img_size=&#8221;full&#8221; onclick=&#8221;custom_link&#8221; css=&#8221;&#8221; link=&#8221;https:\/\/unisig.com\/de\/alle-maschinen\/uni-serie-tiefbohrmaschinen\/&#8221;][vc_column_text]<\/p>\n<h4><a href=\"https:\/\/unisig.com\/de\/alle-maschinen\/uni-serie-tiefbohrmaschinen\/\">UNI-Serie<\/a><\/h4>\n<p>[\/vc_column_text][vc_column_text css=&#8221;&#8221;]Maschinen der UNI-Serie f\u00fchren Pr\u00e4zisionsbohrungen in Gewehrl\u00e4ufen mit h\u00f6heren Produktionsraten durch, die h\u00e4ufig mit Automatisierungsl\u00f6sungen f\u00fcr die Gro\u00dfserien-R\u00fcstungsfertigung kombiniert werden.<\/p>\n<h5>Entwickelt f\u00fcr:<\/h5>\n<ul>\n<li><a href=\"https:\/\/unisig.com\/de\/informationen-ressourcen\/was-ist-tiefbohren\/elb-bohren\/\">ELB<\/a>, <a href=\"https:\/\/unisig.com\/de\/informationen-ressourcen\/was-ist-tiefbohren\/bta-bohren\/\">BTA<\/a><\/li>\n<li>Durchmesser bis 50 mm [2 .00 in]<\/li>\n<li>Bohrtiefen bis 3.000 mm [120 .0 in]<\/li>\n<\/ul>\n<p>[\/vc_column_text][\/vc_column][vc_column width=&#8221;1\/3&#8243;][vc_single_image image=&#8221;1691&#8243; img_size=&#8221;full&#8221; onclick=&#8221;custom_link&#8221; link=&#8221;\/?page_id=6425&#8243;][vc_column_text css=&#8221;&#8221;]<\/p>\n<h4><a href=\"https:\/\/unisig.com\/de\/alle-maschinen\/b-serie-bis-800mm\/\">B-Serie &lt; 800 mm Umlauf<\/a><\/h4>\n<p>[\/vc_column_text][vc_column_text css=&#8221;&#8221;]Zentrische BTA-Bohrungen von runden Werkst\u00fccken bis zu einer L\u00e4nge von 10 m [32 .0 ft] und mehr mit der f\u00fcr milit\u00e4rische Anwendungen erforderlichen Genauigkeit.<\/p>\n<h5>Entwickelt f\u00fcr:<\/h5>\n<ul>\n<li><a href=\"https:\/\/unisig.com\/de\/informationen-ressourcen\/was-ist-tiefbohren\/bta-bohren\/\">BTA<\/a><\/li>\n<li>Durchmesser bis 300 mm [12 .0 in]<\/li>\n<li>Bohrtiefen bis 10.000 mm [32 .0 ft] und mehr<\/li>\n<\/ul>\n<p>[\/vc_column_text][\/vc_column][\/vc_row][vc_row][vc_column width=&#8221;1\/3&#8243;][vc_single_image image=&#8221;1690&#8243; img_size=&#8221;full&#8221; onclick=&#8221;custom_link&#8221; link=&#8221;\/?page_id=6675&#8243;][vc_column_text]<\/p>\n<h4><a href=\"https:\/\/unisig.com\/de\/alle-maschinen\/b-serie-ueber-800\/\">B-Serie &gt; 800 mm Umlauf<\/a><\/h4>\n<p>[\/vc_column_text][vc_column_text]Zentrische BTA-Bohrungen f\u00fcr l\u00e4ngere Werkst\u00fccke, mit der F\u00e4higkeit, Geradheit und Rundheitstoleranzen auch bei extremen Bohrtiefen einzuhalten.<\/p>\n<h5>Entwickelt f\u00fcr:<\/h5>\n<ul>\n<li><a href=\"https:\/\/unisig.com\/de\/informationen-ressourcen\/was-ist-tiefbohren\/bta-bohren\/\">BTA<\/a><\/li>\n<li>Durchmesser bis 630 mm [25 .0 in]<\/li>\n<li>Bohrtiefen bis 20.000 mm [65 .5 ft]<\/li>\n<\/ul>\n<p>[\/vc_column_text][\/vc_column][vc_column width=&#8221;1\/3&#8243;][vc_single_image image=&#8221;1696&#8243; img_size=&#8221;full&#8221; onclick=&#8221;custom_link&#8221; css=&#8221;&#8221; link=&#8221;\/?page_id=6644&#8243;][vc_column_text]<\/p>\n<h4><a href=\"https:\/\/unisig.com\/de\/alle-maschinen\/unr-reibmaschinen\/\">UNR-Serie<\/a><\/h4>\n<p>[\/vc_column_text][vc_column_text css=&#8221;&#8221;]UNR-Reibmaschinen tragen Material aus gebohrten Laufrohlingen ab und tragen dazu bei die Anforderungen an Rundheit und Oberfl\u00e4cheng\u00fcte hochpr\u00e4ziser L\u00e4ufe zu erf\u00fcllen.<\/p>\n<h5>Entwickelt f\u00fcr:<\/h5>\n<ul>\n<li><a href=\"https:\/\/unisig.com\/de\/informationen-ressourcen\/tiefbohrverfahren\/reiben\/\">Reiben<\/a><\/li>\n<li>Kaliber von .17 \u2013 .50<\/li>\n<li>Schusswaffen- und Verteidigungsindustrie<\/li>\n<\/ul>\n<p>[\/vc_column_text][\/vc_column][vc_column width=&#8221;1\/3&#8243;][vc_single_image image=&#8221;1687&#8243; img_size=&#8221;full&#8221; onclick=&#8221;custom_link&#8221; link=&#8221;\/?page_id=6668&#8243;][vc_column_text]<\/p>\n<h4><a href=\"https:\/\/unisig.com\/de\/alle-maschinen\/drallziehmaschinen\/\">R-Serie<\/a><\/h4>\n<p>[\/vc_column_text][vc_column_text]Servogesteuerte Drallziehmaschinen erzeugen mit Knopfdrallziehwerkzeugen oder Kronenmessern hochpr\u00e4zise Felder und Z\u00fcge in Laufrohingen und Gesch\u00fctzrohren.<\/p>\n<h5>Entwickelt f\u00fcr:<\/h5>\n<ul>\n<li>Drallziehen<\/li>\n<li>Kaliber von .17 \u2013 200 mm<\/li>\n<li>Schusswaffen- und Verteidigungsindustrie<\/li>\n<\/ul>\n<p>[\/vc_column_text][\/vc_column][\/vc_row][vc_row][vc_column][vc_cta h2=&#8221;Anfrage einsenden&#8221; h2_font_container=&#8221;color:%23005288&#8243; h2_google_fonts=&#8221;font_family:Open%20Sans%3A300%2C300italic%2Cregular%2Citalic%2C600%2C600italic%2C700%2C700italic%2C800%2C800italic|font_style:400%20regular%3A400%3Anormal&#8221; shape=&#8221;square&#8221; style=&#8221;custom&#8221; add_button=&#8221;bottom&#8221; btn_title=&#8221;Anfrage einsenden&#8221; btn_shape=&#8221;square&#8221; css=&#8221;.vc_custom_1609250045109{border-top-width: 0px !important;border-right-width: 0px !important;border-bottom-width: 0px !important;border-left-width: 0px !important;}&#8221; use_custom_fonts_h2=&#8221;true&#8221; custom_background=&#8221;#e3e3e3&#8243; custom_text=&#8221;#151515&#8243; btn_link=&#8221;url:%2F%3Fpage_id%3D6519|||&#8221;]Senden Sie uns Ihre Anwendung f\u00fcr ein Maschinenangebot.[\/vc_cta][\/vc_column][\/vc_row]<\/p>\n<\/div>","protected":false},"excerpt":{"rendered":"<p>[vc_row][vc_column][vc_column_text] Milit\u00e4r &amp; Verteidigung [\/vc_column_text][vc_column_text]Pr\u00e4zisionsbohren von Waffenkomponenten erfordert Maschinen, die lange, schwere Werkst\u00fccke zuverl\u00e4ssig und pr\u00e4zise bearbeiten k\u00f6nnen. Von kleineren Pr\u00e4zisionsl\u00e4ufen bis hin zu Hochleistungskanonen k\u00f6nnen UNISIG Tiefbohrmaschinen die hohen Pr\u00e4zisionsstandards erf\u00fcllen, die bei diesen Anwendungen gefordert werden.[\/vc_column_text][vc_separator][vc_column_text] Maschinen f\u00fcr Milit\u00e4r &amp; Verteidigung [\/vc_column_text][\/vc_column][\/vc_row][vc_row][vc_column width=&#8221;1\/3&#8243;][vc_single_image image=&#8221;1696&#8243; img_size=&#8221;full&#8221; onclick=&#8221;custom_link&#8221; link=&#8221;\/?page_id=6594&#8243;][vc_column_text] UNE-Serie [\/vc_column_text][vc_column_text]Diese Maschinen f\u00fcr das zentrische<a href=\"https:\/\/unisig.com\/de\/branchen\/militaer-und-verteidigung\/\" class=\"more-link\">Read More<\/a><\/p>\n","protected":false},"author":3,"featured_media":0,"parent":0,"menu_order":0,"comment_status":"closed","ping_status":"closed","template":"page-templates\/template-2.php","meta":{"_acf_changed":false,"footnotes":""},"folder":[],"class_list":["post-6617","page","type-page","status-publish","hentry"],"acf":[],"_links":{"self":[{"href":"https:\/\/unisig.com\/de\/wp-json\/wp\/v2\/pages\/6617","targetHints":{"allow":["GET"]}}],"collection":[{"href":"https:\/\/unisig.com\/de\/wp-json\/wp\/v2\/pages"}],"about":[{"href":"https:\/\/unisig.com\/de\/wp-json\/wp\/v2\/types\/page"}],"author":[{"embeddable":true,"href":"https:\/\/unisig.com\/de\/wp-json\/wp\/v2\/users\/3"}],"replies":[{"embeddable":true,"href":"https:\/\/unisig.com\/de\/wp-json\/wp\/v2\/comments?post=6617"}],"version-history":[{"count":0,"href":"https:\/\/unisig.com\/de\/wp-json\/wp\/v2\/pages\/6617\/revisions"}],"wp:attachment":[{"href":"https:\/\/unisig.com\/de\/wp-json\/wp\/v2\/media?parent=6617"}],"wp:term":[{"taxonomy":"folder","embeddable":true,"href":"https:\/\/unisig.com\/de\/wp-json\/wp\/v2\/folder?post=6617"}],"curies":[{"name":"wp","href":"https:\/\/api.w.org\/{rel}","templated":true}]}}