{"id":6625,"date":"2020-06-15T10:54:36","date_gmt":"2020-06-15T15:54:36","guid":{"rendered":"https:\/\/stagingxx.unisig.com\/finden-sie-eine-maschine\/nach-bohrungsspezifikation\/bohrungslochdurchmesser\/"},"modified":"2021-03-21T08:47:59","modified_gmt":"2021-03-21T13:47:59","slug":"bohrungslochdurchmesser","status":"publish","type":"page","link":"https:\/\/unisig.com\/de\/maschine-finden\/nach-dimension\/bohrungsdurchmesser\/","title":{"rendered":"Maschinen nach Bohrdurchmesser finden"},"content":{"rendered":"<div class=\"wpb-content-wrapper\"><p>[vc_row][vc_column][vc_column_text]<\/p>\n<h1>Maschinen nach Bohrdurchmesser finden<\/h1>\n<p>[\/vc_column_text][vc_column_text]Verwenden Sie die folgende Tabelle, um Maschinen zu finden, die Ihre Anforderungen an den Bohrdurchmesserbereich erf\u00fcllen.[\/vc_column_text][vc_tta_tabs shape=&#8221;square&#8221; color=&#8221;white&#8221; alignment=&#8221;right&#8221; active_section=&#8221;1&#8243; el_class=&#8221;machine-spec-tables&#8221;][vc_tta_section title=&#8221;Metrisch&#8221; tab_id=&#8221;1470759578079-00b95c97-b2dc&#8221;][vc_column_text]<\/p>\n<table>\n<thead>\n<tr>\n<th>Bohrdurchmesser (mm)<\/th>\n<th>M\u00f6gliche Maschinenbaureihen<\/th>\n<\/tr>\n<\/thead>\n<tbody>\n<tr>\n<td>1 &#8211; 6 mm<\/td>\n<td><a href=\"https:\/\/unisig.com\/de\/alle-maschinen\/une6-medizinisches-tiefbohren\/\">UNE6<\/a> &#8211; Pr\u00e4zisions-ELB-Tiefbohrmaschinen speziell f\u00fcr kleine medizinische Anwendungen<br \/>\n<a href=\"https:\/\/unisig.com\/de\/alle-maschinen\/uni-serie-tiefbohrmaschinen\/\">UNI<\/a> &#8211; ELB- und\/oder BTA-Maschinen f\u00fcr Gro\u00dfserien mit weitgehender individueller Anpassung<br \/>\n<a href=\"https:\/\/unisig.com\/de\/alle-maschinen\/usk-kreuztischmaschinen\/\">USK<\/a> &#8211; ELB-Kreuztischmaschinen f\u00fcr zentrische und exzentrische Bohrungen<\/td>\n<\/tr>\n<tr>\n<td>6 &#8211; 20 mm<\/td>\n<td><a href=\"https:\/\/unisig.com\/de\/alle-maschinen\/une-elb-tiefbohrmaschinen\/\">UNE<\/a> &#8211; Kompakte ELB-Maschinen f\u00fcr Lohnfertiger<br \/>\n<a href=\"https:\/\/unisig.com\/de\/alle-maschinen\/uni-serie-tiefbohrmaschinen\/\">UNI<\/a> &#8211; ELB- und\/oder BTA-Maschinen f\u00fcr Gro\u00dfserien mit weitgehender individueller Anpassung<br \/>\n<a href=\"https:\/\/unisig.com\/de\/alle-maschinen\/usk-kreuztischmaschinen\/\">USK<\/a> &#8211; ELB-Kreuztischmaschinen f\u00fcr zentrische und exzentrische Bohrungen<br \/>\n<a href=\"https:\/\/unisig.com\/de\/alle-maschinen\/usc-maschinen-fuer-grossteile\/\">USC<\/a> &#8211; BTA Fahrst\u00e4ndermaschinen f\u00fcr exzentrische Bohrungen in gr\u00f6\u00dfere Werkst\u00fccke<br \/>\n<a href=\"https:\/\/unisig.com\/de\/alle-maschinen\/usc-ts-rohrbodenmaschinen\/\">USC-TS<\/a> &#8211; Mehrspindelige Fahrst\u00e4ndermaschinen f\u00fcr W\u00e4rmetauscher-Rohrb\u00f6den<\/td>\n<\/tr>\n<tr>\n<td>20 &#8211; 50 mm<\/td>\n<td><a href=\"https:\/\/unisig.com\/de\/alle-maschinen\/une-elb-tiefbohrmaschinen\/\">UNE<\/a> &#8211; Kompakte ELB-Maschinen f\u00fcr Lohnfertiger<br \/>\n<a href=\"https:\/\/unisig.com\/de\/alle-maschinen\/uni-serie-tiefbohrmaschinen\/\">UNI<\/a> &#8211; ELB- und\/oder BTA-Maschinen f\u00fcr Gro\u00dfserien mit weitgehender individueller Anpassung<br \/>\n<a href=\"https:\/\/unisig.com\/de\/alle-maschinen\/usk-kreuztischmaschinen\/\">USK<\/a> &#8211; ELB-Kreuztischmaschinen f\u00fcr zentrische und exzentrische Bohrungen<br \/>\n<a href=\"https:\/\/unisig.com\/de\/alle-maschinen\/usc-maschinen-fuer-grossteile\/\">USC<\/a> &#8211; BTA Fahrst\u00e4ndermaschinen f\u00fcr exzentrische Bohrungen in gr\u00f6\u00dfere Werkst\u00fccke<br \/>\n<a href=\"https:\/\/unisig.com\/de\/alle-maschinen\/usc-ts-rohrbodenmaschinen\/\">USC-TS<\/a> &#8211; Mehrspindelige Fahrst\u00e4ndermaschinen f\u00fcr W\u00e4rmetauscher-Rohrb\u00f6den<br \/>\n<a href=\"https:\/\/unisig.com\/de\/alle-maschinen\/tiefbohr-und-fraeszentren\/\">USC-M<\/a> &#8211; ELB und BTA Tiefbohr- und Fr\u00e4szentren mit Fahrst\u00e4nder f\u00fcr den Formenbau<br \/>\n<a href=\"https:\/\/unisig.com\/de\/alle-maschinen\/b-serie-bis-800mm\/\">B-Serie &lt; 800 mm Umlauf<\/a> &#8211; BTA-Maschinen f\u00fcr zentrische Bohrungen in runden Werkst\u00fccken<\/td>\n<\/tr>\n<tr>\n<td>50 &#8211; 100 mm<\/td>\n<td><a href=\"https:\/\/unisig.com\/de\/alle-maschinen\/usk-kreuztischmaschinen\/\">USK<\/a> &#8211; ELB-Kreuztischmaschinen f\u00fcr zentrische und exzentrische Bohrungen<br \/>\n<a href=\"https:\/\/unisig.com\/de\/alle-maschinen\/usc-maschinen-fuer-grossteile\/\">USC<\/a> &#8211; BTA Fahrst\u00e4ndermaschinen f\u00fcr exzentrische Bohrungen in gr\u00f6\u00dfere Werkst\u00fccke<br \/>\n<a href=\"https:\/\/unisig.com\/de\/alle-maschinen\/usc-ts-rohrbodenmaschinen\/\">USC-TS<\/a> &#8211; Mehrspindelige Fahrst\u00e4ndermaschinen f\u00fcr W\u00e4rmetauscher-Rohrb\u00f6den<br \/>\n<a href=\"https:\/\/unisig.com\/de\/alle-maschinen\/b-serie-bis-800mm\/\">B-Serie &lt; 800 mm Umlauf<\/a> &#8211; BTA-Maschinen f\u00fcr zentrische Bohrungen in runden Werkst\u00fccken<br \/>\n<a href=\"https:\/\/unisig.com\/de\/alle-maschinen\/b-serie-ueber-800\/\">B-Serie &gt; 800 mm Umlauf<\/a> &#8211; BTA-Maschinen f\u00fcr zentrische Bohrungen in runden Werkst\u00fccken<\/td>\n<\/tr>\n<tr>\n<td>100 &#8211; 300 mm<\/td>\n<td><a href=\"https:\/\/unisig.com\/de\/alle-maschinen\/b-serie-bis-800mm\/\">B-Serie &lt; 800 mm Umlauf<\/a> &#8211; BTA-Maschinen f\u00fcr zentrische Bohrungen in runden Werkst\u00fccken<br \/>\n<a href=\"https:\/\/unisig.com\/de\/alle-maschinen\/b-serie-ueber-800\/\">B-Serie &gt; 800 mm Umlauf<\/a> &#8211; BTA-Maschinen f\u00fcr zentrische Bohrungen in runden Werkst\u00fccken<\/td>\n<\/tr>\n<tr>\n<td>300 &#8211; 1.000 mm<\/td>\n<td><a href=\"https:\/\/unisig.com\/de\/alle-maschinen\/b-serie-ueber-800\/\">B-Serie &gt; 800 mm Umlauf<\/a> &#8211; BTA-Maschinen f\u00fcr zentrische Bohrungen in runden Werkst\u00fccken<\/td>\n<\/tr>\n<\/tbody>\n<\/table>\n<p>[\/vc_column_text][\/vc_tta_section][vc_tta_section title=&#8221;Zoll&#8221; tab_id=&#8221;1470759578124-ac089a9e-38c4&#8243;][vc_column_text]<\/p>\n<table>\n<thead>\n<tr>\n<th>Bohrdurchmesser (inch)<\/th>\n<th>M\u00f6gliche Maschinenbaureihen<\/th>\n<\/tr>\n<\/thead>\n<tbody>\n<tr>\n<td>0,04 &#8211; 0,24 in<\/td>\n<td><a href=\"https:\/\/unisig.com\/de\/alle-maschinen\/une6-medizinisches-tiefbohren\/\">UNE6<\/a> &#8211; Pr\u00e4zisions-ELB-Tiefbohrmaschinen speziell f\u00fcr kleine medizinische Anwendungen<br \/>\n<a href=\"https:\/\/unisig.com\/de\/alle-maschinen\/uni-serie-tiefbohrmaschinen\/\">UNI<\/a> &#8211; ELB- und\/oder BTA-Maschinen f\u00fcr Gro\u00dfserien mit weitgehender individueller Anpassung<br \/>\n<a href=\"https:\/\/unisig.com\/de\/alle-maschinen\/usk-kreuztischmaschinen\/\">USK<\/a> &#8211; ELB-Kreuztischmaschinen f\u00fcr zentrische und exzentrische Bohrungen<\/td>\n<\/tr>\n<tr>\n<td>0,24 &#8211; 0,80 in<\/td>\n<td>\u00a0<a href=\"https:\/\/unisig.com\/de\/alle-maschinen\/une-elb-tiefbohrmaschinen\/\">UNE<\/a> &#8211; Kompakte ELB-Maschinen f\u00fcr Lohnfertiger<br \/>\n<a href=\"https:\/\/unisig.com\/de\/alle-maschinen\/uni-serie-tiefbohrmaschinen\/\">UNI<\/a> &#8211; ELB- und\/oder BTA-Maschinen f\u00fcr Gro\u00dfserien mit weitgehender individueller Anpassung<br \/>\n<a href=\"https:\/\/unisig.com\/de\/alle-maschinen\/usk-kreuztischmaschinen\/\">USK<\/a> &#8211; ELB-Kreuztischmaschinen f\u00fcr zentrische und exzentrische Bohrungen<br \/>\n<a href=\"https:\/\/unisig.com\/de\/alle-maschinen\/usc-maschinen-fuer-grossteile\/\">USC<\/a> &#8211; BTA Fahrst\u00e4ndermaschinen f\u00fcr exzentrische Bohrungen in gr\u00f6\u00dfere Werkst\u00fccke<br \/>\n<a href=\"https:\/\/unisig.com\/de\/alle-maschinen\/usc-ts-rohrbodenmaschinen\/\">USC-TS<\/a> &#8211; Mehrspindelige Fahrst\u00e4ndermaschinen f\u00fcr W\u00e4rmetauscher-Rohrb\u00f6den<\/td>\n<\/tr>\n<tr>\n<td>0,80 &#8211; 2,00 in<\/td>\n<td><a href=\"https:\/\/unisig.com\/de\/alle-maschinen\/une-elb-tiefbohrmaschinen\/\">UNE<\/a> &#8211; Kompakte ELB-Maschinen f\u00fcr Lohnfertiger<br \/>\n<a href=\"https:\/\/unisig.com\/de\/alle-maschinen\/uni-serie-tiefbohrmaschinen\/\">UNI<\/a> &#8211; ELB- und\/oder BTA-Maschinen f\u00fcr Gro\u00dfserien mit weitgehender individueller Anpassung<br \/>\n<a href=\"https:\/\/unisig.com\/de\/alle-maschinen\/usk-kreuztischmaschinen\/\">USK<\/a> &#8211; ELB-Kreuztischmaschinen f\u00fcr zentrische und exzentrische Bohrungen<br \/>\n<a href=\"https:\/\/unisig.com\/de\/alle-maschinen\/usc-maschinen-fuer-grossteile\/\">USC<\/a> &#8211; BTA Fahrst\u00e4ndermaschinen f\u00fcr exzentrische Bohrungen in gr\u00f6\u00dfere Werkst\u00fccke<br \/>\n<a href=\"https:\/\/unisig.com\/de\/alle-maschinen\/usc-ts-rohrbodenmaschinen\/\">USC-TS<\/a> &#8211; Mehrspindelige Fahrst\u00e4ndermaschinen f\u00fcr W\u00e4rmetauscher-Rohrb\u00f6den<br \/>\n<a href=\"https:\/\/unisig.com\/de\/alle-maschinen\/tiefbohr-und-fraeszentren\/\">USC-M<\/a> &#8211; ELB und BTA Tiefbohr- und Fr\u00e4szentren mit Fahrst\u00e4nder f\u00fcr den Formenbau<br \/>\n<a href=\"https:\/\/unisig.com\/de\/alle-maschinen\/b-serie-bis-800mm\/\">B-Serie &lt; 800 mm Umlauf<\/a> &#8211; BTA-Maschinen f\u00fcr zentrische Bohrungen in runden Werkst\u00fccken<\/td>\n<\/tr>\n<tr>\n<td>2.00 &#8211; 4.00 in<\/td>\n<td><a href=\"https:\/\/unisig.com\/de\/alle-maschinen\/usk-kreuztischmaschinen\/\">USK<\/a> &#8211; ELB-Kreuztischmaschinen f\u00fcr zentrische und exzentrische Bohrungen<br \/>\n<a href=\"https:\/\/unisig.com\/de\/alle-maschinen\/usc-maschinen-fuer-grossteile\/\">USC<\/a> &#8211; BTA Fahrst\u00e4ndermaschinen f\u00fcr exzentrische Bohrungen in gr\u00f6\u00dfere Werkst\u00fccke<br \/>\n<a href=\"https:\/\/unisig.com\/de\/alle-maschinen\/usc-ts-rohrbodenmaschinen\/\">USC-TS<\/a> &#8211; Mehrspindelige Fahrst\u00e4ndermaschinen f\u00fcr W\u00e4rmetauscher-Rohrb\u00f6den<br \/>\n<a href=\"https:\/\/unisig.com\/de\/alle-maschinen\/b-serie-bis-800mm\/\">B-Serie &lt; 800 mm Umlauf<\/a> &#8211; BTA-Maschinen f\u00fcr zentrische Bohrungen in runden Werkst\u00fccken<br \/>\n<a href=\"https:\/\/unisig.com\/de\/alle-maschinen\/b-serie-ueber-800\/\">B-Serie &gt; 800 mm Umlauf<\/a> &#8211; BTA-Maschinen f\u00fcr zentrische Bohrungen in runden Werkst\u00fccken<\/td>\n<\/tr>\n<tr>\n<td>4.00 &#8211; 12.00 in<\/td>\n<td><a href=\"https:\/\/unisig.com\/de\/alle-maschinen\/b-serie-bis-800mm\/\">B-Serie &lt; 800 mm Umlauf<\/a> &#8211; BTA-Maschinen f\u00fcr zentrische Bohrungen in runden Werkst\u00fccken<br \/>\n<a href=\"https:\/\/unisig.com\/de\/alle-maschinen\/b-serie-ueber-800\/\">B-Serie &gt; 800 mm Umlauf<\/a> &#8211; BTA-Maschinen f\u00fcr zentrische Bohrungen in runden Werkst\u00fccken<\/td>\n<\/tr>\n<tr>\n<td>12,0 &#8211; 40,0 in<\/td>\n<td><a href=\"https:\/\/unisig.com\/de\/alle-maschinen\/b-serie-ueber-800\/\">B-Serie &gt; 800 mm Umlauf<\/a> &#8211; BTA-Maschinen f\u00fcr zentrische Bohrungen in runden Werkst\u00fccken<\/td>\n<\/tr>\n<\/tbody>\n<\/table>\n<p>[\/vc_column_text][\/vc_tta_section][\/vc_tta_tabs][\/vc_column][\/vc_row]<\/p>\n<\/div>","protected":false},"excerpt":{"rendered":"<p>[vc_row][vc_column][vc_column_text] Maschinen nach Bohrdurchmesser finden [\/vc_column_text][vc_column_text]Verwenden Sie die folgende Tabelle, um Maschinen zu finden, die Ihre Anforderungen an den Bohrdurchmesserbereich erf\u00fcllen.[\/vc_column_text][vc_tta_tabs shape=&#8221;square&#8221; color=&#8221;white&#8221; alignment=&#8221;right&#8221; active_section=&#8221;1&#8243; el_class=&#8221;machine-spec-tables&#8221;][vc_tta_section title=&#8221;Metrisch&#8221; tab_id=&#8221;1470759578079-00b95c97-b2dc&#8221;][vc_column_text] Bohrdurchmesser (mm) M\u00f6gliche Maschinenbaureihen 1 &#8211; 6 mm UNE6 &#8211; Pr\u00e4zisions-ELB-Tiefbohrmaschinen speziell f\u00fcr kleine medizinische Anwendungen UNI &#8211; ELB- und\/oder BTA-Maschinen f\u00fcr Gro\u00dfserien mit weitgehender individueller Anpassung<a href=\"https:\/\/unisig.com\/de\/maschine-finden\/nach-dimension\/bohrungsdurchmesser\/\" class=\"more-link\">Read More<\/a><\/p>\n","protected":false},"author":3,"featured_media":0,"parent":0,"menu_order":0,"comment_status":"closed","ping_status":"closed","template":"page-templates\/template-2.php","meta":{"_acf_changed":false,"footnotes":""},"folder":[],"class_list":["post-6625","page","type-page","status-publish","hentry"],"acf":[],"_links":{"self":[{"href":"https:\/\/unisig.com\/de\/wp-json\/wp\/v2\/pages\/6625","targetHints":{"allow":["GET"]}}],"collection":[{"href":"https:\/\/unisig.com\/de\/wp-json\/wp\/v2\/pages"}],"about":[{"href":"https:\/\/unisig.com\/de\/wp-json\/wp\/v2\/types\/page"}],"author":[{"embeddable":true,"href":"https:\/\/unisig.com\/de\/wp-json\/wp\/v2\/users\/3"}],"replies":[{"embeddable":true,"href":"https:\/\/unisig.com\/de\/wp-json\/wp\/v2\/comments?post=6625"}],"version-history":[{"count":0,"href":"https:\/\/unisig.com\/de\/wp-json\/wp\/v2\/pages\/6625\/revisions"}],"wp:attachment":[{"href":"https:\/\/unisig.com\/de\/wp-json\/wp\/v2\/media?parent=6625"}],"wp:term":[{"taxonomy":"folder","embeddable":true,"href":"https:\/\/unisig.com\/de\/wp-json\/wp\/v2\/folder?post=6625"}],"curies":[{"name":"wp","href":"https:\/\/api.w.org\/{rel}","templated":true}]}}