{"id":6627,"date":"2020-06-15T10:54:36","date_gmt":"2020-06-15T15:54:36","guid":{"rendered":"https:\/\/stagingxx.unisig.com\/produkte-technologie\/maschinenzubehoer\/tieflochbohroel\/"},"modified":"2023-07-20T03:41:56","modified_gmt":"2023-07-20T08:41:56","slug":"tiefbohroel","status":"publish","type":"page","link":"https:\/\/unisig.com\/de\/maschinenzubehoer\/tiefbohroel\/","title":{"rendered":"Tiefbohr\u00f6l"},"content":{"rendered":"<div class=\"wpb-content-wrapper\"><p>[vc_row][vc_column][vc_single_image image=&#8221;4827&#8243; img_size=&#8221;full&#8221;][vc_column_text]<\/p>\n<h1>Tiefbohr-Schneid\u00f6l<\/h1>\n<p>[\/vc_column_text][vc_column_text]UNISIG 67CF und 79CF sind niedrigviskose, leistungsstarke Tiefbohr\u00f6le f\u00fcr den Einsatz beim Bohren von Aluminium, Kohlenstoffstahl, legiertem Stahl, Edelstahl, Superlegierung und exotischen Materialien.<\/p>\n<p>Diese \u00d6le enthalten einen synergisierten Fettzusatzstoff, der sich der bisherigen Fett\u00f6ltechnologie weit \u00fcberlegen bew\u00e4hrt hat. Diese Premium\u00f6le haben eine Kombination aus aktiven Schwefel- und Benetzungsmitteln, die hervorragende extreme Druckeigenschaften beim Schneiden, Einlippenbohren, BTA-Tiefbohren und Hochleistungsbearbeitung in harten Materialien bieten.<\/p>\n<p>UNISIG verwendet diese chlorfreien Schneid\u00f6le in unserem Tech Center sowie f\u00fcr Maschinentests und Werkst\u00fcck-Prototyping, um den Tiefbohrprozess kontinuierlich zu verbessern.[\/vc_column_text][\/vc_column][\/vc_row][vc_row][vc_column][vc_separator][vc_column_text]<\/p>\n<h4>Funktionen<\/h4>\n<p>[\/vc_column_text][vc_column_text]Extremdruck(EP)-Additive f\u00f6rdern die Bohrleistung in einer Vielzahl von Materialien<\/p>\n<ul>\n<li>Erh\u00f6hte Penetrationsraten<\/li>\n<li>Verl\u00e4ngerte Standzeit<\/li>\n<li>Au\u00dfergew\u00f6hnliches Bohrungsfinish<\/li>\n<\/ul>\n<p>[\/vc_column_text][vc_column_text]Das \u00d6l wird aus neuen Grundmaterialien (nicht recycelt) f\u00fcr ein konsistentes Produkt gemischt<\/p>\n<ul>\n<li>Minimierte Vernebelungseigenschaften<\/li>\n<li>Reduzierter Austrag mit Sp\u00e4nen<\/li>\n<li>Viskosit\u00e4t ausgerichtet auf Einlippenbohren und BTA-Tiefbohranwendungen<\/li>\n<\/ul>\n<p>[\/vc_column_text][vc_column_text]Chlorfrei f\u00fcr reduzierte Entsorgungskosten und Umweltfaktoren[\/vc_column_text][vc_separator][\/vc_column][\/vc_row][vc_row][vc_column width=&#8221;2\/3&#8243;][vc_column_text]<\/p>\n<h4>Spezifikationen<\/h4>\n<p>[\/vc_column_text][vc_column_text]<strong>UNISIG 67CF \u00d6l<\/strong><\/p>\n<p>Anwendung Einlippenbohren\/BTA<br \/>\nViskosit\u00e4t 100\u00b0 F | 38\u00b0 C: 65 SUS | 11.8 cSt<\/p>\n<p><strong>UNISIG 79CF \u00d6l<\/strong><\/p>\n<p>AnwendungBTA<br \/>\nViskosit\u00e4t 100\u00b0 F | 38\u00b0 C: 80 SUS | 15.6 cSt<\/p>\n<p><em>Vollst\u00e4ndige Spezifikationen und Sicherheitsdatenbl\u00e4tter sind auf Anfrage erh\u00e4ltlich.<\/em>[\/vc_column_text][\/vc_column][vc_column width=&#8221;1\/3&#8243;][vc_single_image image=&#8221;205506&#8243; img_size=&#8221;full&#8221;][\/vc_column][\/vc_row][vc_row][vc_column][vc_btn title=&#8221;Anfrage Tiefbohr\u00f6l&#8221; shape=&#8221;square&#8221; size=&#8221;sm&#8221; link=&#8221;url:%2F%3Fpage_id%3D6517|||&#8221;][vc_column_text]<em>Bestellen Sie Tiefbohr\u00f6l direkt bei UNISIG. Schneid\u00f6l wird exklusiv f\u00fcr UNISIG gemischt. \u00d6le werden direkt vom Hersteller versendet. <\/em><\/p>\n<p><em>(Derzeit in Europa nicht erh\u00e4ltlich)<\/em>[\/vc_column_text][\/vc_column][\/vc_row]<\/p>\n<\/div>","protected":false},"excerpt":{"rendered":"<p>[vc_row][vc_column][vc_single_image image=&#8221;4827&#8243; img_size=&#8221;full&#8221;][vc_column_text] Tiefbohr-Schneid\u00f6l [\/vc_column_text][vc_column_text]UNISIG 67CF und 79CF sind niedrigviskose, leistungsstarke Tiefbohr\u00f6le f\u00fcr den Einsatz beim Bohren von Aluminium, Kohlenstoffstahl, legiertem Stahl, Edelstahl, Superlegierung und exotischen Materialien. Diese \u00d6le enthalten einen synergisierten Fettzusatzstoff, der sich der bisherigen Fett\u00f6ltechnologie weit \u00fcberlegen bew\u00e4hrt hat. Diese Premium\u00f6le haben eine Kombination aus aktiven Schwefel- und Benetzungsmitteln, die hervorragende extreme<a href=\"https:\/\/unisig.com\/de\/maschinenzubehoer\/tiefbohroel\/\" class=\"more-link\">Read More<\/a><\/p>\n","protected":false},"author":3,"featured_media":0,"parent":6536,"menu_order":0,"comment_status":"closed","ping_status":"closed","template":"page-templates\/template-2.php","meta":{"_acf_changed":false,"footnotes":""},"folder":[],"class_list":["post-6627","page","type-page","status-publish","hentry"],"acf":[],"_links":{"self":[{"href":"https:\/\/unisig.com\/de\/wp-json\/wp\/v2\/pages\/6627","targetHints":{"allow":["GET"]}}],"collection":[{"href":"https:\/\/unisig.com\/de\/wp-json\/wp\/v2\/pages"}],"about":[{"href":"https:\/\/unisig.com\/de\/wp-json\/wp\/v2\/types\/page"}],"author":[{"embeddable":true,"href":"https:\/\/unisig.com\/de\/wp-json\/wp\/v2\/users\/3"}],"replies":[{"embeddable":true,"href":"https:\/\/unisig.com\/de\/wp-json\/wp\/v2\/comments?post=6627"}],"version-history":[{"count":0,"href":"https:\/\/unisig.com\/de\/wp-json\/wp\/v2\/pages\/6627\/revisions"}],"up":[{"embeddable":true,"href":"https:\/\/unisig.com\/de\/wp-json\/wp\/v2\/pages\/6536"}],"wp:attachment":[{"href":"https:\/\/unisig.com\/de\/wp-json\/wp\/v2\/media?parent=6627"}],"wp:term":[{"taxonomy":"folder","embeddable":true,"href":"https:\/\/unisig.com\/de\/wp-json\/wp\/v2\/folder?post=6627"}],"curies":[{"name":"wp","href":"https:\/\/api.w.org\/{rel}","templated":true}]}}