{"id":6632,"date":"2020-06-15T10:54:37","date_gmt":"2020-06-15T15:54:37","guid":{"rendered":"https:\/\/stagingxx.unisig.com\/finden-sie-eine-maschine\/nach-prozesstyp\/bta-bohrungen\/"},"modified":"2025-01-15T10:17:12","modified_gmt":"2025-01-15T16:17:12","slug":"bta-bohren","status":"publish","type":"page","link":"https:\/\/unisig.com\/de\/informationen-ressourcen\/tiefbohrverfahren\/bta-bohren\/","title":{"rendered":"BTA-Bohren"},"content":{"rendered":"<div class=\"wpb-content-wrapper\"><p>[vc_row][vc_column][vc_column_text]<\/p>\n<h1>BTA-Bohrverfahren<\/h1>\n<p>[\/vc_column_text][vc_column_text]<a href=\"https:\/\/unisig.com\/de\/informationen-ressourcen\/was-ist-tiefbohren\/bta-bohren\/\">BTA Tiefbohren<\/a> ist ein Verfahren, das Bohrungen von 20 &#8211; 630 mm [0 .80 &#8211; 24.0 in] Durchmesser mit h\u00f6heren Vorschubraten extrem genau bohrt. Das BTA-Bohrverfahren verwendet externe K\u00fchlmittelzufuhr und interne Spanableitung f\u00fcr eine pr\u00e4zise Bohrleistung, auch bei extremen Tiefen-zu-Durchmesser-Verh\u00e4ltnissen.[\/vc_column_text][vc_separator][vc_column_text]<\/p>\n<h2>Maschinen f\u00fcr das BTA-Bohren<\/h2>\n<p>[\/vc_column_text][\/vc_column][\/vc_row][vc_row][vc_column width=&#8221;1\/3&#8243;][vc_single_image image=&#8221;207949&#8243; img_size=&#8221;full&#8221; onclick=&#8221;custom_link&#8221; css=&#8221;&#8221; link=&#8221;https:\/\/unisig.com\/de\/alle-maschinen\/uni-serie-tiefbohrmaschinen\/&#8221;][vc_column_text]<\/p>\n<h4><a href=\"https:\/\/unisig.com\/de\/alle-maschinen\/uni-serie-tiefbohrmaschinen\/\">UNI-Serie<\/a><\/h4>\n<p>[\/vc_column_text][vc_column_text]UNI-Maschinen sind ideal f\u00fcr Tiefbohrungen in Produktionsumgebungen. Diese Maschinen sind modular konfiguriert und verf\u00fcgen oft \u00fcber Automatisierung\u00a0 um h\u00f6chste Effizienz und Genauigkeit zu erzielen.<\/p>\n<h5>Entwickelt f\u00fcr:<\/h5>\n<ul>\n<li>ELB und\/oder BTA<\/li>\n<li>Durchmesser bis 50 mm [2 .00 in]<\/li>\n<li>Zylindrische Werkst\u00fccke<\/li>\n<\/ul>\n<p>[\/vc_column_text][\/vc_column][vc_column width=&#8221;1\/3&#8243;][vc_single_image image=&#8221;207953&#8243; img_size=&#8221;full&#8221; onclick=&#8221;custom_link&#8221; css=&#8221;&#8221; link=&#8221;\/?page_id=6425&#8243;][vc_column_text]<\/p>\n<h4><a href=\"https:\/\/unisig.com\/de\/alle-maschinen\/b-serie-bis-800mm\/\">B-Serie bis 800 mm Umlauf<\/a><\/h4>\n<p>[\/vc_column_text][vc_column_text]Diese Maschinen der B-Serie bohren mit dem BTA-Verfahren pr\u00e4zise bis 300 mm [12 .0 in] Durchmesser.<\/p>\n<h5>Entwickelt f\u00fcr:<\/h5>\n<ul>\n<li>BTA<\/li>\n<li>Durchmesser bis 300 mm [12 .0 in]<\/li>\n<li>Bohrtiefen bis 10 m [32 .0 ft und mehr]<\/li>\n<li>Zylindrische Werkst\u00fccke<\/li>\n<\/ul>\n<p>[\/vc_column_text][\/vc_column][vc_column width=&#8221;1\/3&#8243;][vc_single_image image=&#8221;207956&#8243; img_size=&#8221;full&#8221; onclick=&#8221;custom_link&#8221; css=&#8221;&#8221; link=&#8221;\/?page_id=6675&#8243;][vc_column_text]<\/p>\n<h4><a href=\"https:\/\/unisig.com\/de\/alle-maschinen\/b-serie-ueber-800\/\">B-Serie \u00fcber 800 mm Umlauf<\/a><\/h4>\n<p>[\/vc_column_text][vc_column_text]Diese Maschinen der B-Serie k\u00f6nnen das Bohren l\u00e4ngerer Werkst\u00fccke ohne Einbu\u00dfen bei der Genauigkeit bew\u00e4ltigen. Geeignet f\u00fcr Bohrdurchmesser bis zu 630 [24 .8 in] mm, bis zu 20.000 mm [65 .5 ft] tief.<\/p>\n<h5>Entwickelt f\u00fcr:<\/h5>\n<ul>\n<li>BTA<\/li>\n<li>Durchmesser bis 630 mm [25 .0 in]<\/li>\n<li>Bohrtiefen bis 20.000 mm [65 .5 ft]<\/li>\n<li>Zylindrische Werkst\u00fccke<\/li>\n<\/ul>\n<p>[\/vc_column_text][\/vc_column][\/vc_row][vc_row][vc_column width=&#8221;1\/3&#8243;][vc_single_image image=&#8221;207817&#8243; img_size=&#8221;full&#8221; onclick=&#8221;custom_link&#8221; css=&#8221;&#8221; link=&#8221;\/?page_id=6657&#8243;][vc_column_text]<\/p>\n<h4><a href=\"https:\/\/unisig.com\/de\/alle-maschinen\/usc-maschinen-fuer-grossteile\/\">USC-Serie<\/a><\/h4>\n<p>[\/vc_column_text][vc_column_text]Die Fahrst\u00e4ndermaschinen der USC-Serie erlauben die Bearbeitung gr\u00f6\u00dferer und schwererer Werkst\u00fccke mit Robustheit und Genauigkeit.<\/p>\n<h5>Entwickelt f\u00fcr:<\/h5>\n<ul>\n<li>BTA<\/li>\n<li>Durchmesser bis 102 mm [4 .00 in]<\/li>\n<li>Gro\u00dfvolumige Werkst\u00fccke<\/li>\n<\/ul>\n<p>[\/vc_column_text][\/vc_column][vc_column width=&#8221;1\/3&#8243;][vc_single_image image=&#8221;207811&#8243; img_size=&#8221;full&#8221; onclick=&#8221;custom_link&#8221; css=&#8221;&#8221; link=&#8221;\/?page_id=6366&#8243;][vc_column_text]<\/p>\n<h4><a href=\"https:\/\/unisig.com\/de\/alle-maschinen\/tiefbohr-und-fraeszentren\/\">USC-M-Serie<\/a><\/h4>\n<p>[\/vc_column_text][vc_column_text]Die Maschinen der USC-M-Serie kombinieren Tiefbohren und Fr\u00e4sen in einer einzigen Maschine, was zu erheblichen Verbesserungen der Leistungsf\u00e4higkeit und des Durchsatzes f\u00fchrt.<\/p>\n<h5>Entwickelt f\u00fcr:<\/h5>\n<ul>\n<li>ELB und BTA<\/li>\n<li>Bohrdurchmesser bis 50 mm [2 .00 in]<\/li>\n<li>Gro\u00dfvolumige Werkst\u00fccke<\/li>\n<li>Anwendungen im Formenbau<\/li>\n<\/ul>\n<p>[\/vc_column_text][\/vc_column][vc_column width=&#8221;1\/3&#8243;][vc_single_image image=&#8221;207961&#8243; img_size=&#8221;full&#8221; onclick=&#8221;custom_link&#8221; css=&#8221;&#8221; link=&#8221;https:\/\/unisig.com\/de\/alle-maschinen\/unx-serie\/&#8221;][vc_column_text]<\/p>\n<h4><a href=\"https:\/\/unisig.com\/de\/alle-maschinen\/unx-serie\/\">UNX-Serie<\/a><\/h4>\n<p>[\/vc_column_text][vc_column_text]Die UNX-Serie wurde entwickelt, um den Herausforderungen von exzentrischen Bohrungen mit extremen Tiefen-zu-Durchmesser-Verh\u00e4ltnissen gerecht zu werden.<\/p>\n<h5>Entwickelt f\u00fcr:<\/h5>\n<ul>\n<li>ELB und BTA<\/li>\n<li>Durchmesser bis 50 mm [2 .00 in]<\/li>\n<li>Bohrtiefen bis 3.000 mm [118 in]<\/li>\n<li>Werkst\u00fcckl\u00e4nge bis 10.000 mm [32 .8 ft]<\/li>\n<\/ul>\n<p>[\/vc_column_text][\/vc_column][\/vc_row][vc_row][vc_column][vc_cta h2=&#8221;Anwendung einsenden&#8221; h2_font_container=&#8221;color:%23005288&#8243; h2_google_fonts=&#8221;font_family:Open%20Sans%3A300%2C300italic%2Cregular%2Citalic%2C600%2C600italic%2C700%2C700italic%2C800%2C800italic|font_style:400%20regular%3A400%3Anormal&#8221; shape=&#8221;square&#8221; style=&#8221;custom&#8221; add_button=&#8221;bottom&#8221; btn_title=&#8221;Anwendung einsenden&#8221; btn_shape=&#8221;square&#8221; css=&#8221;.vc_custom_1604568607972{border-top-width: 0px !important;border-right-width: 0px !important;border-bottom-width: 0px !important;border-left-width: 0px !important;}&#8221; use_custom_fonts_h2=&#8221;true&#8221; custom_background=&#8221;#e3e3e3&#8243; custom_text=&#8221;#151515&#8243; btn_link=&#8221;url:%2F%3Fpage_id%3D6519|||&#8221;]Senden Sie uns Ihre Anwendung f\u00fcr ein BTA Maschinenangbot.[\/vc_cta][\/vc_column][\/vc_row]<\/p>\n<\/div>","protected":false},"excerpt":{"rendered":"<p>[vc_row][vc_column][vc_column_text] BTA-Bohrverfahren [\/vc_column_text][vc_column_text]BTA Tiefbohren ist ein Verfahren, das Bohrungen von 20 &#8211; 630 mm [0 .80 &#8211; 24.0 in] Durchmesser mit h\u00f6heren Vorschubraten extrem genau bohrt. Das BTA-Bohrverfahren verwendet externe K\u00fchlmittelzufuhr und interne Spanableitung f\u00fcr eine pr\u00e4zise Bohrleistung, auch bei extremen Tiefen-zu-Durchmesser-Verh\u00e4ltnissen.[\/vc_column_text][vc_separator][vc_column_text] Maschinen f\u00fcr das BTA-Bohren [\/vc_column_text][\/vc_column][\/vc_row][vc_row][vc_column width=&#8221;1\/3&#8243;][vc_single_image image=&#8221;207949&#8243; img_size=&#8221;full&#8221; onclick=&#8221;custom_link&#8221; css=&#8221;&#8221; link=&#8221;https:\/\/unisig.com\/de\/alle-maschinen\/uni-serie-tiefbohrmaschinen\/&#8221;][vc_column_text] UNI-Serie [\/vc_column_text][vc_column_text]UNI-Maschinen<a href=\"https:\/\/unisig.com\/de\/informationen-ressourcen\/tiefbohrverfahren\/bta-bohren\/\" class=\"more-link\">Read More<\/a><\/p>\n","protected":false},"author":3,"featured_media":0,"parent":0,"menu_order":0,"comment_status":"closed","ping_status":"closed","template":"page-templates\/template-2.php","meta":{"_acf_changed":false,"footnotes":""},"folder":[],"class_list":["post-6632","page","type-page","status-publish","hentry"],"acf":[],"_links":{"self":[{"href":"https:\/\/unisig.com\/de\/wp-json\/wp\/v2\/pages\/6632","targetHints":{"allow":["GET"]}}],"collection":[{"href":"https:\/\/unisig.com\/de\/wp-json\/wp\/v2\/pages"}],"about":[{"href":"https:\/\/unisig.com\/de\/wp-json\/wp\/v2\/types\/page"}],"author":[{"embeddable":true,"href":"https:\/\/unisig.com\/de\/wp-json\/wp\/v2\/users\/3"}],"replies":[{"embeddable":true,"href":"https:\/\/unisig.com\/de\/wp-json\/wp\/v2\/comments?post=6632"}],"version-history":[{"count":0,"href":"https:\/\/unisig.com\/de\/wp-json\/wp\/v2\/pages\/6632\/revisions"}],"wp:attachment":[{"href":"https:\/\/unisig.com\/de\/wp-json\/wp\/v2\/media?parent=6632"}],"wp:term":[{"taxonomy":"folder","embeddable":true,"href":"https:\/\/unisig.com\/de\/wp-json\/wp\/v2\/folder?post=6632"}],"curies":[{"name":"wp","href":"https:\/\/api.w.org\/{rel}","templated":true}]}}