{"id":6634,"date":"2020-06-15T10:54:38","date_gmt":"2020-06-15T15:54:38","guid":{"rendered":"https:\/\/stagingxx.unisig.com\/finden-sie-eine-maschine\/nach-prozesstyp\/auswerferbohrungen\/"},"modified":"2023-07-24T06:50:53","modified_gmt":"2023-07-24T11:50:53","slug":"ejektorbohren","status":"publish","type":"page","link":"https:\/\/unisig.com\/de\/informationen-ressourcen\/tiefbohrverfahren\/ejektorbohren\/","title":{"rendered":"Ejektorbohren"},"content":{"rendered":"<div class=\"wpb-content-wrapper\"><p>[vc_row][vc_column][vc_column_text]<\/p>\n<h1>Ejektorbohren<\/h1>\n<p>[\/vc_column_text][vc_column_text]Das Ejektorbohren ist eine Variante des <a href=\"https:\/\/unisig.com\/de\/informationen-ressourcen\/was-ist-tiefbohren\/bta-bohren\/\">BTA-Tiefbohrens <\/a>mit sehr begrenztem Anwendungsbereich und einem Zweirohr-System mit sowohl internem als auch externem K\u00fchlmittel. Das K\u00fchl-\/Schneidmittel wird unter Hochdruck zwischen dem inneren und \u00e4u\u00dferen Bohrrohr eingef\u00fchrt und durch einen Adapter an der Vorderseite der Bearbeitungsspindel abgleitet. Ejektorbohren wird in der Regel als Nachr\u00fcstl\u00f6sung auf Drehmaschinen und Bearbeitungszentren eingesetzt, ist jedoch in Bezug auf Effizienz, Tiefe-zu-Durchmesser-Verh\u00e4ltnissen sowie durch die Sp\u00e4ne- und K\u00fchlmittelableitung sehr eingeschr\u00e4nkt.[\/vc_column_text][vc_separator][\/vc_column][\/vc_row][vc_row][vc_column][vc_cta h2=&#8221;Ejektor-Bohranwendungen&#8221; h2_font_container=&#8221;color:%23005288&#8243; h2_google_fonts=&#8221;font_family:Open%20Sans%3A300%2C300italic%2Cregular%2Citalic%2C600%2C600italic%2C700%2C700italic%2C800%2C800italic|font_style:400%20regular%3A400%3Anormal&#8221; shape=&#8221;square&#8221; style=&#8221;custom&#8221; add_button=&#8221;bottom&#8221; btn_title=&#8221;Anwendugn einsenden&#8221; btn_shape=&#8221;square&#8221; use_custom_fonts_h2=&#8221;true&#8221; custom_background=&#8221;#e3e3e3&#8243; custom_text=&#8221;#151515&#8243; css=&#8221;.vc_custom_1604569362706{border-top-width: 0px !important;border-right-width: 0px !important;border-bottom-width: 0px !important;border-left-width: 0px !important;}&#8221; btn_link=&#8221;url:%2F%3Fpage_id%3D6519|||&#8221;]Bitte senden Sie Ihre Anfrage an UNISIG, falls Sie erw\u00e4gen Ejektorbohren als Tiefbohrl\u00f6sung einzusetzen.[\/vc_cta][\/vc_column][\/vc_row]<\/p>\n<\/div>","protected":false},"excerpt":{"rendered":"<p>[vc_row][vc_column][vc_column_text] Ejektorbohren [\/vc_column_text][vc_column_text]Das Ejektorbohren ist eine Variante des BTA-Tiefbohrens mit sehr begrenztem Anwendungsbereich und einem Zweirohr-System mit sowohl internem als auch externem K\u00fchlmittel. Das K\u00fchl-\/Schneidmittel wird unter Hochdruck zwischen dem inneren und \u00e4u\u00dferen Bohrrohr eingef\u00fchrt und durch einen Adapter an der Vorderseite der Bearbeitungsspindel abgleitet. Ejektorbohren wird in der Regel als Nachr\u00fcstl\u00f6sung auf Drehmaschinen und<a href=\"https:\/\/unisig.com\/de\/informationen-ressourcen\/tiefbohrverfahren\/ejektorbohren\/\" class=\"more-link\">Read More<\/a><\/p>\n","protected":false},"author":3,"featured_media":0,"parent":6587,"menu_order":0,"comment_status":"closed","ping_status":"closed","template":"page-templates\/template-2.php","meta":{"_acf_changed":false,"footnotes":""},"folder":[],"class_list":["post-6634","page","type-page","status-publish","hentry"],"acf":[],"_links":{"self":[{"href":"https:\/\/unisig.com\/de\/wp-json\/wp\/v2\/pages\/6634","targetHints":{"allow":["GET"]}}],"collection":[{"href":"https:\/\/unisig.com\/de\/wp-json\/wp\/v2\/pages"}],"about":[{"href":"https:\/\/unisig.com\/de\/wp-json\/wp\/v2\/types\/page"}],"author":[{"embeddable":true,"href":"https:\/\/unisig.com\/de\/wp-json\/wp\/v2\/users\/3"}],"replies":[{"embeddable":true,"href":"https:\/\/unisig.com\/de\/wp-json\/wp\/v2\/comments?post=6634"}],"version-history":[{"count":0,"href":"https:\/\/unisig.com\/de\/wp-json\/wp\/v2\/pages\/6634\/revisions"}],"up":[{"embeddable":true,"href":"https:\/\/unisig.com\/de\/wp-json\/wp\/v2\/pages\/6587"}],"wp:attachment":[{"href":"https:\/\/unisig.com\/de\/wp-json\/wp\/v2\/media?parent=6634"}],"wp:term":[{"taxonomy":"folder","embeddable":true,"href":"https:\/\/unisig.com\/de\/wp-json\/wp\/v2\/folder?post=6634"}],"curies":[{"name":"wp","href":"https:\/\/api.w.org\/{rel}","templated":true}]}}