{"id":6638,"date":"2020-06-15T10:54:38","date_gmt":"2020-06-15T15:54:38","guid":{"rendered":"https:\/\/stagingxx.unisig.com\/finden-sie-eine-maschine\/nach-prozesstyp\/rifling\/"},"modified":"2025-01-16T08:55:38","modified_gmt":"2025-01-16T14:55:38","slug":"rifling","status":"publish","type":"page","link":"https:\/\/unisig.com\/de\/informationen-ressourcen\/tiefbohrverfahren\/drallziehen\/","title":{"rendered":"Drallziehen"},"content":{"rendered":"<div class=\"wpb-content-wrapper\"><p>[vc_row][vc_column][vc_column_text]<\/p>\n<h1>Drallziehen<\/h1>\n<p>[\/vc_column_text][vc_column_text]Das Drallziehen ist der letzte Bearbeitungsschritt in der Produktion von Laufrohlingen auf servoangetriebenen Drallziehmaschinen in einem Kaltumform- oder Schneidproze\u00df, zur Erzeugung der Felder und Z\u00fcge im Lauf mit gr\u00f6\u00dfter Pr\u00e4zsision, bevor sie \u00fcberdreht und zu Gewehrl\u00e4ufen weiterverarbeitet werden. [\/vc_column_text][vc_separator][vc_column_text]<\/p>\n<h2>Maschinen f\u00fcr das Drallziehen<\/h2>\n<p>[\/vc_column_text][\/vc_column][\/vc_row][vc_row][vc_column width=&#8221;1\/2&#8243;][vc_single_image image=&#8221;207986&#8243; img_size=&#8221;full&#8221; onclick=&#8221;custom_link&#8221; css=&#8221;&#8221; link=&#8221;\/?page_id=6668&#8243;][vc_column_text]<\/p>\n<h4><a href=\"https:\/\/unisig.com\/de\/alle-maschinen\/drallziehmaschinen\/\">Maschinen der R-Serie<\/a><\/h4>\n<p><strong>Kleine Kaliber<\/strong>[\/vc_column_text][vc_column_text]Die Drallziehmaschinen der R-Serie erg\u00e4nzen eine Fertigungszelle f\u00fcr Laufrohlinge zusammen mit <a href=\"https:\/\/unisig.com\/de\/alle-maschinen\/une-elb-tiefbohrmaschinen\/\">UNE-Einlippentiefbohr-<\/a> und <a href=\"https:\/\/unisig.com\/de\/alle-maschinen\/unr-reibmaschinen\/\">UNR-Reibmaschinen<\/a>.<\/p>\n<p>Entwickelt f\u00fcr:<\/p>\n<ul>\n<li>Drallziehen<\/li>\n<li>Laufkaliber von .17 &#8211; .50<\/li>\n<li><a href=\"https:\/\/unisig.com\/de\/branche\/schusswaffen\/\">Waffenindustrie<\/a><\/li>\n<\/ul>\n<p>[\/vc_column_text][\/vc_column][vc_column width=&#8221;1\/2&#8243;][vc_single_image image=&#8221;9637&#8243; img_size=&#8221;full&#8221; onclick=&#8221;custom_link&#8221; link=&#8221;\/?page_id=6668&#8243;][vc_column_text css=&#8221;.vc_custom_1611062576934{padding-top: 7px !important;}&#8221;]<\/p>\n<h4><a href=\"https:\/\/unisig.com\/de\/alle-maschinen\/drallziehmaschinen\/\">Maschinen der R-Serie<\/a><\/h4>\n<p><strong>Gro\u00dfe Kaliber<\/strong>[\/vc_column_text][vc_column_text]<\/p>\n<div class=\"wpb_text_column wpb_content_element \">\n<div class=\"wpb_wrapper\">\n<p>L\u00e4ufe gr\u00f6\u00dferer Kaliber werden mit dem R\u00e4umverfahren gefertigt, mit Haken &#8211; oder Kronenmessern in L\u00e4ufen bis 12 m (40ft) L\u00e4nge.<\/p>\n<p>Entwickelt f\u00fcr:<\/p>\n<ul>\n<li>Drallziehen<\/li>\n<li>K\u00e4ufe Kaliber 20mm \u2013 200mm<\/li>\n<li><a href=\"https:\/\/unisig.com\/de\/branchen\/militaer-und-verteidigung\/\">Milit\u00e4r und Verteidigung<\/a><\/li>\n<\/ul>\n<\/div>\n<\/div>\n<p>[\/vc_column_text][\/vc_column][\/vc_row][vc_row][vc_column][vc_column_text]<\/p>\n<p>[\/vc_column_text][\/vc_column][\/vc_row][vc_row][vc_column][vc_cta h2=&#8221;Anwendung einsenden&#8221; h2_font_container=&#8221;color:%23005288&#8243; h2_google_fonts=&#8221;font_family:Open%20Sans%3A300%2C300italic%2Cregular%2Citalic%2C600%2C600italic%2C700%2C700italic%2C800%2C800italic|font_style:400%20regular%3A400%3Anormal&#8221; shape=&#8221;square&#8221; style=&#8221;custom&#8221; add_button=&#8221;bottom&#8221; btn_title=&#8221;Anwendung einsenden&#8221; btn_shape=&#8221;square&#8221; css=&#8221;.vc_custom_1605885183369{border-top-width: 0px !important;border-right-width: 0px !important;border-bottom-width: 0px !important;border-left-width: 0px !important;}&#8221; use_custom_fonts_h2=&#8221;true&#8221; custom_background=&#8221;#e3e3e3&#8243; custom_text=&#8221;#151515&#8243; btn_link=&#8221;url:%2F%3Fpage_id%3D6519|||&#8221;]Senden Sie Ihre Anwendung f\u00fcr f\u00fcr ein Drallziehmaschinenangebot.[\/vc_cta][\/vc_column][\/vc_row]<\/p>\n<\/div>","protected":false},"excerpt":{"rendered":"<p>[vc_row][vc_column][vc_column_text] Drallziehen [\/vc_column_text][vc_column_text]Das Drallziehen ist der letzte Bearbeitungsschritt in der Produktion von Laufrohlingen auf servoangetriebenen Drallziehmaschinen in einem Kaltumform- oder Schneidproze\u00df, zur Erzeugung der Felder und Z\u00fcge im Lauf mit gr\u00f6\u00dfter Pr\u00e4zsision, bevor sie \u00fcberdreht und zu Gewehrl\u00e4ufen weiterverarbeitet werden. [\/vc_column_text][vc_separator][vc_column_text] Maschinen f\u00fcr das Drallziehen [\/vc_column_text][\/vc_column][\/vc_row][vc_row][vc_column width=&#8221;1\/2&#8243;][vc_single_image image=&#8221;207986&#8243; img_size=&#8221;full&#8221; onclick=&#8221;custom_link&#8221; css=&#8221;&#8221; link=&#8221;\/?page_id=6668&#8243;][vc_column_text] Maschinen der R-Serie<a href=\"https:\/\/unisig.com\/de\/informationen-ressourcen\/tiefbohrverfahren\/drallziehen\/\" class=\"more-link\">Read More<\/a><\/p>\n","protected":false},"author":3,"featured_media":0,"parent":6587,"menu_order":0,"comment_status":"closed","ping_status":"closed","template":"page-templates\/template-2.php","meta":{"_acf_changed":false,"footnotes":""},"folder":[],"class_list":["post-6638","page","type-page","status-publish","hentry"],"acf":[],"_links":{"self":[{"href":"https:\/\/unisig.com\/de\/wp-json\/wp\/v2\/pages\/6638","targetHints":{"allow":["GET"]}}],"collection":[{"href":"https:\/\/unisig.com\/de\/wp-json\/wp\/v2\/pages"}],"about":[{"href":"https:\/\/unisig.com\/de\/wp-json\/wp\/v2\/types\/page"}],"author":[{"embeddable":true,"href":"https:\/\/unisig.com\/de\/wp-json\/wp\/v2\/users\/3"}],"replies":[{"embeddable":true,"href":"https:\/\/unisig.com\/de\/wp-json\/wp\/v2\/comments?post=6638"}],"version-history":[{"count":0,"href":"https:\/\/unisig.com\/de\/wp-json\/wp\/v2\/pages\/6638\/revisions"}],"up":[{"embeddable":true,"href":"https:\/\/unisig.com\/de\/wp-json\/wp\/v2\/pages\/6587"}],"wp:attachment":[{"href":"https:\/\/unisig.com\/de\/wp-json\/wp\/v2\/media?parent=6638"}],"wp:term":[{"taxonomy":"folder","embeddable":true,"href":"https:\/\/unisig.com\/de\/wp-json\/wp\/v2\/folder?post=6638"}],"curies":[{"name":"wp","href":"https:\/\/api.w.org\/{rel}","templated":true}]}}