{"id":6639,"date":"2020-06-15T10:54:39","date_gmt":"2020-06-15T15:54:39","guid":{"rendered":"https:\/\/stagingxx.unisig.com\/finden-sie-eine-maschine\/nach-prozesstyp\/trepanning\/"},"modified":"2025-01-15T10:41:47","modified_gmt":"2025-01-15T16:41:47","slug":"kernbohren","status":"publish","type":"page","link":"https:\/\/unisig.com\/de\/informationen-ressourcen\/tiefbohrverfahren\/kernbohren\/","title":{"rendered":"Kernbohren"},"content":{"rendered":"<div class=\"wpb-content-wrapper\"><p>[vc_row][vc_column][vc_column_text]<\/p>\n<h1>Kernbohren<\/h1>\n<p>[\/vc_column_text][vc_column_text]Kernbohren erzeugt Bohrungen in Vollmaterial unter Beibehaltung eines festen Kerns in der Mitte. Es k\u00f6nnen gr\u00f6\u00dfere Bohrungen mit der gleichen relativen Schneidleistung gebohrt werden, und der verbleibende kleinere Materialkern kann m\u00f6glicherweise wiederverwendet werden.[\/vc_column_text][vc_separator][vc_column_text]<\/p>\n<h2>Maschinen f\u00fcr das Kernbohren finden<\/h2>\n<p>[\/vc_column_text][\/vc_column][\/vc_row][vc_row][vc_column width=&#8221;1\/3&#8243;][vc_single_image image=&#8221;207953&#8243; img_size=&#8221;full&#8221; onclick=&#8221;custom_link&#8221; css=&#8221;&#8221; link=&#8221;\/?page_id=6425&#8243;][vc_column_text]<\/p>\n<h4><a href=\"https:\/\/unisig.com\/de\/alle-maschinen\/b-serie-bis-800mm\/\">B-Serie bis 800 mm Umlauf<\/a><\/h4>\n<p>[\/vc_column_text][vc_column_text]Diese Maschinen der B-Serie bohren mit dem BTA-Verfahren pr\u00e4zise bis 300 mm [12 .0 in] Durchmesser.<\/p>\n<h5>Entwickelt f\u00fcr:<\/h5>\n<ul>\n<li>BTA, Kernbohren<\/li>\n<li>Durchmesser bis 300 mm [12 .0 in]<\/li>\n<li>Bohrtiefen bis 10.000 mm [32.0 ft] und mehr<\/li>\n<li>Zylindrische Werkst\u00fccke<\/li>\n<\/ul>\n<p>[\/vc_column_text][\/vc_column][vc_column width=&#8221;1\/3&#8243;][vc_single_image image=&#8221;207956&#8243; img_size=&#8221;full&#8221; onclick=&#8221;custom_link&#8221; css=&#8221;&#8221; link=&#8221;\/?page_id=6675&#8243;][vc_column_text]<\/p>\n<h4><a href=\"https:\/\/unisig.com\/de\/alle-maschinen\/b-serie-ueber-800\/\">B-Serie \u00fcber 800 mm Umlauf<\/a><\/h4>\n<p>[\/vc_column_text][vc_column_text css=&#8221;&#8221;]Diese Maschinen der B-Serie k\u00f6nnen das Bohren l\u00e4ngerer Werkst\u00fccke ohne Einbu\u00dfen bei der Genauigkeit bew\u00e4ltigen. Geeignet f\u00fcr Bohrdurchmesser bis zu 630 [24 .8 in] mm, bis zu 20.000 mm [65 .5 ft] tief.<\/p>\n<h5>Entwickelt f\u00fcr:<\/h5>\n<ul>\n<li>BTA, Kernbohren<\/li>\n<li>Durchmesser bis 630 mm [25 .0 in]<\/li>\n<li>Bohrtiefen bis 20.000 mm [65 .5 ft]<\/li>\n<li>Zylindrische Werkst\u00fccke<\/li>\n<\/ul>\n<p>[\/vc_column_text][\/vc_column][\/vc_row][vc_row][vc_column][vc_cta h2=&#8221;Anwendung einsenden&#8221; h2_font_container=&#8221;color:%23005288&#8243; h2_google_fonts=&#8221;font_family:Open%20Sans%3A300%2C300italic%2Cregular%2Citalic%2C600%2C600italic%2C700%2C700italic%2C800%2C800italic|font_style:400%20regular%3A400%3Anormal&#8221; shape=&#8221;square&#8221; style=&#8221;custom&#8221; add_button=&#8221;bottom&#8221; btn_title=&#8221;Anwendung einsenden&#8221; btn_shape=&#8221;square&#8221; css=&#8221;.vc_custom_1604673767147{border-top-width: 0px !important;border-right-width: 0px !important;border-bottom-width: 0px !important;border-left-width: 0px !important;}&#8221; use_custom_fonts_h2=&#8221;true&#8221; btn_add_icon=&#8221;true&#8221; custom_background=&#8221;#e3e3e3&#8243; custom_text=&#8221;#151515&#8243; btn_link=&#8221;url:%2F%3Fpage_id%3D6519|||&#8221;]Senden Sie Ihre Anwendungsdaten f\u00fcr ein Angebot \u00fcber eine Kernbohrmaschine.[\/vc_cta][\/vc_column][\/vc_row]<\/p>\n<\/div>","protected":false},"excerpt":{"rendered":"<p>[vc_row][vc_column][vc_column_text] Kernbohren [\/vc_column_text][vc_column_text]Kernbohren erzeugt Bohrungen in Vollmaterial unter Beibehaltung eines festen Kerns in der Mitte. Es k\u00f6nnen gr\u00f6\u00dfere Bohrungen mit der gleichen relativen Schneidleistung gebohrt werden, und der verbleibende kleinere Materialkern kann m\u00f6glicherweise wiederverwendet werden.[\/vc_column_text][vc_separator][vc_column_text] Maschinen f\u00fcr das Kernbohren finden [\/vc_column_text][\/vc_column][\/vc_row][vc_row][vc_column width=&#8221;1\/3&#8243;][vc_single_image image=&#8221;207953&#8243; img_size=&#8221;full&#8221; onclick=&#8221;custom_link&#8221; css=&#8221;&#8221; link=&#8221;\/?page_id=6425&#8243;][vc_column_text] B-Serie bis 800 mm Umlauf [\/vc_column_text][vc_column_text]Diese Maschinen der<a href=\"https:\/\/unisig.com\/de\/informationen-ressourcen\/tiefbohrverfahren\/kernbohren\/\" class=\"more-link\">Read More<\/a><\/p>\n","protected":false},"author":3,"featured_media":0,"parent":6587,"menu_order":0,"comment_status":"closed","ping_status":"closed","template":"page-templates\/template-2.php","meta":{"_acf_changed":false,"footnotes":""},"folder":[],"class_list":["post-6639","page","type-page","status-publish","hentry"],"acf":[],"_links":{"self":[{"href":"https:\/\/unisig.com\/de\/wp-json\/wp\/v2\/pages\/6639","targetHints":{"allow":["GET"]}}],"collection":[{"href":"https:\/\/unisig.com\/de\/wp-json\/wp\/v2\/pages"}],"about":[{"href":"https:\/\/unisig.com\/de\/wp-json\/wp\/v2\/types\/page"}],"author":[{"embeddable":true,"href":"https:\/\/unisig.com\/de\/wp-json\/wp\/v2\/users\/3"}],"replies":[{"embeddable":true,"href":"https:\/\/unisig.com\/de\/wp-json\/wp\/v2\/comments?post=6639"}],"version-history":[{"count":0,"href":"https:\/\/unisig.com\/de\/wp-json\/wp\/v2\/pages\/6639\/revisions"}],"up":[{"embeddable":true,"href":"https:\/\/unisig.com\/de\/wp-json\/wp\/v2\/pages\/6587"}],"wp:attachment":[{"href":"https:\/\/unisig.com\/de\/wp-json\/wp\/v2\/media?parent=6639"}],"wp:term":[{"taxonomy":"folder","embeddable":true,"href":"https:\/\/unisig.com\/de\/wp-json\/wp\/v2\/folder?post=6639"}],"curies":[{"name":"wp","href":"https:\/\/api.w.org\/{rel}","templated":true}]}}