{"id":6642,"date":"2020-06-15T10:54:39","date_gmt":"2020-06-15T15:54:39","guid":{"rendered":"https:\/\/stagingxx.unisig.com\/feindruck\/cookie-einstellungen\/"},"modified":"2021-05-10T07:24:54","modified_gmt":"2021-05-10T12:24:54","slug":"cookie-einstellungen","status":"publish","type":"page","link":"https:\/\/unisig.com\/de\/feindruck\/cookie-einstellungen\/","title":{"rendered":"Cookie-Einstellungen"},"content":{"rendered":"<div class=\"wpb-content-wrapper\"><p>[vc_row][vc_column][vc_column_text]<\/p>\n<h1>Cookie-Richtlinie<\/h1>\n<p><em>Zuletzt aktualisiert am 25. Mai 2018<\/em><\/p>\n<p>Diese Cookie-Richtlinie gilt f\u00fcr diese Website (&#8220;<strong>Site<\/strong>&#8220;), die von der UNISIG-Abteilung von Entrust Manufacturing Technologies, Inc. (zusammen mit ihren tochternahen Unternehmen, &#8220;<strong>UNISIG<\/strong>,&#8221; &#8220;<strong>wir,&#8221;<\/strong>&#8220;<strong>uns,<\/strong>&#8221; oder &#8220;<strong>unsere&#8221;<\/strong>und erkl\u00e4rt, was Cookies sind und wie wir sie verwenden, sowie Ihre Rechte und Entscheidungen in Bezug auf unsere Verwendung von Cookies.<\/p>\n<p>Wie in unserer <a href=\"https:\/\/unisig.com\/de\/feindruck\/datenschutz\/?lang=de\">Datenschutzrichtlinie<\/a>erw\u00e4hnt, verwendet diese Website automatisch Cookies und andere Tracking-Technologien, um Ihre Nutzung der Website zu verfolgen. Diese Cookie-Richtlinie ist Bestandteil unserer <a href=\"https:\/\/unisig.com\/de\/feindruck\/datenschutz\/?lang=de\">Datenschutzrichtlinie<\/a>und wird zu einem Bestandteil dieser Richtlinie . <strong>Wir behalten uns das Recht vor, diese Cookie-Richtlinie jederzeit zu \u00e4ndern. Alle \u00c4nderungen werden sofort nach der Ver\u00f6ffentlichung auf der Website wirksam. Wesentliche \u00c4nderungen werden auff\u00e4llig auf der Website ver\u00f6ffentlicht oder Ihnen anderweitig mitgeteilt.<\/strong> Wenn Sie Fragen oder Bedenken \u00fcber unsere Verwendung von Tracking-Technologien haben, kontaktieren Sie uns bitte \u00fcber die Kontaktinformationen in unserer <a href=\"https:\/\/unisig.com\/de\/feindruck\/datenschutz\/?lang=de\">Datenschutzrichtlinie<\/a>.<\/p>\n<h3>Was sind Cookies?<\/h3>\n<p>Cookies sind kleine Dateien, die von Websites stammen und von Ihrem Webbrowser auf der Festplatte Ihres Computers oder Mobilger\u00e4ts gespeichert werden. Wenn eine Website Cookies verwendet, werden diese Cookies bei jedem Besuch dieser Website aktiviert. Ein Cookie erm\u00f6glicht es der Website, die das Cookie verwendet, mit Ihrem Webbrowser zu sprechen. In der Reihenfolge der Worte, Cookies erm\u00f6glichen es Ihrem Web-Browser und der Website, Informationen hin und her zu senden. Die meisten Websites verwenden Cookies. Dar\u00fcber hinaus akzeptieren die meisten Webbrowser automatisch Cookies. Sie k\u00f6nnen Cookies deaktivieren (wie unten erl\u00e4utert), aber das Deaktivieren von Cookies kann sich auf Ihre Nutzung und den Genuss der entsprechenden Website auswirken.<\/p>\n<p>Im Allgemeinen werden Cookies und andere Tracking-Technologien (wie unten erl\u00e4utert) verwendet, um die Benutzererfahrung auf der Website zu erleichtern und zu verbessern. Cookies k\u00f6nnen beispielsweise Websites dabei helfen, sich die Entscheidungen zu merken, die Sie beim Besuch der Website treffen, z. B. Ihre bevorzugte Sprache, Ihre Sucheinstellungen oder andere Einstellungen sowie Text, den Sie auf der Website eingeben, z. B. Ihren Benutzernamen, Ihr Kennwort oder Ihre Kontaktinformationen. Cookies k\u00f6nnen auch erkennen, welches Ger\u00e4t Sie f\u00fcr den Zugriff auf eine Website verwenden (z. B. Ihren Laptop im Vergleich zu Ihrem Mobiltelefon), sowie die IP-Adresse (Internet Protocol), die diesem Ger\u00e4t zugewiesen ist, und sich dann diese Informationen f\u00fcr das n\u00e4chste Mal merken, wenn Sie die Website besuchen. Einige Cookies k\u00f6nnen erkennen, ob Sie zum ersten Mal eine Website besuchen, und weisen dann die Website an, den angezeigten Inhalt entsprechend anzupassen.<\/p>\n<p>Cookies fallen in der Regel in eine oder mehrere der folgenden Kategorien:<\/p>\n<ul>\n<li>Cookies, die operativ notwendig sind;<\/li>\n<li>Cookies, die sich auf die Funktionalit\u00e4t einer Website beziehen;<\/li>\n<li>Cookies, die sich auf die Leistung einer Website beziehen; Und<\/li>\n<li>Cookies, die sich auf Werbung beziehen.<\/li>\n<\/ul>\n<p>Dar\u00fcber hinaus kann jede Art von Cookie entweder ein &#8220;Sitzungscookie&#8221; oder ein &#8220;persistentes&#8221; Cookie sein. Die Website kann sowohl Sitzungs- als auch persistente Cookies verwenden. Weitere Informationen dazu, wie lange ein Cookie dauert, finden Sie unter <em>Wie lange halten Cookies?<\/em>, weiter unten.<\/p>\n<p>Cookies k\u00f6nnen auch &#8220;First-Party&#8221;-Cookies oder &#8220;Drittanbieter&#8221;-Cookies sein. Ein First-Party-Cookie erm\u00f6glicht es Ihrem Webbrowser, mit der eigentlichen Website, die Sie besuchen, zu sprechen, w\u00e4hrend ein Drittanbieter-Cookie Ihrem Webbrowser erlaubt, mit einer Website eines Drittanbieters zu sprechen, z. B. mit der Quelle einer Anzeige, die auf der von Ihnen besuchten Website oder einem Drittanbieter-Analyseanbieter erscheint.<\/p>\n<h3>Warum verwendet die Website Cookies?<\/h3>\n<p>Wir verwenden Cookies und andere Tracking-Technologien, um Website-Besucher \u00fcber das Internet zu verfolgen und um zu verstehen, wie Benutzer auf die Website gelangen und diese nutzen. Wir verwenden Cookies, um zu erfahren, welche Suchbegriffe verwendet werden, um die Website zu finden, welche Websites Sie zur Website leiten, wie Sie auf die Website zugreifen und diese nutzen, wie und wann Benutzer die Website besuchen und wie beliebt Website-Seiten sind und nicht. Wir verwenden Cookies auch, um bestimmte Informationen auf der Website anzuzeigen und um Ihren Genuss und die Funktionalit\u00e4t der Website zu verbessern, z. B. indem wir uns Ihre Kontaktinformationen oder andere Informationen merken, die Sie bei der Nutzung der Website angeben.<\/p>\n<p><strong>Die<\/strong> <strong> Website verwendet operativ notwendige Cookies, funktionale Cookies, leistungsbezogene Cookies und Werbecookies.<\/strong> Die Von der Website verwendeten Arten von Cookies werden im Folgenden ausf\u00fchrlicher beschrieben.<\/p>\n<p>Die Website verwendet sowohl Erst- als auch Drittanbieter-Cookies. Wir haben keinen Zugriff auf Cookies von Drittanbietern und kontrollieren sie auch nicht.<\/p>\n<h3>Welche Informationen werden gesammelt und wie werden diese Informationen verwendet?<\/h3>\n<p>Die Art der durch ein Cookie gesammelten Informationen und die Zwecke, f\u00fcr die diese Informationen verwendet werden, h\u00e4ngen von der Art des Cookies ab. Zur Veranschaulichung werden im Folgenden die Arten von Informationen beschrieben, die von den Cookies der Website gesammelt werden, und die Zwecke, f\u00fcr die diese Informationen verwendet werden. Wir k\u00f6nnen auch Informationen, die durch Cookies gesammelt werden, mit anderen Informationen kombinieren, die von oder \u00fcber die Website gesammelt werden, wie in unserer <a href=\"https:\/\/unisig.com\/de\/feindruck\/datenschutz\/?lang=de\">Datenschutzrichtlinie<\/a>beschrieben.<\/p>\n<ul>\n<li><strong>Operativ<\/strong> <strong> notwendige Cookies (auch Als Essential Cookies bezeichnet).<\/strong> Dies sind Cookies, die erforderlich sind, damit die Website wie beabsichtigt funktioniert und funktioniert. Diese Cookies sind beispielsweise erforderlich, um unregelm\u00e4\u00dfiges Websiteverhalten zu identifizieren, betr\u00fcgerische Aktivit\u00e4ten zu verhindern oder die Sicherheit zu verbessern. Diese Cookies erm\u00f6glichen es den Website-Nutzern auch, bestimmte Funktionen der Website zu nutzen, wie z. B. Einkaufswagen und gespeicherte Suche. Diese Cookies k\u00f6nnen es einer Website auch erm\u00f6glichen, Text, den Sie zuvor in eines der Formulare der Website eingegeben haben, zu &#8220;erinnern&#8221;. Ohne diese Cookies funktionieren Websites nicht ordnungsgem\u00e4\u00df.<\/li>\n<li><strong>Funktionale Cookies.<\/strong> Diese Cookies erm\u00f6glichen es uns, Ihnen erweiterte Funktionen beim Zugriff auf oder bei der Nutzung der Website anzubieten. Dies kann das Erinnern an Die von Ihnen getroffenen Entscheidungen umfassen, z. B. das Erinnern Ihres Benutzernamens, Ihrer Einstellungen oder Einstellungen, das Erinnern, ob Sie auf etwas auf oder \u00fcber die Website reagiert haben, so dass Sie nicht erneut aufgefordert werden, dies zu tun, das Erinnern, ob Sie zuvor eine Funktion der Website verwendet haben, die Anzahl der Anzeigen, die Erinnerung an Ihren Standort und Social-Media-Komponenten zu aktivieren. Wie oben beschrieben, k\u00f6nnen Sie funktionale Cookies deaktivieren, aber wenn Sie dies tun, sind verschiedene Funktionen der Website f\u00fcr Sie m\u00f6glicherweise nicht verf\u00fcgbar oder funktionieren nicht so, wie Sie es w\u00fcnschen.<\/li>\n<li><strong>Performance-Cookies (auch Analytische Cookies genannt).<\/strong> Diese Cookies bewerten die Leistung der Website, auch als Teil unserer Analysepraktiken, um uns zu helfen, zu verstehen, wie Besucher die Website nutzen und mit ihnen interagieren, z. B. welche Seiten benutzer auf der Website am meisten (oder am wenigsten) besuchen und wenn Sie Fehlermeldungen erhalten. Diese Cookies erm\u00f6glichen es uns auch, Inhalte zu personalisieren und sich Ihre Pr\u00e4ferenzen zu merken (z. B. Ihre Wahl der Sprache, des Landes oder der Region). Diese Cookies helfen uns, die Funktionsweise der Website zu verbessern und eine bessere und personalisierte Benutzererfahrung zu bieten. Wir verwenden die durch diese Cookies gesammelten Informationen auch, um andere Produkte und Dienstleistungen zu entwickeln und zu verbessern. Einige unserer leistungsbezogenen Cookies k\u00f6nnen f\u00fcr uns von Dritten verwaltet werden.<\/li>\n<li><strong>Werbe-Cookies<\/strong>. Diese Cookies zeichnen Ihre Besuche auf der Website, die Seiten, die Sie auf der Website besuchen, und die Links, auf die Sie geklickt haben. Sie sammeln Informationen \u00fcber Ihre Surfgewohnheiten und erinnern sich daran, dass Sie eine bestimmte Website besucht haben. UNISIG und seine Drittanbieter-Werbeplattformen oder -netzwerke k\u00f6nnen diese Informationen verwenden, um die Website, ihre Inhalte und Werbung (unabh\u00e4ngig davon, ob sie auf der Website oder auf Websites Dritter angezeigt wird) f\u00fcr Sie und Ihre Interessen relevanter zu machen, was manchmal als &#8220;verhaltensbezogene&#8221; oder &#8220;gezielte&#8221; Werbung bezeichnet wird. (Weitere Informationen dar\u00fcber, wie wir verhaltensbezogene oder zielgerichtete Werbung betreiben, finden Sie in unserer <a href=\"https:\/\/unisig.com\/de\/feindruck\/datenschutz\/?lang=de\">Datenschutzerkl\u00e4rung<\/a>.) Diese Cookies werden auch verwendet, um die Anzahl der Anzeigen zu begrenzen und die Effektivit\u00e4t von Werbekampagnen zu messen. Um mehr \u00fcber interessenbasierte Anzeigen und Ihre Auswahl zu erfahren, besuchen Sie bitte die <a href=\"http:\/\/digitaladvertisingalliance.org\" target=\"_blank\" rel=\"noopener noreferrer\">Digital Advertising Alliance<\/a>, die Network Advertising <a href=\"https:\/\/www.networkadvertising.org\" target=\"_blank\" rel=\"noopener noreferrer\">Initiative<\/a>, das Interactive Advertising <a href=\"https:\/\/www.iabeurope.eu\" target=\"_blank\" rel=\"noopener noreferrer\">Bureau (IAB) Europe<\/a>, <a href=\"https:\/\/www.allaboutcookies.org\" target=\"_blank\" rel=\"noopener noreferrer\">http:\/\/www.allaboutcookies.org<\/a>und <a href=\"http:\/\/www.youronlinechoices.com\" target=\"_blank\" rel=\"noopener noreferrer\">http:\/\/www.youronlinechoices.com<\/a>.<\/li>\n<\/ul>\n<h3>Wie lange halten Cookies?<\/h3>\n<p>Ein Cookie kann entweder ein so genanntes &#8220;Sitzungscookie&#8221; oder ein &#8220;persistentes&#8221; Cookie sein. Sitzungscookies existieren nur so lange, wie Sie die entsprechende Website besuchen. Sitzungscookies werden in der Regel gel\u00f6scht oder entfernt, wenn Sie Ihre Webbrowseranwendung beenden oder beenden. Persistente Cookies existieren f\u00fcr einen bestimmten Zeitraum, z. B. sechs Monate oder ein Jahr. Jedes Mal, wenn Sie eine Website besuchen, die ein persistentes Cookie implementiert hat, bleibt dieses Cookie bis zum vorgegebenen Ablaufdatum aktiv. Sie k\u00f6nnen persistente Cookies auch manuell l\u00f6schen, wie unten beschrieben.<\/p>\n<h3>Was sind meine Entscheidungen? Wie kann ich Cookies kontrollieren, deaktivieren oder deaktivieren?<\/h3>\n<p>Die meisten Webbrowser erm\u00f6glichen es Benutzern, Cookies in den Einstellungen des Browsers zu verwalten. Beispielsweise kann ein Webbrowser Ihnen erlauben, Cookies von bestimmten Websites abzulehnen, bestimmte Arten von Cookies (z. B. Werbecookies) unabh\u00e4ngig von der Website abzulehnen, alle Cookies von allen Websites abzulehnen oder zu deaktivieren und\/oder zuvor gespeicherte Cookies zu l\u00f6schen. Einige Webbrowser bieten Ihnen auch die M\u00f6glichkeit, jedes Mal benachrichtigt zu werden, wenn ein Cookie von einer Website an Ihren Webbrowser gesendet wird.<\/p>\n<p>Bitte beachten Sie, dass die Deaktivierung oder anderweitige Beschr\u00e4nkung von Cookies Ihre Nutzung und den Genuss der Website und anderer Websites beeintr\u00e4chtigen kann. Beispielsweise kann die Website m\u00f6glicherweise nicht f\u00fcr Sie personalisiert werden, die Website erfasst oder erinnert sich m\u00f6glicherweise nicht mehr \u00fcber Ihre Pr\u00e4ferenzen oder andere Entscheidungen, die Sie in der Vergangenheit auf der Website getroffen haben, die Website erinnert sich m\u00f6glicherweise nicht an Ihre Kontaktinformationen oder andere Informationen, die Sie \u00fcber die Website eingegeben haben, und die Website erkennt m\u00f6glicherweise nicht die Ger\u00e4te, die Sie f\u00fcr den Zugriff auf die Website verwenden.<\/p>\n<p>Aufgrund der automatischen Erfassung von Daten mithilfe von Cookies durch die Website ber\u00fccksichtigen wir keine &#8220;nicht nachverfolgen&#8221;-Anfragen. Wir sind nach dem California Online Privacy Protection Act (COPPA) verpflichtet, anzugeben, ob die Website Nicht-Track-Anfragen ber\u00fccksichtigt. Weitere Informationen zu Do Not Track finden Sie unter <a href=\"https:\/\/www.ftc.gov\/public-statements\/2011\/10\/do-not-track-privacy-internet-age\" target=\"_blank\" rel=\"noopener noreferrer\">https:\/\/www.ftc.gov\/public-statements\/2011\/10\/do-not-track-privacy-internet-age<\/a>.<\/p>\n<p>F\u00fcr weitere Informationen \u00fcber Cookies, einschlie\u00dflich \u00fcber Werbe-Cookies und Ihre Auswahl in Bezug auf Cookies, empfehlen wir Ihnen,:<\/p>\n<ul>\n<li><a href=\"https:\/\/www.consumer.ftc.gov\/articles\/0042-online-tracking\" target=\"_blank\" rel=\"noopener noreferrer\">https:\/\/www.consumer.ftc.gov\/articles\/0042-online-tracking<\/a><\/li>\n<li><a href=\"https:\/\/www.allaboutcookies.org\" target=\"_blank\" rel=\"noopener noreferrer\">http:\/\/www.allaboutcookies.org<\/a><\/li>\n<li><a href=\"https:\/\/www.aboutcookies.org\" target=\"_blank\" rel=\"noopener noreferrer\">https:\/\/www.aboutcookies.org<\/a><\/li>\n<li><a href=\"http:\/\/www.youronlinechoices.eu\" target=\"_blank\" rel=\"noopener noreferrer\">http:\/\/www.youronlinechoices.eu<\/a><\/li>\n<li><a href=\"https:\/\/www.iab.com\" target=\"_blank\" rel=\"noopener noreferrer\">https:\/\/www.iab.com<\/a><\/li>\n<li><a href=\"https:\/\/www.iabeurope.eu\" target=\"_blank\" rel=\"noopener noreferrer\">https:\/\/www.iabeurope.eu<\/a><\/li>\n<\/ul>\n<p>[\/vc_column_text][\/vc_column][\/vc_row]<\/p>\n<\/div>","protected":false},"excerpt":{"rendered":"<p>[vc_row][vc_column][vc_column_text] Cookie-Richtlinie Zuletzt aktualisiert am 25. Mai 2018 Diese Cookie-Richtlinie gilt f\u00fcr diese Website (&#8220;Site&#8220;), die von der UNISIG-Abteilung von Entrust Manufacturing Technologies, Inc. (zusammen mit ihren tochternahen Unternehmen, &#8220;UNISIG,&#8221; &#8220;wir,&#8221;&#8220;uns,&#8221; oder &#8220;unsere&#8221;und erkl\u00e4rt, was Cookies sind und wie wir sie verwenden, sowie Ihre Rechte und Entscheidungen in Bezug auf unsere Verwendung von Cookies. Wie<a href=\"https:\/\/unisig.com\/de\/feindruck\/cookie-einstellungen\/\" class=\"more-link\">Read More<\/a><\/p>\n","protected":false},"author":3,"featured_media":0,"parent":6578,"menu_order":0,"comment_status":"closed","ping_status":"closed","template":"page-templates\/template-2.php","meta":{"_acf_changed":false,"footnotes":""},"folder":[],"class_list":["post-6642","page","type-page","status-publish","hentry"],"acf":[],"_links":{"self":[{"href":"https:\/\/unisig.com\/de\/wp-json\/wp\/v2\/pages\/6642","targetHints":{"allow":["GET"]}}],"collection":[{"href":"https:\/\/unisig.com\/de\/wp-json\/wp\/v2\/pages"}],"about":[{"href":"https:\/\/unisig.com\/de\/wp-json\/wp\/v2\/types\/page"}],"author":[{"embeddable":true,"href":"https:\/\/unisig.com\/de\/wp-json\/wp\/v2\/users\/3"}],"replies":[{"embeddable":true,"href":"https:\/\/unisig.com\/de\/wp-json\/wp\/v2\/comments?post=6642"}],"version-history":[{"count":0,"href":"https:\/\/unisig.com\/de\/wp-json\/wp\/v2\/pages\/6642\/revisions"}],"up":[{"embeddable":true,"href":"https:\/\/unisig.com\/de\/wp-json\/wp\/v2\/pages\/6578"}],"wp:attachment":[{"href":"https:\/\/unisig.com\/de\/wp-json\/wp\/v2\/media?parent=6642"}],"wp:term":[{"taxonomy":"folder","embeddable":true,"href":"https:\/\/unisig.com\/de\/wp-json\/wp\/v2\/folder?post=6642"}],"curies":[{"name":"wp","href":"https:\/\/api.w.org\/{rel}","templated":true}]}}