{"id":6644,"date":"2020-06-15T10:54:40","date_gmt":"2020-06-15T15:54:40","guid":{"rendered":"https:\/\/stagingxx.unisig.com\/finden-sie-eine-maschine\/nach-prozesstyp\/reiben\/"},"modified":"2025-01-15T16:19:56","modified_gmt":"2025-01-15T22:19:56","slug":"reiben","status":"publish","type":"page","link":"https:\/\/unisig.com\/de\/informationen-ressourcen\/tiefbohrverfahren\/reiben\/","title":{"rendered":"Reiben"},"content":{"rendered":"<div class=\"wpb-content-wrapper\"><p>[vc_row][vc_column][vc_column_text]<\/p>\n<h1>Reiben<\/h1>\n<p>[\/vc_column_text][vc_column_text]Der Reibproze\u00df wird auf Pr\u00e4zisionsmaschinen durchgef\u00fchrt, nachdem ein Werkst\u00fcck <a href=\"https:\/\/unisig.com\/de\/informationen-ressourcen\/tiefbohrverfahren\/einlippenbohren\/\">tiefgebohrt<\/a> wurde, um eine extrem runde, ma\u00dfgenaue Bohrung mit verbesserter Oberfl\u00e4che zu erzeugen, in die dann der <a href=\"https:\/\/unisig.com\/de\/informationen-ressourcen\/tiefbohrverfahren\/drallziehen\/\">Drall gezogen<\/a> werden kann.[\/vc_column_text][vc_separator][vc_column_text]<\/p>\n<h2>Maschinen f\u00fcr das Reiben<\/h2>\n<p>[\/vc_column_text][\/vc_column][\/vc_row][vc_row][vc_column width=&#8221;1\/3&#8243;][vc_single_image image=&#8221;207980&#8243; img_size=&#8221;full&#8221; onclick=&#8221;custom_link&#8221; css=&#8221;&#8221; link=&#8221;\/?page_id=6656&#8243;][vc_column_text]<\/p>\n<h4><a href=\"https:\/\/unisig.com\/de\/alle-maschinen\/unr-reibmaschinen\/\">UNR-Serie<\/a><\/h4>\n<p>[\/vc_column_text][vc_column_text]UNR-Laufreibmaschinen sind f\u00fcr Pr\u00e4zisionsreiben mit m\u00fcheloser Bedienung bei der Herstellung von Gewehrl\u00e4ufen konzipiert.<\/p>\n<h5>Entwickelt f\u00fcr:<\/h5>\n<ul>\n<li>Reiben<\/li>\n<li>L\u00e4ufe Kaliber .17 &#8211; .50<\/li>\n<li>Schusswaffenproduktion<\/li>\n<\/ul>\n<p>[\/vc_column_text][\/vc_column][\/vc_row][vc_row][vc_column][vc_column_text]<\/p>\n<p>[\/vc_column_text][\/vc_column][vc_column][vc_cta h2=&#8221;Anwendung einsenden&#8221; h2_font_container=&#8221;color:%23005288&#8243; h2_google_fonts=&#8221;font_family:Open%20Sans%3A300%2C300italic%2Cregular%2Citalic%2C600%2C600italic%2C700%2C700italic%2C800%2C800italic|font_style:400%20regular%3A400%3Anormal&#8221; shape=&#8221;square&#8221; style=&#8221;custom&#8221; add_button=&#8221;bottom&#8221; btn_title=&#8221;Anwendung einsenden&#8221; btn_shape=&#8221;square&#8221; css=&#8221;.vc_custom_1605281086899{border-top-width: 0px !important;border-right-width: 0px !important;border-bottom-width: 0px !important;border-left-width: 0px !important;}&#8221; use_custom_fonts_h2=&#8221;true&#8221; custom_background=&#8221;#e3e3e3&#8243; custom_text=&#8221;#151515&#8243; btn_link=&#8221;url:%2F%3Fpage_id%3D6519|||&#8221;]Senden Sie uns Ihre Anwendung f\u00fcr ein Angebot \u00fcber eine Reibmaschine.[\/vc_cta][\/vc_column][\/vc_row]<\/p>\n<\/div>","protected":false},"excerpt":{"rendered":"<p>[vc_row][vc_column][vc_column_text] Reiben [\/vc_column_text][vc_column_text]Der Reibproze\u00df wird auf Pr\u00e4zisionsmaschinen durchgef\u00fchrt, nachdem ein Werkst\u00fcck tiefgebohrt wurde, um eine extrem runde, ma\u00dfgenaue Bohrung mit verbesserter Oberfl\u00e4che zu erzeugen, in die dann der Drall gezogen werden kann.[\/vc_column_text][vc_separator][vc_column_text] Maschinen f\u00fcr das Reiben [\/vc_column_text][\/vc_column][\/vc_row][vc_row][vc_column width=&#8221;1\/3&#8243;][vc_single_image image=&#8221;207980&#8243; img_size=&#8221;full&#8221; onclick=&#8221;custom_link&#8221; css=&#8221;&#8221; link=&#8221;\/?page_id=6656&#8243;][vc_column_text] UNR-Serie [\/vc_column_text][vc_column_text]UNR-Laufreibmaschinen sind f\u00fcr Pr\u00e4zisionsreiben mit m\u00fcheloser Bedienung bei der Herstellung von<a href=\"https:\/\/unisig.com\/de\/informationen-ressourcen\/tiefbohrverfahren\/reiben\/\" class=\"more-link\">Read More<\/a><\/p>\n","protected":false},"author":3,"featured_media":0,"parent":6587,"menu_order":0,"comment_status":"closed","ping_status":"closed","template":"page-templates\/template-2.php","meta":{"_acf_changed":false,"footnotes":""},"folder":[],"class_list":["post-6644","page","type-page","status-publish","hentry"],"acf":[],"_links":{"self":[{"href":"https:\/\/unisig.com\/de\/wp-json\/wp\/v2\/pages\/6644","targetHints":{"allow":["GET"]}}],"collection":[{"href":"https:\/\/unisig.com\/de\/wp-json\/wp\/v2\/pages"}],"about":[{"href":"https:\/\/unisig.com\/de\/wp-json\/wp\/v2\/types\/page"}],"author":[{"embeddable":true,"href":"https:\/\/unisig.com\/de\/wp-json\/wp\/v2\/users\/3"}],"replies":[{"embeddable":true,"href":"https:\/\/unisig.com\/de\/wp-json\/wp\/v2\/comments?post=6644"}],"version-history":[{"count":0,"href":"https:\/\/unisig.com\/de\/wp-json\/wp\/v2\/pages\/6644\/revisions"}],"up":[{"embeddable":true,"href":"https:\/\/unisig.com\/de\/wp-json\/wp\/v2\/pages\/6587"}],"wp:attachment":[{"href":"https:\/\/unisig.com\/de\/wp-json\/wp\/v2\/media?parent=6644"}],"wp:term":[{"taxonomy":"folder","embeddable":true,"href":"https:\/\/unisig.com\/de\/wp-json\/wp\/v2\/folder?post=6644"}],"curies":[{"name":"wp","href":"https:\/\/api.w.org\/{rel}","templated":true}]}}