{"id":6645,"date":"2020-06-15T10:54:41","date_gmt":"2020-06-15T15:54:41","guid":{"rendered":"https:\/\/stagingxx.unisig.com\/finden-sie-eine-maschine\/nach-prozesstyp\/skiving-und-burnishing\/"},"modified":"2025-01-15T10:47:36","modified_gmt":"2025-01-15T16:47:36","slug":"schaelen-und-glattwalzen","status":"publish","type":"page","link":"https:\/\/unisig.com\/de\/informationen-ressourcen\/tiefbohrverfahren\/schaelen-und-glattwalzen\/","title":{"rendered":"Sch\u00e4len und Glattwalzen"},"content":{"rendered":"<div class=\"wpb-content-wrapper\"><p>[vc_row][vc_column][vc_column_text]<\/p>\n<h1>Sch\u00e4len und Glattwalzen<\/h1>\n<p>[\/vc_column_text][vc_column_text]Das Sch\u00e4len und Glattwalzen ist ein zweistufiges Bearbeitungsverfahren bei dem in einem Arbeitsgang zun\u00e4chst Material \u00fcber die Sch\u00e4lmesser abgetragen und dann mit den Walzen kaltverformt wird um h\u00f6chste Oberfl\u00e4cheng\u00fcten zu erreichen. Dieses Verfahren wird \u00fcblicherweise in der Fertigbearbeitung von <a href=\"https:\/\/unisig.com\/de\/branchen\/hydraulikzylinder\/\">hydraulischen und pneumatischen Zylindern<\/a> eingesetzt.[\/vc_column_text][vc_separator][vc_column_text]<\/p>\n<h2>Maschinen f\u00fcr das Sch\u00e4len und Glattwalzen finden<\/h2>\n<p>[\/vc_column_text][\/vc_column][\/vc_row][vc_row][vc_column width=&#8221;1\/3&#8243;][vc_single_image image=&#8221;207969&#8243; img_size=&#8221;full&#8221; onclick=&#8221;custom_link&#8221; css=&#8221;&#8221; link=&#8221;\/?page_id=6667&#8243;][vc_column_text]<\/p>\n<h4><a href=\"https:\/\/unisig.com\/de\/alle-maschinen\/schaelen-und-glattwalzen\/\">S-Serie<\/a><\/h4>\n<p>[\/vc_column_text][vc_column_text]Skiving-Maschinen der S-Serie basieren auf dem bew\u00e4hrtem Maschinendesign der B-Serie und sind f\u00fcr den Sch\u00e4l- und Glattwalzprozess in der Fertigung von Hydraulikzylinderrohren optimiert.<\/p>\n<h5>Entwickelt f\u00fcr:<\/h5>\n<ul>\n<li>Sch\u00e4len und Glattwalzen, Aufbohren<\/li>\n<li>Durchmesser bis 305 mm [12.0 in]<\/li>\n<li><a href=\"https:\/\/unisig.com\/de\/branchen\/hydraulikzylinder\/\">Hydraulikzylinderfertigung<\/a><\/li>\n<\/ul>\n<p>[\/vc_column_text][\/vc_column][vc_column width=&#8221;1\/3&#8243;][vc_single_image image=&#8221;207953&#8243; img_size=&#8221;full&#8221; onclick=&#8221;custom_link&#8221; css=&#8221;&#8221; link=&#8221;\/?page_id=6425&#8243;][vc_column_text]<\/p>\n<h4><a href=\"https:\/\/unisig.com\/de\/alle-maschinen\/b-serie-bis-800mm\/\">B-Serie bis 800 mm Umlauf<\/a><\/h4>\n<p>[\/vc_column_text][vc_column_text]Diese Maschinen der B-Serie bohren mit dem BTA-Verfahren pr\u00e4zise bis 300 mm [12.0 in] Durchmesser.<\/p>\n<h5>Entwickelt f\u00fcr:<\/h5>\n<ul>\n<li>BTA, Skiving und Burnishing<\/li>\n<li>Durchmesser bis 300 mm [12.0 in]<\/li>\n<li>Bohrtiefen bis 10.000 mm [32.0 ft] und mehr<\/li>\n<li>Zylindrische Werkst\u00fccke<\/li>\n<\/ul>\n<p>[\/vc_column_text][\/vc_column][vc_column width=&#8221;1\/3&#8243;][vc_single_image image=&#8221;207956&#8243; img_size=&#8221;full&#8221; onclick=&#8221;custom_link&#8221; css=&#8221;&#8221; link=&#8221;\/?page_id=6675&#8243;][vc_column_text]<\/p>\n<h4><a href=\"https:\/\/unisig.com\/de\/alle-maschinen\/b-serie-ueber-800\/\">B-Serie \u00fcber 800 mm Umlauf<\/a><\/h4>\n<p>[\/vc_column_text][vc_column_text]Rack- und Ritzelmaschinen der B-Serie k\u00f6nnen das Bohren l\u00e4ngerer Werkst\u00fccke ohne Einbu\u00dfen bei der Genauigkeit bew\u00e4ltigen. Diese Maschinen sind in der Lage, Lochdurchmesser bis zu 630 mm [24.8 in],\u00a0 bis zu 20.000 mm [65.5 ft] tief.<\/p>\n<h5>Entwickelt f\u00fcr:<\/h5>\n<ul>\n<li>BTA, Sch\u00e4len und Glattwalzen<\/li>\n<li>Durchmesser bis 630 mm [25.0 in]<\/li>\n<li>Bohrtiefen bis 20.000 mm [65.5 ft]<\/li>\n<li>Zylindrische Werkst\u00fccke<\/li>\n<\/ul>\n<p>[\/vc_column_text][\/vc_column][\/vc_row][vc_row][vc_column][vc_separator][vc_column_text]<\/p>\n<h5>Weitere Informationen \u00fcber das Sch\u00e4len und Glattwalzen<\/h5>\n<p>[\/vc_column_text][unisig_icon_content icon=&#8221;fa fa-file-text-o&#8221;]<a href=\"https:\/\/unisig.com\/news-and-events\/technical-articles\/combining-skiving-burnishing-for-cylinder-bores\/\" target=\"_blank\" rel=\"noopener noreferrer\">Kombiniertes Sch\u00e4len und Glattwalzen | Artikel<\/a>[\/unisig_icon_content][\/vc_column][\/vc_row][vc_row][vc_column][vc_cta h2=&#8221;Anwendung einsenden&#8221; h2_font_container=&#8221;color:%23005288&#8243; h2_google_fonts=&#8221;font_family:Open%20Sans%3A300%2C300italic%2Cregular%2Citalic%2C600%2C600italic%2C700%2C700italic%2C800%2C800italic|font_style:400%20regular%3A400%3Anormal&#8221; shape=&#8221;square&#8221; style=&#8221;custom&#8221; add_button=&#8221;bottom&#8221; btn_title=&#8221;Anwendung einsenden&#8221; btn_shape=&#8221;square&#8221; css=&#8221;.vc_custom_1604675919196{border-top-width: 0px !important;border-right-width: 0px !important;border-bottom-width: 0px !important;border-left-width: 0px !important;}&#8221; use_custom_fonts_h2=&#8221;true&#8221; btn_add_icon=&#8221;true&#8221; custom_background=&#8221;#e3e3e3&#8243; custom_text=&#8221;#151515&#8243; btn_link=&#8221;url:%2F%3Fpage_id%3D6519|||&#8221;]Senden Sie Ihre Anwendung f\u00fcr ein Angebot \u00fcber eine Sch\u00e4l und Glattwalzmachine.[\/vc_cta][\/vc_column][\/vc_row]<\/p>\n<\/div>","protected":false},"excerpt":{"rendered":"<p>[vc_row][vc_column][vc_column_text] Sch\u00e4len und Glattwalzen [\/vc_column_text][vc_column_text]Das Sch\u00e4len und Glattwalzen ist ein zweistufiges Bearbeitungsverfahren bei dem in einem Arbeitsgang zun\u00e4chst Material \u00fcber die Sch\u00e4lmesser abgetragen und dann mit den Walzen kaltverformt wird um h\u00f6chste Oberfl\u00e4cheng\u00fcten zu erreichen. Dieses Verfahren wird \u00fcblicherweise in der Fertigbearbeitung von hydraulischen und pneumatischen Zylindern eingesetzt.[\/vc_column_text][vc_separator][vc_column_text] Maschinen f\u00fcr das Sch\u00e4len und Glattwalzen finden<a href=\"https:\/\/unisig.com\/de\/informationen-ressourcen\/tiefbohrverfahren\/schaelen-und-glattwalzen\/\" class=\"more-link\">Read More<\/a><\/p>\n","protected":false},"author":3,"featured_media":0,"parent":6587,"menu_order":0,"comment_status":"closed","ping_status":"closed","template":"page-templates\/template-2.php","meta":{"_acf_changed":false,"footnotes":""},"folder":[],"class_list":["post-6645","page","type-page","status-publish","hentry"],"acf":[],"_links":{"self":[{"href":"https:\/\/unisig.com\/de\/wp-json\/wp\/v2\/pages\/6645","targetHints":{"allow":["GET"]}}],"collection":[{"href":"https:\/\/unisig.com\/de\/wp-json\/wp\/v2\/pages"}],"about":[{"href":"https:\/\/unisig.com\/de\/wp-json\/wp\/v2\/types\/page"}],"author":[{"embeddable":true,"href":"https:\/\/unisig.com\/de\/wp-json\/wp\/v2\/users\/3"}],"replies":[{"embeddable":true,"href":"https:\/\/unisig.com\/de\/wp-json\/wp\/v2\/comments?post=6645"}],"version-history":[{"count":0,"href":"https:\/\/unisig.com\/de\/wp-json\/wp\/v2\/pages\/6645\/revisions"}],"up":[{"embeddable":true,"href":"https:\/\/unisig.com\/de\/wp-json\/wp\/v2\/pages\/6587"}],"wp:attachment":[{"href":"https:\/\/unisig.com\/de\/wp-json\/wp\/v2\/media?parent=6645"}],"wp:term":[{"taxonomy":"folder","embeddable":true,"href":"https:\/\/unisig.com\/de\/wp-json\/wp\/v2\/folder?post=6645"}],"curies":[{"name":"wp","href":"https:\/\/api.w.org\/{rel}","templated":true}]}}