{"id":6646,"date":"2020-06-15T10:54:41","date_gmt":"2020-06-15T15:54:41","guid":{"rendered":"https:\/\/stagingxx.unisig.com\/finden-sie-eine-maschine\/nach-prozesstyp\/pull-boring\/"},"modified":"2025-01-15T10:39:54","modified_gmt":"2025-01-15T16:39:54","slug":"zieh-aufbohren","status":"publish","type":"page","link":"https:\/\/unisig.com\/de\/informationen-ressourcen\/tiefbohrverfahren\/zieh-aufbohren\/","title":{"rendered":"Zieh-Aufbohren"},"content":{"rendered":"<div class=\"wpb-content-wrapper\"><p>[vc_row][vc_column][vc_column_text]<\/p>\n<h1>Zieh-Aufbohren<\/h1>\n<p>[\/vc_column_text][vc_column_text]Das Zieh-Aufbohren ist ein Verfahren das eingesetzt wird, um eine bestehende Bohrung aufzuweiten und zudem eine au\u00dfergew\u00f6hnliche Geradheit der Bohrung zu erreichen. Das Werkzeug wird hierbei mit einem unter Zugspannung stehenden Bohrrohr durch das Werkzeug gezogen.[\/vc_column_text][vc_separator][vc_column_text]<\/p>\n<h2>Maschinen f\u00fcr das Ziehaufbohren<\/h2>\n<p>[\/vc_column_text][\/vc_column][\/vc_row][vc_row][vc_column width=&#8221;1\/3&#8243;][vc_single_image image=&#8221;207953&#8243; img_size=&#8221;full&#8221; onclick=&#8221;custom_link&#8221; css=&#8221;&#8221; link=&#8221;\/?page_id=6425&#8243;][vc_column_text]<\/p>\n<h4><a href=\"https:\/\/unisig.com\/de\/alle-maschinen\/b-serie-bis-800mm\/\">B-Serie bis 800 mm Umlauf<\/a><\/h4>\n<p>[\/vc_column_text][vc_column_text]Diese Maschinen der B-Serie bohren mit dem BTA-Verfahren pr\u00e4zise bis 300 mm [12 .0 in] Durchmesser.<\/p>\n<h5>Entwickelt f\u00fcr:<\/h5>\n<ul>\n<li>BTA, Zieh-Aufbohren<\/li>\n<li>Durchmesser bis 300 mm [12 .0 in]<\/li>\n<li>Bohrtiefen bis 10.000 mm [32 .0 ft] und mehr<\/li>\n<li>Zylindrische Werkst\u00fccke<\/li>\n<\/ul>\n<p>[\/vc_column_text][\/vc_column][vc_column width=&#8221;1\/3&#8243;][vc_single_image image=&#8221;207956&#8243; img_size=&#8221;full&#8221; onclick=&#8221;custom_link&#8221; css=&#8221;&#8221; link=&#8221;\/?page_id=6675&#8243;][vc_column_text]<\/p>\n<h4><a href=\"https:\/\/unisig.com\/de\/alle-maschinen\/b-serie-ueber-800\/\">B-Serie \u00fcber 800 mm Umlauf<\/a><\/h4>\n<p>[\/vc_column_text][vc_column_text]Diese Maschinen der B-Serie k\u00f6nnen das Bohren l\u00e4ngerer Werkst\u00fccke ohne Einbu\u00dfen bei der Genauigkeit bew\u00e4ltigen. Geeignet f\u00fcr Bohrdurchmesser bis zu 630 [24 .8 in] mm, bis zu 20.000 mm [65 .5 ft] tief.<\/p>\n<h5>Entwickelt f\u00fcr:<\/h5>\n<ul>\n<li>BTA, Zieh-Aufbohren<\/li>\n<li>Durchmesser bis 630 mm [25 .0 in]<\/li>\n<li>Bohrtiefen bis 20.000 mm [65 .5 ft]<\/li>\n<li>Zylindrische Werkst\u00fccke<\/li>\n<\/ul>\n<p>[\/vc_column_text][\/vc_column][vc_column width=&#8221;1\/3&#8243;][vc_single_image image=&#8221;207817&#8243; img_size=&#8221;full&#8221; onclick=&#8221;custom_link&#8221; css=&#8221;&#8221; link=&#8221;\/?page_id=6657&#8243;][vc_column_text]<\/p>\n<h4><a href=\"https:\/\/unisig.com\/de\/alle-maschinen\/usc-maschinen-fuer-grossteile\/\">USC-Serie<\/a><\/h4>\n<p>[\/vc_column_text][vc_column_text]Die Fahrst\u00e4ndermaschinen der USC-Serie erlauben die Bearbeitung gr\u00f6\u00dferer und schwererer Werkst\u00fccke mit Robustheit und Genauigkeit.<\/p>\n<h5>Entwickelt f\u00fcr:<\/h5>\n<ul>\n<li>BTA, Zieh-Aufbohren<\/li>\n<li>Durchmesser bis 102 mm [4 .00 in]<\/li>\n<li>Gro\u00dfvolumige Werkst\u00fccke<\/li>\n<\/ul>\n<p>[\/vc_column_text][\/vc_column][\/vc_row][vc_row][vc_column][vc_separator][vc_column_text]<\/p>\n<h5>Weitere Informationen zum Ziehaufbohren<\/h5>\n<p>[\/vc_column_text][unisig_icon_content icon=&#8221;fa fa-file-text-o&#8221;]<a href=\"https:\/\/unisig.com\/news-and-events\/technical-articles\/pull-boring-capabilities\" target=\"_blank\" rel=\"noopener noreferrer\">M\u00f6glichkeiten beim Zieh-Aufbohren | Artikel<\/a>[\/unisig_icon_content][\/vc_column][\/vc_row][vc_row][vc_column][vc_cta h2=&#8221;Anwendung einsenden&#8221; h2_font_container=&#8221;color:%23005288&#8243; h2_google_fonts=&#8221;font_family:Open%20Sans%3A300%2C300italic%2Cregular%2Citalic%2C600%2C600italic%2C700%2C700italic%2C800%2C800italic|font_style:400%20regular%3A400%3Anormal&#8221; shape=&#8221;square&#8221; style=&#8221;custom&#8221; add_button=&#8221;bottom&#8221; btn_title=&#8221;Anwendung einsenden&#8221; btn_shape=&#8221;square&#8221; css=&#8221;.vc_custom_1604582582576{border-top-width: 0px !important;border-right-width: 0px !important;border-bottom-width: 0px !important;border-left-width: 0px !important;}&#8221; use_custom_fonts_h2=&#8221;true&#8221; custom_background=&#8221;#e3e3e3&#8243; custom_text=&#8221;#151515&#8243; btn_link=&#8221;url:%2F%3Fpage_id%3D6519|||&#8221;]Fordern Sie ein Angebot \u00fcber eine Zieh-Aufbohrmaschine an.[\/vc_cta][\/vc_column][\/vc_row]<\/p>\n<\/div>","protected":false},"excerpt":{"rendered":"<p>[vc_row][vc_column][vc_column_text] Zieh-Aufbohren [\/vc_column_text][vc_column_text]Das Zieh-Aufbohren ist ein Verfahren das eingesetzt wird, um eine bestehende Bohrung aufzuweiten und zudem eine au\u00dfergew\u00f6hnliche Geradheit der Bohrung zu erreichen. Das Werkzeug wird hierbei mit einem unter Zugspannung stehenden Bohrrohr durch das Werkzeug gezogen.[\/vc_column_text][vc_separator][vc_column_text] Maschinen f\u00fcr das Ziehaufbohren [\/vc_column_text][\/vc_column][\/vc_row][vc_row][vc_column width=&#8221;1\/3&#8243;][vc_single_image image=&#8221;207953&#8243; img_size=&#8221;full&#8221; onclick=&#8221;custom_link&#8221; css=&#8221;&#8221; link=&#8221;\/?page_id=6425&#8243;][vc_column_text] B-Serie bis 800 mm Umlauf [\/vc_column_text][vc_column_text]Diese<a href=\"https:\/\/unisig.com\/de\/informationen-ressourcen\/tiefbohrverfahren\/zieh-aufbohren\/\" class=\"more-link\">Read More<\/a><\/p>\n","protected":false},"author":3,"featured_media":0,"parent":6587,"menu_order":0,"comment_status":"closed","ping_status":"closed","template":"page-templates\/template-2.php","meta":{"_acf_changed":false,"footnotes":""},"folder":[],"class_list":["post-6646","page","type-page","status-publish","hentry"],"acf":[],"_links":{"self":[{"href":"https:\/\/unisig.com\/de\/wp-json\/wp\/v2\/pages\/6646","targetHints":{"allow":["GET"]}}],"collection":[{"href":"https:\/\/unisig.com\/de\/wp-json\/wp\/v2\/pages"}],"about":[{"href":"https:\/\/unisig.com\/de\/wp-json\/wp\/v2\/types\/page"}],"author":[{"embeddable":true,"href":"https:\/\/unisig.com\/de\/wp-json\/wp\/v2\/users\/3"}],"replies":[{"embeddable":true,"href":"https:\/\/unisig.com\/de\/wp-json\/wp\/v2\/comments?post=6646"}],"version-history":[{"count":0,"href":"https:\/\/unisig.com\/de\/wp-json\/wp\/v2\/pages\/6646\/revisions"}],"up":[{"embeddable":true,"href":"https:\/\/unisig.com\/de\/wp-json\/wp\/v2\/pages\/6587"}],"wp:attachment":[{"href":"https:\/\/unisig.com\/de\/wp-json\/wp\/v2\/media?parent=6646"}],"wp:term":[{"taxonomy":"folder","embeddable":true,"href":"https:\/\/unisig.com\/de\/wp-json\/wp\/v2\/folder?post=6646"}],"curies":[{"name":"wp","href":"https:\/\/api.w.org\/{rel}","templated":true}]}}