{"id":6656,"date":"2020-06-15T10:54:42","date_gmt":"2020-06-15T15:54:42","guid":{"rendered":"https:\/\/stagingxx.unisig.com\/alle-maschinen\/unr-reaming-machines\/"},"modified":"2025-01-17T11:43:56","modified_gmt":"2025-01-17T17:43:56","slug":"unr-reibmaschinen","status":"publish","type":"page","link":"https:\/\/unisig.com\/de\/alle-maschinen\/unr-reibmaschinen\/","title":{"rendered":"UNR Reibmaschinen"},"content":{"rendered":"<div class=\"wpb-content-wrapper\"><p>[vc_row][vc_column]<div class=\"avt_masterslider_el \" >\n\t\t<!-- MasterSlider -->\n\t\t<div id=\"P_MS69d8607ed505a\" class=\"master-slider-parent ms-parent-id-16\" style=\"max-width:1000px;\" >\n\n\t\t\t\n\t\t\t<!-- MasterSlider Main -->\n\t\t\t<div id=\"MS69d8607ed505a\" class=\"master-slider ms-skin-black-2 round-skin\" >\n\t\t\t\t \t\t\t\t \n\n\t\t\t<div  class=\"ms-slide\" data-delay=\"3\" data-fill-mode=\"fill\"   >\n\t\t\t\t\t<img decoding=\"async\" src=\"https:\/\/unisig.com\/wp-content\/plugins\/masterslider\/public\/assets\/css\/blank.gif\" alt=\"UNISIG UNR12-2-750 Reaming Machine\" title=\"UNR12-2 Overall\" data-src=\"https:\/\/unisig.com\/wp-content\/uploads\/2023\/11\/UNR12-2-Overall-scaled-1000x600.jpg\" \/>\n\n\n\t\t\t\t<\/div>\n\t\t\t<div  class=\"ms-slide\" data-delay=\"3\" data-fill-mode=\"fill\"   >\n\t\t\t\t\t<img decoding=\"async\" src=\"https:\/\/unisig.com\/wp-content\/plugins\/masterslider\/public\/assets\/css\/blank.gif\" alt=\"UNISIG UNR reaming machine interior closeup\" title=\"UNR_Toolchanger_moving_web\" data-src=\"https:\/\/unisig.com\/wp-content\/smush-webp\/2023\/11\/UNR_Toolchanger_moving_web.jpg.webp\" \/>\n\n\n\t\t\t\t<\/div>\n\t\t\t<div  class=\"ms-slide\" data-delay=\"3\" data-fill-mode=\"fill\"   >\n\t\t\t\t\t<img decoding=\"async\" src=\"https:\/\/unisig.com\/wp-content\/plugins\/masterslider\/public\/assets\/css\/blank.gif\" alt=\"UNISIG UNR12-2-1500 Reaming Machine\" title=\"UNR12-2-1500_front_web\" data-src=\"https:\/\/unisig.com\/wp-content\/smush-webp\/2023\/11\/UNR12-2-1500_front_web.jpg.webp\" \/>\n\n\n\t\t\t\t<\/div>\n\t\t\t<div  class=\"ms-slide\" data-delay=\"3\" data-fill-mode=\"fill\"   >\n\t\t\t\t\t<img decoding=\"async\" src=\"https:\/\/unisig.com\/wp-content\/plugins\/masterslider\/public\/assets\/css\/blank.gif\" alt=\"UNISIG UNR reaming machine with automatic tool changer\" title=\"UNR_Toolchanger_closeup_webslider\" data-src=\"https:\/\/unisig.com\/wp-content\/smush-webp\/2023\/11\/UNR_Toolchanger_closeup_webslider.jpg.webp\" \/>\n\n\n\t\t\t\t<\/div>\n\t\t\t<div  class=\"ms-slide\" data-delay=\"3\" data-fill-mode=\"fill\"   >\n\t\t\t\t\t<img decoding=\"async\" src=\"https:\/\/unisig.com\/wp-content\/plugins\/masterslider\/public\/assets\/css\/blank.gif\" alt=\"\" title=\"deep-hole-drilling-application-examples-barrels\" data-src=\"https:\/\/unisig.com\/wp-content\/smush-webp\/2016\/06\/deep-hole-drilling-application-examples-barrels.jpg.webp\" \/>\n\n\n\t\t\t\t<\/div>\n\n\t\t\t<\/div>\n\t\t\t<!-- END MasterSlider Main -->\n\n\t\t\t \n\t\t<\/div>\n\t\t<!-- END MasterSlider -->\n\n\t\t<script>\n\t\t( window.MSReady = window.MSReady || [] ).push( function( $ ) {\n\n\t\t\t\"use strict\";\n\t\t\tvar masterslider_505a = new MasterSlider();\n\n\t\t\t\/\/ slider controls\n\t\t\tmasterslider_505a.control('arrows'     ,{ autohide:true, overVideo:true  });\n\t\t\t\/\/ slider setup\n\t\t\tmasterslider_505a.setup(\"MS69d8607ed505a\", {\n\t\t\t\twidth           : 1000,\n\t\t\t\theight          : 600,\n\t\t\t\tminHeight       : 0,\n\t\t\t\tspace           : 0,\n\t\t\t\tstart           : 1,\n\t\t\t\tgrabCursor      : true,\n\t\t\t\tswipe           : true,\n\t\t\t\tmouse           : true,\n\t\t\t\tkeyboard        : false,\n\t\t\t\tlayout          : \"boxed\",\n\t\t\t\twheel           : false,\n\t\t\t\tautoplay        : true,\n                instantStartLayers:false,\n\t\t\t\tmobileBGVideo:false,\n\t\t\t\tloop            : true,\n\t\t\t\tshuffle         : false,\n\t\t\t\tpreload         : 0,\n\t\t\t\theightLimit     : true,\n\t\t\t\tautoHeight      : false,\n\t\t\t\tsmoothHeight    : true,\n\t\t\t\tendPause        : false,\n\t\t\t\toverPause       : true,\n\t\t\t\tfillMode        : \"fill\",\n\t\t\t\tcenterControls  : true,\n\t\t\t\tstartOnAppear   : false,\n\t\t\t\tlayersMode      : \"center\",\n\t\t\t\tautofillTarget  : \"\",\n\t\t\t\thideLayers      : false,\n\t\t\t\tfullscreenMargin: 0,\n\t\t\t\tspeed           : 20,\n\t\t\t\tdir             : \"h\",\n\t\t\t\tresponsive      : true,\n\t\t\t\ttabletWidth     : 768,\n\t\t\t\ttabletHeight    : null,\n\t\t\t\tphoneWidth      : 480,\n\t\t\t\tphoneHeight    : null,\n\t\t\t\tsizingReference : window,\n\t\t\t\tparallaxMode    : 'swipe',\n\t\t\t\tview            : \"basic\"\n\t\t\t});\n\n\t\t\t\n\t\t\twindow.masterslider_instances = window.masterslider_instances || [];\n\t\t\twindow.masterslider_instances.push( masterslider_505a );\n\t\t});\n\t\t<\/script>\n\n<\/div>[\/vc_column][\/vc_row][vc_row][vc_column width=&#8221;3\/4&#8243;][vc_column_text]<\/p>\n<h1>UNR Reibmaschinen<\/h1>\n<p>[\/vc_column_text][\/vc_column][vc_column width=&#8221;1\/4&#8243;][vc_btn title=&#8221;Schnellanfrage&#8221; shape=&#8221;square&#8221; align=&#8221;right&#8221; css=&#8221;.vc_custom_1611933556220{padding-top: 14px !important;}&#8221; link=&#8221;url:https%3A%2F%2Funisig.com%2Fde%2Fproduktetechnologie%2Fexpress-liefermaschinen%2F|title:Quick%20Machine%20Request%20DE||&#8221; el_class=&#8221;popmake-7864&#8243;][\/vc_column][\/vc_row][vc_row][vc_column][vc_column_text]Das Reiben ist ein entscheidender Proze\u00df in der Lauffertigung. UNR Reibmaschinen verf\u00fcgen \u00fcber eine intuitive Steuerung, ergonomische Bedienung und eine erh\u00f6hte Genauigkeit. Die Maschinen k\u00f6nnen sowohl f\u00fcr ziehendes als auch stossendes Reiben konfiguriert werden und nutzen die M\u00f6glichkeiten neuer Werkzeuge maximal aus.<\/p>\n<p>UNR Reibmaschinen sind in der Lage extrem hohe Genauigkeit in in Bezug auf Rundheit und Durchmessertoleranz bei jedwedem Kaliber zu gew\u00e4hrleisten. Die Maschinen sind ein- und zweispindlig verf\u00fcgbar und k\u00f6nnen zudem als kombinierte Tiefbohr-Reibmaschine ausgef\u00fchrt werden um die Anforderungen f\u00fchrender Laufhersteller zu erf\u00fcllen.[\/vc_column_text][vc_column_text]<a href=\"https:\/\/unisig.com\/de\/gewehrlauf-fertigungszelle-mit-automation-video\/\" target=\"_blank\" rel=\"noopener noreferrer\">Klicken Sie hier, um mehr \u00fcber den Herstellungsprozess der Lauffertigung zu erfahren.<\/a>[\/vc_column_text][vc_separator][\/vc_column][\/vc_row][vc_row][vc_column][vc_tta_tabs shape=&#8221;square&#8221; color=&#8221;white&#8221; alignment=&#8221;right&#8221; active_section=&#8221;1&#8243; el_class=&#8221;machine-spec-tables&#8221;][vc_tta_section title=&#8221;Metrisch&#8221; tab_id=&#8221;1469812290825-2638acd8-94185236-2c1f&#8221;][vc_column_text css=&#8221;&#8221;]<\/p>\n<table class=\"rwd-table\">\n<tbody>\n<tr>\n<th>Beschreibung<\/th>\n<th><a href=\"https:\/\/unisig.com\/de\/produkt\/unr-12-4\/\">UNR12-2<\/a><\/th>\n<th><a href=\"https:\/\/unisig.com\/de\/produkt\/unr-20-2\/\">UNR20-2<\/a><\/th>\n<th><a href=\"https:\/\/unisig.com\/de\/produkt\/unr-12-2\/\">UNR12-4<\/a><\/th>\n<th><a href=\"https:\/\/unisig.com\/de\/produkt\/unr-20-4\/\">UNR20-4<\/a><\/th>\n<\/tr>\n<tr>\n<td data-th=\"Tooling Type\">Werkzeugtyp<\/td>\n<td data-th=\"UNR\">Reiben, ELB (Option)<\/td>\n<td data-th=\"UNR\">Reiben, ELB (Option)<\/td>\n<td data-th=\"UNR\">Reiben<\/td>\n<td data-th=\"UNR\">Reiben<\/td>\n<\/tr>\n<tr>\n<td data-th=\"Max Reaming Diameter\">Reibdurchmesser max.<\/td>\n<td data-th=\"UNR\">12 mm<\/td>\n<td data-th=\"UNR\">20 mm<\/td>\n<td data-th=\"UNR\">12 mm<\/td>\n<td data-th=\"UNR\">12 mm<\/td>\n<\/tr>\n<tr>\n<td data-th=\"Number of Spindles\">Maximaler Werkzeugdurchmesser, Einspindelmodus (Option)<\/td>\n<td data-th=\"UNR\">19.0 mm<\/td>\n<td data-th=\"UNR\">25.0 mm<\/td>\n<td data-th=\"UNR\">&#8211;<\/td>\n<td data-th=\"UNR\">&#8211;<\/td>\n<\/tr>\n<tr>\n<td data-th=\"Number of Spindles\">Spindelanzahl<\/td>\n<td data-th=\"UNR\">2<\/td>\n<td data-th=\"UNR\">2<\/td>\n<td data-th=\"UNR\">4<\/td>\n<td data-th=\"UNR\">4<\/td>\n<\/tr>\n<\/tbody>\n<\/table>\n<p>[\/vc_column_text][\/vc_tta_section][vc_tta_section title=&#8221;Zoll&#8221; tab_id=&#8221;1469812290427-4adebc19-72cd5236-2c1f&#8221;][vc_column_text css=&#8221;&#8221;]<\/p>\n<table class=\"rwd-table\">\n<tbody>\n<tr>\n<th>Beschreibung<\/th>\n<th><a href=\"https:\/\/unisig.com\/de\/produkt\/unr-12-4\/\">UNR12-2<\/a><\/th>\n<th><a href=\"https:\/\/unisig.com\/de\/produkt\/unr-20-2\/\">UNR20-2<\/a><\/th>\n<th><a href=\"https:\/\/unisig.com\/de\/produkt\/unr-12-2\/\">UNR12-4<\/a><\/th>\n<th><a href=\"https:\/\/unisig.com\/de\/produkt\/unr-20-4\/\">UNR20-4<\/a><\/th>\n<\/tr>\n<tr>\n<td data-th=\"Tooling Type\">Werkzeugtyp<\/td>\n<td data-th=\"UNR\">Reiben, ELB (Option)<\/td>\n<td data-th=\"UNR\">Reiben, ELB (Option)<\/td>\n<td data-th=\"UNR\">Reiben<\/td>\n<td data-th=\"UNR\">Reiben<\/td>\n<\/tr>\n<tr>\n<td data-th=\"Max Reaming Diameter\">Reibdurchmesser max.<\/td>\n<td data-th=\"UNR\">0.50 in<\/td>\n<td data-th=\"UNR\">0.79 in<\/td>\n<td data-th=\"UNR\">0.50 in<\/td>\n<td data-th=\"UNR\">0.79 in<\/td>\n<\/tr>\n<tr>\n<td data-th=\"Number of Spindles\">Maximaler Werkzeugdurchmesser, Einspindelmodus (Option)<\/td>\n<td data-th=\"UNR\">0.75 in<\/td>\n<td data-th=\"UNR\">0.98 in<\/td>\n<td data-th=\"UNR\">&#8211;<\/td>\n<td data-th=\"UNR\">&#8211;<\/td>\n<\/tr>\n<tr>\n<td data-th=\"Number of Spindles\">Spindelanzahl<\/td>\n<td data-th=\"UNR\">2<\/td>\n<td data-th=\"UNR\">2<\/td>\n<td data-th=\"UNR\">4<\/td>\n<td data-th=\"UNR\">4<\/td>\n<\/tr>\n<\/tbody>\n<\/table>\n<p>[\/vc_column_text][\/vc_tta_section][\/vc_tta_tabs][\/vc_column][\/vc_row][vc_row][vc_column][vc_btn title=&#8221;Meine Anfrage senden&#8221; shape=&#8221;square&#8221; size=&#8221;sm&#8221; link=&#8221;url:%2F%3Fpage_id%3D6519|||&#8221;][vc_separator][\/vc_column][\/vc_row]<\/p>\n<\/div>","protected":false},"excerpt":{"rendered":"<p>[vc_row][vc_column][\/vc_column][\/vc_row][vc_row][vc_column width=&#8221;3\/4&#8243;][vc_column_text] UNR Reibmaschinen [\/vc_column_text][\/vc_column][vc_column width=&#8221;1\/4&#8243;][vc_btn title=&#8221;Schnellanfrage&#8221; shape=&#8221;square&#8221; align=&#8221;right&#8221; css=&#8221;.vc_custom_1611933556220{padding-top: 14px !important;}&#8221; link=&#8221;url:https%3A%2F%2Funisig.com%2Fde%2Fproduktetechnologie%2Fexpress-liefermaschinen%2F|title:Quick%20Machine%20Request%20DE||&#8221; el_class=&#8221;popmake-7864&#8243;][\/vc_column][\/vc_row][vc_row][vc_column][vc_column_text]Das Reiben ist ein entscheidender Proze\u00df in der Lauffertigung. UNR Reibmaschinen verf\u00fcgen \u00fcber eine intuitive Steuerung, ergonomische Bedienung und eine erh\u00f6hte Genauigkeit. Die Maschinen k\u00f6nnen sowohl f\u00fcr ziehendes als auch stossendes Reiben konfiguriert werden und nutzen die M\u00f6glichkeiten neuer Werkzeuge maximal aus.<a href=\"https:\/\/unisig.com\/de\/alle-maschinen\/unr-reibmaschinen\/\" class=\"more-link\">Read More<\/a><\/p>\n","protected":false},"author":3,"featured_media":0,"parent":6562,"menu_order":1,"comment_status":"closed","ping_status":"closed","template":"page-templates\/template-2.php","meta":{"_acf_changed":false,"footnotes":""},"folder":[],"class_list":["post-6656","page","type-page","status-publish","hentry"],"acf":[],"_links":{"self":[{"href":"https:\/\/unisig.com\/de\/wp-json\/wp\/v2\/pages\/6656","targetHints":{"allow":["GET"]}}],"collection":[{"href":"https:\/\/unisig.com\/de\/wp-json\/wp\/v2\/pages"}],"about":[{"href":"https:\/\/unisig.com\/de\/wp-json\/wp\/v2\/types\/page"}],"author":[{"embeddable":true,"href":"https:\/\/unisig.com\/de\/wp-json\/wp\/v2\/users\/3"}],"replies":[{"embeddable":true,"href":"https:\/\/unisig.com\/de\/wp-json\/wp\/v2\/comments?post=6656"}],"version-history":[{"count":0,"href":"https:\/\/unisig.com\/de\/wp-json\/wp\/v2\/pages\/6656\/revisions"}],"up":[{"embeddable":true,"href":"https:\/\/unisig.com\/de\/wp-json\/wp\/v2\/pages\/6562"}],"wp:attachment":[{"href":"https:\/\/unisig.com\/de\/wp-json\/wp\/v2\/media?parent=6656"}],"wp:term":[{"taxonomy":"folder","embeddable":true,"href":"https:\/\/unisig.com\/de\/wp-json\/wp\/v2\/folder?post=6656"}],"curies":[{"name":"wp","href":"https:\/\/api.w.org\/{rel}","templated":true}]}}