{"id":6662,"date":"2020-06-15T10:54:43","date_gmt":"2020-06-15T15:54:43","guid":{"rendered":"https:\/\/stagingxx.unisig.com\/alle-maschinen\/usc-ts-rohrblechmaschinen\/"},"modified":"2021-11-19T08:40:47","modified_gmt":"2021-11-19T14:40:47","slug":"usc-ts-rohrblechmaschinen","status":"publish","type":"page","link":"https:\/\/unisig.com\/de\/alle-maschinen\/usc-ts-rohrbodenmaschinen\/","title":{"rendered":"USC-TS f\u00fcr W\u00e4rmetauscherb\u00f6den"},"content":{"rendered":"<div class=\"wpb-content-wrapper\"><p>[vc_row][vc_column]<div class=\"avt_masterslider_el \" >\n\t\t<!-- MasterSlider -->\n\t\t<div id=\"P_MS69eba7faa4efb\" class=\"master-slider-parent ms-parent-id-13\" style=\"max-width:1000px;\" >\n\n\t\t\t\n\t\t\t<!-- MasterSlider Main -->\n\t\t\t<div id=\"MS69eba7faa4efb\" class=\"master-slider ms-skin-black-2 round-skin\" >\n\t\t\t\t \t\t\t\t \n\n\t\t\t<div  class=\"ms-slide\" data-delay=\"3\" data-fill-mode=\"fill\"   >\n\t\t\t\t\t<img decoding=\"async\" src=\"https:\/\/unisig.com\/wp-content\/plugins\/masterslider\/public\/assets\/css\/blank.gif\" alt=\"\" title=\"tube-sheet-deep-hole-drilling-machine-usc-ts65\" data-src=\"https:\/\/unisig.com\/wp-content\/smush-webp\/2016\/10\/tube-sheet-deep-hole-drilling-machine-USC-TS65.jpg.webp\" \/>\n\n\n\t\t\t\t<\/div>\n\t\t\t<div  class=\"ms-slide\" data-delay=\"3\" data-fill-mode=\"fill\"   >\n\t\t\t\t\t<img decoding=\"async\" src=\"https:\/\/unisig.com\/wp-content\/plugins\/masterslider\/public\/assets\/css\/blank.gif\" alt=\"\" title=\"USC-TS-Tube-Sheet-Drilling-Machine\" data-src=\"https:\/\/unisig.com\/wp-content\/smush-webp\/2016\/07\/USC-TS-Tube-Sheet-Drilling-Machine.jpg.webp\" \/>\n\n\n\t\t\t\t<\/div>\n\t\t\t<div  class=\"ms-slide\" data-delay=\"3\" data-fill-mode=\"fill\"   >\n\t\t\t\t\t<img decoding=\"async\" src=\"https:\/\/unisig.com\/wp-content\/plugins\/masterslider\/public\/assets\/css\/blank.gif\" alt=\"\" title=\"dual-independent-spindle-deep-hole-drilling-machine-unisig\" data-src=\"https:\/\/unisig.com\/wp-content\/smush-webp\/2016\/10\/dual-independent-spindle-deep-hole-drilling-machine-UNISIG.jpg.webp\" \/>\n\n\n\t\t\t\t<\/div>\n\t\t\t<div  class=\"ms-slide\" data-delay=\"3\" data-fill-mode=\"fill\"   >\n\t\t\t\t\t<img decoding=\"async\" src=\"https:\/\/unisig.com\/wp-content\/plugins\/masterslider\/public\/assets\/css\/blank.gif\" alt=\"\" title=\"usc-ts-tube-sheet-machine-detail\" data-src=\"https:\/\/unisig.com\/wp-content\/smush-webp\/2016\/09\/USC-TS-tube-sheet-machine-detail.jpg.webp\" \/>\n\n\n\t\t\t\t<\/div>\n\t\t\t<div  class=\"ms-slide\" data-delay=\"3\" data-fill-mode=\"fill\"   >\n\t\t\t\t\t<img decoding=\"async\" src=\"https:\/\/unisig.com\/wp-content\/plugins\/masterslider\/public\/assets\/css\/blank.gif\" alt=\"\" title=\"tube-sheet-drilling-machine-tool-detail\" data-src=\"https:\/\/unisig.com\/wp-content\/smush-webp\/2016\/09\/tube-sheet-drilling-machine-tool-detail.jpg.webp\" \/>\n\n\n\t\t\t\t<\/div>\n\n\t\t\t<\/div>\n\t\t\t<!-- END MasterSlider Main -->\n\n\t\t\t \n\t\t<\/div>\n\t\t<!-- END MasterSlider -->\n\n\t\t<script>\n\t\t( window.MSReady = window.MSReady || [] ).push( function( $ ) {\n\n\t\t\t\"use strict\";\n\t\t\tvar masterslider_4efb = new MasterSlider();\n\n\t\t\t\/\/ slider controls\n\t\t\tmasterslider_4efb.control('arrows'     ,{ autohide:true, overVideo:true  });\n\t\t\t\/\/ slider setup\n\t\t\tmasterslider_4efb.setup(\"MS69eba7faa4efb\", {\n\t\t\t\twidth           : 1000,\n\t\t\t\theight          : 600,\n\t\t\t\tminHeight       : 0,\n\t\t\t\tspace           : 0,\n\t\t\t\tstart           : 1,\n\t\t\t\tgrabCursor      : true,\n\t\t\t\tswipe           : true,\n\t\t\t\tmouse           : true,\n\t\t\t\tkeyboard        : false,\n\t\t\t\tlayout          : \"boxed\",\n\t\t\t\twheel           : false,\n\t\t\t\tautoplay        : true,\n                instantStartLayers:false,\n\t\t\t\tmobileBGVideo:false,\n\t\t\t\tloop            : true,\n\t\t\t\tshuffle         : false,\n\t\t\t\tpreload         : 0,\n\t\t\t\theightLimit     : true,\n\t\t\t\tautoHeight      : false,\n\t\t\t\tsmoothHeight    : true,\n\t\t\t\tendPause        : false,\n\t\t\t\toverPause       : true,\n\t\t\t\tfillMode        : \"fill\",\n\t\t\t\tcenterControls  : true,\n\t\t\t\tstartOnAppear   : false,\n\t\t\t\tlayersMode      : \"center\",\n\t\t\t\tautofillTarget  : \"\",\n\t\t\t\thideLayers      : false,\n\t\t\t\tfullscreenMargin: 0,\n\t\t\t\tspeed           : 20,\n\t\t\t\tdir             : \"h\",\n\t\t\t\tresponsive      : true,\n\t\t\t\ttabletWidth     : 768,\n\t\t\t\ttabletHeight    : null,\n\t\t\t\tphoneWidth      : 480,\n\t\t\t\tphoneHeight    : null,\n\t\t\t\tsizingReference : window,\n\t\t\t\tparallaxMode    : 'swipe',\n\t\t\t\tview            : \"basic\"\n\t\t\t});\n\n\t\t\t\n\t\t\twindow.masterslider_instances = window.masterslider_instances || [];\n\t\t\twindow.masterslider_instances.push( masterslider_4efb );\n\t\t});\n\t\t<\/script>\n\n<\/div>[\/vc_column][\/vc_row][vc_row][vc_column width=&#8221;3\/4&#8243;][vc_column_text]<\/p>\n<h1>USC-TS-Serie f\u00fcr W\u00e4rmetauscher<\/h1>\n<p>[\/vc_column_text][\/vc_column][vc_column width=&#8221;1\/4&#8243;][vc_btn title=&#8221;Schnellanfrage&#8221; shape=&#8221;square&#8221; align=&#8221;right&#8221; link=&#8221;url:https%3A%2F%2Funisig.com%2Fde%2Fproduktetechnologie%2Fexpress-liefermaschinen%2F|title:Quick%20Machine%20Request%20DE||&#8221; el_class=&#8221;popmake-7864&#8243; css=&#8221;.vc_custom_1611933468058{padding-top: 14px !important;}&#8221;][\/vc_column][\/vc_row][vc_row][vc_column][vc_column_text]F\u00fcr Hersteller von Rohrb\u00f6den die Tausende von Pr\u00e4zisionsbohrungen in extrem gro\u00dfen, hochwertigen Werkst\u00fccken ben\u00f6tigen, gibt es keinen Spielraum f\u00fcr Fehler. Die USC-TS-Rohrboden-Tiefbohrmaschinen verwenden Mehrspindelkonfigurationen und programmierbare Positionierung, um W\u00e4rmetauscher-Rohrb\u00f6den zuverl\u00e4ssig zu bohren. Genaues Bohren in schnellen Zyklen erm\u00f6glicht es Fertigern, mehr Bohrungen mit verbesserter Genauigkeit und ohne Risiko zu setzten.<\/p>\n<p>Die USC-TS Maschinen basieren auf den bew\u00e4hrten USC-Fahrst\u00e4ndermaschinen, die f\u00fcr die spezifischen Anforderungen der Rohrbodenindustrie entwickelt wurden. Die Maschinen haben eine praktisch unbegrenzte Gewichtskapazit\u00e4t, extrem gro\u00dfe Verfahrwege und eine hohe Effizienz beim BTA- und ELB-Bohren, alles auf einer starren Maschinenbasis und mit Fahrst\u00e4nder. Die Spindeln sind unabh\u00e4ngig und in 2-, 3- oder 5-Spindel-Konfiguration erh\u00e4ltlich, um den spezifischen Anforderungen der Anwendung gerecht zu werden.[\/vc_column_text][vc_separator][\/vc_column][\/vc_row][vc_row][vc_column][vc_tta_tabs shape=&#8221;square&#8221; color=&#8221;white&#8221; alignment=&#8221;right&#8221; active_section=&#8221;1&#8243; el_class=&#8221;machine-spec-tables&#8221;][vc_tta_section title=&#8221;Metrisch&#8221; tab_id=&#8221;1469812290825-2638acd8-941802d6-ff36&#8243;][vc_column_text]<\/p>\n<table class=\"rwd-table\">\n<tbody>\n<tr>\n<th>Beschreibung<\/th>\n<th>USC-TS32<\/th>\n<th>USC-TS50<\/th>\n<th>USC-TS65<\/th>\n<\/tr>\n<tr>\n<td data-th=\"Rated Gundrill Diameter\">ELB-Vollbohrdurchmesser<\/td>\n<td data-th=\"USC-TS32\">8 \u2013 32 mm<\/td>\n<td data-th=\"USC-TS50\">8 \u2013 50 mm<\/td>\n<td data-th=\"USC-TS65\">\u2014<\/td>\n<\/tr>\n<tr>\n<td data-th=\"BTA Drilling Diameter\">BTA-Vollbohrdurchmesser<\/td>\n<td data-th=\"USC-TS32\">12,7 \u2013 32 mm<\/td>\n<td data-th=\"USC-TS50\">12,7 \u2013 50 mm<\/td>\n<td data-th=\"USC-TS65\">12,7 \u2013 65 mm<\/td>\n<\/tr>\n<tr>\n<td data-th=\"Number of Spindles\">Spindelanzahl<\/td>\n<td data-th=\"USC-TS32\">2, 3 oder 5<\/td>\n<td data-th=\"USC-TS50\">2, 3 oder 5<\/td>\n<td data-th=\"USC-TS65\">2 oder 3<\/td>\n<\/tr>\n<tr>\n<td data-th=\"Nominal drilling depth\">Nominale Bohrtiefe<\/td>\n<td data-th=\"USC-TS32\">750 mm<\/td>\n<td data-th=\"USC-TS50\">1000 mm<\/td>\n<td data-th=\"USC-TS65\">1000 mm<\/td>\n<\/tr>\n<tr>\n<td data-th=\"X-axis travel (various options)\">X-Achsen-Fahrweg (je nach Ausf\u00fchrung)<\/td>\n<td data-th=\"USC-TS32\">3-10 m<\/td>\n<td data-th=\"USC-TS50\">3-10 m<\/td>\n<td data-th=\"USC-TS65\">3-10 m<\/td>\n<\/tr>\n<tr>\n<td data-th=\"Y-axis travel (various options)\">Y-Achsen-Fahrweg (je nach Ausf\u00fchrung)<\/td>\n<td data-th=\"USC-TS32\">2,5 &#8211; 5 m<\/td>\n<td data-th=\"USC-TS50\">2,5 &#8211; 5 m<\/td>\n<td data-th=\"USC-TS65\">2,5 &#8211; 5 m<\/td>\n<\/tr>\n<\/tbody>\n<\/table>\n<p>[\/vc_column_text][\/vc_tta_section][vc_tta_section title=&#8221;Zoll&#8221; tab_id=&#8221;1469812290427-4adebc19-72cd02d6-ff36&#8243;][vc_column_text]<\/p>\n<table class=\"rwd-table\">\n<tbody>\n<tr>\n<th>Beschreibung<\/th>\n<th>USC-TS32<\/th>\n<th>USC-TS50<\/th>\n<th>USC-TS65<\/th>\n<\/tr>\n<tr>\n<td data-th=\"Rated Gundrill Diameter\">ELB-Vollbohrdurchmesser<\/td>\n<td data-th=\"USC-TS32\">0,3 &#8211; 1,26 in<\/td>\n<td data-th=\"USC-TS50\">0,3 &#8211; 2,0 in<\/td>\n<td data-th=\"USC-TS65\">\u2014<\/td>\n<\/tr>\n<tr>\n<td data-th=\"BTA Drilling Diameter\">BTA-Vollbohrdurchmesser<\/td>\n<td data-th=\"USC-TS32\">0,5 &#8211; 1,26 in<\/td>\n<td data-th=\"USC-TS50\">0,5 &#8211; 2,0 in<\/td>\n<td data-th=\"USC-TS65\">12,7 \u2013 65 mm<\/td>\n<\/tr>\n<tr>\n<td data-th=\"Number of Spindles\">Spindelanzahl<\/td>\n<td data-th=\"USC-TS32\">2, 3 oder 5<\/td>\n<td data-th=\"USC-TS50\">2, 3 oder 5<\/td>\n<td data-th=\"USC-TS65\">2 oder 3<\/td>\n<\/tr>\n<tr>\n<td data-th=\"Nominal drilling depth\">Nominale Bohrtiefe<\/td>\n<td data-th=\"USC-TS32\">30 in<\/td>\n<td data-th=\"USC-TS50\">40 in<\/td>\n<td data-th=\"USC-TS65\">40 in<\/td>\n<\/tr>\n<tr>\n<td data-th=\"X-axis travel (various options)\">X-Achsen-Verfahrweg (je nach Ausf\u00fchrung)<\/td>\n<td data-th=\"USC-TS32\">10 &#8211; 32,8 ft<\/td>\n<td data-th=\"USC-TS50\">10 &#8211; 32,8 ft<\/td>\n<td data-th=\"USC-TS65\">10 &#8211; 32,8 ft<\/td>\n<\/tr>\n<tr>\n<td data-th=\"Y-axis travel (various options)\">Y-Achsen-Verfahrweg (je nach Ausf\u00fchrung)<\/td>\n<td data-th=\"USC-TS32\">8 &#8211; 16,4 ft<\/td>\n<td data-th=\"USC-TS50\">8 &#8211; 16,4 ft<\/td>\n<td data-th=\"USC-TS65\">8 &#8211; 16,4 ft<\/td>\n<\/tr>\n<\/tbody>\n<\/table>\n<p>[\/vc_column_text][\/vc_tta_section][\/vc_tta_tabs][\/vc_column][\/vc_row][vc_row][vc_column][vc_separator][vc_column_text]<\/p>\n<h4>Weitere Informationen:<\/h4>\n<p>[\/vc_column_text][unisig_icon_content icon=&#8221;fa fa-video-camera&#8221;]<a href=\"https:\/\/vimeo.com\/121155510\" target=\"_blank\" rel=\"noopener noreferrer\">USC-TS Machine Demonstration | Video<\/a>[\/unisig_icon_content][\/vc_column][\/vc_row][vc_row][vc_column][vc_separator][vc_column_text]<\/p>\n<h4>Empfehlungen f\u00fcr die USC-TS Serie<\/h4>\n<p>[\/vc_column_text][\/vc_column][\/vc_row][vc_row][vc_column width=&#8221;1\/3&#8243;][vc_column_text]<\/p>\n<h5>Empfohlene Werkzeuge<\/h5>\n<p>[\/vc_column_text][vc_column_text]<\/p>\n<ul>\n<li><a href=\"https:\/\/unisig.com\/de\/produktetechnologie\/werkzeuge\/bta-werkzeugzubehoer\/\">BTA Werkzeugzubeh\u00f6r<\/a><\/li>\n<\/ul>\n<p>[\/vc_column_text][\/vc_column][vc_column width=&#8221;1\/3&#8243;][vc_column_text]<\/p>\n<h5>Empfohlenes Zubeh\u00f6r<\/h5>\n<p>[\/vc_column_text][vc_column_text]<\/p>\n<ul>\n<li><a href=\"https:\/\/unisig.com\/de\/maschinenzubehoer\/tiefbohroel\/\">Tiefbohr\u00f6l<\/a><\/li>\n<\/ul>\n<p>[\/vc_column_text][\/vc_column][\/vc_row][vc_row][vc_column][vc_separator][vc_btn title=&#8221;Mein Angebot anfordern&#8221; shape=&#8221;square&#8221; size=&#8221;sm&#8221; link=&#8221;url:%2F%3Fpage_id%3D6519|||&#8221;][\/vc_column][\/vc_row]<\/p>\n<\/div>","protected":false},"excerpt":{"rendered":"<p>[vc_row][vc_column][\/vc_column][\/vc_row][vc_row][vc_column width=&#8221;3\/4&#8243;][vc_column_text] USC-TS-Serie f\u00fcr W\u00e4rmetauscher [\/vc_column_text][\/vc_column][vc_column width=&#8221;1\/4&#8243;][vc_btn title=&#8221;Schnellanfrage&#8221; shape=&#8221;square&#8221; align=&#8221;right&#8221; link=&#8221;url:https%3A%2F%2Funisig.com%2Fde%2Fproduktetechnologie%2Fexpress-liefermaschinen%2F|title:Quick%20Machine%20Request%20DE||&#8221; el_class=&#8221;popmake-7864&#8243; css=&#8221;.vc_custom_1611933468058{padding-top: 14px !important;}&#8221;][\/vc_column][\/vc_row][vc_row][vc_column][vc_column_text]F\u00fcr Hersteller von Rohrb\u00f6den die Tausende von Pr\u00e4zisionsbohrungen in extrem gro\u00dfen, hochwertigen Werkst\u00fccken ben\u00f6tigen, gibt es keinen Spielraum f\u00fcr Fehler. Die USC-TS-Rohrboden-Tiefbohrmaschinen verwenden Mehrspindelkonfigurationen und programmierbare Positionierung, um W\u00e4rmetauscher-Rohrb\u00f6den zuverl\u00e4ssig zu bohren. Genaues Bohren in schnellen Zyklen erm\u00f6glicht es Fertigern, mehr<a href=\"https:\/\/unisig.com\/de\/alle-maschinen\/usc-ts-rohrbodenmaschinen\/\" class=\"more-link\">Read More<\/a><\/p>\n","protected":false},"author":3,"featured_media":0,"parent":6562,"menu_order":1,"comment_status":"closed","ping_status":"closed","template":"page-templates\/template-2.php","meta":{"_acf_changed":false,"footnotes":""},"folder":[],"class_list":["post-6662","page","type-page","status-publish","hentry"],"acf":[],"_links":{"self":[{"href":"https:\/\/unisig.com\/de\/wp-json\/wp\/v2\/pages\/6662","targetHints":{"allow":["GET"]}}],"collection":[{"href":"https:\/\/unisig.com\/de\/wp-json\/wp\/v2\/pages"}],"about":[{"href":"https:\/\/unisig.com\/de\/wp-json\/wp\/v2\/types\/page"}],"author":[{"embeddable":true,"href":"https:\/\/unisig.com\/de\/wp-json\/wp\/v2\/users\/3"}],"replies":[{"embeddable":true,"href":"https:\/\/unisig.com\/de\/wp-json\/wp\/v2\/comments?post=6662"}],"version-history":[{"count":0,"href":"https:\/\/unisig.com\/de\/wp-json\/wp\/v2\/pages\/6662\/revisions"}],"up":[{"embeddable":true,"href":"https:\/\/unisig.com\/de\/wp-json\/wp\/v2\/pages\/6562"}],"wp:attachment":[{"href":"https:\/\/unisig.com\/de\/wp-json\/wp\/v2\/media?parent=6662"}],"wp:term":[{"taxonomy":"folder","embeddable":true,"href":"https:\/\/unisig.com\/de\/wp-json\/wp\/v2\/folder?post=6662"}],"curies":[{"name":"wp","href":"https:\/\/api.w.org\/{rel}","templated":true}]}}