{"id":6663,"date":"2020-06-15T10:54:43","date_gmt":"2020-06-15T15:54:43","guid":{"rendered":"https:\/\/stagingxx.unisig.com\/produkte-technologie\/maschinenzubehoer\/gundrill-schleifmaschine\/"},"modified":"2024-05-03T01:56:25","modified_gmt":"2024-05-03T06:56:25","slug":"gundrill-schleifmaschine","status":"publish","type":"page","link":"https:\/\/unisig.com\/de\/produktetechnologie\/maschinenzubehoer\/elb-schleifmaschine\/","title":{"rendered":"Einlipenbohrer-Schleifmaschine"},"content":{"rendered":"<div class=\"wpb-content-wrapper\"><p>[vc_row][vc_column][vc_single_image image=&#8221;206445&#8243; img_size=&#8221;full&#8221; add_caption=&#8221;yes&#8221;][vc_column_text]<\/p>\n<h1>Einlippenbohrer-Schleifmaschine<\/h1>\n<p>[\/vc_column_text][vc_column_text]<\/p>\n<h4>Komplettsystem zum Messen und Sch\u00e4rfen stumpfer Einlippenbohrer.<\/h4>\n<p>[\/vc_column_text][vc_column_text]Das Schleifsystem von UNISIG bietet eine Komplettl\u00f6sung f\u00fcr hochwertiges Sch\u00e4rfen und Profilieren direkt in Ihrer Fertigung. Sparen Sie Zeit und Geld, indem Sie Ihre abgenutzten Einlippenbohrer intern nachschleifen und so sowohl die Konsistenz als auch die Verf\u00fcgbarkeit Ihrer nachgesch\u00e4rften Werkzeuge sicherstellen k\u00f6nnen.<\/p>\n<p>Pr\u00e4zision und Wiederholgenauigkeit beim Schleifen von ELB-Bohrern verbessert die Standzeit, Oberfl\u00e4cheng\u00fcte, Bohrungsgr\u00f6\u00dfe und Geradheit \u2013 Schl\u00fcsselelemente f\u00fcr erfolgreiches Tiefbohren. Dieses System bietet Pr\u00e4zisionsschleifen und erstklassige Messungen in einer Aufspannung und gibt Ihnen au\u00dferdem die M\u00f6glichkeit, den Werkzeugverschlei\u00df zu analysieren und Bohrbetriebsparameter zu optimieren.[\/vc_column_text][\/vc_column][\/vc_row][vc_row][vc_column][vc_column_text]<\/p>\n<h4>Das Schleifsystem<\/h4>\n<p>[\/vc_column_text][vc_column_text]<\/p>\n<ul>\n<li>Kompakte Werkzeug- und Schneidenschleifmaschine, von UNISIG angepasst f\u00fcr das Schleifen von Einippenbohrern<\/li>\n<li>Digitales Inspektionsmikroskop mit Me\u00dfsoftware und LED-Beleuchtung<\/li>\n<li>Verstellbare Schwenkarm-Kamerahalterung f\u00fcr m\u00fchelose Inspektion von Werkzeugfl\u00e4chen und Kanten<\/li>\n<li>Computer mit installierter Inspektionssoftware, Monitor, Tastatur, Maus<\/li>\n<li>Pr\u00e4zisionsschleifvorrichtung mit Diamanttopfscheibe<\/li>\n<li>Schleifmaschine und Kamerasystem sind auf Grundplatte montiert f\u00fcr Tischaufstellung, mobiler Unterschrank als Option erh\u00e4ltlich<\/li>\n<\/ul>\n<p>[\/vc_column_text][\/vc_column][\/vc_row][vc_row][vc_column][vc_column_text]<\/p>\n<h4>Systemvorteile<\/h4>\n<p>[\/vc_column_text][vc_column_text]<\/p>\n<ul>\n<li><span class=\"jCAhz ChMk0b\"><span class=\"ryNqvb\">Einfach zu verwendender, visueller Prozess mit Ergebnissen, die zur Dokumentation und Schulung erfasst werden k\u00f6nnen<\/span><\/span><\/li>\n<li><span class=\"jCAhz ChMk0b\"><span class=\"ryNqvb\">\u00dcberpr\u00fcfen Sie Einlippenbohrer vor und nach dem Sch\u00e4rfen, um die Prozessentwicklung zu unterst\u00fctzen<\/span><\/span><\/li>\n<li><span class=\"jCAhz ChMk0b\"><span class=\"ryNqvb\">Das Komplettset enth\u00e4lt alles, was Sie zum produktiven Sch\u00e4rfen von Einlippenbohrern ben\u00f6tigen<\/span><\/span><\/li>\n<li><span class=\"jCAhz ChMk0b\"><span class=\"ryNqvb\">Optionen zur Erweiterung des Bereichs der schleifbaren Werkzeugdurchmesser verf\u00fcgbar<\/span><\/span><\/li>\n<li><span class=\"jCAhz ChMk0b\"><span class=\"ryNqvb\">Schleifen und Pr\u00fcfen in derselben Aufspannung, f\u00fcr h\u00f6chste Genauigkeit und Wiederholbarkeit beim Schleifen der Werkzeuge<\/span><\/span><\/li>\n<li><span class=\"jCAhz ChMk0b\"><span class=\"ryNqvb\">Anwendungs- und technische Schulungen verf\u00fcgbar\u00a0<\/span><\/span><\/li>\n<\/ul>\n<p>[\/vc_column_text][\/vc_column][\/vc_row][vc_row][vc_column][vc_btn title=&#8221;Anfrage Schleifmaschinen Angebot&#8221; shape=&#8221;square&#8221; link=&#8221;url:https%3A%2F%2Funisig.com%2Fde%2F%3Fpost_type%3Dpopup%26p%3D7864|title:Quick%20Machine%20Request%20DE||&#8221; el_class=&#8221;popmake-7864&#8243;][\/vc_column][\/vc_row]<\/p>\n<\/div>","protected":false},"excerpt":{"rendered":"<p>[vc_row][vc_column][vc_single_image image=&#8221;206445&#8243; img_size=&#8221;full&#8221; add_caption=&#8221;yes&#8221;][vc_column_text] Einlippenbohrer-Schleifmaschine [\/vc_column_text][vc_column_text] Komplettsystem zum Messen und Sch\u00e4rfen stumpfer Einlippenbohrer. [\/vc_column_text][vc_column_text]Das Schleifsystem von UNISIG bietet eine Komplettl\u00f6sung f\u00fcr hochwertiges Sch\u00e4rfen und Profilieren direkt in Ihrer Fertigung. Sparen Sie Zeit und Geld, indem Sie Ihre abgenutzten Einlippenbohrer intern nachschleifen und so sowohl die Konsistenz als auch die Verf\u00fcgbarkeit Ihrer nachgesch\u00e4rften Werkzeuge sicherstellen k\u00f6nnen.<a href=\"https:\/\/unisig.com\/de\/produktetechnologie\/maschinenzubehoer\/elb-schleifmaschine\/\" class=\"more-link\">Read More<\/a><\/p>\n","protected":false},"author":3,"featured_media":0,"parent":6536,"menu_order":0,"comment_status":"closed","ping_status":"closed","template":"page-templates\/template-2.php","meta":{"_acf_changed":false,"footnotes":""},"folder":[],"class_list":["post-6663","page","type-page","status-publish","hentry"],"acf":[],"_links":{"self":[{"href":"https:\/\/unisig.com\/de\/wp-json\/wp\/v2\/pages\/6663","targetHints":{"allow":["GET"]}}],"collection":[{"href":"https:\/\/unisig.com\/de\/wp-json\/wp\/v2\/pages"}],"about":[{"href":"https:\/\/unisig.com\/de\/wp-json\/wp\/v2\/types\/page"}],"author":[{"embeddable":true,"href":"https:\/\/unisig.com\/de\/wp-json\/wp\/v2\/users\/3"}],"replies":[{"embeddable":true,"href":"https:\/\/unisig.com\/de\/wp-json\/wp\/v2\/comments?post=6663"}],"version-history":[{"count":0,"href":"https:\/\/unisig.com\/de\/wp-json\/wp\/v2\/pages\/6663\/revisions"}],"up":[{"embeddable":true,"href":"https:\/\/unisig.com\/de\/wp-json\/wp\/v2\/pages\/6536"}],"wp:attachment":[{"href":"https:\/\/unisig.com\/de\/wp-json\/wp\/v2\/media?parent=6663"}],"wp:term":[{"taxonomy":"folder","embeddable":true,"href":"https:\/\/unisig.com\/de\/wp-json\/wp\/v2\/folder?post=6663"}],"curies":[{"name":"wp","href":"https:\/\/api.w.org\/{rel}","templated":true}]}}