{"id":6666,"date":"2020-06-15T10:54:46","date_gmt":"2020-06-15T15:54:46","guid":{"rendered":"https:\/\/stagingxx.unisig.com\/alle-maschinen\/usk-knie-maschinen\/"},"modified":"2025-01-17T09:03:07","modified_gmt":"2025-01-17T15:03:07","slug":"usk-kreuztischmaschinen","status":"publish","type":"page","link":"https:\/\/unisig.com\/de\/alle-maschinen\/usk-kreuztischmaschinen\/","title":{"rendered":"USK CNC-Kreuztischmaschinen"},"content":{"rendered":"<div class=\"wpb-content-wrapper\"><p>[vc_row][vc_column]<div class=\"avt_masterslider_el \" >\n\t\t<!-- MasterSlider -->\n\t\t<div id=\"P_MS69d8717040e1a\" class=\"master-slider-parent ms-parent-id-11\" style=\"max-width:1000px;\" >\n\n\t\t\t\n\t\t\t<!-- MasterSlider Main -->\n\t\t\t<div id=\"MS69d8717040e1a\" class=\"master-slider ms-skin-black-2 round-skin\" >\n\t\t\t\t \t\t\t\t \n\n\t\t\t<div  class=\"ms-slide\" data-delay=\"3\" data-fill-mode=\"fill\"   >\n\t\t\t\t\t<img decoding=\"async\" src=\"https:\/\/unisig.com\/wp-content\/plugins\/masterslider\/public\/assets\/css\/blank.gif\" alt=\"\" title=\"usk-deep-hole-drilling-machine-knee-type\" data-src=\"https:\/\/unisig.com\/wp-content\/smush-webp\/2020\/12\/www.USK12-2-Front-Left-Doors-Open-for-web-1000x600-1.jpg.webp\" \/>\n\n\n\t\t\t\t<\/div>\n\t\t\t<div  class=\"ms-slide\" data-delay=\"3\" data-fill-mode=\"fill\"   >\n\t\t\t\t\t<img decoding=\"async\" src=\"https:\/\/unisig.com\/wp-content\/plugins\/masterslider\/public\/assets\/css\/blank.gif\" alt=\"\" title=\"usk-gundrilling-machine\" data-src=\"https:\/\/unisig.com\/wp-content\/smush-webp\/2021\/01\/USK25-1000x600px.jpg.webp\" \/>\n\n\n\t\t\t\t<\/div>\n\t\t\t<div  class=\"ms-slide\" data-delay=\"3\" data-fill-mode=\"fill\"   >\n\t\t\t\t\t<img decoding=\"async\" src=\"https:\/\/unisig.com\/wp-content\/plugins\/masterslider\/public\/assets\/css\/blank.gif\" alt=\"\" title=\"knee-type-gundrilling-machine-off-center-usk50\" data-src=\"https:\/\/unisig.com\/wp-content\/smush-webp\/2020\/12\/www.USK40-1000-spindle-for-web-1000x600-1.jpg.webp\" \/>\n\n\n\t\t\t\t<\/div>\n\n\t\t\t<\/div>\n\t\t\t<!-- END MasterSlider Main -->\n\n\t\t\t \n\t\t<\/div>\n\t\t<!-- END MasterSlider -->\n\n\t\t<script>\n\t\t( window.MSReady = window.MSReady || [] ).push( function( $ ) {\n\n\t\t\t\"use strict\";\n\t\t\tvar masterslider_0e1a = new MasterSlider();\n\n\t\t\t\/\/ slider controls\n\t\t\tmasterslider_0e1a.control('arrows'     ,{ autohide:true, overVideo:true  });\n\t\t\t\/\/ slider setup\n\t\t\tmasterslider_0e1a.setup(\"MS69d8717040e1a\", {\n\t\t\t\twidth           : 1000,\n\t\t\t\theight          : 600,\n\t\t\t\tminHeight       : 0,\n\t\t\t\tspace           : 0,\n\t\t\t\tstart           : 1,\n\t\t\t\tgrabCursor      : true,\n\t\t\t\tswipe           : true,\n\t\t\t\tmouse           : true,\n\t\t\t\tkeyboard        : false,\n\t\t\t\tlayout          : \"boxed\",\n\t\t\t\twheel           : false,\n\t\t\t\tautoplay        : true,\n                instantStartLayers:false,\n\t\t\t\tmobileBGVideo:false,\n\t\t\t\tloop            : true,\n\t\t\t\tshuffle         : false,\n\t\t\t\tpreload         : 0,\n\t\t\t\theightLimit     : true,\n\t\t\t\tautoHeight      : false,\n\t\t\t\tsmoothHeight    : true,\n\t\t\t\tendPause        : false,\n\t\t\t\toverPause       : true,\n\t\t\t\tfillMode        : \"fill\",\n\t\t\t\tcenterControls  : true,\n\t\t\t\tstartOnAppear   : false,\n\t\t\t\tlayersMode      : \"center\",\n\t\t\t\tautofillTarget  : \"\",\n\t\t\t\thideLayers      : false,\n\t\t\t\tfullscreenMargin: 0,\n\t\t\t\tspeed           : 20,\n\t\t\t\tdir             : \"h\",\n\t\t\t\tresponsive      : true,\n\t\t\t\ttabletWidth     : 768,\n\t\t\t\ttabletHeight    : null,\n\t\t\t\tphoneWidth      : 480,\n\t\t\t\tphoneHeight    : null,\n\t\t\t\tsizingReference : window,\n\t\t\t\tparallaxMode    : 'swipe',\n\t\t\t\tview            : \"basic\"\n\t\t\t});\n\n\t\t\t\n\t\t\twindow.masterslider_instances = window.masterslider_instances || [];\n\t\t\twindow.masterslider_instances.push( masterslider_0e1a );\n\t\t});\n\t\t<\/script>\n\n<\/div>[\/vc_column][\/vc_row][vc_row][vc_column width=&#8221;3\/4&#8243;][vc_column_text]<\/p>\n<h1>USK CNC-Kreuztischmaschinen<\/h1>\n<p>[\/vc_column_text][\/vc_column][vc_column width=&#8221;1\/4&#8243;][vc_btn title=&#8221;Schnellanfrage&#8221; shape=&#8221;square&#8221; align=&#8221;right&#8221; css=&#8221;.vc_custom_1611933177896{padding-top: 14px !important;}&#8221; link=&#8221;url:https%3A%2F%2Funisig.com%2Fde%2Fproduktetechnologie%2Fexpress-liefermaschinen%2F|title:Quick%20Machine%20Request%20DE||&#8221; el_class=&#8221;popmake-7864&#8243;][\/vc_column][\/vc_row][vc_row][vc_column][vc_column_text]Anspruchsvolle Bohrungen, bei denen Genauigkeit zwingend erforderlich ist, werden auf USK-Kreuztischmaschinen gebohrt. Die X-Y-Positionierung des Tisches erm\u00f6glicht es Herstellern, h\u00f6chste Pr\u00e4zision sowohl in der Lage der Bohrung als auch der Bohrungstoleranzen zu erreichen, selbst in extremen Bohrtiefen-zu-Durchmesseranwendungen. USK Maschinen setzen dabei auf bew\u00e4hrte Tiefbohrtechnologie, verbunden mit einer starren einteiligen Maschinenkonstruktion, f\u00fcr un\u00fcbertroffene Genauigkeit und Zuverl\u00e4ssigkeit.<\/p>\n<p>USK Maschinen sind f\u00fcr exzentrische Einlippentiefbohraufgaben ausger\u00fcstet, um sehr gro\u00dfe Tiefen-zu-Durchmesserverh\u00e4ltnisse zu erreichen und k\u00f6nnen mit einer Reihe von Optionen zur Unterst\u00fctzung spezifischer Anforderungen und Anwendungen konfiguriert werden. Die USK-Serie zeichnet sich mit UNISIGs bew\u00e4hrter Bohrtechnologie durch extremste Genauigkeit auf dem Markt aus.[\/vc_column_text][vc_separator][\/vc_column][\/vc_row][vc_row][vc_column][vc_tta_tabs shape=&#8221;square&#8221; color=&#8221;white&#8221; alignment=&#8221;right&#8221; active_section=&#8221;1&#8243; el_class=&#8221;machine-spec-tables&#8221;][vc_tta_section title=&#8221;Metrisch&#8221; tab_id=&#8221;1469812290825-2638acd8-94180beb-b98a&#8221;][vc_column_text css=&#8221;&#8221;]<\/p>\n<table class=\"rwd-table\">\n<tbody>\n<tr>\n<th>Beschreibung<\/th>\n<th><a href=\"https:\/\/unisig.com\/de\/produkt\/usk12-2\/\">USK12-2<\/a><\/th>\n<th><a href=\"https:\/\/unisig.com\/de\/produkt\/usk20-2\/\">USK20-2<\/a><\/th>\n<th><a href=\"https:\/\/unisig.com\/de\/produkt\/usk25\/\">USK25<\/a><\/th>\n<th><a href=\"https:\/\/unisig.com\/de\/produkt\/usk40\/\">USK40<\/a><\/th>\n<\/tr>\n<tr>\n<td data-th=\"Tooling type\">Werkzeugsystem<\/td>\n<td data-th=\"USK12-2\">ELB<\/td>\n<td data-th=\"USK20-2\">ELB<\/td>\n<td data-th=\"USK25\">ELB<\/td>\n<td data-th=\"USK40\">ELB<\/td>\n<\/tr>\n<tr>\n<td data-th=\"Number of spindles\">Spindelanzahl<\/td>\n<td data-th=\"USK12-2\">2<\/td>\n<td data-th=\"USK20-2\">2<\/td>\n<td data-th=\"USK25\">1<\/td>\n<td data-th=\"USK40\">1<\/td>\n<\/tr>\n<tr>\n<td data-th=\"Drilling diameter max\">Bohrdurchmesser max.<\/td>\n<td data-th=\"USK12-2\">12 mm<\/td>\n<td data-th=\"USK20-2\">20 mm<\/td>\n<td data-th=\"USK25\">25 mm<\/td>\n<td data-th=\"USK40\">40 mm<\/td>\n<\/tr>\n<tr>\n<td data-th=\"Drilling diameter max single spindle mode\">Bohrdurchmesser max. im Einspindelmodus<\/td>\n<td data-th=\"USK12-2\">19 mm<\/td>\n<td data-th=\"USK20-2\">25 mm<\/td>\n<td data-th=\"USK25\">&#8211;<\/td>\n<td data-th=\"USK40\">&#8211;<\/td>\n<\/tr>\n<tr>\n<td data-th=\"Rated drill depths\">Nominale Bohrtiefen<\/td>\n<td data-th=\"USK12-2\">750 mm<\/p>\n<p>1.000 mm<\/td>\n<td data-th=\"USK20-2\">1.000 mm<\/p>\n<p>1.500 mm<\/td>\n<td data-th=\"USK25\">1.000 mm<\/p>\n<p>1.500 mm<\/td>\n<td data-th=\"USK40\">1.000 mm<\/p>\n<p>1.500 mm<\/td>\n<\/tr>\n<tr>\n<td data-th=\"Table top dimensions\">Tischabmessungen<\/td>\n<td data-th=\"USK12-2\">1.000 x 1.000 mm<\/td>\n<td data-th=\"USK20-2\">1.000 x 1.000 mm<\/td>\n<td data-th=\"USK25\">1.000 x 1.000 mm<\/td>\n<td data-th=\"USK40\">1.000 x 1.000 mm<\/td>\n<\/tr>\n<tr>\n<td data-th=\"Table capacity\">Tischtraglast<\/td>\n<td data-th=\"USK12-2\">1.000 kg<\/td>\n<td data-th=\"USK20-2\">1.000 kg<\/td>\n<td data-th=\"USK25\">1.000 kg<\/td>\n<td data-th=\"USK40\">1.000 kg<\/td>\n<\/tr>\n<tr>\n<td data-th=\"X-travel (horizontal)\">X-Verfahrweg (horizontal)<\/td>\n<td data-th=\"USK12-2\">500 mm<\/td>\n<td data-th=\"USK20-2\">500 mm<\/td>\n<td data-th=\"USK25\">500 mm<\/td>\n<td data-th=\"USK40\">500 mm<\/td>\n<\/tr>\n<tr>\n<td data-th=\"X-travel (horizontal)\">Y-Verfahrweg (vertikal)<\/td>\n<td data-th=\"USK12-2\">350 mm<\/td>\n<td data-th=\"USK20-2\">350 mm<\/td>\n<td data-th=\"USK25\">350 mm<\/td>\n<td data-th=\"USK40\">350 mm<\/td>\n<\/tr>\n<\/tbody>\n<\/table>\n<p>[\/vc_column_text][\/vc_tta_section][vc_tta_section title=&#8221;Zoll&#8221; tab_id=&#8221;1469812290427-4adebc19-72cd0beb-b98a&#8221;][vc_column_text css=&#8221;&#8221;]<\/p>\n<table class=\"rwd-table\">\n<tbody>\n<tr>\n<th>Beschreibung<\/th>\n<th><a href=\"https:\/\/unisig.com\/de\/produkt\/usk12-2\/\">USK12-2<\/a><\/th>\n<th><a href=\"https:\/\/unisig.com\/de\/produkt\/usk20-2\/\">USK20-2<\/a><\/th>\n<th><a href=\"https:\/\/unisig.com\/de\/produkt\/usk25\/\">USK25<\/a><\/th>\n<th><a href=\"https:\/\/unisig.com\/de\/produkt\/usk40\/\">USK40<\/a><\/th>\n<\/tr>\n<tr>\n<td data-th=\"Tooling type\">Werkzeugsystem<\/td>\n<td data-th=\"USK12-2\">ELB<\/td>\n<td data-th=\"USK20-2\">ELB<\/td>\n<td data-th=\"USK25\">ELB<\/td>\n<td data-th=\"USK40\">ELB<\/td>\n<\/tr>\n<tr>\n<td data-th=\"Number of spindles\">Spindelanzahl<\/td>\n<td data-th=\"USK12-2\">2<\/td>\n<td data-th=\"USK20-2\">2<\/td>\n<td data-th=\"USK25\">1<\/td>\n<td data-th=\"USK40\">1<\/td>\n<\/tr>\n<tr>\n<td data-th=\"Drilling diameter max\">Bohrdurchmesser max.<\/td>\n<td data-th=\"USK12-2\">0,5 in<\/td>\n<td data-th=\"USK20-2\">0,8 in<\/td>\n<td data-th=\"USK25\">1,0 in<\/td>\n<td data-th=\"USK40\">1.57 in<\/td>\n<\/tr>\n<tr>\n<td data-th=\"Drilling diameter max single spindle mode\">Bohrdurchmesser max. im Einspindelmodus<\/td>\n<td data-th=\"USK12-2\">&#8211;<\/td>\n<td data-th=\"USK20-2\">1,0 in<\/td>\n<td data-th=\"USK25\">&#8211;<\/td>\n<td data-th=\"USK40\">&#8211;<\/td>\n<\/tr>\n<tr>\n<td data-th=\"Rated drill depths\">Nominale Bohrtiefen<\/td>\n<td data-th=\"USK12-2\">29,5 in<\/p>\n<p>39,4 in<\/td>\n<td data-th=\"USK20-2\">39,5 in<\/p>\n<p>59,1 in<\/td>\n<td data-th=\"USK25\">39,5 in<\/p>\n<p>59,1 in<\/td>\n<td data-th=\"USK40\">39,5 in<\/p>\n<p>59,1 in<\/td>\n<\/tr>\n<tr>\n<td data-th=\"Table top dimensions\">Tischabmessungen<\/td>\n<td data-th=\"USK12-2\">39,4 x 39,4 in<\/td>\n<td data-th=\"USK20-2\">39,4 x 39,4 in<\/td>\n<td data-th=\"USK25\">39,4 x 39,4 in<\/td>\n<td data-th=\"USK40\">39,4 x 39,4 in<\/td>\n<\/tr>\n<tr>\n<td data-th=\"Table capacity\">Tischtraglast<\/td>\n<td data-th=\"USK12-2\">2.205 lbs<\/td>\n<td data-th=\"USK20-2\">2.205 lbs<\/td>\n<td data-th=\"USK25\">2.205 lbs<\/td>\n<td data-th=\"USK40\">2.205 lbs<\/td>\n<\/tr>\n<tr>\n<td data-th=\"X-travel (horizontal)\">X-Fahrweg (horizontal)<\/td>\n<td data-th=\"USK12-2\">20 in<\/td>\n<td data-th=\"USK20-2\">20 in<\/td>\n<td data-th=\"USK25\">20 in<\/td>\n<td data-th=\"USK40\">20 in<\/td>\n<\/tr>\n<tr>\n<td data-th=\"X-travel (horizontal)\">Y-Fahrweg (vertikal)<\/td>\n<td data-th=\"USK12-2\">14 in<\/td>\n<td data-th=\"USK20-2\">14 in<\/td>\n<td data-th=\"USK25\">14 in<\/td>\n<td data-th=\"USK40\">14 in<\/td>\n<\/tr>\n<\/tbody>\n<\/table>\n<p>[\/vc_column_text][\/vc_tta_section][\/vc_tta_tabs][\/vc_column][\/vc_row][vc_row][vc_column][vc_column_text]<\/p>\n<h4>Weitere Informationen:<\/h4>\n<p>[\/vc_column_text][unisig_icon_content icon=&#8221;fa fa-video-camera&#8221;]<a href=\"https:\/\/unisig.com\/news-and-events\/technical-articles\/off-center-gundrilling-video-USK\">USK Off-Center Gundrilling Demonstration | Video<\/a>[\/unisig_icon_content][\/vc_column][\/vc_row][vc_row][vc_column][vc_separator][vc_column_text]<\/p>\n<h4>Empfehlungen f\u00fcr die USK-Serie<\/h4>\n<p>[\/vc_column_text][\/vc_column][\/vc_row][vc_row][vc_column width=&#8221;1\/3&#8243;][vc_column_text]<\/p>\n<h5>Empfohlene Werkzeuge<\/h5>\n<p>[\/vc_column_text][vc_column_text]<\/p>\n<ul>\n<li><a href=\"https:\/\/unisig.com\/de\/produktetechnologie\/werkzeuge\/bta-werkzeugzubehoer\/\">ELB Werkzeugzubeh\u00f6r<\/a><\/li>\n<\/ul>\n<p>[\/vc_column_text][\/vc_column][vc_column width=&#8221;1\/3&#8243;][vc_column_text]<\/p>\n<h5>Empfohlene Automatisierung<\/h5>\n<p>[\/vc_column_text][vc_column_text]<\/p>\n<ul>\n<li><a href=\"https:\/\/unisig.com\/de\/automatisierung\/flexible-automatisierung\/\">Robot-Ready Vorbereitung<\/a><\/li>\n<\/ul>\n<p>[\/vc_column_text][\/vc_column][vc_column width=&#8221;1\/3&#8243;][vc_column_text]<\/p>\n<h5>Empfohlenes Zubeh\u00f6r<\/h5>\n<p>[\/vc_column_text][vc_column_text]<\/p>\n<ul>\n<li><a href=\"https:\/\/unisig.com\/de\/dienstleistungen-support\/\">Tieflbohr\u00f6l<\/a><\/li>\n<li><a href=\"https:\/\/unisig.com\/de\/produktetechnologie\/maschinenzubehoer\/elb-schleifmaschine\/\">ELB-Werkzeugschleifmaschine<\/a><\/li>\n<\/ul>\n<p>[\/vc_column_text][\/vc_column][\/vc_row][vc_row][vc_column][vc_separator][vc_btn title=&#8221;Mein Angebot anfordern&#8221; shape=&#8221;square&#8221; size=&#8221;sm&#8221; align=&#8221;left&#8221; link=&#8221;url:%2F%3Fpage_id%3D6519|||&#8221;][\/vc_column][\/vc_row]<\/p>\n<\/div>","protected":false},"excerpt":{"rendered":"<p>[vc_row][vc_column][\/vc_column][\/vc_row][vc_row][vc_column width=&#8221;3\/4&#8243;][vc_column_text] USK CNC-Kreuztischmaschinen [\/vc_column_text][\/vc_column][vc_column width=&#8221;1\/4&#8243;][vc_btn title=&#8221;Schnellanfrage&#8221; shape=&#8221;square&#8221; align=&#8221;right&#8221; css=&#8221;.vc_custom_1611933177896{padding-top: 14px !important;}&#8221; link=&#8221;url:https%3A%2F%2Funisig.com%2Fde%2Fproduktetechnologie%2Fexpress-liefermaschinen%2F|title:Quick%20Machine%20Request%20DE||&#8221; el_class=&#8221;popmake-7864&#8243;][\/vc_column][\/vc_row][vc_row][vc_column][vc_column_text]Anspruchsvolle Bohrungen, bei denen Genauigkeit zwingend erforderlich ist, werden auf USK-Kreuztischmaschinen gebohrt. Die X-Y-Positionierung des Tisches erm\u00f6glicht es Herstellern, h\u00f6chste Pr\u00e4zision sowohl in der Lage der Bohrung als auch der Bohrungstoleranzen zu erreichen, selbst in extremen Bohrtiefen-zu-Durchmesseranwendungen. USK Maschinen setzen dabei auf<a href=\"https:\/\/unisig.com\/de\/alle-maschinen\/usk-kreuztischmaschinen\/\" class=\"more-link\">Read More<\/a><\/p>\n","protected":false},"author":3,"featured_media":0,"parent":6562,"menu_order":1,"comment_status":"closed","ping_status":"closed","template":"page-templates\/template-2.php","meta":{"_acf_changed":false,"footnotes":""},"folder":[],"class_list":["post-6666","page","type-page","status-publish","hentry"],"acf":[],"_links":{"self":[{"href":"https:\/\/unisig.com\/de\/wp-json\/wp\/v2\/pages\/6666","targetHints":{"allow":["GET"]}}],"collection":[{"href":"https:\/\/unisig.com\/de\/wp-json\/wp\/v2\/pages"}],"about":[{"href":"https:\/\/unisig.com\/de\/wp-json\/wp\/v2\/types\/page"}],"author":[{"embeddable":true,"href":"https:\/\/unisig.com\/de\/wp-json\/wp\/v2\/users\/3"}],"replies":[{"embeddable":true,"href":"https:\/\/unisig.com\/de\/wp-json\/wp\/v2\/comments?post=6666"}],"version-history":[{"count":0,"href":"https:\/\/unisig.com\/de\/wp-json\/wp\/v2\/pages\/6666\/revisions"}],"up":[{"embeddable":true,"href":"https:\/\/unisig.com\/de\/wp-json\/wp\/v2\/pages\/6562"}],"wp:attachment":[{"href":"https:\/\/unisig.com\/de\/wp-json\/wp\/v2\/media?parent=6666"}],"wp:term":[{"taxonomy":"folder","embeddable":true,"href":"https:\/\/unisig.com\/de\/wp-json\/wp\/v2\/folder?post=6666"}],"curies":[{"name":"wp","href":"https:\/\/api.w.org\/{rel}","templated":true}]}}