{"id":6667,"date":"2020-06-15T10:54:46","date_gmt":"2020-06-15T15:54:46","guid":{"rendered":"https:\/\/stagingxx.unisig.com\/alle-maschinen\/skiving-maschinen-der-s-serie\/"},"modified":"2025-01-13T13:48:29","modified_gmt":"2025-01-13T19:48:29","slug":"schaelen-und-glattwalzen","status":"publish","type":"page","link":"https:\/\/unisig.com\/de\/alle-maschinen\/schaelen-und-glattwalzen\/","title":{"rendered":"Skiving Maschinen der S-Serie"},"content":{"rendered":"<div class=\"wpb-content-wrapper\"><p>[vc_row][vc_column]<div class=\"avt_masterslider_el \" >\n\t\t<!-- MasterSlider -->\n\t\t<div id=\"P_MS69d7d1c233e89\" class=\"master-slider-parent ms-parent-id-10\" style=\"max-width:1000px;\" >\n\n\t\t\t\n\t\t\t<!-- MasterSlider Main -->\n\t\t\t<div id=\"MS69d7d1c233e89\" class=\"master-slider ms-skin-black-2 round-skin\" >\n\t\t\t\t \t\t\t\t \n\n\t\t\t<div  class=\"ms-slide\" data-delay=\"3\" data-fill-mode=\"fill\"   >\n\t\t\t\t\t<img decoding=\"async\" src=\"https:\/\/unisig.com\/wp-content\/plugins\/masterslider\/public\/assets\/css\/blank.gif\" alt=\"\" title=\"skiving-roller-burnishing-machine-for-hydraulics-s600\" data-src=\"https:\/\/unisig.com\/wp-content\/smush-webp\/2016\/09\/skiving-roller-burnishing-machine-for-hydraulics-S600.jpg.webp\" \/>\n\n\n\t\t\t\t<\/div>\n\t\t\t<div  class=\"ms-slide\" data-delay=\"3\" data-fill-mode=\"fill\"   >\n\t\t\t\t\t<img decoding=\"async\" src=\"https:\/\/unisig.com\/wp-content\/plugins\/masterslider\/public\/assets\/css\/blank.gif\" alt=\"\" title=\"agriculture-manufacturer-hydraulic-cylinder-finishing\" data-src=\"https:\/\/unisig.com\/wp-content\/smush-webp\/2016\/07\/agriculture-manufacturer-hydraulic-cylinder-finishing.jpg.webp\" \/>\n\n\n\t\t\t\t<\/div>\n\t\t\t<div  class=\"ms-slide\" data-delay=\"3\" data-fill-mode=\"fill\"   >\n\t\t\t\t\t<img decoding=\"async\" src=\"https:\/\/unisig.com\/wp-content\/plugins\/masterslider\/public\/assets\/css\/blank.gif\" alt=\"UNISIG S-Series machine with skiving tool\" title=\"Skive_tool_in_machine\" data-src=\"https:\/\/unisig.com\/wp-content\/uploads\/2024\/10\/Skive_tool_in_machine-scaled-1000x600.jpg\" \/>\n\n\n\t\t\t\t<\/div>\n\t\t\t<div  class=\"ms-slide\" data-delay=\"3\" data-fill-mode=\"fill\"   >\n\t\t\t\t\t<img decoding=\"async\" src=\"https:\/\/unisig.com\/wp-content\/plugins\/masterslider\/public\/assets\/css\/blank.gif\" alt=\"\" title=\"s500-13m-long-part-skiving-machine\" data-src=\"https:\/\/unisig.com\/wp-content\/smush-webp\/2019\/12\/s500-13m-long-part-skiving-machine.jpg.webp\" \/>\n\n\n\t\t\t\t<\/div>\n\t\t\t<div  class=\"ms-slide\" data-delay=\"3\" data-fill-mode=\"fill\"   >\n\t\t\t\t\t<img decoding=\"async\" src=\"https:\/\/unisig.com\/wp-content\/plugins\/masterslider\/public\/assets\/css\/blank.gif\" alt=\"\" title=\"skive-roller-burnish-workpiece-from-s600\" data-src=\"https:\/\/unisig.com\/wp-content\/smush-webp\/2016\/09\/skive-roller-burnish-workpiece-from-S600.jpg.webp\" \/>\n\n\n\t\t\t\t<\/div>\n\t\t\t<div  class=\"ms-slide\" data-delay=\"3\" data-fill-mode=\"fill\"   >\n\t\t\t\t\t<img decoding=\"async\" src=\"https:\/\/unisig.com\/wp-content\/plugins\/masterslider\/public\/assets\/css\/blank.gif\" alt=\"\" title=\"skiving-roller-burnishing-tool\" data-src=\"https:\/\/unisig.com\/wp-content\/smush-webp\/2016\/09\/skiving-roller-burnishing-tool.jpg.webp\" \/>\n\n\n\t\t\t\t<\/div>\n\n\t\t\t<\/div>\n\t\t\t<!-- END MasterSlider Main -->\n\n\t\t\t \n\t\t<\/div>\n\t\t<!-- END MasterSlider -->\n\n\t\t<script>\n\t\t( window.MSReady = window.MSReady || [] ).push( function( $ ) {\n\n\t\t\t\"use strict\";\n\t\t\tvar masterslider_3e89 = new MasterSlider();\n\n\t\t\t\/\/ slider controls\n\t\t\tmasterslider_3e89.control('arrows'     ,{ autohide:true, overVideo:true  });\n\t\t\t\/\/ slider setup\n\t\t\tmasterslider_3e89.setup(\"MS69d7d1c233e89\", {\n\t\t\t\twidth           : 1000,\n\t\t\t\theight          : 600,\n\t\t\t\tminHeight       : 0,\n\t\t\t\tspace           : 0,\n\t\t\t\tstart           : 1,\n\t\t\t\tgrabCursor      : true,\n\t\t\t\tswipe           : true,\n\t\t\t\tmouse           : true,\n\t\t\t\tkeyboard        : false,\n\t\t\t\tlayout          : \"boxed\",\n\t\t\t\twheel           : false,\n\t\t\t\tautoplay        : true,\n                instantStartLayers:false,\n\t\t\t\tmobileBGVideo:false,\n\t\t\t\tloop            : true,\n\t\t\t\tshuffle         : false,\n\t\t\t\tpreload         : 0,\n\t\t\t\theightLimit     : true,\n\t\t\t\tautoHeight      : false,\n\t\t\t\tsmoothHeight    : true,\n\t\t\t\tendPause        : false,\n\t\t\t\toverPause       : true,\n\t\t\t\tfillMode        : \"fill\",\n\t\t\t\tcenterControls  : true,\n\t\t\t\tstartOnAppear   : false,\n\t\t\t\tlayersMode      : \"center\",\n\t\t\t\tautofillTarget  : \"\",\n\t\t\t\thideLayers      : false,\n\t\t\t\tfullscreenMargin: 0,\n\t\t\t\tspeed           : 20,\n\t\t\t\tdir             : \"h\",\n\t\t\t\tresponsive      : true,\n\t\t\t\ttabletWidth     : 768,\n\t\t\t\ttabletHeight    : null,\n\t\t\t\tphoneWidth      : 480,\n\t\t\t\tphoneHeight    : null,\n\t\t\t\tsizingReference : window,\n\t\t\t\tparallaxMode    : 'swipe',\n\t\t\t\tview            : \"basic\"\n\t\t\t});\n\n\t\t\t\n\t\t\twindow.masterslider_instances = window.masterslider_instances || [];\n\t\t\twindow.masterslider_instances.push( masterslider_3e89 );\n\t\t});\n\t\t<\/script>\n\n<\/div>[\/vc_column][\/vc_row][vc_row][vc_column width=&#8221;3\/4&#8243;][vc_column_text]<\/p>\n<h1>S-Serie Sch\u00e4l- und Glattwalzmaschinen<\/h1>\n<p>[\/vc_column_text][\/vc_column][vc_column width=&#8221;1\/4&#8243;][vc_btn title=&#8221;Schnellanfrage&#8221; shape=&#8221;square&#8221; align=&#8221;right&#8221; css=&#8221;.vc_custom_1736796555031{padding-top: 14px !important;}&#8221; link=&#8221;url:http%3A%2F%2Funisig.com%2Fpopup%2Fquick-machine-request%2F|&#8221; el_class=&#8221;popmake-7864&#8243;][\/vc_column][\/vc_row][vc_row][vc_column][vc_column_text css=&#8221;&#8221;]F\u00fcr Hydraulikzylinderhersteller erm\u00f6glichen die Maschinen der UNISIG S-Serie das Sch\u00e4len und Glattwalzen, ein produktives und zuverl\u00e4ssiges Verfahren, das Durchmesser- und Oberfl\u00e4chenanforderungen mit maximaler Effizienz erf\u00fcllt. Die Maschinen der S-Serie basieren auf bew\u00e4hrter Maschinentechnik, sind f\u00fcr die spezifischen Anforderungen des Sch\u00e4lens und Rollierens optimiert und bieten eine einfache Bedienung.<\/p>\n<p>Sch\u00e4l- und Glattwalzmaschinen der S-Serie sind f\u00fcr einen schnelle Werkzeug- und Gr\u00f6\u00dfenwechsel, einfaches beladen von Teilen sowie intuitive Einrichtung und Bedienung f\u00fcr den Sch\u00e4l- und Rollierprozess ausgelegt. Diese leistungsf\u00e4higen Maschinen erm\u00f6glichen eine zuverl\u00e4ssige Herstellung von Hydraulikzylindern, auch in hohen Produktionsumgebungen.[\/vc_column_text][vc_separator][\/vc_column][\/vc_row][vc_row][vc_column][vc_tta_tabs shape=&#8221;square&#8221; color=&#8221;white&#8221; alignment=&#8221;right&#8221; active_section=&#8221;1&#8243; el_class=&#8221;machine-spec-tables&#8221;][vc_tta_section title=&#8221;Metrisch&#8221; tab_id=&#8221;1469812290825-2638acd8-94185ffe-b408&#8243;][vc_column_text css=&#8221;&#8221;]<\/p>\n<table class=\"rwd-table\">\n<tbody>\n<tr>\n<th>Beschreibung<\/th>\n<th><a href=\"https:\/\/unisig.com\/de\/produkt\/s500\/\">S500<\/a><\/th>\n<th><a href=\"https:\/\/unisig.com\/de\/produkt\/s600\/\">S600<\/a><\/th>\n<th><a href=\"https:\/\/unisig.com\/de\/produkt\/s700\/\">S700<\/a><\/th>\n<\/tr>\n<tr>\n<td data-th=\"DIMENSION\"><strong>Abmessungen<\/strong><\/td>\n<td data-th=\"S500\"><\/td>\n<td data-th=\"S600\"><\/td>\n<td data-th=\"S700\"><\/td>\n<\/tr>\n<tr>\n<td data-th=\"Swing Over Bed\">Umlaufdurchmesser<\/td>\n<td data-th=\"S500\">500 mm<\/td>\n<td data-th=\"S600\">600 mm<\/td>\n<td data-th=\"S700\">700 mm<\/td>\n<\/tr>\n<tr>\n<td data-th=\"Drilling depths - Ballscrew drive\">Bohrtiefe &#8211; Kugelgewindetrieb<\/td>\n<td data-th=\"S500\">2, 3, 4, oder 6 m<\/td>\n<td data-th=\"S600\">2, 3, 4, oder 6 m<\/td>\n<td data-th=\"S700\">2, 3, 4, oder 6 m<\/td>\n<\/tr>\n<tr>\n<td data-th=\"Drilling depths - Rack and prinion drive\">Bohrtiefe &#8211; Zahnstangenantrieb<\/td>\n<td data-th=\"S500\">8, 10 m und l\u00e4nger<\/td>\n<td data-th=\"S600\">8, 10 m und l\u00e4nger<\/td>\n<td data-th=\"S700\">8, 10 m und l\u00e4nger<\/td>\n<\/tr>\n<tr>\n<td data-th=\"DIMENSION\"><strong>LEISTUNG<\/strong><\/td>\n<td data-th=\"S500\"><\/td>\n<td data-th=\"S600\"><\/td>\n<td data-th=\"S700\"><\/td>\n<\/tr>\n<tr>\n<td data-th=\"Rated skiving and burnishing diameter\">Sch\u00e4l- und Glattwalzdurchmesser<\/td>\n<td data-th=\"S500\">140 mm<\/td>\n<td data-th=\"S600\">203 mm<\/td>\n<td data-th=\"S700\">305 mm<\/td>\n<\/tr>\n<tr>\n<td data-th=\"TOOL HEADSTOCK\"><strong>WERKZEUGSPINDELKASTEN<\/strong><\/td>\n<td data-th=\"S500\"><\/td>\n<td data-th=\"S600\"><\/td>\n<td data-th=\"S700\"><\/td>\n<\/tr>\n<tr>\n<td data-th=\"Spindle nose\">Spindelkopf<\/td>\n<td data-th=\"S500\">ISO 702\/1 A2-15<\/td>\n<td data-th=\"S600\">ISO 702\/1 A2-15<\/td>\n<td data-th=\"S700\">ISO 702\/1 A2-20<\/td>\n<\/tr>\n<tr>\n<td data-th=\"Power, continuous S1 (400\/480 VAC)\">Leistung, kontinuierlich S1 (400\/480 VAC)<\/td>\n<td data-th=\"S500\">50\/67 kW<\/td>\n<td data-th=\"S600\">85\/94 kW<\/td>\n<td data-th=\"S700\">95\/124 kW<\/td>\n<\/tr>\n<tr>\n<td data-th=\"Spindle speed maximum\">Spindeldrehzahl max.<\/td>\n<td data-th=\"S500\">1.500 U\/min<\/td>\n<td data-th=\"S600\">1.500 U\/min<\/td>\n<td data-th=\"S700\">1.200 U\/min<\/td>\n<\/tr>\n<tr>\n<td data-th=\"Headstock transmission\">Spindel\u00fcbersetzung<\/td>\n<td data-th=\"S500\">einfach \u00fcbersetzt<\/td>\n<td data-th=\"S600\">3-Gang automatische Auswahl<\/td>\n<td data-th=\"S700\">3-Gang automatische Auswahl<\/td>\n<\/tr>\n<tr>\n<td data-th=\"COOLANT SYSTEM\"><strong>K\u00dcHLMITTELANLAGE<\/strong><\/td>\n<td data-th=\"S500\"><\/td>\n<td data-th=\"S600\"><\/td>\n<td data-th=\"S700\"><\/td>\n<\/tr>\n<tr>\n<td data-th=\"Maximum programmable flow\">Maximal programmierbare Flussmenge<\/td>\n<td data-th=\"S500\">529 l\/min<\/td>\n<td data-th=\"S600\">756 l\/min<\/td>\n<td data-th=\"S700\">1,134 l\/min<\/td>\n<\/tr>\n<\/tbody>\n<\/table>\n<p>[\/vc_column_text][\/vc_tta_section][vc_tta_section title=&#8221;Zoll&#8221; tab_id=&#8221;1469812290427-4adebc19-72cd5ffe-b408&#8243;][vc_column_text css=&#8221;&#8221;]<\/p>\n<table class=\"rwd-table\">\n<tbody>\n<tr>\n<th>Beschreibung<\/th>\n<th><a href=\"https:\/\/unisig.com\/de\/produkt\/s500\/\">S500<\/a><\/th>\n<th><a href=\"https:\/\/unisig.com\/de\/produkt\/s600\/\">S600<\/a><\/th>\n<th><a href=\"https:\/\/unisig.com\/de\/produkt\/s700\/\">S700<\/a><\/th>\n<\/tr>\n<tr>\n<td data-th=\"DIMENSION\"><strong>Abmessungen<\/strong><\/td>\n<td data-th=\"S500\"><\/td>\n<td data-th=\"S600\"><\/td>\n<td data-th=\"S700\"><\/td>\n<\/tr>\n<tr>\n<td data-th=\"Swing Over Bed\">Umlaufdurchmesser<\/td>\n<td data-th=\"S500\">19.7 in<\/td>\n<td data-th=\"S600\">23.6 in<\/td>\n<td data-th=\"S700\">27.6 in<\/td>\n<\/tr>\n<tr>\n<td data-th=\"Drilling depths - Ballscrew drive\">Bohrtiefe &#8211; Kugelgewindetrieb<\/td>\n<td data-th=\"S500\">6, 10, 13, oder 20 ft<\/td>\n<td data-th=\"S600\">6, 10, 13, oder 20 ft<\/td>\n<td data-th=\"S700\">6, 10, 13, oder 20 ft<\/td>\n<\/tr>\n<tr>\n<td data-th=\"Drilling depths - Rack and prinion drive\">Bohrtiefe &#8211; Zahnstangenantrieb<\/td>\n<td data-th=\"S500\">26, 32 ft und l\u00e4nger<\/td>\n<td data-th=\"S600\">26, 32 ft und l\u00e4nger<\/td>\n<td data-th=\"S700\">26, 32 ft und l\u00e4nger<\/td>\n<\/tr>\n<tr>\n<td data-th=\"DIMENSION\"><strong>LEISTUNG<\/strong><\/td>\n<td data-th=\"S500\"><\/td>\n<td data-th=\"S600\"><\/td>\n<td data-th=\"S700\"><\/td>\n<\/tr>\n<tr>\n<td data-th=\"Rated skiving and burnishing diameter\">Sch\u00e4l- und Glattwalzdurchmesser<\/td>\n<td data-th=\"S500\">5.5 in<\/td>\n<td data-th=\"S600\">8.0 in<\/td>\n<td data-th=\"S700\">12.0 in<\/td>\n<\/tr>\n<tr>\n<td data-th=\"TOOL HEADSTOCK\"><strong>WERKZEUGSPINDELKASTEN<\/strong><\/td>\n<td data-th=\"S500\"><\/td>\n<td data-th=\"S600\"><\/td>\n<td data-th=\"S700\"><\/td>\n<\/tr>\n<tr>\n<td data-th=\"Spindle nose\">Spindelkopf<\/td>\n<td data-th=\"S500\">ISO 702\/1 A2-15<\/td>\n<td data-th=\"S600\">ISO 702\/1 A2-15<\/td>\n<td data-th=\"S700\">ISO 702\/1 A2-20<\/td>\n<\/tr>\n<tr>\n<td data-th=\"Power, continuous S1 (400\/480 VAC)\">Leistung, kontinuierlich S1 (400\/480 VAC)<\/td>\n<td data-th=\"S500\">67\/90 hp<\/td>\n<td data-th=\"S600\">114\/126 hp<\/td>\n<td data-th=\"S700\">127\/166 hp<\/td>\n<\/tr>\n<tr>\n<td data-th=\"Spindle speed maximum\">Spindeldrehzahl max.<\/td>\n<td data-th=\"S500\">1.500 U\/min<\/td>\n<td data-th=\"S600\">1.500 U\/min<\/td>\n<td data-th=\"S700\">1.200 U\/min<\/td>\n<\/tr>\n<tr>\n<td data-th=\"Headstock transmission\">Spindel\u00fcbersetzung<\/td>\n<td data-th=\"S500\">einfach \u00fcbersetzt<\/td>\n<td data-th=\"S600\">3-Gang automatische Auswahl<\/td>\n<td data-th=\"S700\">3-Gang automatische Auswahl<\/td>\n<\/tr>\n<tr>\n<td data-th=\"COOLANT SYSTEM\"><strong>K\u00dcHLMITTELANLAGE<\/strong><\/td>\n<td data-th=\"S500\"><\/td>\n<td data-th=\"S600\"><\/td>\n<td data-th=\"S700\"><\/td>\n<\/tr>\n<tr>\n<td data-th=\"Maximum programmable flow\">Maximal programmierbare Flussmenge<\/td>\n<td data-th=\"S500\">140 gpm<\/td>\n<td data-th=\"S600\">200 gpm<\/td>\n<td data-th=\"S700\">300 gpm<\/td>\n<\/tr>\n<\/tbody>\n<\/table>\n<p>[\/vc_column_text][\/vc_tta_section][\/vc_tta_tabs][\/vc_column][\/vc_row][vc_row][vc_column][vc_separator][vc_column_text]<\/p>\n<p>[\/vc_column_text][unisig_icon_content icon=&#8221;fas fa-video&#8221;]<a href=\"https:\/\/unisig.com\/de\/news-und-events\/technische-artikel\/s600-3m\/\">S600-3M Besonderheiten | Video<\/a>[\/unisig_icon_content][unisig_icon_content icon=&#8221;fas fa-cogs&#8221;]<a href=\"https:\/\/unisig.com\/de\/modernisierung-zylinderproduktion\/\" target=\"_blank\" rel=\"noopener noreferrer\">UNISIG modernisiert Zylinderproduktion | Fallstudie<\/a>[\/unisig_icon_content][unisig_icon_content icon=&#8221;fa fa-file-text-o&#8221;]<a href=\"https:\/\/unisig.com\/de\/schaelen-und-glattwalzen-von-zylindern\" target=\"_blank\" rel=\"noopener noreferrer\">Kombiniertes Sch\u00e4len und Glattwalzen von Zylindern | Artikel<\/a>[\/unisig_icon_content][unisig_icon_content icon=&#8221;fas fa-video&#8221;]<a href=\"https:\/\/unisig.com\/de\/zylinderfertigung-auf-s600-video\/\">Zylinderfertigung auf der S600 | Video<\/a>[\/unisig_icon_content][\/vc_column][\/vc_row][vc_row][vc_column][vc_separator][vc_column_text]<\/p>\n<h4>Maschinenempfehlungen der S-Serie<\/h4>\n<p>[\/vc_column_text][\/vc_column][\/vc_row][vc_row][vc_column width=&#8221;1\/3&#8243;][vc_column_text]<\/p>\n<h5>Empfohlene Werkzeuge<\/h5>\n<p>[\/vc_column_text][vc_column_text]<\/p>\n<ul>\n<li><a href=\"https:\/\/unisig.com\/de\/produktetechnologie\/werkzeuge\/bta-werkzeugzubehoer\/\">BTA Werkzeugzubeh\u00f6r<\/a><\/li>\n<\/ul>\n<p>[\/vc_column_text][\/vc_column][vc_column width=&#8221;1\/3&#8243;][vc_column_text]<\/p>\n<h5>Empfohlene Automatisierung<\/h5>\n<p>[\/vc_column_text][vc_column_text]<\/p>\n<ul>\n<li><a href=\"https:\/\/unisig.com\/de\/automatisierung\/flexible-automatisierung\/\">Servo-Portallader<\/a><\/li>\n<li><a href=\"https:\/\/unisig.com\/de\/automatisierung\/kundenspezifische-automatisierung\/\">Pick &amp; Place Automatisierung<\/a><\/li>\n<li><a href=\"https:\/\/unisig.com\/de\/automatisierung\/kundenspezifische-automatisierung\/\">Magazinlader<\/a><\/li>\n<\/ul>\n<p>[\/vc_column_text][\/vc_column][vc_column width=&#8221;1\/3&#8243;][vc_column_text]<\/p>\n<h5>Empfohlenes Zubeh\u00f6r<\/h5>\n<p>[\/vc_column_text][vc_column_text]<\/p>\n<ul>\n<li><a href=\"https:\/\/unisig.com\/de\/maschinenzubehoer\/tiefbohroel\/\">Tiefbohr\u00f6l<\/a><\/li>\n<\/ul>\n<p>[\/vc_column_text][\/vc_column][\/vc_row][vc_row][vc_column][vc_separator][vc_btn title=&#8221;Mein Angebot anfordern&#8221; shape=&#8221;square&#8221; size=&#8221;sm&#8221; css=&#8221;&#8221; link=&#8221;url:%2F%3Fpage_id%3D6519&#8243;][\/vc_column][\/vc_row]<\/p>\n<\/div>","protected":false},"excerpt":{"rendered":"<p>[vc_row][vc_column][\/vc_column][\/vc_row][vc_row][vc_column width=&#8221;3\/4&#8243;][vc_column_text] S-Serie Sch\u00e4l- und Glattwalzmaschinen [\/vc_column_text][\/vc_column][vc_column width=&#8221;1\/4&#8243;][vc_btn title=&#8221;Schnellanfrage&#8221; shape=&#8221;square&#8221; align=&#8221;right&#8221; css=&#8221;.vc_custom_1736796555031{padding-top: 14px !important;}&#8221; link=&#8221;url:http%3A%2F%2Funisig.com%2Fpopup%2Fquick-machine-request%2F|&#8221; el_class=&#8221;popmake-7864&#8243;][\/vc_column][\/vc_row][vc_row][vc_column][vc_column_text css=&#8221;&#8221;]F\u00fcr Hydraulikzylinderhersteller erm\u00f6glichen die Maschinen der UNISIG S-Serie das Sch\u00e4len und Glattwalzen, ein produktives und zuverl\u00e4ssiges Verfahren, das Durchmesser- und Oberfl\u00e4chenanforderungen mit maximaler Effizienz erf\u00fcllt. Die Maschinen der S-Serie basieren auf bew\u00e4hrter Maschinentechnik, sind f\u00fcr die spezifischen Anforderungen des<a href=\"https:\/\/unisig.com\/de\/alle-maschinen\/schaelen-und-glattwalzen\/\" class=\"more-link\">Read More<\/a><\/p>\n","protected":false},"author":3,"featured_media":0,"parent":6562,"menu_order":1,"comment_status":"closed","ping_status":"closed","template":"page-templates\/template-2.php","meta":{"_acf_changed":false,"footnotes":""},"folder":[1179],"class_list":["post-6667","page","type-page","status-publish","hentry"],"acf":[],"_links":{"self":[{"href":"https:\/\/unisig.com\/de\/wp-json\/wp\/v2\/pages\/6667","targetHints":{"allow":["GET"]}}],"collection":[{"href":"https:\/\/unisig.com\/de\/wp-json\/wp\/v2\/pages"}],"about":[{"href":"https:\/\/unisig.com\/de\/wp-json\/wp\/v2\/types\/page"}],"author":[{"embeddable":true,"href":"https:\/\/unisig.com\/de\/wp-json\/wp\/v2\/users\/3"}],"replies":[{"embeddable":true,"href":"https:\/\/unisig.com\/de\/wp-json\/wp\/v2\/comments?post=6667"}],"version-history":[{"count":0,"href":"https:\/\/unisig.com\/de\/wp-json\/wp\/v2\/pages\/6667\/revisions"}],"up":[{"embeddable":true,"href":"https:\/\/unisig.com\/de\/wp-json\/wp\/v2\/pages\/6562"}],"wp:attachment":[{"href":"https:\/\/unisig.com\/de\/wp-json\/wp\/v2\/media?parent=6667"}],"wp:term":[{"taxonomy":"folder","embeddable":true,"href":"https:\/\/unisig.com\/de\/wp-json\/wp\/v2\/folder?post=6667"}],"curies":[{"name":"wp","href":"https:\/\/api.w.org\/{rel}","templated":true}]}}