{"id":6668,"date":"2020-06-15T10:54:46","date_gmt":"2020-06-15T15:54:46","guid":{"rendered":"https:\/\/stagingxx.unisig.com\/alle-maschinen\/rifling-maschinen-der-r-serie\/"},"modified":"2025-01-14T13:36:02","modified_gmt":"2025-01-14T19:36:02","slug":"drallziehmaschinen","status":"publish","type":"page","link":"https:\/\/unisig.com\/de\/alle-maschinen\/drallziehmaschinen\/","title":{"rendered":"R-Serie Drallziehmaschinen"},"content":{"rendered":"<div class=\"wpb-content-wrapper\"><p>[vc_row][vc_column]<div class=\"avt_masterslider_el \" >\n\t\t<!-- MasterSlider -->\n\t\t<div id=\"P_MS69de9d8212b1e\" class=\"master-slider-parent ms-parent-id-17\" style=\"max-width:1000px;\" >\n\n\t\t\t\n\t\t\t<!-- MasterSlider Main -->\n\t\t\t<div id=\"MS69de9d8212b1e\" class=\"master-slider ms-skin-black-2 round-skin\" >\n\t\t\t\t \t\t\t\t \n\n\t\t\t<div  class=\"ms-slide\" data-delay=\"3\" data-fill-mode=\"fill\"   >\n\t\t\t\t\t<img decoding=\"async\" src=\"https:\/\/unisig.com\/wp-content\/plugins\/masterslider\/public\/assets\/css\/blank.gif\" alt=\"\" title=\"r-2a-rifling-machine-UNISIG\" data-src=\"https:\/\/unisig.com\/wp-content\/smush-webp\/2020\/12\/ww.R2A-small-caliber-rifling-machine-for-web-1000x600-1.jpg.webp\" \/>\n\n\n\t\t\t\t<\/div>\n\t\t\t<div  class=\"ms-slide\" data-delay=\"3\" data-fill-mode=\"fill\"   >\n\t\t\t\t\t<img decoding=\"async\" src=\"https:\/\/unisig.com\/wp-content\/plugins\/masterslider\/public\/assets\/css\/blank.gif\" alt=\"\" title=\"rifle-barrel-rifling-in-machine\" data-src=\"https:\/\/unisig.com\/wp-content\/smush-webp\/2020\/12\/www.R100-large-caliber-rifling-machine-for-web-1000x600-1.jpg.webp\" \/>\n\n\n\t\t\t\t<\/div>\n\t\t\t<div  class=\"ms-slide\" data-delay=\"3\" data-fill-mode=\"fill\"   >\n\t\t\t\t\t<img decoding=\"async\" src=\"https:\/\/unisig.com\/wp-content\/plugins\/masterslider\/public\/assets\/css\/blank.gif\" alt=\"\" title=\"rifle-barrel-blank-manufacturing\" data-src=\"https:\/\/unisig.com\/wp-content\/smush-webp\/2016\/09\/rifle-barrel-blank-manufacturing.jpg.webp\" \/>\n\n\n\t\t\t\t<\/div>\n\t\t\t<div  class=\"ms-slide\" data-delay=\"3\" data-fill-mode=\"fill\"   >\n\t\t\t\t\t<img decoding=\"async\" src=\"https:\/\/unisig.com\/wp-content\/plugins\/masterslider\/public\/assets\/css\/blank.gif\" alt=\"\" title=\"rifling-tool-for-barrel-manufacturing\" data-src=\"https:\/\/unisig.com\/wp-content\/smush-webp\/2016\/09\/rifling-tool-for-barrel-manufacturing.jpg.webp\" \/>\n\n\n\t\t\t\t<\/div>\n\t\t\t<div  class=\"ms-slide\" data-delay=\"3\" data-fill-mode=\"fill\"   >\n\t\t\t\t\t<img decoding=\"async\" src=\"https:\/\/unisig.com\/wp-content\/plugins\/masterslider\/public\/assets\/css\/blank.gif\" alt=\"\" title=\"unisig-circle-808x508\" data-src=\"https:\/\/unisig.com\/wp-content\/smush-webp\/2021\/01\/unisig-circle-808x508-1.jpg.webp\" \/>\n\n\n\t\t\t\t<\/div>\n\n\t\t\t<\/div>\n\t\t\t<!-- END MasterSlider Main -->\n\n\t\t\t \n\t\t<\/div>\n\t\t<!-- END MasterSlider -->\n\n\t\t<script>\n\t\t( window.MSReady = window.MSReady || [] ).push( function( $ ) {\n\n\t\t\t\"use strict\";\n\t\t\tvar masterslider_2b1e = new MasterSlider();\n\n\t\t\t\/\/ slider controls\n\t\t\tmasterslider_2b1e.control('arrows'     ,{ autohide:true, overVideo:true  });\n\t\t\t\/\/ slider setup\n\t\t\tmasterslider_2b1e.setup(\"MS69de9d8212b1e\", {\n\t\t\t\twidth           : 1000,\n\t\t\t\theight          : 600,\n\t\t\t\tminHeight       : 0,\n\t\t\t\tspace           : 0,\n\t\t\t\tstart           : 1,\n\t\t\t\tgrabCursor      : true,\n\t\t\t\tswipe           : true,\n\t\t\t\tmouse           : true,\n\t\t\t\tkeyboard        : false,\n\t\t\t\tlayout          : \"boxed\",\n\t\t\t\twheel           : false,\n\t\t\t\tautoplay        : true,\n                instantStartLayers:false,\n\t\t\t\tmobileBGVideo:false,\n\t\t\t\tloop            : true,\n\t\t\t\tshuffle         : false,\n\t\t\t\tpreload         : 0,\n\t\t\t\theightLimit     : true,\n\t\t\t\tautoHeight      : false,\n\t\t\t\tsmoothHeight    : true,\n\t\t\t\tendPause        : false,\n\t\t\t\toverPause       : true,\n\t\t\t\tfillMode        : \"fill\",\n\t\t\t\tcenterControls  : true,\n\t\t\t\tstartOnAppear   : false,\n\t\t\t\tlayersMode      : \"center\",\n\t\t\t\tautofillTarget  : \"\",\n\t\t\t\thideLayers      : false,\n\t\t\t\tfullscreenMargin: 0,\n\t\t\t\tspeed           : 20,\n\t\t\t\tdir             : \"h\",\n\t\t\t\tresponsive      : true,\n\t\t\t\ttabletWidth     : 768,\n\t\t\t\ttabletHeight    : null,\n\t\t\t\tphoneWidth      : 480,\n\t\t\t\tphoneHeight    : null,\n\t\t\t\tsizingReference : window,\n\t\t\t\tparallaxMode    : 'swipe',\n\t\t\t\tview            : \"basic\"\n\t\t\t});\n\n\t\t\t\n\t\t\twindow.masterslider_instances = window.masterslider_instances || [];\n\t\t\twindow.masterslider_instances.push( masterslider_2b1e );\n\t\t});\n\t\t<\/script>\n\n<\/div>[\/vc_column][\/vc_row][vc_row][vc_column width=&#8221;3\/4&#8243;][vc_column_text]<\/p>\n<h1>R-Serie Drallziehmaschinen<\/h1>\n<p>[\/vc_column_text][\/vc_column][vc_column width=&#8221;1\/4&#8243;][vc_btn title=&#8221;Schnellanfrage&#8221; shape=&#8221;square&#8221; align=&#8221;right&#8221; css=&#8221;.vc_custom_1611933650248{padding-top: 14px !important;}&#8221; link=&#8221;url:https%3A%2F%2Funisig.com%2Fde%2Fproduktetechnologie%2Fexpress-liefermaschinen%2F|title:Quick%20Machine%20Request%20DE||&#8221; el_class=&#8221;popmake-7864&#8243;][\/vc_column][\/vc_row][vc_row][vc_column][vc_column_text css=&#8221;&#8221;]UNISIGs Drallziehmaschinen der R-Serie verf\u00fcgen \u00fcber ein frei programmierbares Drallverh\u00e4ltnis, angetrieben von Servomotoren im geschlossenen Regelkreis, f\u00fcr eine hochpr\u00e4zise Produktion bei voller Fertigungskontrolle. So k\u00f6nnen au\u00dfergew\u00f6hnliche gute L\u00e4ufe in h\u00f6heren St\u00fcckzahlen produziert werden, mit robuster Technologie und ausgew\u00e4hlten Komponenten.<\/p>\n<p>Die Drallziehmaschinen der R-Serie zeichnen sich aus durch \u00fcber einen kompakten Platzbedarf mit minimaler Installation, automatischem Werkzeug-Schmierung, sowie Optionen zur Robotervorbereitung oder vollst\u00e4ndigen Automation. Je nach Kaliber nutzen diese Maschinen die optimale Werkzeugtechnologie zum Einbringen hochpr\u00e4ziser Felder und Z\u00fcge. Die intuitive Bedienung und un\u00fcbertroffene Zuverl\u00e4ssigkeit erlaubt es Herstellern, L\u00e4ufe sicher nach ihren individuellen Spezifikationen herzustellen.<\/p>\n<p><strong>UNISIG Drallziehmaschinen ben\u00f6tigen eine Ausfuhrlizenz und sind m\u00f6glicherweise nicht in \u00fcberall verf\u00fcgbar.<\/strong>[\/vc_column_text][vc_separator][\/vc_column][\/vc_row][vc_row][vc_column][\/vc_column][\/vc_row][vc_row][vc_column][vc_tta_tabs shape=&#8221;square&#8221; color=&#8221;white&#8221; alignment=&#8221;right&#8221; active_section=&#8221;1&#8243; el_class=&#8221;machine-spec-tables&#8221;][vc_tta_section title=&#8221;Metrisch&#8221; tab_id=&#8221;1469812290825-2638acd8-9418a819-9bca&#8221;][vc_column_text css=&#8221;&#8221;]<\/p>\n<table class=\"rwd-table\">\n<tbody>\n<tr>\n<th>Beschreibung<\/th>\n<th><a href=\"https:\/\/unisig.com\/de\/produkt\/r-2a\/\">R-2A<\/a><\/th>\n<th><a href=\"https:\/\/unisig.com\/de\/produkt\/r25\/\">R25<\/a><\/th>\n<th><a href=\"https:\/\/unisig.com\/de\/produkt\/r50\/\">R50<\/a><\/th>\n<th><a href=\"https:\/\/unisig.com\/de\/produkt\/r100\/\">R100<\/a><\/th>\n<th><a href=\"https:\/\/unisig.com\/de\/produkt\/r200\/\">R200<\/a><\/th>\n<\/tr>\n<tr>\n<td data-th=\"Tooling Type\">Werkzeugtyp<\/td>\n<td data-th=\"R-2A\">Knopf\/Nuss<\/td>\n<td data-th=\"R-28\">Knopf\/Nuss, Krone, Haken<\/td>\n<td data-th=\"R-50\">Krone, Haken<\/td>\n<td data-th=\"R-100\">Krone, Haken<\/td>\n<td data-th=\"R-200\">Krone, Haken<\/td>\n<\/tr>\n<tr>\n<td data-th=\"Number of Spindles\">Spindelanzahl<\/td>\n<td data-th=\"R-2A\">1 &#8211; 2<\/td>\n<td data-th=\"R-25\">1<\/td>\n<td data-th=\"R-50\">1<\/td>\n<td data-th=\"R-100\">1<\/td>\n<td data-th=\"R-200\">1<\/td>\n<\/tr>\n<tr>\n<td data-th=\"Caliber Range\">Kaliberbereich<\/td>\n<td data-th=\"R-2A\">4,3 \u2013 12,7 mm<\/td>\n<td data-th=\"R-25\">4,3-25 mm<\/td>\n<td data-th=\"R-100\">20-50 mm<\/td>\n<td data-th=\"R-100\">20-110 mm<\/td>\n<td data-th=\"R-200\">20-205 mm<\/td>\n<\/tr>\n<tr>\n<td data-th=\"Barrel Length Max*\">Laufl\u00e4nge max.<\/td>\n<td data-th=\"R-2A\">750 mm (*) &#8211; 1250 mm<\/td>\n<td data-th=\"R-25\">750 mm &#8211; 2 m<\/td>\n<td data-th=\"R-50\">1 m &#8211; 4 m<\/td>\n<td data-th=\"R-100\">2 m &#8211; 5 m<\/td>\n<td data-th=\"R-200\">3 m &#8211; 12 m<\/td>\n<\/tr>\n<tr>\n<td data-th=\"Variable Twist Ratio\">Drallverh\u00e4ltnis<\/td>\n<td data-th=\"R-2A\">Programmierbar<\/td>\n<td data-th=\"R-25\">Programmierbar<\/td>\n<td data-th=\"R-100\">Programmierbar<\/td>\n<td data-th=\"R-100\">Programmierbar<\/td>\n<td data-th=\"R-200\">Programmierbar<\/td>\n<\/tr>\n<tr>\n<td data-th=\"Progressive Twist Ratio\">Progressiver Drall<\/td>\n<td data-th=\"R-2A\">N\/A<\/td>\n<td data-th=\"R-25\">Programmierbar<\/td>\n<td data-th=\"R-100\">Programmierbar<\/td>\n<td data-th=\"R-100\">Programmierbar<\/td>\n<td data-th=\"R-200\">Programmierbar<\/td>\n<\/tr>\n<tr>\n<td data-th=\"Automatic Tool Return\">Werkzeugautomatisierung<\/td>\n<td data-th=\"R-2A\">Option<\/td>\n<td data-th=\"R-25\">N\/A<\/td>\n<td data-th=\"R-100\">N\/A<\/td>\n<td data-th=\"R-100\">N\/A<\/td>\n<td data-th=\"R-200\">N\/A<\/td>\n<\/tr>\n<tr>\n<td data-th=\"Robot Ready Machine\">Robotervorbereitung<\/td>\n<td data-th=\"R-2A\">Option<\/td>\n<td data-th=\"R-2A\">N\/A<\/td>\n<td data-th=\"R-100\">N\/A<\/td>\n<td data-th=\"R-100\">N\/A<\/td>\n<td data-th=\"R-200\">N\/A<\/td>\n<\/tr>\n<tr>\n<td colspan=\"6\"><\/td>\n<\/tr>\n<\/tbody>\n<\/table>\n<p>[\/vc_column_text][\/vc_tta_section][vc_tta_section title=&#8221;Zoll&#8221; tab_id=&#8221;1469812290427-4adebc19-72cda819-9bca&#8221;][vc_column_text css=&#8221;&#8221;]<\/p>\n<table class=\"rwd-table\">\n<tbody>\n<tr>\n<th>Beschreibung<\/th>\n<th><a href=\"https:\/\/unisig.com\/de\/produkt\/r-2a\/\">R-2A<\/a><\/th>\n<th><a href=\"https:\/\/unisig.com\/de\/produkt\/r25\/\">R25<\/a><\/th>\n<th><a href=\"https:\/\/unisig.com\/de\/produkt\/r50\/\">R50<\/a><\/th>\n<th><a href=\"https:\/\/unisig.com\/de\/produkt\/r100\/\">R100<\/a><\/th>\n<th><a href=\"https:\/\/unisig.com\/de\/produkt\/r200\/\">R200<\/a><\/th>\n<\/tr>\n<tr>\n<td data-th=\"Tooling Type\">Werkzeugtyp<\/td>\n<td data-th=\"R-2A\">Knopf\/Nuss<\/td>\n<td data-th=\"R-25\">Knopf\/Nuss, Krone, Haken<\/td>\n<td data-th=\"R-100\">Krone, Haken<\/td>\n<td data-th=\"R-100\">Krone, Haken<\/td>\n<td data-th=\"R-200\">Krone, Haken<\/td>\n<\/tr>\n<tr>\n<td data-th=\"Number of Spindles\">Spindelanzahl<\/td>\n<td data-th=\"R-2A Rifling Machine\">1 &#8211; 2<\/td>\n<td data-th=\"R-25\">1<\/td>\n<td data-th=\"R-100\">1<\/td>\n<td data-th=\"R-100\">1<\/td>\n<td data-th=\"R-200\">1<\/td>\n<\/tr>\n<tr>\n<td data-th=\"Caliber Range\">Kaliberbereich<\/td>\n<td data-th=\"R-2A Rifling Machine\">.17 \u2013 .50 Zoll<\/td>\n<td data-th=\"R-100\">0,17-1,00 Zoll<\/td>\n<td data-th=\"R-100\">0,78-1,96 Zoll<\/td>\n<td data-th=\"R-100\">0,78-4,33 Zoll<\/td>\n<td data-th=\"R-200\">0,78-8,00 Zoll<\/td>\n<\/tr>\n<tr>\n<td data-th=\"Barrel Length Max*\">Laufl\u00e4nge max.<\/td>\n<td data-th=\"R-2A\">30 in (*) &#8211; 48 in<\/td>\n<td data-th=\"R-25\">30 in &#8211; 7 ft<\/td>\n<td data-th=\"R-100\">3.5 ft &#8211; 11.4 ft<\/td>\n<td data-th=\"R-100\">7 ft &#8211; 16 ft<\/td>\n<td data-th=\"R-200\">10 &#8211; 40 ft<\/td>\n<\/tr>\n<tr>\n<td data-th=\"Variable Twist Ratio\">Drehverh\u00e4ltnis<\/td>\n<td data-th=\"R-2A\">Programmierbar<\/td>\n<td data-th=\"R-25\">Programmierbar<\/td>\n<td data-th=\"R-100\">Programmierbar<\/td>\n<td data-th=\"R-100\">Programmierbar<\/td>\n<td data-th=\"R-200\">Programmierbar<\/td>\n<\/tr>\n<tr>\n<td data-th=\"Progressive Twist Ratio\">Progressiver Drall<\/td>\n<td data-th=\"R-2A\">N\/A<\/td>\n<td data-th=\"R-25\">Programmierbar<\/td>\n<td data-th=\"R-100\">Programmierbar<\/td>\n<td data-th=\"R-100\">Programmierbar<\/td>\n<td data-th=\"R-200\">Programmierbar<\/td>\n<\/tr>\n<tr>\n<td data-th=\"Automatic Tool Return\">Werkzeugautomatisierung<\/td>\n<td data-th=\"R-2A\">Option<\/td>\n<td data-th=\"R-25\">N\/A<\/td>\n<td data-th=\"R-100\">N\/A<\/td>\n<td data-th=\"R-100\">N\/A<\/td>\n<td data-th=\"R-200\">N\/A<\/td>\n<\/tr>\n<tr>\n<td data-th=\"Robot Ready Machine\">Robotervorbereitung<\/td>\n<td data-th=\"R-2A\">Option<\/td>\n<td data-th=\"R-25\">N\/A<\/td>\n<td data-th=\"R-100\">N\/A<\/td>\n<td data-th=\"R-100\">N\/A<\/td>\n<td data-th=\"R-200\">N\/A<\/td>\n<\/tr>\n<tr>\n<td colspan=\"6\"><\/td>\n<\/tr>\n<\/tbody>\n<\/table>\n<p>[\/vc_column_text][\/vc_tta_section][\/vc_tta_tabs][\/vc_column][\/vc_row][vc_row][vc_column][vc_btn title=&#8221;Mein Angebot anfordern&#8221; shape=&#8221;square&#8221; size=&#8221;sm&#8221; link=&#8221;url:%2F%3Fpage_id%3D6519|||&#8221;][vc_separator][\/vc_column][\/vc_row]<\/p>\n<\/div>","protected":false},"excerpt":{"rendered":"<p>[vc_row][vc_column][\/vc_column][\/vc_row][vc_row][vc_column width=&#8221;3\/4&#8243;][vc_column_text] R-Serie Drallziehmaschinen [\/vc_column_text][\/vc_column][vc_column width=&#8221;1\/4&#8243;][vc_btn title=&#8221;Schnellanfrage&#8221; shape=&#8221;square&#8221; align=&#8221;right&#8221; css=&#8221;.vc_custom_1611933650248{padding-top: 14px !important;}&#8221; link=&#8221;url:https%3A%2F%2Funisig.com%2Fde%2Fproduktetechnologie%2Fexpress-liefermaschinen%2F|title:Quick%20Machine%20Request%20DE||&#8221; el_class=&#8221;popmake-7864&#8243;][\/vc_column][\/vc_row][vc_row][vc_column][vc_column_text css=&#8221;&#8221;]UNISIGs Drallziehmaschinen der R-Serie verf\u00fcgen \u00fcber ein frei programmierbares Drallverh\u00e4ltnis, angetrieben von Servomotoren im geschlossenen Regelkreis, f\u00fcr eine hochpr\u00e4zise Produktion bei voller Fertigungskontrolle. So k\u00f6nnen au\u00dfergew\u00f6hnliche gute L\u00e4ufe in h\u00f6heren St\u00fcckzahlen produziert werden, mit robuster Technologie und ausgew\u00e4hlten Komponenten. Die Drallziehmaschinen<a href=\"https:\/\/unisig.com\/de\/alle-maschinen\/drallziehmaschinen\/\" class=\"more-link\">Read More<\/a><\/p>\n","protected":false},"author":3,"featured_media":0,"parent":6562,"menu_order":1,"comment_status":"closed","ping_status":"closed","template":"page-templates\/template-2.php","meta":{"_acf_changed":false,"footnotes":""},"folder":[],"class_list":["post-6668","page","type-page","status-publish","hentry"],"acf":[],"_links":{"self":[{"href":"https:\/\/unisig.com\/de\/wp-json\/wp\/v2\/pages\/6668","targetHints":{"allow":["GET"]}}],"collection":[{"href":"https:\/\/unisig.com\/de\/wp-json\/wp\/v2\/pages"}],"about":[{"href":"https:\/\/unisig.com\/de\/wp-json\/wp\/v2\/types\/page"}],"author":[{"embeddable":true,"href":"https:\/\/unisig.com\/de\/wp-json\/wp\/v2\/users\/3"}],"replies":[{"embeddable":true,"href":"https:\/\/unisig.com\/de\/wp-json\/wp\/v2\/comments?post=6668"}],"version-history":[{"count":0,"href":"https:\/\/unisig.com\/de\/wp-json\/wp\/v2\/pages\/6668\/revisions"}],"up":[{"embeddable":true,"href":"https:\/\/unisig.com\/de\/wp-json\/wp\/v2\/pages\/6562"}],"wp:attachment":[{"href":"https:\/\/unisig.com\/de\/wp-json\/wp\/v2\/media?parent=6668"}],"wp:term":[{"taxonomy":"folder","embeddable":true,"href":"https:\/\/unisig.com\/de\/wp-json\/wp\/v2\/folder?post=6668"}],"curies":[{"name":"wp","href":"https:\/\/api.w.org\/{rel}","templated":true}]}}