{"id":6675,"date":"2020-06-15T10:54:46","date_gmt":"2020-06-15T15:54:46","guid":{"rendered":"https:\/\/stagingxx.unisig.com\/alle-maschinen\/bta-maschinen-der-b-serie-800mm-schaukel\/"},"modified":"2025-01-14T11:40:30","modified_gmt":"2025-01-14T17:40:30","slug":"b-serie-ueber-800mm-umlauf","status":"publish","type":"page","link":"https:\/\/unisig.com\/de\/alle-maschinen\/b-serie-ueber-800\/","title":{"rendered":"BTA-Maschinen der B-Serie \u00fcber 800 mm Umlauf"},"content":{"rendered":"<div class=\"wpb-content-wrapper\"><p>[vc_row][vc_column]<div class=\"avt_masterslider_el \" >\n\t\t<!-- MasterSlider -->\n\t\t<div id=\"P_MS69dffd96307ca\" class=\"master-slider-parent ms-parent-id-8\" style=\"max-width:1000px;\" >\n\n\t\t\t\n\t\t\t<!-- MasterSlider Main -->\n\t\t\t<div id=\"MS69dffd96307ca\" class=\"master-slider ms-skin-black-2 round-skin\" >\n\t\t\t\t \t\t\t\t \n\n\t\t\t<div  class=\"ms-slide\" data-delay=\"3\" data-fill-mode=\"fill\"   >\n\t\t\t\t\t<img decoding=\"async\" src=\"https:\/\/unisig.com\/wp-content\/plugins\/masterslider\/public\/assets\/css\/blank.gif\" alt=\"\" title=\"B850-12M Overall View-Work-Side\" data-src=\"https:\/\/unisig.com\/wp-content\/uploads\/2023\/06\/B850-12M-Overall-View-Work-Side-1000x600.jpeg\" \/>\n\n\n\t\t\t\t<\/div>\n\t\t\t<div  class=\"ms-slide\" data-delay=\"3\" data-fill-mode=\"fill\"   >\n\t\t\t\t\t<img decoding=\"async\" src=\"https:\/\/unisig.com\/wp-content\/plugins\/masterslider\/public\/assets\/css\/blank.gif\" alt=\"\" title=\"bta-deep-hole-drilling-machine-with-guarding\" data-src=\"https:\/\/unisig.com\/wp-content\/uploads\/2021\/01\/B1000-Long-View-scaled-1000x600.jpg\" \/>\n\n\n\t\t\t\t<\/div>\n\t\t\t<div  class=\"ms-slide\" data-delay=\"3\" data-fill-mode=\"fill\"   >\n\t\t\t\t\t<img decoding=\"async\" src=\"https:\/\/unisig.com\/wp-content\/plugins\/masterslider\/public\/assets\/css\/blank.gif\" alt=\"\" title=\"BTA-deep-hole-drilling-machine-b380\" data-src=\"https:\/\/unisig.com\/wp-content\/uploads\/2021\/01\/B850-overall-tool-side-IMG_0998-scaled-1000x600.jpg\" \/>\n\n\n\t\t\t\t<\/div>\n\t\t\t<div  class=\"ms-slide\" data-delay=\"3\" data-fill-mode=\"fill\"   >\n\t\t\t\t\t<img decoding=\"async\" src=\"https:\/\/unisig.com\/wp-content\/plugins\/masterslider\/public\/assets\/css\/blank.gif\" alt=\"\" title=\"deep-hole-drilling-machine-bta-unisig-b600\" data-src=\"https:\/\/unisig.com\/wp-content\/uploads\/2021\/01\/B1000-Pressure-Head-Area-scaled-1000x600.jpg\" \/>\n\n\n\t\t\t\t<\/div>\n\t\t\t<div  class=\"ms-slide\" data-delay=\"3\" data-fill-mode=\"fill\"   >\n\t\t\t\t\t<img decoding=\"async\" src=\"https:\/\/unisig.com\/wp-content\/plugins\/masterslider\/public\/assets\/css\/blank.gif\" alt=\"\" title=\"bta-operator-at-B700-machine\" data-src=\"https:\/\/unisig.com\/wp-content\/smush-webp\/2021\/01\/B-Series-Over-800mm-w-Enclosure1.jpg.webp\" \/>\n\n\n\t\t\t\t<\/div>\n\n\t\t\t<\/div>\n\t\t\t<!-- END MasterSlider Main -->\n\n\t\t\t \n\t\t<\/div>\n\t\t<!-- END MasterSlider -->\n\n\t\t<script>\n\t\t( window.MSReady = window.MSReady || [] ).push( function( $ ) {\n\n\t\t\t\"use strict\";\n\t\t\tvar masterslider_07ca = new MasterSlider();\n\n\t\t\t\/\/ slider controls\n\t\t\tmasterslider_07ca.control('arrows'     ,{ autohide:true, overVideo:true  });\n\t\t\t\/\/ slider setup\n\t\t\tmasterslider_07ca.setup(\"MS69dffd96307ca\", {\n\t\t\t\twidth           : 1000,\n\t\t\t\theight          : 600,\n\t\t\t\tminHeight       : 0,\n\t\t\t\tspace           : 0,\n\t\t\t\tstart           : 1,\n\t\t\t\tgrabCursor      : true,\n\t\t\t\tswipe           : true,\n\t\t\t\tmouse           : true,\n\t\t\t\tkeyboard        : false,\n\t\t\t\tlayout          : \"boxed\",\n\t\t\t\twheel           : false,\n\t\t\t\tautoplay        : true,\n                instantStartLayers:false,\n\t\t\t\tmobileBGVideo:false,\n\t\t\t\tloop            : true,\n\t\t\t\tshuffle         : false,\n\t\t\t\tpreload         : 0,\n\t\t\t\theightLimit     : true,\n\t\t\t\tautoHeight      : false,\n\t\t\t\tsmoothHeight    : true,\n\t\t\t\tendPause        : false,\n\t\t\t\toverPause       : true,\n\t\t\t\tfillMode        : \"fill\",\n\t\t\t\tcenterControls  : true,\n\t\t\t\tstartOnAppear   : false,\n\t\t\t\tlayersMode      : \"center\",\n\t\t\t\tautofillTarget  : \"\",\n\t\t\t\thideLayers      : false,\n\t\t\t\tfullscreenMargin: 0,\n\t\t\t\tspeed           : 20,\n\t\t\t\tdir             : \"h\",\n\t\t\t\tresponsive      : true,\n\t\t\t\ttabletWidth     : 768,\n\t\t\t\ttabletHeight    : null,\n\t\t\t\tphoneWidth      : 480,\n\t\t\t\tphoneHeight    : null,\n\t\t\t\tsizingReference : window,\n\t\t\t\tparallaxMode    : 'swipe',\n\t\t\t\tview            : \"basic\"\n\t\t\t});\n\n\t\t\t\n\t\t\twindow.masterslider_instances = window.masterslider_instances || [];\n\t\t\twindow.masterslider_instances.push( masterslider_07ca );\n\t\t});\n\t\t<\/script>\n\n<\/div>[\/vc_column][\/vc_row][vc_row][vc_column width=&#8221;3\/4&#8243;][vc_column_text]<\/p>\n<h1>B-Serie BTA-Maschinen \u00fcber 800mm Umlauf<\/h1>\n<p>[\/vc_column_text][\/vc_column][vc_column width=&#8221;1\/4&#8243;][vc_btn title=&#8221;Schnellanfrage&#8221; shape=&#8221;square&#8221; align=&#8221;right&#8221; css=&#8221;.vc_custom_1611933011364{padding-top: 14px !important;}&#8221; link=&#8221;url:https%3A%2F%2Funisig.com%2Fde%2Fproduktetechnologie%2Fexpress-liefermaschinen%2F|title:Quick%20Machine%20Request%20DE||&#8221; el_class=&#8221;popmake-7864&#8243;][\/vc_column][\/vc_row][vc_row][vc_column][vc_column_text]Maschinen der B-Serie mit gr\u00f6\u00dferem Umlaufdurchmesser bieten praktisch unbegrenzte M\u00f6glichkeiten f\u00fcr Hersteller, die h\u00f6here Anforderungen an Leistung und Abmessungen stellen. Diese Maschinen sind Teil eines kompletten Tiefbohrsystems, das robuste Tiefbohrungen mit einer Reihe von Optionen kombiniert, die auch den anspruchsvollsten Anwendungen gerecht werden und gleichzeitig die vom Kunden geforderten strengen Toleranzstandards einhalten.<\/p>\n<p>Diese Serie verwendet BTA- und verwandte Werkzeuge zur Herstellung von Zentrumsbohrungen in drehrunden Werkst\u00fccken. Sie ist dazu entwickelt worden die Herausforderungen von Anwendungen in einer Vielzahl von Industriebranchen zu meistern. Die Maschinen der B-Serie kombinieren langlebige Komponenten und leistungsstarke Antriebe mit intelligenten Steuerungen, so dass die Anwender das Beste aus ihren Investitionen in das Tiefbohren herausholen k\u00f6nnen.[\/vc_column_text][vc_separator][\/vc_column][\/vc_row][vc_row][vc_column][vc_tta_tabs shape=&#8221;square&#8221; color=&#8221;white&#8221; alignment=&#8221;right&#8221; active_section=&#8221;1&#8243; el_class=&#8221;machine-spec-tables&#8221;][vc_tta_section title=&#8221;Metrisch&#8221; tab_id=&#8221;1469812290825-2638acd8-9418&#8243;][vc_column_text css=&#8221;&#8221;]<\/p>\n<table class=\"rwd-table\">\n<tbody>\n<tr>\n<th>Beschreibung<\/th>\n<th><a href=\"https:\/\/unisig.com\/de\/produkt\/b850\/\">B850<\/a><\/th>\n<th><a href=\"https:\/\/unisig.com\/de\/produkt\/b1000\/\">B1000<\/a><\/th>\n<th><a href=\"https:\/\/unisig.com\/de\/produkt\/b1200\/\">B1200<\/a><\/th>\n<th><a href=\"https:\/\/unisig.com\/de\/produkt\/b1600\/\">B1600<\/a><\/th>\n<th><a href=\"https:\/\/unisig.com\/de\/produkt\/b2000\/\">B2000<\/a><\/th>\n<\/tr>\n<tr>\n<td data-th=\"DIMENSION\"><strong>Abmessungen<\/strong><\/td>\n<td data-th=\"B850\"><\/td>\n<td data-th=\"B1000\"><\/td>\n<td data-th=\"B1200\"><\/td>\n<td data-th=\"B1600\"><\/td>\n<td data-th=\"B2000\"><\/td>\n<\/tr>\n<tr>\n<td data-th=\"Swing Over Bed\">Umlaufdurchmesser<\/td>\n<td data-th=\"\">850 mm<\/td>\n<td data-th=\"\">1.000 mm<\/td>\n<td data-th=\"\">1.200 mm<\/td>\n<td data-th=\"\">1.600 mm<\/td>\n<td data-th=\"\">2.000 mm<\/td>\n<\/tr>\n<tr>\n<td data-th=\"\u201cSwing\">Umlauf \u00fcber optional abgesetztem Bett<\/td>\n<td data-th=\"\">2.000 mm<\/td>\n<td data-th=\"\">2.200 mm<\/td>\n<td data-th=\"\">2.400 mm<\/td>\n<td data-th=\"\">2.800 mm<\/td>\n<td data-th=\"\">3.200 mm<\/td>\n<\/tr>\n<tr>\n<td data-th=\"Drilling depths\">Bohrtiefen<\/td>\n<td data-th=\"\">2-10 m und l\u00e4nger<\/td>\n<td data-th=\"\">2-10 m und l\u00e4nger<\/td>\n<td data-th=\"\">2-10 m und l\u00e4nger<\/td>\n<td data-th=\"\">2-10 m und l\u00e4nger<\/td>\n<td data-th=\"\">2-10 m und l\u00e4nger<\/td>\n<\/tr>\n<tr>\n<td data-th=\"DIMENSION\"><strong>Leistung<\/strong><\/td>\n<td data-th=\"B850\"><\/td>\n<td data-th=\"B1000\"><\/td>\n<td data-th=\"B1200\"><\/td>\n<td data-th=\"B1600\"><\/td>\n<td data-th=\"B2000\"><\/td>\n<\/tr>\n<tr>\n<td data-th=\"Max drilling diameter (Nickel Alloy)\">Max. Bohrdurchmesser (Legierungen, Nickel)<\/td>\n<td data-th=\"\">180 mm<\/td>\n<td data-th=\"\">220 mm<\/td>\n<td data-th=\"\">300 mm<\/td>\n<td data-th=\"\">400 mm<\/td>\n<td data-th=\"\">400 mm<\/td>\n<\/tr>\n<tr>\n<td data-th=\"Max drilling diameter (Carbon Steel)\">Vollbohrdurchmesser max. (Kohlenstoffstahl, St52)<\/td>\n<td data-th=\"\">220 mm<\/td>\n<td data-th=\"\">255 mm<\/td>\n<td data-th=\"\">350 mm<\/td>\n<td data-th=\"\">500 mm<\/td>\n<td data-th=\"\">500 mm<\/td>\n<\/tr>\n<tr>\n<td data-th=\"Max tool diameter (1) high load PHr\">Werkzeugdurchmesser max. (1) Boza f\u00fcr hohe Traglast<\/td>\n<td data-th=\"\">254 mm<\/td>\n<td data-th=\"\">400 mm<\/td>\n<td data-th=\"\">400 mm<\/td>\n<td data-th=\"\">550 mm<\/td>\n<td data-th=\"\">550 mm<\/td>\n<\/tr>\n<tr>\n<td data-th=\"Max tool diameter (2) large bore PH\">Werkzeugdurchmesser max. (2) Boza mit gr. Durchla\u00df<\/td>\n<td data-th=\"\">320 mm<\/td>\n<td data-th=\"\">460 mm<\/td>\n<td data-th=\"\">500 mm<\/td>\n<td data-th=\"\">630 mm<\/td>\n<td data-th=\"\">630 mm<\/td>\n<\/tr>\n<tr>\n<td data-th=\"DIMENSION\"><strong>WERKST\u00dcCKSPINDELKASTEN (STANDARD)<\/strong><\/td>\n<td data-th=\"B850\"><\/td>\n<td data-th=\"B1000\"><\/td>\n<td data-th=\"B1200\"><\/td>\n<td data-th=\"B1600\"><\/td>\n<td data-th=\"B2000\"><\/td>\n<\/tr>\n<tr>\n<td data-th=\"Spindle nose\">Spindelkopf<\/td>\n<td data-th=\"B850\">ISO 702\/1 A2-15<\/td>\n<td data-th=\"B1000\">ISO 702\/1 A2-15<\/td>\n<td data-th=\"B1200\">ISO 702\/1 A2-20<\/td>\n<td data-th=\"B1600\">ISO 702\/1 A2-20<\/td>\n<td data-th=\"B2000\">ISO 702\/1 A2-28<\/td>\n<\/tr>\n<tr>\n<td data-th=\"Spindle bore\">Spindeldurchla\u00df<\/td>\n<td data-th=\"\">160 mm<\/td>\n<td data-th=\"\">200 mm<\/td>\n<td data-th=\"\">250 mm<\/td>\n<td data-th=\"\">250 mm<\/td>\n<td data-th=\"\">250 mm<\/td>\n<\/tr>\n<tr>\n<td data-th=\"Power, continuous S1 (400\/480 VAC)\">Leistung, kontinuierlich S1 (400\/480 VAC)<\/td>\n<td data-th=\"\">95\/124 kW<\/td>\n<td data-th=\"\">130\/153 kW<\/td>\n<td data-th=\"\">130\/153 kW<\/td>\n<td data-th=\"\">150\/175 kW<\/td>\n<td data-th=\"\">150\/175 kW<\/td>\n<\/tr>\n<tr>\n<td data-th=\"Spindle speed range\">Spindeldrehzahlbereich<\/td>\n<td data-th=\"B850\">1-700 U\/min<\/td>\n<td data-th=\"B1000\">1-500 U\/min<\/td>\n<td data-th=\"B1200\">1-500 U\/min<\/td>\n<td data-th=\"B1600\">1-483 U\/min<\/td>\n<td data-th=\"B2000\">1-363 U\/min<\/td>\n<\/tr>\n<tr>\n<td data-th=\"Headstock transmission\">Headstock-\u00dcbertragung<\/td>\n<td data-th=\"\">3 Stufen, automatisch<\/td>\n<td data-th=\"B1000\">3 Stufen, automatisch<\/td>\n<td data-th=\"\">4 Stufen, automatisch<\/td>\n<td data-th=\"\">4 Stufen, automatisch<\/td>\n<td data-th=\"\">4 Stufen, automatisch<\/td>\n<\/tr>\n<tr>\n<td data-th=\"\u201cTOOL\"><strong>WERKZEUGSPINDELKASTEN<\/strong><\/td>\n<td data-th=\"B850\"><\/td>\n<td data-th=\"B1000\"><\/td>\n<td data-th=\"B1200\"><\/td>\n<td data-th=\"B1600\"><\/td>\n<td data-th=\"B2000\"><\/td>\n<\/tr>\n<tr>\n<td data-th=\"Spindle nose\">Spindelkopf<\/td>\n<td data-th=\"\">DIN 55027 Gr\u00f6\u00dfe 15<\/td>\n<td data-th=\"B1000\">DIN 55027 Gr\u00f6\u00dfe 15<\/td>\n<td data-th=\"B1200\">DIN 55027 Gr\u00f6\u00dfe 15<\/td>\n<td data-th=\"B1600\">DIN 55027 Gr\u00f6\u00dfe 20<\/td>\n<td data-th=\"B2000\">DIN 55027 Gr\u00f6\u00dfe 20<\/td>\n<\/tr>\n<tr>\n<td data-th=\"Spindle bore\">Spindeldurchla\u00df<\/td>\n<td data-th=\"\">160 mm<\/td>\n<td data-th=\"\">200 mm<\/td>\n<td data-th=\"\">200 mm<\/td>\n<td data-th=\"\">250 mm<\/td>\n<td data-th=\"\">250 mm<\/td>\n<\/tr>\n<tr>\n<td data-th=\"Power, continuous S1 (400\/480 VAC)\">Leistung, kontinuierlich S1 (400\/480 VAC)<\/td>\n<td data-th=\"\">95\/124 kW<\/td>\n<td data-th=\"\">130\/153 kW<\/td>\n<td data-th=\"\">130\/153 kW<\/td>\n<td data-th=\"\">150\/175 kW<\/td>\n<td data-th=\"\">150\/175 kW<\/td>\n<\/tr>\n<tr>\n<td data-th=\"Spindle speed range\">Spindeldrehzahlbereich<\/td>\n<td data-th=\"B850\">1-900 U\/min<\/td>\n<td data-th=\"B1000\">1-700 U\/min<\/td>\n<td data-th=\"B1200\">1-750 U\/min<\/td>\n<td data-th=\"B1600\">1-500 U\/min<\/td>\n<td data-th=\"B2000\">1-500 U\/min<\/td>\n<\/tr>\n<tr>\n<td data-th=\"Headstock transmission\">Spindelantriebs\u00fcbersetzung<\/td>\n<td data-th=\"\">3 Stufen, automatisch<\/td>\n<td data-th=\"B1000\">3 Stufen, automatisch<\/td>\n<td data-th=\"\">4 Stufen, automatisch<\/td>\n<td data-th=\"\">4 Stufen, automatisch<\/td>\n<td data-th=\"\">4 Stufen, automatisch<\/td>\n<\/tr>\n<tr>\n<td data-th=\"WORKPIECE WEIGHT\"><strong>WERKST\u00dcCKGEWICHT<\/strong><\/td>\n<td data-th=\"\"><\/td>\n<td data-th=\"B1000\"><\/td>\n<td data-th=\"\"><\/td>\n<td data-th=\"\"><\/td>\n<td data-th=\"\"><\/td>\n<\/tr>\n<tr>\n<td data-th=\"Between centers\">Zwischen den Spitzen<\/td>\n<td data-th=\"\">5,5 t<\/td>\n<td data-th=\"\">6,0 t<\/td>\n<td data-th=\"\">8,0 t<\/td>\n<td data-th=\"\">15,0 t<\/td>\n<td data-th=\"\">20,0 t<\/td>\n<\/tr>\n<tr>\n<td data-th=\"(1) Workpiece steady\">(1) Rollensetzstock<\/td>\n<td data-th=\"\">6,8 t<\/td>\n<td data-th=\"\">8,0 t<\/td>\n<td data-th=\"\">14,0 t<\/td>\n<td data-th=\"\">30,0 t<\/td>\n<td data-th=\"\">40,0 t<\/td>\n<\/tr>\n<tr>\n<td data-th=\"(2) Workpiece steady\">(2) Rollensetzstock<\/td>\n<td data-th=\"\">9,0 t<\/td>\n<td data-th=\"\">10,0 t<\/td>\n<td data-th=\"\">22,0 t<\/td>\n<td data-th=\"\">40,0 t<\/td>\n<td data-th=\"\">50,0 t<\/td>\n<\/tr>\n<tr>\n<td data-th=\"\u201c(3)\">(3) Rollensetzstock<\/td>\n<td data-th=\"\">10,0 t<\/td>\n<td data-th=\"\">12,0 t<\/td>\n<td data-th=\"\">30,0 t<\/td>\n<td data-th=\"\">50,0 t<\/td>\n<td data-th=\"\">60,0 t<\/td>\n<\/tr>\n<\/tbody>\n<\/table>\n<p>[\/vc_column_text][\/vc_tta_section][vc_tta_section title=&#8221;Zoll&#8221; tab_id=&#8221;1469812290427-4adebc19-72cd&#8221;][vc_column_text css=&#8221;&#8221;]<\/p>\n<table class=\"rwd-table\">\n<tbody>\n<tr>\n<th>Beschreibung<\/th>\n<th><a href=\"https:\/\/unisig.com\/de\/produkt\/b850\/\">B850<\/a><\/th>\n<th><a href=\"https:\/\/unisig.com\/de\/produkt\/b1000\/\">B1000<\/a><\/th>\n<th><a href=\"https:\/\/unisig.com\/de\/produkt\/b1000\/\">B1200<\/a><\/th>\n<th><a href=\"https:\/\/unisig.com\/de\/produkt\/b1600\/\">B1600<\/a><\/th>\n<th><a href=\"https:\/\/unisig.com\/de\/produkt\/b2000\/\">B2000<\/a><\/th>\n<\/tr>\n<tr>\n<td data-th=\"DIMENSION\"><strong>ABMESSUNGEN<\/strong><\/td>\n<td data-th=\"B850\"><\/td>\n<td data-th=\"B1000\"><\/td>\n<td data-th=\"B1200\"><\/td>\n<td data-th=\"B1600\"><\/td>\n<td data-th=\"B2000\"><\/td>\n<\/tr>\n<tr>\n<td data-th=\"Swing Over Bed\">Umlauf \u00fcber Bett<\/td>\n<td data-th=\"\">33.5<\/td>\n<td data-th=\"\">39,4 in<\/td>\n<td data-th=\"\">47,2 in<\/td>\n<td data-th=\"\">63,0 in<\/td>\n<td data-th=\"\">78,7 in<\/td>\n<\/tr>\n<tr>\n<td data-th=\"\u201cSwing\">Umlauf \u00fcber optional abgesetztem Bett<\/td>\n<td data-th=\"\">78,7 in<\/td>\n<td data-th=\"\">86,6 in<\/td>\n<td data-th=\"\">94,5 in<\/td>\n<td data-th=\"\">110,2 in<\/td>\n<td data-th=\"\">126,0 in<\/td>\n<\/tr>\n<tr>\n<td data-th=\"Drilling depths\">Bohrtiefen<\/td>\n<td data-th=\"\">6-32 ft und l\u00e4nger<\/td>\n<td data-th=\"\">6-32 ft und l\u00e4nger<\/td>\n<td data-th=\"\">6-32 ft und l\u00e4nger<\/td>\n<td data-th=\"\">6-32 ft und l\u00e4nger<\/td>\n<td data-th=\"\">6-32 ft und l\u00e4nger<\/td>\n<\/tr>\n<tr>\n<td data-th=\"DIMENSION\"><strong>Leistung<\/strong><\/td>\n<td data-th=\"B850\"><\/td>\n<td data-th=\"B1000\"><\/td>\n<td data-th=\"B1200\"><\/td>\n<td data-th=\"B1600\"><\/td>\n<td data-th=\"B2000\"><\/td>\n<\/tr>\n<tr>\n<td data-th=\"Max drilling diameter (Nickel Alloy)\">Vollbohrdurchmesser max. (Legierungen, Nickel)<\/td>\n<td data-th=\"\">7.1 in<\/td>\n<td data-th=\"\">9,0 in<\/td>\n<td data-th=\"\">11,8 in<\/td>\n<td data-th=\"\">15,7 in<\/td>\n<td data-th=\"\">15,7 in<\/td>\n<\/tr>\n<tr>\n<td data-th=\"Max drilling diameter (Carbon Steel)\">Vollbohrdurchmesser (Kohlenstoffstahl, St52)<\/td>\n<td data-th=\"\">8,7 in<\/td>\n<td data-th=\"\">10.0 in<\/td>\n<td data-th=\"\">13,8 in<\/td>\n<td data-th=\"\">19,7 in<\/td>\n<td data-th=\"\">19,7 in<\/td>\n<\/tr>\n<tr>\n<td data-th=\"Max tool diameter (1) high load PHr\">Werkzeugdurchmesser max. (1) Boza f\u00fcr hohe Traglast<\/td>\n<td data-th=\"\">10.0 in<\/td>\n<td data-th=\"\">15,7 in<\/td>\n<td data-th=\"\">15,7 in<\/td>\n<td data-th=\"\">21,7 in<\/td>\n<td data-th=\"\">21,7 in<\/td>\n<\/tr>\n<tr>\n<td data-th=\"Max tool diameter (2) large bore PH\">Werkzeugdurchmesser max. (2) Boza mit gr. Durchla\u00df<\/td>\n<td data-th=\"\">12,6 in<\/td>\n<td data-th=\"\">18,1 in<\/td>\n<td data-th=\"\">19,7 in<\/td>\n<td data-th=\"\">24,8 in<\/td>\n<td data-th=\"\">24,8 in<\/td>\n<\/tr>\n<tr>\n<td data-th=\"DIMENSION\"><strong>WERKST\u00dcCKSPINDELKASTEN (STANDARD)<\/strong><\/td>\n<td data-th=\"B850\"><\/td>\n<td data-th=\"B1000\"><\/td>\n<td data-th=\"B1200\"><\/td>\n<td data-th=\"B1600\"><\/td>\n<td data-th=\"B2000\"><\/td>\n<\/tr>\n<tr>\n<td data-th=\"Spindle nose\">Spindelkopf<\/td>\n<td data-th=\"B850\">ISO 702\/1 A2-15<\/td>\n<td data-th=\"B1000\">ISO 702\/1 A2-15<\/td>\n<td data-th=\"B1200\">ISO 702\/1 A2-20<\/td>\n<td data-th=\"B1600\">ISO 702\/1 A2-20<\/td>\n<td data-th=\"B2000\">ISO 702\/1 A2-28<\/td>\n<\/tr>\n<tr>\n<td data-th=\"Spindle bore\">Spindeldurchla\u00df<\/td>\n<td data-th=\"\">6.3 in<\/td>\n<td data-th=\"\">7,9 in<\/td>\n<td data-th=\"\">9,8 in<\/td>\n<td data-th=\"\">9,8 in<\/td>\n<td data-th=\"\">9,8 in<\/td>\n<\/tr>\n<tr>\n<td data-th=\"Power, continuous S1 (400\/480 VAC)\">Leistung, kontinuierlich S1 (400\/480 VAC)<\/td>\n<td data-th=\"\">127\/166 PS<\/td>\n<td data-th=\"\">174\/205 PS<\/td>\n<td data-th=\"\">174\/205 PS<\/td>\n<td data-th=\"\">200\/235 PS<\/td>\n<td data-th=\"\">200\/235 PS<\/td>\n<\/tr>\n<tr>\n<td data-th=\"Spindle speed range\">Spindeldrehzahlbereich<\/td>\n<td data-th=\"B850\">1-700 U\/min<\/td>\n<td data-th=\"B1000\">1-500 U\/min<\/td>\n<td data-th=\"B1200\">1-500 U\/min<\/td>\n<td data-th=\"B1600\">1-483 U\/min<\/td>\n<td data-th=\"B2000\">1-363 U\/min<\/td>\n<\/tr>\n<tr>\n<td data-th=\"Headstock transmission\">Spindelantriebs\u00fcbersetzung<\/td>\n<td data-th=\"\">3 Stufen, automatisch<\/td>\n<td data-th=\"B1000\">3 Stufen, automatisch<\/td>\n<td data-th=\"\">4 Stufen, automatisch<\/td>\n<td data-th=\"\">4 Stufen, automatisch<\/td>\n<td data-th=\"\">4 Stufen, automatisch<\/td>\n<\/tr>\n<tr>\n<td data-th=\"\u201cTOOL\"><strong>WERKZEUGSPINDELKASTEN<\/strong><\/td>\n<td data-th=\"B850\"><\/td>\n<td data-th=\"B1000\"><\/td>\n<td data-th=\"B1200\"><\/td>\n<td data-th=\"B1600\"><\/td>\n<td data-th=\"B2000\"><\/td>\n<\/tr>\n<tr>\n<td data-th=\"Spindle nose\">Spindelkopf<\/td>\n<td data-th=\"\">DIN 55027 Gr\u00f6\u00dfe 15<\/td>\n<td data-th=\"B1000\">DIN 55027 Gr\u00f6\u00dfe 15<\/td>\n<td data-th=\"B1200\">DIN 55027 Gr\u00f6\u00dfe 15<\/td>\n<td data-th=\"B1600\">DIN 55027 Gr\u00f6\u00dfe 20<\/td>\n<td data-th=\"B2000\">DIN 55027 Gr\u00f6\u00dfe 20<\/td>\n<\/tr>\n<tr>\n<td data-th=\"Spindle bore\">Spindeldurchla\u00df<\/td>\n<td data-th=\"\">6.3 in<\/td>\n<td data-th=\"\">7,9 in<\/td>\n<td data-th=\"\">7,9 in<\/td>\n<td data-th=\"\">9,8 in<\/td>\n<td data-th=\"\">9,8 in<\/td>\n<\/tr>\n<tr>\n<td data-th=\"Power, continuous S1 (400\/480 VAC)\">Leistung, kontinuierlich S1 (400\/480 VAC)<\/td>\n<td data-th=\"\">127\/166 PS<\/td>\n<td data-th=\"\">174\/205 PS<\/td>\n<td data-th=\"\">174\/205 PS<\/td>\n<td data-th=\"\">200\/235 PS<\/td>\n<td data-th=\"\">200\/235 PS<\/td>\n<\/tr>\n<tr>\n<td data-th=\"Spindle speed range\">Spindeldrehzahlbereich<\/td>\n<td data-th=\"B850\">1-900 U\/min<\/td>\n<td data-th=\"B1000\">1-700 U\/min<\/td>\n<td data-th=\"B1200\">1-750 U\/min<\/td>\n<td data-th=\"B1600\">1-500 U\/min<\/td>\n<td data-th=\"B2000\">1-500 U\/min<\/td>\n<\/tr>\n<tr>\n<td data-th=\"Headstock transmission\">Spindelantriebs\u00fcbersetzung<\/td>\n<td data-th=\"\">3 Stufen, automatisch<\/td>\n<td data-th=\"B1000\">3 Stufen, automatisch<\/td>\n<td data-th=\"\">4 Stufen, automatisch<\/td>\n<td data-th=\"\">4 Stufen, automatisch<\/td>\n<td data-th=\"\">4 Stufen, automatisch<\/td>\n<\/tr>\n<tr>\n<td data-th=\"WORKPIECE WEIGHT\"><strong>WERKST\u00dcCKGEWICHT<\/strong><\/td>\n<td data-th=\"\"><\/td>\n<td data-th=\"B1000\"><\/td>\n<td data-th=\"\"><\/td>\n<td data-th=\"\"><\/td>\n<td data-th=\"\"><\/td>\n<\/tr>\n<tr>\n<td data-th=\"Between centers\">Zwischen den Spitzen<\/td>\n<td data-th=\"\">12.130 lbs<\/td>\n<td data-th=\"\">13.230 lbs<\/td>\n<td data-th=\"\">17.640 lbs<\/td>\n<td data-th=\"\">33.080 lbs<\/td>\n<td data-th=\"\">44,100 lbs<\/td>\n<\/tr>\n<tr>\n<td data-th=\"(1) Workpiece steady\">(1) Rollensetzstock<\/td>\n<td data-th=\"\">14.990 lbs<\/td>\n<td data-th=\"\">17.640 lbs<\/td>\n<td data-th=\"\">30.780 lbs<\/td>\n<td data-th=\"\">66,150 lbs<\/td>\n<td data-th=\"\">88,200 lbs<\/td>\n<\/tr>\n<tr>\n<td data-th=\"(2) Workpiece steady\">(2) Rollensetzstock<\/td>\n<td data-th=\"\">19.850 lbs<\/td>\n<td data-th=\"\">22.050 lbs<\/td>\n<td data-th=\"\">48,510 lbs<\/td>\n<td data-th=\"\">88,200 lbs<\/td>\n<td data-th=\"\">110,250 lbs<\/td>\n<\/tr>\n<tr>\n<td data-th=\"\u201c(3)\">(3) Rollensetzstock<\/td>\n<td data-th=\"\">22.050 lbs<\/td>\n<td data-th=\"\">26.460 lbs<\/td>\n<td data-th=\"\">66,150 lbs<\/td>\n<td data-th=\"\">110,250 lbs<\/td>\n<td data-th=\"\">132.300 lbs<\/td>\n<\/tr>\n<\/tbody>\n<\/table>\n<p>[\/vc_column_text][\/vc_tta_section][\/vc_tta_tabs][\/vc_column][\/vc_row][vc_row][vc_column][vc_separator][vc_column_text]<\/p>\n<h4>Weitere Informationen:<\/h4>\n<p>[\/vc_column_text][unisig_icon_content icon=&#8221;fa fa-video-camera&#8221;]<a href=\"https:\/\/vimeo.com\/171942650\" target=\"_blank\" rel=\"noopener noreferrer\">B1000 Drilling Machine Demonstration | Video<\/a>[\/unisig_icon_content][\/vc_column][\/vc_row][vc_row][vc_column][vc_separator][vc_column_text]<\/p>\n<h4>Maschinenempfehlungen der B-Serie<\/h4>\n<p>[\/vc_column_text][\/vc_column][\/vc_row][vc_row][vc_column width=&#8221;1\/3&#8243;][vc_column_text]<\/p>\n<h5>Empfohlene Werkzeuge<\/h5>\n<p>[\/vc_column_text][vc_column_text]<\/p>\n<ul>\n<li><a href=\"https:\/\/unisig.com\/de\/produktetechnologie\/werkzeuge\/bta-werkzeugzubehoer\/\">BTA Werkzeugzubeh\u00f6r<\/a><\/li>\n<\/ul>\n<p>[\/vc_column_text][\/vc_column][vc_column width=&#8221;1\/3&#8243;][vc_column_text]<\/p>\n<h5>Empfohlene Automatisierung<\/h5>\n<p>[\/vc_column_text][vc_column_text]<\/p>\n<ul>\n<li><a href=\"https:\/\/unisig.com\/de\/automatisierung\/flexible-automatisierung\/\">Servo-Portallader<\/a><\/li>\n<li>Pick &amp; Place<\/li>\n<li>Magazinlader<\/li>\n<\/ul>\n<p>[\/vc_column_text][\/vc_column][vc_column width=&#8221;1\/3&#8243;][vc_column_text]<\/p>\n<h5>Empfohlenes Zubeh\u00f6r<\/h5>\n<p>[\/vc_column_text][vc_column_text]<\/p>\n<ul>\n<li><a href=\"https:\/\/unisig.com\/de\/maschinenzubehoer\/tiefbohroel\/\">Tiefbohr\u00f6l<\/a><\/li>\n<\/ul>\n<p>[\/vc_column_text][\/vc_column][\/vc_row][vc_row][vc_column][vc_separator][vc_btn title=&#8221;Mein Angebot anfordern&#8221; shape=&#8221;square&#8221; size=&#8221;sm&#8221; link=&#8221;url:%2F%3Fpage_id%3D6519|||&#8221;][\/vc_column][\/vc_row]<\/p>\n<\/div>","protected":false},"excerpt":{"rendered":"<p>[vc_row][vc_column][\/vc_column][\/vc_row][vc_row][vc_column width=&#8221;3\/4&#8243;][vc_column_text] B-Serie BTA-Maschinen \u00fcber 800mm Umlauf [\/vc_column_text][\/vc_column][vc_column width=&#8221;1\/4&#8243;][vc_btn title=&#8221;Schnellanfrage&#8221; shape=&#8221;square&#8221; align=&#8221;right&#8221; css=&#8221;.vc_custom_1611933011364{padding-top: 14px !important;}&#8221; link=&#8221;url:https%3A%2F%2Funisig.com%2Fde%2Fproduktetechnologie%2Fexpress-liefermaschinen%2F|title:Quick%20Machine%20Request%20DE||&#8221; el_class=&#8221;popmake-7864&#8243;][\/vc_column][\/vc_row][vc_row][vc_column][vc_column_text]Maschinen der B-Serie mit gr\u00f6\u00dferem Umlaufdurchmesser bieten praktisch unbegrenzte M\u00f6glichkeiten f\u00fcr Hersteller, die h\u00f6here Anforderungen an Leistung und Abmessungen stellen. Diese Maschinen sind Teil eines kompletten Tiefbohrsystems, das robuste Tiefbohrungen mit einer Reihe von Optionen kombiniert, die auch den<a href=\"https:\/\/unisig.com\/de\/alle-maschinen\/b-serie-ueber-800\/\" class=\"more-link\">Read More<\/a><\/p>\n","protected":false},"author":3,"featured_media":0,"parent":6562,"menu_order":1,"comment_status":"closed","ping_status":"closed","template":"page-templates\/template-2.php","meta":{"_acf_changed":false,"footnotes":""},"folder":[],"class_list":["post-6675","page","type-page","status-publish","hentry"],"acf":[],"_links":{"self":[{"href":"https:\/\/unisig.com\/de\/wp-json\/wp\/v2\/pages\/6675","targetHints":{"allow":["GET"]}}],"collection":[{"href":"https:\/\/unisig.com\/de\/wp-json\/wp\/v2\/pages"}],"about":[{"href":"https:\/\/unisig.com\/de\/wp-json\/wp\/v2\/types\/page"}],"author":[{"embeddable":true,"href":"https:\/\/unisig.com\/de\/wp-json\/wp\/v2\/users\/3"}],"replies":[{"embeddable":true,"href":"https:\/\/unisig.com\/de\/wp-json\/wp\/v2\/comments?post=6675"}],"version-history":[{"count":0,"href":"https:\/\/unisig.com\/de\/wp-json\/wp\/v2\/pages\/6675\/revisions"}],"up":[{"embeddable":true,"href":"https:\/\/unisig.com\/de\/wp-json\/wp\/v2\/pages\/6562"}],"wp:attachment":[{"href":"https:\/\/unisig.com\/de\/wp-json\/wp\/v2\/media?parent=6675"}],"wp:term":[{"taxonomy":"folder","embeddable":true,"href":"https:\/\/unisig.com\/de\/wp-json\/wp\/v2\/folder?post=6675"}],"curies":[{"name":"wp","href":"https:\/\/api.w.org\/{rel}","templated":true}]}}