{"id":201202,"date":"2021-07-19T08:37:00","date_gmt":"2021-07-19T13:37:00","guid":{"rendered":"https:\/\/stagingxx.unisig.com\/?post_type=product&#038;p=201202"},"modified":"2025-01-17T13:20:55","modified_gmt":"2025-01-17T19:20:55","slug":"usc-ts32","status":"publish","type":"product","link":"https:\/\/unisig.com\/de\/produkt\/usc-ts32\/","title":{"rendered":"USC-TS32"},"content":{"rendered":"","protected":false},"excerpt":{"rendered":"<p>Tiefbohrmaschine f\u00fcr W\u00e4rmetauscherrohrb\u00f6den<\/p>\n","protected":false},"featured_media":200679,"template":"","meta":{"_acf_changed":false},"product_cat":[1135],"product_tag":[],"class_list":{"0":"post-201202","1":"product","2":"type-product","3":"status-publish","4":"has-post-thumbnail","6":"product_cat-usc-ts-fuer-waermetauscherboeden","8":"first","9":"instock","10":"shipping-taxable","11":"product-type-simple"},"acf":[],"_links":{"self":[{"href":"https:\/\/unisig.com\/de\/wp-json\/wp\/v2\/product\/201202","targetHints":{"allow":["GET"]}}],"collection":[{"href":"https:\/\/unisig.com\/de\/wp-json\/wp\/v2\/product"}],"about":[{"href":"https:\/\/unisig.com\/de\/wp-json\/wp\/v2\/types\/product"}],"wp:featuredmedia":[{"embeddable":true,"href":"https:\/\/unisig.com\/de\/wp-json\/wp\/v2\/media\/200679"}],"wp:attachment":[{"href":"https:\/\/unisig.com\/de\/wp-json\/wp\/v2\/media?parent=201202"}],"wp:term":[{"taxonomy":"product_cat","embeddable":true,"href":"https:\/\/unisig.com\/de\/wp-json\/wp\/v2\/product_cat?post=201202"},{"taxonomy":"product_tag","embeddable":true,"href":"https:\/\/unisig.com\/de\/wp-json\/wp\/v2\/product_tag?post=201202"}],"curies":[{"name":"wp","href":"https:\/\/api.w.org\/{rel}","templated":true}]}}