{"id":208344,"date":"2025-06-03T13:00:37","date_gmt":"2025-06-03T18:00:37","guid":{"rendered":"https:\/\/unisig.com\/partes\/"},"modified":"2025-06-03T13:00:45","modified_gmt":"2025-06-03T18:00:45","slug":"partes","status":"publish","type":"page","link":"https:\/\/unisig.com\/es\/servicio-piezas\/piezas\/","title":{"rendered":"Partes"},"content":{"rendered":"<div class=\"wpb-content-wrapper\"><p>[vc_row][vc_column][vc_single_image image=&#8221;205998&#8243; img_size=&#8221;full&#8221;][unisig_title title=&#8221;UNISIG Parts&#8221;][\/vc_column][\/vc_row][vc_row][vc_column][vc_column_text] UNISIG tiene m\u00e1s de 3 millones de d\u00f3lares en inventario de piezas espec\u00edficas para un env\u00edo r\u00e1pido para mantener a nuestros clientes en funcionamiento. Nuestro almac\u00e9n cuenta con m\u00f3dulos de elevaci\u00f3n vertical (VLM) de \u00faltima generaci\u00f3n para almacenamiento de alta densidad que se integran con nuestro sistema ERP, maximizando la precisi\u00f3n y la eficiencia del inventario de piezas. Si no tenemos la pieza correcta, podemos acelerar la entrega a trav\u00e9s de nuestro taller mec\u00e1nico o aprovechar nuestras relaciones duraderas con los proveedores para mejorar el tiempo de entrega.  <\/p>\n<p>Algunas m\u00e1quinas UNISIG de m\u00e1s de 30 a\u00f1os de antig\u00fcedad siguen siendo utilizadas por nuestros clientes. Si las piezas se han vuelto obsoletas, podemos ofrecer servicios de reconstrucci\u00f3n u opciones de reacondicionamiento para mantener sus m\u00e1quinas en funcionamiento, independientemente de su antig\u00fcedad. La compra de sus piezas de repuesto de UNISIG nos permite respaldarlas con soporte t\u00e9cnico para garantizar que se identifiquen los art\u00edculos correctos mediante la verificaci\u00f3n cruzada con la lista de materiales y el historial de servicio de sus m\u00e1quinas. Nuestro equipo de servicio tambi\u00e9n est\u00e1 disponible para la instalaci\u00f3n de piezas in situ cuando sea necesario.<\/p>\n<p>[\/vc_column_text][\/vc_column][\/vc_row][vc_row][vc_column][vc_cta h2=&#8221;P\u00f3ngase en contacto con el departamento de ventas de repuestos&#8221; h2_font_container=&#8221;color:%23005288&#8243; h2_google_fonts=&#8221;font_family:Open%20Sans%3A300%2C300italic%2Cregular%2Citalic%2C600%2C600italic%2C700%2C700italic%2C800%2C800italic|font_style:400%20regular%3A400%3Anormal&#8221; shape=&#8221;square&#8221; style=&#8221;custom&#8221; add_button=&#8221;bottom&#8221; btn_title=&#8221;P\u00f3ngase en contacto con el departamento de ventas de repuestos&#8221; btn_shape=&#8221;square&#8221; use_custom_fonts_h2=&#8221;true&#8221; btn_add_icon=&#8221;true&#8221; custom_background=&#8221;#e3e3e3&#8243; custom_text=&#8221;#151515&#8243; css=&#8221;.vc_custom_1689340209236{border-top-width: 0px !important;border-right-width: 0px !important;border-bottom-width: 0px !important;border-left-width: 0px !important;}&#8221; h2_link=&#8221;||&#8221; btn_link=&#8221;url:https%3A%2F%2Funisig.com%2Fcontact-us%2Frequest-parts%2F|title:Solicitar%20piezas|&#8221;]<a href=\"https:\/\/unisig.com\/contact-us\/request-parts\/\">P\u00f3ngase en contacto con nuestro equipo de ventas de piezas<\/a> o ll\u00e1menos para<br \/>\ntodo el mundo +1 262-252-5151, Horario de servicio est\u00e1ndar <strong>7:00-4:30pm CST<\/strong><br \/>\nEurop\u00f6e +49 7125 9687590, Horario de servicio est\u00e1ndar <strong>8:00-5:00pm MESZ<\/strong>[\/vc_cta][\/vc_column][\/vc_row]<\/p>\n<\/div>","protected":false},"excerpt":{"rendered":"<p>[vc_row][vc_column][vc_single_image image=&#8221;205998&#8243; img_size=&#8221;full&#8221;][unisig_title title=&#8221;UNISIG Parts&#8221;][\/vc_column][\/vc_row][vc_row][vc_column][vc_column_text] UNISIG tiene m\u00e1s de 3 millones de d\u00f3lares en inventario de piezas espec\u00edficas para un env\u00edo r\u00e1pido para mantener a nuestros clientes en funcionamiento. Nuestro almac\u00e9n cuenta con m\u00f3dulos de elevaci\u00f3n vertical (VLM) de \u00faltima generaci\u00f3n para almacenamiento de alta densidad que se integran con nuestro sistema ERP, maximizando la<a href=\"https:\/\/unisig.com\/es\/servicio-piezas\/piezas\/\" class=\"more-link\">Read More<\/a><\/p>\n","protected":false},"author":3,"featured_media":0,"parent":0,"menu_order":0,"comment_status":"closed","ping_status":"closed","template":"page-templates\/template-2.php","meta":{"_acf_changed":false,"footnotes":""},"folder":[1197],"class_list":["post-208344","page","type-page","status-publish","hentry"],"acf":[],"_links":{"self":[{"href":"https:\/\/unisig.com\/es\/wp-json\/wp\/v2\/pages\/208344","targetHints":{"allow":["GET"]}}],"collection":[{"href":"https:\/\/unisig.com\/es\/wp-json\/wp\/v2\/pages"}],"about":[{"href":"https:\/\/unisig.com\/es\/wp-json\/wp\/v2\/types\/page"}],"author":[{"embeddable":true,"href":"https:\/\/unisig.com\/es\/wp-json\/wp\/v2\/users\/3"}],"replies":[{"embeddable":true,"href":"https:\/\/unisig.com\/es\/wp-json\/wp\/v2\/comments?post=208344"}],"version-history":[{"count":0,"href":"https:\/\/unisig.com\/es\/wp-json\/wp\/v2\/pages\/208344\/revisions"}],"wp:attachment":[{"href":"https:\/\/unisig.com\/es\/wp-json\/wp\/v2\/media?parent=208344"}],"wp:term":[{"taxonomy":"folder","embeddable":true,"href":"https:\/\/unisig.com\/es\/wp-json\/wp\/v2\/folder?post=208344"}],"curies":[{"name":"wp","href":"https:\/\/api.w.org\/{rel}","templated":true}]}}