{"id":208345,"date":"2025-06-03T13:00:37","date_gmt":"2025-06-03T18:00:37","guid":{"rendered":"https:\/\/unisig.com\/industria-medica\/"},"modified":"2025-07-30T10:46:10","modified_gmt":"2025-07-30T15:46:10","slug":"industria-medica","status":"publish","type":"page","link":"https:\/\/unisig.com\/es\/Industrias\/Medicina\/","title":{"rendered":"Industria M\u00e9dica"},"content":{"rendered":"<div class=\"wpb-content-wrapper\"><p>[vc_row css=&#8221;.vc_custom_1747935886278{margin-top: 110px !important;background-position: center !important;background-repeat: no-repeat !important;background-size: cover !important;}&#8221; el_class=&#8221;homepage-splash-shell&#8221;][vc_column][vc_column_text]\n\t\t\t<!-- START Medical Industry REVOLUTION SLIDER 6.7.25 --><p class=\"rs-p-wp-fix\"><\/p>\n\t\t\t<rs-module-wrap id=\"rev_slider_11_1_wrapper\" data-source=\"gallery\" style=\"visibility:hidden;background:transparent;padding:0;margin:0px auto;margin-top:0;margin-bottom:0;\">\n\t\t\t\t<rs-module id=\"rev_slider_11_1\" style=\"\" data-version=\"6.7.25\">\n\t\t\t\t\t<rs-slides style=\"overflow: hidden; position: absolute;\">\n\t\t\t\t\t\t<rs-slide style=\"position: absolute;\" data-key=\"rs-16\" data-title=\"Slide\" data-duration=\"9000\" data-anim=\"ms:600;\" data-in=\"o:0;\" data-out=\"a:false;\">\n\t\t\t\t\t\t\t<img decoding=\"async\" src=\"\/\/unisig.com\/wp-content\/plugins\/revslider\/sr6\/assets\/assets\/dummy.png\" alt=\"\" title=\"Medical Industry Poster\" width=\"1920\" height=\"720\" class=\"rev-slidebg tp-rs-img rs-lazyload\" data-lazyload=\"https:\/\/unisig.com\/wp-content\/smush-webp\/2022\/08\/Medical-Industry-Poster-1.jpg.webp\" data-no-retina>\n\t\t\t\t\t\t\t<rs-bgvideo \n\t\t\t\t\t\t\t\tdata-video=\"vc:none;w:100%;h:100%;nse:false;l:true;ptimer:false;\"\n\t\t\t\t\t\t\t\tdata-vimeoid=\"693664146\"\n\t\t\t\t\t\t\t\tdata-vatr=\"background=1&amp;title=0&amp;byline=0&amp;portrait=0&amp;api=1&amp;dnt=1\"\n\t\t\t\t\t\t\t><\/rs-bgvideo>\n<!---->\t\t\t\t\t<\/rs-slide>\n\t\t\t\t\t<\/rs-slides>\n\t\t\t\t<\/rs-module>\n\t\t\t\t<script>\n\t\t\t\t\tsetREVStartSize({c: 'rev_slider_11_1',rl:[1240,1024,778,480],el:[600],gw:[1240],gh:[600],type:'standard',justify:'',layout:'fullwidth',mh:\"0\"});if (window.RS_MODULES!==undefined && window.RS_MODULES.modules!==undefined && window.RS_MODULES.modules[\"revslider111\"]!==undefined) {window.RS_MODULES.modules[\"revslider111\"].once = false;window.revapi11 = undefined;if (window.RS_MODULES.checkMinimal!==undefined) window.RS_MODULES.checkMinimal()}\n\t\t\t\t<\/script>\n\t\t\t<\/rs-module-wrap>\n\t\t\t<!-- END REVOLUTION SLIDER -->\n[\/vc_column_text][\/vc_column][\/vc_row][vc_row gap=&#8221;30&#8243;][vc_column width=&#8221;1\/2&#8243;][vc_column_text]<\/p>\n<h2>Perforaci\u00f3n automatizada de alta precisi\u00f3n para la industria m\u00e9dica.<\/h2>\n<p>Ya sea que se enfrente a di\u00e1metros peque\u00f1os, tolerancias estrictas o paredes delgadas, perforar al extremo es dif\u00edcil sin las m\u00e1quinas, herramientas y procesos adecuados. Las m\u00e1quinas de la serie UNISIG UNE6, listas para la automatizaci\u00f3n, permiten producir instrumentos quir\u00fargicos de alta precisi\u00f3n de forma productiva y fiable.[\/vc_column_text][vc_btn title=&#8221;Cont\u00e1ctenos&#8221; link=&#8221;url:https%3A%2F%2Funisig.com%2Fes%2Fcontacta-con-nosotros%2F|&#8221;][\/vc_column][vc_column width=&#8221;1\/2&#8243;][vc_empty_space][vc_column_text]<strong>UNISIG entiende sus desaf\u00edos \u00fanicos<\/strong><\/p>\n<p>Las perforadoras de ca\u00f1\u00f3n de di\u00e1metro peque\u00f1o UNISIG proporcionan la precisi\u00f3n necesaria para lograr tolerancias estrictas para instrumentos e implantes.<\/p>\n<ul>\n<li>Di\u00e1metros de orificio de 0,8 mm a 6 mm (0,03 a 0,25 pulgadas)<\/li>\n<li>Relaciones profundidad-di\u00e1metro de 20:1 a m\u00e1s de 100:1<\/li>\n<li>Rectitud del orificio con caracter\u00edsticas de concentricidad al di\u00e1metro externo<\/li>\n<li>Caracter\u00edsticas complejas, como orificios escalonados<\/li>\n<li>Piezas de trabajo de paredes delgadas y materiales dif\u00edciles<\/li>\n<\/ul>\n<p>[\/vc_column_text][\/vc_column][\/vc_row][vc_row][vc_column css=&#8221;.vc_custom_1632590730983{margin-top: 30px !important;margin-bottom: 30px !important;}&#8221;][vc_separator][\/vc_column][\/vc_row][vc_row gap=&#8221;30&#8243; content_placement=&#8221;top&#8221;][vc_column width=&#8221;1\/2&#8243;][vc_single_image image=&#8221;202924&#8243; img_size=&#8221;full&#8221;][\/vc_column][vc_column width=&#8221;1\/2&#8243;][vc_column_text]<\/p>\n<h4>Soluciones UNISIG para la industria m\u00e9dica<\/h4>\n<p><strong>Soluciones simplificadas para herramientas quir\u00fargicas<\/strong><br \/>\nLos fabricantes de instrumentos quir\u00fargicos pueden confiar en las d\u00e9cadas de experiencia de UNISIG colaborando para resolver sus problemas complejos y proporcionar la confianza para utilizar su sistema reci\u00e9n instalado al m\u00e1ximo de sus capacidades.<\/p>\n<p><strong>Taladro con precisi\u00f3n y repetibilidad<br \/>\n<\/strong>Logre tolerancias estrictas en todo momento con nuestras m\u00e1quinas alineadas con precisi\u00f3n, sujeci\u00f3n de piezas especializada para instrumentos m\u00e9dicos y controles de m\u00e1quina inteligentes.<\/p>\n<p><strong>Lleve la perforaci\u00f3n de armas a la empresa<br \/>\n<\/strong>Elimine las variables y el tiempo perdido de fuentes externas y mejore el rendimiento incorporando una m\u00e1quina UNE6 en sus celdas de torneado suizas.<\/p>\n<p><strong>Ampl\u00ede las capacidades y automatice la perforaci\u00f3n<br \/>\n con armas<\/strong>Las configuraciones flexibles de sujeci\u00f3n de piezas con el mandril de linterna de UNISIG y la integraci\u00f3n rob\u00f3tica proporcionan lo \u00faltimo en automatizaci\u00f3n de fabricaci\u00f3n para la perforaci\u00f3n con armas m\u00e9dicas[\/vc_column_text][\/vc_column][\/vc_row][vc_row][vc_column css=&#8221;.vc_custom_1632590730983{margin-top: 30px !important;margin-bottom: 30px !important;}&#8221;][vc_separator][\/vc_column][\/vc_row][vc_row gap=&#8221;30&#8243; content_placement=&#8221;top&#8221; el_class=&#8221;row-reverse&#8221;][vc_column width=&#8221;1\/2&#8243;][vc_column_text]<\/p>\n<h4>Taladros de pistola serie UNE6<\/h4>\n<p>Dise\u00f1adas espec\u00edficamente para los desaf\u00edos y las dimensiones a los que se enfrentan los fabricantes de instrumentos m\u00e9dicos, las m\u00e1quinas de la serie UNE6 pueden perforar componentes m\u00e9dicos de forma precisa, productiva y fiable.<\/p>\n<p><strong>Tecnolog\u00eda para perforaciones de alta precisi\u00f3n y di\u00e1metro peque\u00f1o<\/strong><\/p>\n<ul>\n<li><strong>Herramienta y pieza de trabajo contrarrotantes<\/strong><\/li>\n<li><strong>Supervisi\u00f3n de la vida \u00fatil de la herramienta y detecci\u00f3n de herramientas rotas<\/strong><\/li>\n<li><strong>Control de proceso excepcional<\/strong><\/li>\n<li><strong>Interfaz de control inteligente e intuitiva con almacenamiento de programas<\/strong><\/li>\n<\/ul>\n<p>&nbsp;<\/p>\n<p>El trabajo conjunto de estas tecnolog\u00edas es lo que permite a UNISIG ofrecer automatizaci\u00f3n rob\u00f3tica para permitir la perforaci\u00f3n con armas de fuego de instrumentos quir\u00fargicos complejos.[\/vc_column_text][\/vc_column][vc_column width=&#8221;1\/2&#8243;][vc_single_image image=&#8221;209274&#8243; img_size=&#8221;full&#8221; css=&#8221;&#8221;][\/vc_column][\/vc_row][vc_row][vc_column css=&#8221;.vc_custom_1632590730983{margin-top: 30px !important;margin-bottom: 30px !important;}&#8221;][vc_separator][\/vc_column][\/vc_row][vc_row gap=&#8221;30&#8243; content_placement=&#8221;top&#8221; el_id=&#8221;fila invertida&#8221;][vc_column width=&#8221;1\/2&#8243;][vc_single_image image=&#8221;209267&#8243; img_size=&#8221;full&#8221; css=&#8221;&#8221;][\/vc_column][vc_column width=&#8221;1\/2&#8243;][vc_column_text]<\/p>\n<h4>Rendimiento sobresaliente<\/h4>\n<p>Estas m\u00e1quinas son capaces de producir orificios en di\u00e1metros de 0,8 a 6,0 mm [0,03 a 0,24 pulgadas] con relaciones de profundidad a di\u00e1metro de m\u00e1s de 100:1, incluso en materiales de grado m\u00e9dico desafiantes.<\/p>\n<p><strong>Caracter\u00edsticas para la perforaci\u00f3n con pistola de di\u00e1metro peque\u00f1o de alto rendimiento<\/strong><\/p>\n<ul>\n<li><strong>24.000 rpm Husillos de motor integrados<\/strong><\/li>\n<li><strong>Velocidad total de perforaci\u00f3n de 28.000 rpm con contrarrotaci\u00f3n<\/strong><\/li>\n<li><strong>Sistemas de refrigeraci\u00f3n basados en flujo de 3.000 psi (207 bar)<\/strong><\/li>\n<li><strong>Alineaci\u00f3n geom\u00e9trica extremadamente precisa de la m\u00e1quina<\/strong><\/li>\n<\/ul>\n<p>[\/vc_column_text][\/vc_column][\/vc_row][vc_row][vc_column][vc_separator][\/vc_column][\/vc_row][vc_row gap=&#8221;30&#8243; content_placement=&#8221;top&#8221; el_class=&#8221;row-reverse&#8221;][vc_column width=&#8221;1\/2&#8243;][vc_column_text]<\/p>\n<h4>UNE6-750-CR<\/h4>\n<p><strong>Taladradora de pistola de un solo husillo<\/strong><br \/>\n<strong>con contrarrotaci\u00f3n<\/strong><\/p>\n<p>La perforadora de un solo husillo UNE6-750-CR ofrece todo lo necesario para perforar las piezas m\u00e9dicas m\u00e1s dif\u00edciles en cualquier entorno de taller.<\/p>\n<p>Orientada al trabajo de instrumentaci\u00f3n de precisi\u00f3n, esta m\u00e1quina utiliza un cabezal de pieza de trabajo contrarrotante para lograr una concentricidad extremadamente alta con una amplia gama de relaciones de profundidad a di\u00e1metro.[\/vc_column_text][\/vc_column][vc_column width=&#8221;1\/2&#8243;][vc_single_image image=&#8221;209313&#8243; img_size=&#8221;full&#8221; css=&#8221;&#8221;][\/vc_column][\/vc_row][vc_row][vc_column][vc_separator][\/vc_column][\/vc_row][vc_row gap=&#8221;30&#8243; content_placement=&#8221;top&#8221;][vc_column width=&#8221;1\/2&#8243;][vc_single_image image=&#8221;209231&#8243; img_size=&#8221;full&#8221; css=&#8221;&#8221;][\/vc_column][vc_column width=&#8221;1\/2&#8243;][vc_column_text]<\/p>\n<h4>UNE6-2i-750-CR<\/h4>\n<p><strong>M\u00e1quina perforadora de pistola de doble husillo independiente<\/strong><br \/>\n<strong>operado desde un solo lado<\/strong><\/p>\n<p>La m\u00e1quina de doble husillo m\u00e1s capaz de la industria, la UNE6-2i-750-CR es la soluci\u00f3n para la perforaci\u00f3n de armas de instrumentos m\u00e9dicos compleja y de peque\u00f1o di\u00e1metro. Las operaciones de perforaci\u00f3n secuencial comunes en los instrumentos quir\u00fargicos se completan en una sola m\u00e1quina. <\/p>\n<p>Se puede acceder al funcionamiento totalmente independiente del doble husillo desde un solo lado de la m\u00e1quina, lo que hace posible el flujo ideal de una sola pieza cuando se carga manualmente.[\/vc_column_text][\/vc_column][\/vc_row][vc_row][vc_column][vc_separator][\/vc_column][\/vc_row][vc_row gap=&#8221;30&#8243; content_placement=&#8221;top&#8221; el_class=&#8221;row-reverse&#8221;][vc_column width=&#8221;1\/2&#8243;][vc_column_text]<\/p>\n<h4>UNE6-2i-750-CR con Automatizaci\u00f3n<\/h4>\n<p><strong>Taladradora de pistola de doble husillo independiente<\/strong><br \/>\n<strong>con automatizaci\u00f3n rob\u00f3tica de piezas de trabajo<\/strong><\/p>\n<p>La UNE6-2i-750-CR con rob\u00f3tica hace posible y autom\u00e1tico el mecanizado con ca\u00f1\u00f3n, instrumentos quir\u00fargicos extremadamente precisos para la industria m\u00e9dica. La fiabilidad del proceso de esta m\u00e1quina abre la puerta a la producci\u00f3n totalmente automatizada de estas piezas de trabajo, lo que permite perforar los componentes m\u00e1s complejos con pistolas sin luces <\/p>\n<p>La automatizaci\u00f3n rob\u00f3tica integrada da servicio tanto a los husillos como a las transferencias de piezas entre ellos. Los sistemas de bandejas de piezas de trabajo intercambiables se adaptan a diferentes tipos de piezas de trabajo y son compatibles con piezas en bruto torneadas suizas de di\u00e1metro exterior irregular. La automatizaci\u00f3n montada en la parte trasera permite la configuraci\u00f3n y el funcionamiento desde la parte delantera de la m\u00e1quina sin interferencias de la automatizaci\u00f3n.[\/vc_column_text][vc_btn title=&#8221;Cont\u00e1ctenos&#8221; link=&#8221;url:https%3A%2F%2Funisig.com%2Fes%2Fcontacta-con-nosotros%2F|&#8221;][\/vc_column][vc_column width=&#8221;1\/2&#8243;][vc_gallery type=&#8221;flexslider_slide&#8221; interval=&#8221;0&#8243; images=&#8221;206815,206818,209271,209277&#8243; img_size=&#8221;medium&#8221; onclick=&#8221;&#8221; css=&#8221;&#8221;][\/vc_column][\/vc_row][vc_row][vc_column][vc_separator][\/vc_column][\/vc_row][vc_row][vc_column width=&#8221;1\/2&#8243; css=&#8221;.vc_custom_1632590730983{margin-top: 30px !important;margin-bottom: 30px !important;}&#8221;][vc_column_text]<\/p>\n<h5>Recursos adicionales de la industria m\u00e9dica<\/h5>\n<p>[\/vc_column_text][unisig_icon_content icon=&#8221;fas fa-video&#8221;]<a href=\"https:\/\/unisig.com\/news-and-events\/technical-articles\/une6-2i-dual-gripper-automated-gundrilling\/\" target=\"_blank\" rel=\"noopener noreferrer\">UNISIG UNE6-2i Dual-Gripper Automated Gundrilling Machine | Video<\/a>[\/unisig_icon_content][unisig_icon_content icon=&#8221;fas fa-cogs&#8221;]<a href=\"https:\/\/unisig.com\/news-and-events\/case-studies\/drilling-smallest-diameters\/\" target=\"_blank\" rel=\"noopener noreferrer\">Precision Medical Drilling on the UNE6 | Case Study<\/a>[\/unisig_icon_content][unisig_icon_content icon=&#8221;fas fa-download&#8221;]<a href=\"https:\/\/unisig.com\/medical-industry-solutions\/\" target=\"_blank\" rel=\"noopener noreferrer\">Medical Industry Solutions Brochure | Download<\/a>[\/unisig_icon_content][\/vc_column][vc_column width=&#8221;1\/2&#8243;][vc_empty_space][vc_cta h2=&#8221;Env\u00ede su solicitud&#8221; h2_font_container=&#8221;color:%23005288&#8243; h2_google_fonts=&#8221;font_family:Open%20Sans%3A300%2C300italic%2Cregular%2Citalic%2C600%2C600italic%2C700%2C700italic%2C800%2C800italic|font_style:400%20regular%3A400%3Anormal&#8221; shape=&#8221;square&#8221; style=&#8221;custom&#8221; add_button=&#8221;bottom&#8221; btn_title=&#8221;Enviar solicitud&#8221; btn_shape=&#8221;square&#8221; css=&#8221;.vc_custom_1647633365662{border-top-width: 0px !important;border-right-width: 0px !important;border-bottom-width: 0px !important;border-left-width: 0px !important;}&#8221; use_custom_fonts_h2=&#8221;true&#8221; btn_add_icon=&#8221;true&#8221; custom_background=&#8221;#e3e3e3&#8243; custom_text=&#8221;#151515&#8243; btn_link=&#8221;url:https%3A%2F%2Funisig.com%2Fes%2Fcontacta-con-nosotros%2Fsolicite-una-cotizacion%2F|title:Solicite%20un%20presupuesto|&#8221;]Env\u00ede su solicitud para obtener un presupuesto de m\u00e1quinas perforadoras de pistola m\u00e9dicas.[\/vc_cta][\/vc_column][\/vc_row]<\/p>\n<\/div>","protected":false},"excerpt":{"rendered":"<p>[vc_row css=&#8221;.vc_custom_1747935886278{margin-top: 110px !important;background-position: center !important;background-repeat: no-repeat !important;background-size: cover !important;}&#8221; el_class=&#8221;homepage-splash-shell&#8221;][vc_column][vc_column_text][\/vc_column_text][\/vc_column][\/vc_row][vc_row gap=&#8221;30&#8243;][vc_column width=&#8221;1\/2&#8243;][vc_column_text] Perforaci\u00f3n automatizada de alta precisi\u00f3n para la industria m\u00e9dica. Ya sea que se enfrente a di\u00e1metros peque\u00f1os, tolerancias estrictas o paredes delgadas, perforar al extremo es dif\u00edcil sin las m\u00e1quinas, herramientas y procesos adecuados. Las m\u00e1quinas de la serie UNISIG UNE6, listas<a href=\"https:\/\/unisig.com\/es\/Industrias\/Medicina\/\" class=\"more-link\">Read More<\/a><\/p>\n","protected":false},"author":22,"featured_media":0,"parent":0,"menu_order":0,"comment_status":"closed","ping_status":"closed","template":"","meta":{"_acf_changed":false,"footnotes":""},"folder":[1199,1180],"class_list":["post-208345","page","type-page","status-publish","hentry"],"acf":[],"_links":{"self":[{"href":"https:\/\/unisig.com\/es\/wp-json\/wp\/v2\/pages\/208345","targetHints":{"allow":["GET"]}}],"collection":[{"href":"https:\/\/unisig.com\/es\/wp-json\/wp\/v2\/pages"}],"about":[{"href":"https:\/\/unisig.com\/es\/wp-json\/wp\/v2\/types\/page"}],"author":[{"embeddable":true,"href":"https:\/\/unisig.com\/es\/wp-json\/wp\/v2\/users\/22"}],"replies":[{"embeddable":true,"href":"https:\/\/unisig.com\/es\/wp-json\/wp\/v2\/comments?post=208345"}],"version-history":[{"count":0,"href":"https:\/\/unisig.com\/es\/wp-json\/wp\/v2\/pages\/208345\/revisions"}],"wp:attachment":[{"href":"https:\/\/unisig.com\/es\/wp-json\/wp\/v2\/media?parent=208345"}],"wp:term":[{"taxonomy":"folder","embeddable":true,"href":"https:\/\/unisig.com\/es\/wp-json\/wp\/v2\/folder?post=208345"}],"curies":[{"name":"wp","href":"https:\/\/api.w.org\/{rel}","templated":true}]}}