{"id":208349,"date":"2025-06-03T13:00:39","date_gmt":"2025-06-03T18:00:39","guid":{"rendered":"https:\/\/unisig.com\/servicio\/"},"modified":"2025-06-03T13:00:45","modified_gmt":"2025-06-03T18:00:45","slug":"servicio","status":"publish","type":"page","link":"https:\/\/unisig.com\/es\/servicio-de-piezas\/servicio","title":{"rendered":"Servicio"},"content":{"rendered":"<div class=\"wpb-content-wrapper\"><p>[vc_row][vc_column][vc_single_image image=&#8221;201762&#8243; img_size=&#8221;full&#8221;][unisig_title title=&#8221;UNISIG Service&#8221;][\/vc_column][\/vc_row][vc_row][vc_column][vc_column_text]UNISIG cuenta con un equipo de servicio dedicado disponible para soporte t\u00e9cnico. Si un problema no se puede resolver por tel\u00e9fono o correo electr\u00f3nico, podemos proporcionar un servicio de diagn\u00f3stico remoto para las numerosas m\u00e1quinas equipadas con nuestro sistema de mantenimiento remoto seguro. <\/p>\n<p>Nuestro grupo de servicio est\u00e1 en estrecha relaci\u00f3n con los equipos de ingenier\u00eda y piezas de UNISIG, por lo que puede estar seguro de que est\u00e1 hablando con alguien que puede brindarle la ayuda que necesita. Nos esforzamos por ser receptivos y utilizamos nuestra experiencia para llegar al fondo de un problema en el menor tiempo posible. <\/p>\n<p>Cuando se contacta a nuestro equipo de servicio para obtener asistencia, registramos el historial de servicio del n\u00famero de serie de su m\u00e1quina para realizar un seguimiento de los problemas recurrentes y mejorar nuestra capacidad para brindarle asistencia en el futuro.<\/p>\n<p>Nuestro equipo de servicio est\u00e1 disponible para la resoluci\u00f3n de problemas y reparaciones en el lugar. Tambi\u00e9n podemos proporcionar programas de mantenimiento preventivo, alineaci\u00f3n de m\u00e1quinas y servicios de reubicaci\u00f3n de m\u00e1quinas.[\/vc_column_text][\/vc_column][\/vc_row][vc_row][vc_column][vc_cta h2=&#8221;P\u00f3ngase en contacto con el equipo de servicio&#8221; h2_font_container=&#8221;color:%23005288&#8243; h2_google_fonts=&#8221;font_family:Open%20Sans%3A300%2C300italic%2Cregular%2Citalic%2C600%2C600italic%2C700%2C700italic%2C800%2C800italic|font_style:400%20regular%3A400%3Anormal&#8221; shape=&#8221;square&#8221; style=&#8221;custom&#8221; add_button=&#8221;bottom&#8221; btn_title=&#8221;Contacta con el servicio&#8221; btn_shape=&#8221;square&#8221; use_custom_fonts_h2=&#8221;true&#8221; btn_add_icon=&#8221;true&#8221; custom_background=&#8221;#e3e3e3&#8243; custom_text=&#8221;#151515&#8243; css=&#8221;.vc_custom_1689338878639{border-top-width: 0px !important;border-right-width: 0px !important;border-bottom-width: 0px !important;border-left-width: 0px !important;}&#8221; h2_link=&#8221;||&#8221; btn_link=&#8221;url:https%3A%2F%2Funisig.com%2Fcontact-us%2Frequest-support%2F|title:Solicitar%20servicio|&#8221;]<a href=\"https:\/\/unisig.com\/contact-us\/request-support\/\">P\u00f3ngase en contacto con nuestro equipo de servicio<\/a> o ll\u00e1menos para<br \/>\ntodo el mundo +1 262-252-5151, horario de servicio est\u00e1ndar <strong>7:00-4:30 p. m. CST<\/strong><br \/>\nEurop\u00f6e +49 7125 9687590, horario de servicio est\u00e1ndar <strong>de 8:00 a 5:00 p. m. MESZ<\/strong>[\/vc_cta][\/vc_column][\/vc_row]<\/p>\n<\/div>","protected":false},"excerpt":{"rendered":"<p>[vc_row][vc_column][vc_single_image image=&#8221;201762&#8243; img_size=&#8221;full&#8221;][unisig_title title=&#8221;UNISIG Service&#8221;][\/vc_column][\/vc_row][vc_row][vc_column][vc_column_text]UNISIG cuenta con un equipo de servicio dedicado disponible para soporte t\u00e9cnico. Si un problema no se puede resolver por tel\u00e9fono o correo electr\u00f3nico, podemos proporcionar un servicio de diagn\u00f3stico remoto para las numerosas m\u00e1quinas equipadas con nuestro sistema de mantenimiento remoto seguro. Nuestro grupo de servicio est\u00e1 en estrecha relaci\u00f3n<a href=\"https:\/\/unisig.com\/es\/servicio-de-piezas\/servicio\" class=\"more-link\">Read More<\/a><\/p>\n","protected":false},"author":3,"featured_media":0,"parent":0,"menu_order":0,"comment_status":"closed","ping_status":"closed","template":"page-templates\/template-2.php","meta":{"_acf_changed":false,"footnotes":""},"folder":[1197],"class_list":["post-208349","page","type-page","status-publish","hentry"],"acf":[],"_links":{"self":[{"href":"https:\/\/unisig.com\/es\/wp-json\/wp\/v2\/pages\/208349","targetHints":{"allow":["GET"]}}],"collection":[{"href":"https:\/\/unisig.com\/es\/wp-json\/wp\/v2\/pages"}],"about":[{"href":"https:\/\/unisig.com\/es\/wp-json\/wp\/v2\/types\/page"}],"author":[{"embeddable":true,"href":"https:\/\/unisig.com\/es\/wp-json\/wp\/v2\/users\/3"}],"replies":[{"embeddable":true,"href":"https:\/\/unisig.com\/es\/wp-json\/wp\/v2\/comments?post=208349"}],"version-history":[{"count":0,"href":"https:\/\/unisig.com\/es\/wp-json\/wp\/v2\/pages\/208349\/revisions"}],"wp:attachment":[{"href":"https:\/\/unisig.com\/es\/wp-json\/wp\/v2\/media?parent=208349"}],"wp:term":[{"taxonomy":"folder","embeddable":true,"href":"https:\/\/unisig.com\/es\/wp-json\/wp\/v2\/folder?post=208349"}],"curies":[{"name":"wp","href":"https:\/\/api.w.org\/{rel}","templated":true}]}}