{"id":208351,"date":"2025-06-03T13:00:39","date_gmt":"2025-06-03T18:00:39","guid":{"rendered":"https:\/\/unisig.com\/industria-del-molde\/"},"modified":"2025-06-03T13:00:48","modified_gmt":"2025-06-03T18:00:48","slug":"industria-del-molde","status":"publish","type":"page","link":"https:\/\/unisig.com\/es\/Industrias\/Moldes\/","title":{"rendered":"Industria del molde"},"content":{"rendered":"<div class=\"wpb-content-wrapper\"><p>[vc_row css=&#8221;.vc_custom_1747935989046{margin-top: 110px !important;background-position: center !important;background-repeat: no-repeat !important;background-size: cover !important;}&#8221;][vc_column][vc_column_text]\n\t\t\t<!-- START Mold Industry REVOLUTION SLIDER 6.7.25 --><p class=\"rs-p-wp-fix\"><\/p>\n\t\t\t<rs-module-wrap id=\"rev_slider_10_1_wrapper\" data-source=\"gallery\" style=\"visibility:hidden;background:transparent;padding:0;margin:0px auto;margin-top:0;margin-bottom:0;\">\n\t\t\t\t<rs-module id=\"rev_slider_10_1\" style=\"\" data-version=\"6.7.25\">\n\t\t\t\t\t<rs-slides style=\"overflow: hidden; position: absolute;\">\n\t\t\t\t\t\t<rs-slide style=\"position: absolute;\" data-key=\"rs-15\" data-title=\"Slide\" data-duration=\"9000\" data-anim=\"ms:600;\" data-in=\"o:0;\" data-out=\"a:false;\">\n\t\t\t\t\t\t\t<img decoding=\"async\" src=\"\/\/unisig.com\/wp-content\/plugins\/revslider\/sr6\/assets\/assets\/dummy.png\" alt=\"\" title=\"unisig USC-M mold machine milling_web\" width=\"1000\" height=\"600\" class=\"rev-slidebg tp-rs-img rs-lazyload\" data-lazyload=\"https:\/\/unisig.com\/wp-content\/smush-webp\/2022\/03\/unisig-USC-M-mold-machine-milling_web.jpg.webp\" data-no-retina>\n\t\t\t\t\t\t\t<rs-bgvideo \n\t\t\t\t\t\t\t\tdata-video=\"vc:none;w:100%;h:100%;nse:false;l:true;ptimer:false;\"\n\t\t\t\t\t\t\t\tdata-vimeoid=\"692626322\"\n\t\t\t\t\t\t\t\tdata-vatr=\"background=1&amp;title=0&amp;byline=0&amp;portrait=0&amp;api=1&amp;dnt=1\"\n\t\t\t\t\t\t\t><\/rs-bgvideo>\n<!---->\t\t\t\t\t<\/rs-slide>\n\t\t\t\t\t<\/rs-slides>\n\t\t\t\t<\/rs-module>\n\t\t\t\t<script>\n\t\t\t\t\tsetREVStartSize({c: 'rev_slider_10_1',rl:[1240,1024,778,480],el:[600],gw:[1240],gh:[600],type:'standard',justify:'',layout:'fullwidth',mh:\"0\"});if (window.RS_MODULES!==undefined && window.RS_MODULES.modules!==undefined && window.RS_MODULES.modules[\"revslider101\"]!==undefined) {window.RS_MODULES.modules[\"revslider101\"].once = false;window.revapi10 = undefined;if (window.RS_MODULES.checkMinimal!==undefined) window.RS_MODULES.checkMinimal()}\n\t\t\t\t<\/script>\n\t\t\t<\/rs-module-wrap>\n\t\t\t<!-- END REVOLUTION SLIDER -->\n[\/vc_column_text][\/vc_column][\/vc_row][vc_row gap=&#8221;30&#8243;][vc_column width=&#8221;1\/2&#8243;][vc_column_text]<\/p>\n<h2>Menos configuraciones. M\u00e1s productividad. <\/h2>\n<p>Rendimiento inigualable de fresado y perforaci\u00f3n con pistola para fabricantes de moldes[\/vc_column_text][vc_btn title=&#8221;Contacta con nosotros&#8221; link=&#8221;url:https%3A%2F%2Funisig.com%2Fes%2Fcontacta-con-nosotros%2F|title:Contacta%20con%20nosotros|&#8221;][\/vc_column][vc_column width=&#8221;1\/2&#8243;][vc_empty_space][vc_column_text]<\/p>\n<h4>La serie UUSIG USC-M cumple con los desaf\u00edos que enfrentan los fabricantes de moldes<\/h4>\n<ul>\n<li>Presi\u00f3n constante para la reducci\u00f3n de costes y plazos de entrega m\u00e1s cortos<\/li>\n<li>Dise\u00f1os nuevos y cambiantes frecuentes, sin margen de error<\/li>\n<li>Geometr\u00edas de piezas complejas y de alta precisi\u00f3n con caracter\u00edsticas 2D y 3D<\/li>\n<li>Lograr altas tasas de remoci\u00f3n de metal en piezas fabricadas con materiales duros<\/li>\n<li>Perforaci\u00f3n de agujeros muy profundos con \u00e1ngulos compuestos que se cruzan<\/li>\n<\/ul>\n<p>[\/vc_column_text][\/vc_column][\/vc_row][vc_row][vc_column css=&#8221;.vc_custom_1632590730983{margin-top: 30px !important;margin-bottom: 30px !important;}&#8221;][vc_separator][\/vc_column][\/vc_row][vc_row gap=&#8221;30&#8243; content_placement=&#8221;top&#8221; el_class=&#8221;row-reverse&#8221;][vc_column width=&#8221;1\/2&#8243;][vc_column_text]<\/p>\n<h4>Soluciones UNISIG para la fabricaci\u00f3n de moldes<\/h4>\n<p><strong>TALADRADO Y FRESADO DE AGUJEROS PROFUNDOS EN LA MISMA PLATAFORMA<\/strong><br \/>\n DE LA M\u00c1QUINAReduzca la manipulaci\u00f3n y las configuraciones de piezas al tiempo que mejora la repetibilidad para acortar los plazos de entrega y adaptarse r\u00e1pidamente a los cambios en el dise\u00f1o de piezas y la planificaci\u00f3n de procesos.<\/p>\n<p>PERFORACI\u00d3N<br \/>\n <strong>DE POZOS PROFUNDOS M\u00c1S R\u00c1PIDA<\/strong>Optimice las velocidades de avance sin riesgo y maximice la salida de perforaci\u00f3n de pozos profundos a trav\u00e9s de la inteligencia de la m\u00e1quina que utiliza el control activo del proceso. Las m\u00e1quinas UNISIG permiten el uso de taladros de ca\u00f1\u00f3n indexables de pr\u00f3xima generaci\u00f3n que mejoran el proceso de perforaci\u00f3n de ca\u00f1\u00f3n y la perforaci\u00f3n de l\u00ednea de flotaci\u00f3n BTA que aumenta el rendimiento de la perforaci\u00f3n. <\/p>\n<p><strong>POSICIONAMIENTO DE 5 EJES PARA UN ALCANCE<\/strong><br \/>\n EXTENDIDOAcceda f\u00e1cilmente a los cuatro lados de sus piezas, ya sean de tama\u00f1o peque\u00f1o o grande, y realice con \u00e9xito mecanizados complejos y perforaciones de agujeros profundos en \u00e1ngulos compuestos.<\/p>\n<p><strong>GRAN CAPACIDAD DE PESO SIN MESAS<\/strong><br \/>\n EXCESIVAMENTE GRANDESMecanize con confianza piezas completas, no solo caracter\u00edsticas laterales, independientemente del peso de los componentes en mesas robustas que manejan de manera eficiente las demandas de la fabricaci\u00f3n de moldes grandes.[\/vc_column_text][\/vc_column][vc_column width=&#8221;1\/2&#8243;][vc_gallery type=&#8221;flexslider_slide&#8221; interval=&#8221;0&#8243; images=&#8221;200926,3780,9427,203028&#8243; img_size=&#8221;large&#8221; onclick=&#8221;&#8221;][\/vc_column][\/vc_row][vc_row][vc_column css=&#8221;.vc_custom_1632590730983{margin-top: 30px !important;margin-bottom: 30px !important;}&#8221;][vc_separator][\/vc_column][\/vc_row][vc_row gap=&#8221;30&#8243; content_placement=&#8221;top&#8221;][vc_column width=&#8221;1\/2&#8243;][vc_gallery type=&#8221;flexslider_slide&#8221; interval=&#8221;0&#8243; images=&#8221;200922,201500,200920&#8243; img_size=&#8221;large&#8221; onclick=&#8221;&#8221;][\/vc_column][vc_column width=&#8221;1\/2&#8243;][vc_column_text]<\/p>\n<h4>Husillo universal &#8211; Fresado y perforaci\u00f3n con pistola<\/h4>\n<h4>USC-2M | USC-3M<\/h4>\n<p>Nuestras m\u00e1quinas de husillo universal combinan un gran rendimiento de fresado con un taladrado de agujeros profundos de alta velocidad de avance utilizando herramientas intercambiables para taladrado. El cambio entre sistemas es r\u00e1pido con nuestro sistema de pivote y caja de chip de bloqueo.<\/p>\n<ul>\n<li>Husillo de mecanizado\/perforaci\u00f3n CAT 50, 4500 rpm<\/li>\n<li>Posicionamiento de 5 ejes con mesa giratoria y cabezal inclinable<\/li>\n<li>B\u00e1sculas de vidrio para una mayor precisi\u00f3n<\/li>\n<li>Cambiador de herramientas de 60 posiciones<\/li>\n<li>Instalaci\u00f3n sobre el suelo<\/li>\n<\/ul>\n<p>[\/vc_column_text][vc_btn title=&#8221;Aprende m\u00e1s&#8221; link=&#8221;url:https%3A%2F%2Funisig.com%2Fall-machines%2Fusc-m-milling-drilling-centers|&#8221;][\/vc_column][\/vc_row][vc_row][vc_column css=&#8221;.vc_custom_1632590730983{margin-top: 30px !important;margin-bottom: 30px !important;}&#8221;][vc_separator][\/vc_column][\/vc_row][vc_row gap=&#8221;30&#8243; content_placement=&#8221;top&#8221; el_class=&#8221;row-reverse&#8221;][vc_column width=&#8221;1\/2&#8243;][vc_column_text]<\/p>\n<h4>Husillo dedicado: fresado y BTA\/perforaci\u00f3n con pistola<\/h4>\n<h4>USC-2M-BTA | USC-3M-BTA<\/h4>\n<p>Nuestros husillos dedicados al fresado y perforaci\u00f3n de agujeros profundos aumentan el rendimiento al introducir el sistema de perforaci\u00f3n de agujeros profundos BTA, junto con herramientas de perforaci\u00f3n con pistola indexables. Perfore orificios de l\u00ednea de flotaci\u00f3n m\u00e1s r\u00e1pidos y rectos y ahorre d\u00edas de producci\u00f3n en bases de moldes m\u00e1s grandes. No se requiere ning\u00fan cambio cuando se pasa del fresado al taladrado de agujeros profundos con nuestra cinem\u00e1tica de husillo paralelo.<\/p>\n<ul>\n<li>Husillo de mecanizado CAT 50, 4500 rpm<\/li>\n<li>Husillo de perforaci\u00f3n\/perforaci\u00f3n con pistola BTA, 4500 rpm<\/li>\n<li>Posicionamiento de 5 ejes con mesa giratoria y cabezal inclinable<\/li>\n<li>B\u00e1sculas de vidrio para una mayor precisi\u00f3n<\/li>\n<li>Cambiador de herramientas de 40 posiciones<\/li>\n<li>Instalaci\u00f3n sobre el suelo<\/li>\n<\/ul>\n<p>[\/vc_column_text][vc_btn title=&#8221;Aprende m\u00e1s&#8221; link=&#8221;url:https%3A%2F%2Funisig.com%2Fall-machines%2Fusc-m-milling-drilling-centers|&#8221;][\/vc_column][vc_column width=&#8221;1\/2&#8243;][vc_gallery type=&#8221;flexslider_slide&#8221; interval=&#8221;0&#8243; images=&#8221;203065,200926&#8243; img_size=&#8221;large&#8221; onclick=&#8221;&#8221;][\/vc_column][\/vc_row][vc_row][vc_column css=&#8221;.vc_custom_1632590730983{margin-top: 30px !important;margin-bottom: 30px !important;}&#8221;][vc_separator][\/vc_column][\/vc_row][vc_row gap=&#8221;30&#8243; content_placement=&#8221;top&#8221;][vc_column width=&#8221;1\/2&#8243;][vc_gallery type=&#8221;flexslider_slide&#8221; interval=&#8221;0&#8243; images=&#8221;10225,203062,4082&#8243; img_size=&#8221;large&#8221; onclick=&#8221;&#8221;][\/vc_column][vc_column width=&#8221;1\/2&#8243;][vc_column_text]<\/p>\n<h4>Husillo de engranaje dedicado para el mecanizado<\/h4>\n<h4>USC-M38 | USC-M50<\/h4>\n<p>Las fresadoras y taladradoras de cabezal con engranajes UNISIG revolucionan la fabricaci\u00f3n de moldes. Estas m\u00e1quinas eliminan semanas de los programas de producci\u00f3n y cambian la forma en que los fabricantes de moldes piensan sobre el dise\u00f1o y la fabricaci\u00f3n de sus piezas. La precisi\u00f3n geom\u00e9trica muy alta, el rendimiento din\u00e1mico y las opciones de productividad distinguen a estas m\u00e1quinas.<\/p>\n<ul>\n<li>Husillo de mecanizado CAT 50, engranaje de 2 gamas, 4500 rpm<\/li>\n<li>Husillo de perforaci\u00f3n\/perforaci\u00f3n con pistola BTA, 5000 rpm<\/li>\n<li>Posicionamiento de 5 ejes con mesa giratoria y cabezal inclinable<\/li>\n<li>B\u00e1sculas de vidrio para una mayor precisi\u00f3n<\/li>\n<li>Cambiador de herramientas de 120 posiciones<\/li>\n<li>Instalaci\u00f3n ergon\u00f3mica en el suelo o sobre el suelo<\/li>\n<\/ul>\n<p>[\/vc_column_text][vc_btn title=&#8221;Aprende m\u00e1s&#8221; link=&#8221;url:https%3A%2F%2Funisig.com%2Fall-machines%2Fusc-m-milling-drilling-centers|&#8221;][\/vc_column][\/vc_row][vc_row][vc_column css=&#8221;.vc_custom_1632590730983{margin-top: 30px !important;margin-bottom: 30px !important;}&#8221;][vc_separator][\/vc_column][\/vc_row][vc_row gap=&#8221;30&#8243; content_placement=&#8221;top&#8221; el_class=&#8221;row-reverse&#8221;][vc_column width=&#8221;1\/2&#8243;][vc_column_text]<\/p>\n<h4>Cambiador autom\u00e1tico de paletas para piezas de trabajo<\/h4>\n<h4>USC-M38 | USC-M50<\/h4>\n<p>Los cambiadores de pal\u00e9s a\u00f1aden otra dimensi\u00f3n de flexibilidad a la planificaci\u00f3n de la producci\u00f3n. Los trabajos se pueden configurar mientras la m\u00e1quina est\u00e1 ejecutando otra parte. Los cambios de programaci\u00f3n o las necesidades de modificaci\u00f3n r\u00e1pida de herramientas se pueden manejar sin interrupciones que consumen mucho tiempo.<\/p>\n<ul>\n<li>Capacidad de peso pesado de hasta 25 toneladas de piezas de trabajo<\/li>\n<li>Ubicaci\u00f3n de alta precisi\u00f3n con confirmaci\u00f3n de asiento de palet<\/li>\n<li>Sistema de sujeci\u00f3n de muy alta rigidez para mecanizados pesados<\/li>\n<\/ul>\n<p>[\/vc_column_text][vc_btn title=&#8221;Aprende m\u00e1s&#8221; link=&#8221;url:https%3A%2F%2Funisig.com%2Fall-machines%2Fusc-m-milling-drilling-centers|&#8221;][\/vc_column][vc_column width=&#8221;1\/2&#8243;][vc_gallery type=&#8221;flexslider_slide&#8221; interval=&#8221;0&#8243; images=&#8221;10227,5829&#8243; img_size=&#8221;large&#8221; onclick=&#8221;&#8221;][\/vc_column][\/vc_row][vc_row][vc_column][vc_separator][\/vc_column][\/vc_row][vc_row][vc_column width=&#8221;1\/2&#8243; css=&#8221;.vc_custom_1632590730983{margin-top: 30px !important;margin-bottom: 30px !important;}&#8221;][vc_column_text]<\/p>\n<h5>Recursos adicionales de fabricaci\u00f3n de moldes<\/h5>\n<p>[\/vc_column_text][unisig_icon_content icon=&#8221;fas fa-video&#8221;]<a href=\"https:\/\/vimeo.com\/385342136\/cb67579fd2\" target=\"_blank\" rel=\"noopener noreferrer\">USC-2M|USC-3M Milling | Video<\/a>[\/unisig_icon_content][unisig_icon_content icon=&#8221;fas fa-video&#8221;]<a href=\"https:\/\/vimeo.com\/385352159\/33d52097b1\" target=\"_blank\" rel=\"noopener noreferrer\">USC-2M|USC-3M Machining | Video<\/a>[\/unisig_icon_content][unisig_icon_content icon=&#8221;fas fa-video&#8221;]<a href=\"\/\/vimeo.com\/143381515\/ec89e0c1af\" target=\"_blank\" rel=\"noopener noreferrer\">USC-M38|USC-M50 Machine Demonstration | Video<\/a>[\/unisig_icon_content][unisig_icon_content icon=&#8221;far fa-file-alt&#8221;]<a href=\"\/news-and-events\/technical-articles\/building-a-mold-fewer-setups\" target=\"_blank\" rel=\"noopener noreferrer\">Building a Mold with Fewer Setups | Article<\/a>[\/unisig_icon_content][unisig_icon_content icon=&#8221;fas fa-download&#8221;]<a href=\"https:\/\/unisig.com\/mold-industry-solutions\/\" target=\"_blank\" rel=\"noopener noreferrer\">Mold Industry Solutions Brochure | Download<\/a>[\/unisig_icon_content][\/vc_column][vc_column width=&#8221;1\/2&#8243;][vc_empty_space][vc_cta h2=&#8221;Env\u00ede su solicitud&#8221; h2_font_container=&#8221;color:%23005288&#8243; h2_google_fonts=&#8221;font_family:Open%20Sans%3A300%2C300italic%2Cregular%2Citalic%2C600%2C600italic%2C700%2C700italic%2C800%2C800italic|font_style:400%20regular%3A400%3Anormal&#8221; shape=&#8221;square&#8221; style=&#8221;custom&#8221; add_button=&#8221;bottom&#8221; btn_title=&#8221;Enviar solicitud&#8221; btn_shape=&#8221;square&#8221; css=&#8221;.vc_custom_1648139611531{border-top-width: 0px !important;border-right-width: 0px !important;border-bottom-width: 0px !important;border-left-width: 0px !important;}&#8221; use_custom_fonts_h2=&#8221;true&#8221; btn_add_icon=&#8221;true&#8221; custom_background=&#8221;#e3e3e3&#8243; custom_text=&#8221;#151515&#8243; btn_link=&#8221;url:https%3A%2F%2Funisig.com%2Fes%2Fcontacta-con-nosotros%2Fsolicite-una-cotizacion%2F|title:Solicite%20un%20presupuesto|&#8221;]Env\u00ede su solicitud para obtener una cotizaci\u00f3n de m\u00e1quinas de fabricaci\u00f3n de moldes.[\/vc_cta][\/vc_column][\/vc_row]<\/p>\n<\/div>","protected":false},"excerpt":{"rendered":"<p>[vc_row css=&#8221;.vc_custom_1747935989046{margin-top: 110px !important;background-position: center !important;background-repeat: no-repeat !important;background-size: cover !important;}&#8221;][vc_column][vc_column_text][\/vc_column_text][\/vc_column][\/vc_row][vc_row gap=&#8221;30&#8243;][vc_column width=&#8221;1\/2&#8243;][vc_column_text] Menos configuraciones. M\u00e1s productividad. Rendimiento inigualable de fresado y perforaci\u00f3n con pistola para fabricantes de moldes[\/vc_column_text][vc_btn title=&#8221;Contacta con nosotros&#8221; link=&#8221;url:https%3A%2F%2Funisig.com%2Fes%2Fcontacta-con-nosotros%2F|title:Contacta%20con%20nosotros|&#8221;][\/vc_column][vc_column width=&#8221;1\/2&#8243;][vc_empty_space][vc_column_text] La serie UUSIG USC-M cumple con los desaf\u00edos que enfrentan los fabricantes de moldes Presi\u00f3n constante para la reducci\u00f3n de costes y<a href=\"https:\/\/unisig.com\/es\/Industrias\/Moldes\/\" class=\"more-link\">Read More<\/a><\/p>\n","protected":false},"author":3,"featured_media":0,"parent":0,"menu_order":0,"comment_status":"closed","ping_status":"closed","template":"","meta":{"_acf_changed":false,"footnotes":""},"folder":[1199,1180],"class_list":["post-208351","page","type-page","status-publish","hentry"],"acf":[],"_links":{"self":[{"href":"https:\/\/unisig.com\/es\/wp-json\/wp\/v2\/pages\/208351","targetHints":{"allow":["GET"]}}],"collection":[{"href":"https:\/\/unisig.com\/es\/wp-json\/wp\/v2\/pages"}],"about":[{"href":"https:\/\/unisig.com\/es\/wp-json\/wp\/v2\/types\/page"}],"author":[{"embeddable":true,"href":"https:\/\/unisig.com\/es\/wp-json\/wp\/v2\/users\/3"}],"replies":[{"embeddable":true,"href":"https:\/\/unisig.com\/es\/wp-json\/wp\/v2\/comments?post=208351"}],"version-history":[{"count":0,"href":"https:\/\/unisig.com\/es\/wp-json\/wp\/v2\/pages\/208351\/revisions"}],"wp:attachment":[{"href":"https:\/\/unisig.com\/es\/wp-json\/wp\/v2\/media?parent=208351"}],"wp:term":[{"taxonomy":"folder","embeddable":true,"href":"https:\/\/unisig.com\/es\/wp-json\/wp\/v2\/folder?post=208351"}],"curies":[{"name":"wp","href":"https:\/\/api.w.org\/{rel}","templated":true}]}}