{"id":208361,"date":"2025-06-03T13:00:42","date_gmt":"2025-06-03T18:00:42","guid":{"rendered":"https:\/\/unisig.com\/aeroespacial\/"},"modified":"2025-06-23T09:11:24","modified_gmt":"2025-06-23T14:11:24","slug":"aeroespacial","status":"publish","type":"page","link":"https:\/\/unisig.com\/es\/Industrias\/Aeroespacial\/","title":{"rendered":"Aeroespacial"},"content":{"rendered":"<div class=\"wpb-content-wrapper\"><p>[vc_row][vc_column][vc_column_text css=&#8221;&#8221;]\n\t\t\t<!-- START Aerospace Industry 1 REVOLUTION SLIDER 6.7.25 --><p class=\"rs-p-wp-fix\"><\/p>\n\t\t\t<rs-module-wrap id=\"rev_slider_33_1_wrapper\" data-source=\"gallery\" style=\"visibility:hidden;background:transparent;padding:0;margin:0px auto;margin-top:0;margin-bottom:0;\">\n\t\t\t\t<rs-module id=\"rev_slider_33_1\" style=\"\" data-version=\"6.7.25\">\n\t\t\t\t\t<rs-slides style=\"overflow: hidden; position: absolute;\">\n\t\t\t\t\t\t<rs-slide style=\"position: absolute;\" data-key=\"rs-41\" data-title=\"Slide\" data-duration=\"9000\" data-anim=\"ms:600;\" data-in=\"o:0;\" data-out=\"a:false;\">\n\t\t\t\t\t\t\t<img decoding=\"async\" src=\"\/\/unisig.com\/wp-content\/plugins\/revslider\/sr6\/assets\/assets\/dummy.png\" alt=\"\" title=\"Aerospace Header Poster\" width=\"1920\" height=\"720\" class=\"rev-slidebg tp-rs-img rs-lazyload\" data-lazyload=\"https:\/\/unisig.com\/wp-content\/smush-webp\/2022\/08\/Aerospace-Header-Poster-1.jpg.webp\" data-no-retina>\n\t\t\t\t\t\t\t<rs-bgvideo \n\t\t\t\t\t\t\t\tdata-video=\"vc:none;w:100%;h:100%;nse:false;l:true;ptimer:false;\"\n\t\t\t\t\t\t\t\tdata-vimeoid=\"1053505193\"\n\t\t\t\t\t\t\t\tdata-vatr=\"background=1&amp;title=0&amp;byline=0&amp;portrait=0&amp;api=1&amp;dnt=1\"\n\t\t\t\t\t\t\t><\/rs-bgvideo>\n<!---->\t\t\t\t\t<\/rs-slide>\n\t\t\t\t\t<\/rs-slides>\n\t\t\t\t<\/rs-module>\n\t\t\t\t<script>\n\t\t\t\t\tsetREVStartSize({c: 'rev_slider_33_1',rl:[1240,1024,778,480],el:[600],gw:[1240],gh:[600],type:'standard',justify:'',layout:'fullwidth',mh:\"0\"});if (window.RS_MODULES!==undefined && window.RS_MODULES.modules!==undefined && window.RS_MODULES.modules[\"revslider331\"]!==undefined) {window.RS_MODULES.modules[\"revslider331\"].once = false;window.revapi33 = undefined;if (window.RS_MODULES.checkMinimal!==undefined) window.RS_MODULES.checkMinimal()}\n\t\t\t\t<\/script>\n\t\t\t<\/rs-module-wrap>\n\t\t\t<!-- END REVOLUTION SLIDER -->\n[\/vc_column_text][\/vc_column][\/vc_row][vc_row gap=&#8221;30&#8243;][vc_column width=&#8221;1\/2&#8243;][vc_column_text]<\/p>\n<h2>Taladrado y mecanizado de agujeros profundos para la industria aeroespacial<\/h2>\n<p>[\/vc_column_text][vc_column_text]UNISIG proporciona m\u00e1quinas perforadoras de pozos profundos para producir caracter\u00edsticas mecanizadas cr\u00edticas en la fabricaci\u00f3n de motores, transmisi\u00f3n de potencia, fuselaje y tren de aterrizaje. Muchos de estos componentes est\u00e1n hechos de materiales ex\u00f3ticos como el Inconel y el titanio. UNISIG construye m\u00e1quinas que est\u00e1n dise\u00f1adas para estas aplicaciones.  <\/p>\n<p>Los grandes fabricantes de equipos originales de la industria aeroespacial, as\u00ed como los talleres mec\u00e1nicos subcontratados, conf\u00edan en las m\u00e1quinas UNISIG para perforar componentes aeroespaciales.[\/vc_column_text][\/vc_column][vc_column width=&#8221;1\/2&#8243;][vc_empty_space][vc_column_text]Las m\u00e1quinas perforadoras de agujeros profundos se utilizan para crear orificios terminados con caracter\u00edsticas muy dif\u00edciles. Estos orificios superan las capacidades de los centros de mecanizado multitarea, incluso cuando se aplican herramientas de perforaci\u00f3n con pistola o de agujeros profundos. Las mismas m\u00e1quinas tambi\u00e9n se pueden utilizar para las primeras operaciones de desbaste con tasas de arranque de metal muy altas, o para establecer una l\u00ednea central de la pieza de trabajo con orificios muy rectos y muy profundos que se pueden utilizar como punto de partida para operaciones de fresado\/torneado o torneado de precisi\u00f3n.  <\/p>\n<p>Las m\u00e1quinas UNISIG se utilizan para el mecanizado interno avanzado mediante perforaci\u00f3n de botellas CNC est\u00e1 disponible en muchas de nuestras m\u00e1quinas para ampliar las capacidades m\u00e1s all\u00e1 de la norma.[\/vc_column_text][\/vc_column][\/vc_row][vc_row][vc_column css=&#8221;.vc_custom_1632590730983{margin-top: 30px !important;margin-bottom: 30px !important;}&#8221;][vc_separator][\/vc_column][\/vc_row][vc_row gap=&#8221;30&#8243; content_placement=&#8221;middle&#8221;][vc_column width=&#8221;1\/2&#8243;][vc_gallery type=&#8221;flexslider_slide&#8221; interval=&#8221;5&#8243; images=&#8221;203658,203661,203667,203672&#8243; img_size=&#8221;large&#8221; onclick=&#8221;&#8221; css=&#8221;&#8221;][\/vc_column][vc_column width=&#8221;1\/2&#8243;][vc_column_text]<\/p>\n<h4>Sistemas de herramientas para aplicaciones aeroespaciales de perforaci\u00f3n de pozos profundos<\/h4>\n<p><strong>Perforaci\u00f3n con pistola<\/strong> : suministro de refrigerante interno con retorno de viruta externo.<\/p>\n<p>Carburo s\u00f3lido, soldado e intercambiable<\/p>\n<p>Di\u00e1metros de 1 mm a 40 mm<\/p>\n<p><strong>Taladrado de agujeros profundos BTA<\/strong> : suministro de refrigerante externo con retorno de viruta interno<\/p>\n<p>Taladrado, avellanado, conformado de fondo, biselado, bru\u00f1ido, trepanado<\/p>\n<p>Di\u00e1metros de 20 mm a 500 mm[\/vc_column_text][\/vc_column][\/vc_row][vc_row][vc_column css=&#8221;.vc_custom_1632590730983{margin-top: 30px !important;margin-bottom: 30px !important;}&#8221;][vc_separator][\/vc_column][\/vc_row][vc_row gap=&#8221;30&#8243; content_placement=&#8221;middle&#8221; el_class=&#8221;row-reverse&#8221;][vc_column width=&#8221;1\/2&#8243;][vc_column_text]<\/p>\n<h4>Mandrinado de botellas para contorneado interno<\/h4>\n<p>Los ingenieros y dise\u00f1adores de productos de los fabricantes aeroespaciales siempre est\u00e1n buscando formas de reducir el peso y aumentar el rendimiento. Los contornos internos en el interior de los orificios son posibles utilizando el proceso de perforaci\u00f3n de botellas. Estas aplicaciones pueden ser desafiantes, pero UNISIG ha sistematizado el proceso utilizando las mismas capacidades CNC disponibles en el torneado CNC en el exterior de la pieza.[\/vc_column_text][unisig_icon_content icon=&#8221;fas fa-video&#8221;]<a href=\"https:\/\/vimeo.com\/234713858\/941c5184d4\" target=\"_blank\" rel=\"noopener noreferrer\">UNISIG Bottle Boring | Video<\/a>[\/unisig_icon_content][\/vc_column][vc_column width=&#8221;1\/2&#8243;][vc_gallery type=&#8221;flexslider_slide&#8221; interval=&#8221;5&#8243; images=&#8221;203677,203680,203700&#8243; img_size=&#8221;large&#8221; onclick=&#8221;&#8221; css=&#8221;&#8221;][\/vc_column][\/vc_row][vc_row][vc_column css=&#8221;.vc_custom_1632590730983{margin-top: 30px !important;margin-bottom: 30px !important;}&#8221;][vc_separator][\/vc_column][\/vc_row][vc_row gap=&#8221;30&#8243; content_placement=&#8221;middle&#8221;][vc_column width=&#8221;1\/2&#8243;][vc_gallery type=&#8221;flexslider_slide&#8221; interval=&#8221;5&#8243; images=&#8221;208921,208151,203697&#8243; img_size=&#8221;large&#8221; onclick=&#8221;&#8221; css=&#8221;&#8221;][\/vc_column][vc_column width=&#8221;1\/2&#8243;][vc_column_text]<\/p>\n<h4>Componentes de ejes aeroespaciales<\/h4>\n<p>Las m\u00e1quinas UNISIG son capaces de perforar agujeros m\u00e1s profundos que en una proporci\u00f3n de 100:1. La deriva de la l\u00ednea central se reduce dr\u00e1sticamente mediante el uso del proceso de contrarrotaci\u00f3n, que es est\u00e1ndar en la mayor\u00eda de las m\u00e1quinas de perforaci\u00f3n central UNISIG. <\/p>\n<p>El sistema de accionamiento r\u00edgido y precargado y los husillos de alta precisi\u00f3n sacan el m\u00e1ximo partido a las \u00faltimas herramientas de perforaci\u00f3n con pistola y BTA. Las m\u00e1quinas flexibles y f\u00e1ciles de usar se sienten como en casa en un taller aeroespacial o en fabricantes de equipos originales para la producci\u00f3n de ejes de rotor, turbinas, supresores de empuje, tensores y muchos otros componentes. <\/p>\n<ul>\n<li><a href=\"https:\/\/unisig.com\/product\/une32-2-2\/\">UNE32, UNE40 Taladros de ca\u00f1\u00f3n<\/a><\/li>\n<li><a href=\"https:\/\/unisig.com\/product\/uni-50bta\/\">UNI-50BTA Perforadora de pistola y perforadora BTA<\/a><\/li>\n<li><a href=\"https:\/\/unisig.com\/product\/b380\/\">Taladradora B380 BTA<\/a><\/li>\n<\/ul>\n<p>[\/vc_column_text][\/vc_column][\/vc_row][vc_row][vc_column css=&#8221;.vc_custom_1632590730983{margin-top: 30px !important;margin-bottom: 30px !important;}&#8221;][vc_separator][\/vc_column][\/vc_row][vc_row gap=&#8221;30&#8243; content_placement=&#8221;middle&#8221; el_class=&#8221;row-reverse&#8221;][vc_column width=&#8221;1\/2&#8243;][vc_column_text]<\/p>\n<h4>Componentes del tren de aterrizaje<\/h4>\n<p>Muchos componentes aeroespaciales comienzan con piezas forjadas con brazos largos extendidos o orejetas que deben fijarse e igualarse, y las m\u00e1quinas deben balancear estas piezas para usar la contrarrotaci\u00f3n o mantener la orientaci\u00f3n \u00f3ptima de la herramienta. Las m\u00e1quinas de la serie B de UNISIG se utilizan habitualmente para estas aplicaciones exigentes. <\/p>\n<p>Las m\u00e1quinas perforadoras de agujeros profundos UNISIG para tren de aterrizaje tienen cabezales de muy alta potencia con un enorme par de torsi\u00f3n del husillo, pero con los controladores de movimiento y CNC avanzados disponibles, estas m\u00e1quinas est\u00e1n refinadas y son capaces de las aplicaciones de mecanizado de agujeros profundos m\u00e1s dif\u00edciles.<\/p>\n<ul>\n<li><a href=\"https:\/\/unisig.com\/all-machines\/b-series-under-800-mm\">Columpio de 800 mm de la serie &lt;B (versiones de cama abatible de hasta 1600 mm)<\/a><\/li>\n<li><a href=\"https:\/\/unisig.com\/all-machines\/b-series-over-800-mm\">Columpio de 800 mm de la serie &gt;B (versiones de cama abatible de m\u00e1s de 2400 mm)<\/a><\/li>\n<\/ul>\n<p>[\/vc_column_text][\/vc_column][vc_column width=&#8221;1\/2&#8243;][vc_gallery type=&#8221;flexslider_slide&#8221; interval=&#8221;5&#8243; images=&#8221;203716,203757,203740,208753&#8243; img_size=&#8221;large&#8221; onclick=&#8221;&#8221; css=&#8221;&#8221;][\/vc_column][\/vc_row][vc_row][vc_column css=&#8221;.vc_custom_1632590730983{margin-top: 30px !important;margin-bottom: 30px !important;}&#8221;][vc_separator][\/vc_column][\/vc_row][vc_row gap=&#8221;30&#8243; content_placement=&#8221;middle&#8221;][vc_column width=&#8221;1\/2&#8243;][vc_gallery type=&#8221;flexslider_slide&#8221; interval=&#8221;5&#8243; images=&#8221;203732,208759,203744&#8243; img_size=&#8221;large&#8221; onclick=&#8221;&#8221; css=&#8221;&#8221;][\/vc_column][vc_column width=&#8221;1\/2&#8243;][vc_column_text]<\/p>\n<h4>Aplicaciones especiales<\/h4>\n<p>La perforaci\u00f3n con pistola es un proceso vers\u00e1til que se puede aplicar a aplicaciones especiales. Las bisagras, los pistones, los cuerpos de los cilindros y las boquillas se pueden producir con m\u00e1quinas perforadoras de pistola UNISIG est\u00e1ndar. UNISIG produce sujeci\u00f3n de piezas y automatizaci\u00f3n especializadas para satisfacer las necesidades de la producci\u00f3n aeroespacial especial de perforaci\u00f3n de pozos profundos.  <\/p>\n<ul>\n<li>Serie<br \/>\n <a href=\"https:\/\/unisig.com\/product\/une6\/\">UNE6<\/a>M\u00e1quinas perforadoras de pistola para orificios de &lt; 1 mm a 6 mm (0,04 pulgadas a 0,25 pulgadas) de di\u00e1metro<\/li>\n<li><a href=\"https:\/\/unisig.com\/all-machines\/une\/\">Serie<\/a><br \/>\n UNEM\u00e1quinas de husillo simple y doble para orificios de 3 a 40 mm (0,12 a 1,50 pulgadas) de di\u00e1metro<\/li>\n<li><a href=\"https:\/\/unisig.com\/all-machines\/usk\/\">Serie<\/a><br \/>\n USKTaladradoras de pistola CNC para taladrado descentrado<\/li>\n<\/ul>\n<p>[\/vc_column_text][\/vc_column][\/vc_row][vc_row][vc_column css=&#8221;.vc_custom_1632590730983{margin-top: 30px !important;margin-bottom: 30px !important;}&#8221;][vc_separator][\/vc_column][\/vc_row][vc_row gap=&#8221;30&#8243; content_placement=&#8221;middle&#8221; el_class=&#8221;row-reverse&#8221;][vc_column width=&#8221;1\/2&#8243;][vc_column_text]<\/p>\n<h4>Soporte de aplicaciones<\/h4>\n<p>UNISIG ha trabajado con clientes de todo el mundo para incorporar la perforaci\u00f3n con pistola, la perforaci\u00f3n de agujeros profundos y el mecanizado de agujeros profundos en sus competencias principales. Proporcionamos m\u00e1quinas que brindan a los usuarios una ventaja y la respaldamos con servicios de ingenier\u00eda y soporte de aplicaciones para la producci\u00f3n de componentes \u00fanicos.[\/vc_column_text][\/vc_column][vc_column width=&#8221;1\/2&#8243;][vc_single_image image=&#8221;203749&#8243; img_size=&#8221;large&#8221; css=&#8221;&#8221;][\/vc_column][\/vc_row][vc_row][vc_column css=&#8221;.vc_custom_1632590730983{margin-top: 30px !important;margin-bottom: 30px !important;}&#8221;][vc_separator][\/vc_column][\/vc_row][vc_row][vc_column width=&#8221;1\/2&#8243;][vc_column_text]<\/p>\n<h5>Recursos aeroespaciales adicionales<\/h5>\n<p>[\/vc_column_text][unisig_icon_content icon=&#8221;fas fa-video&#8221;]<a href=\"https:\/\/vimeo.com\/234713858\/941c5184d4\" target=\"_blank\" rel=\"noopener noreferrer\">UNISIG Bottle Boring | Video<\/a>[\/unisig_icon_content][unisig_icon_content icon=&#8221;fas fa-cogs&#8221;]<a href=\"https:\/\/unisig.com\/news-and-events\/case-studies\/aerospace-drilling-drop-bed\/\" target=\"_blank\" rel=\"noopener noreferrer\">Drilling Challenging Landing Gear Components | Case Study<\/a>[\/unisig_icon_content][\/vc_column][vc_column width=&#8221;1\/2&#8243;][vc_empty_space height=&#8221;14px&#8221;][vc_cta h2=&#8221;Env\u00ede su solicitud&#8221; h2_font_container=&#8221;color:%23005288&#8243; h2_google_fonts=&#8221;font_family:Open%20Sans%3A300%2C300italic%2Cregular%2Citalic%2C600%2C600italic%2C700%2C700italic%2C800%2C800italic|font_style:400%20regular%3A400%3Anormal&#8221; shape=&#8221;square&#8221; style=&#8221;custom&#8221; add_button=&#8221;bottom&#8221; btn_title=&#8221;Enviar solicitud&#8221; btn_shape=&#8221;square&#8221; css=&#8221;.vc_custom_1661708735997{border-top-width: 0px !important;border-right-width: 0px !important;border-bottom-width: 0px !important;border-left-width: 0px !important;}&#8221; use_custom_fonts_h2=&#8221;true&#8221; btn_add_icon=&#8221;true&#8221; custom_text=&#8221;#151515&#8243; custom_background=&#8221;#e3e3e3&#8243; btn_link=&#8221;url:https%3A%2F%2Funisig.com%2Fes%2Fcontacta-con-nosotros%2Fsolicite-una-cotizacion%2F|title:Solicite%20un%20presupuesto|&#8221;]Env\u00ede su solicitud para obtener un presupuesto de m\u00e1quinas perforadoras aeroespaciales.[\/vc_cta][\/vc_column][\/vc_row]<\/p>\n<\/div>","protected":false},"excerpt":{"rendered":"<p>[vc_row][vc_column][vc_column_text css=&#8221;&#8221;][\/vc_column_text][\/vc_column][\/vc_row][vc_row gap=&#8221;30&#8243;][vc_column width=&#8221;1\/2&#8243;][vc_column_text] Taladrado y mecanizado de agujeros profundos para la industria aeroespacial [\/vc_column_text][vc_column_text]UNISIG proporciona m\u00e1quinas perforadoras de pozos profundos para producir caracter\u00edsticas mecanizadas cr\u00edticas en la fabricaci\u00f3n de motores, transmisi\u00f3n de potencia, fuselaje y tren de aterrizaje. Muchos de estos componentes est\u00e1n hechos de materiales ex\u00f3ticos como el Inconel y el titanio. UNISIG<a href=\"https:\/\/unisig.com\/es\/Industrias\/Aeroespacial\/\" class=\"more-link\">Read More<\/a><\/p>\n","protected":false},"author":3,"featured_media":0,"parent":0,"menu_order":0,"comment_status":"closed","ping_status":"closed","template":"","meta":{"_acf_changed":false,"footnotes":""},"folder":[1199,1180],"class_list":["post-208361","page","type-page","status-publish","hentry"],"acf":[],"_links":{"self":[{"href":"https:\/\/unisig.com\/es\/wp-json\/wp\/v2\/pages\/208361","targetHints":{"allow":["GET"]}}],"collection":[{"href":"https:\/\/unisig.com\/es\/wp-json\/wp\/v2\/pages"}],"about":[{"href":"https:\/\/unisig.com\/es\/wp-json\/wp\/v2\/types\/page"}],"author":[{"embeddable":true,"href":"https:\/\/unisig.com\/es\/wp-json\/wp\/v2\/users\/3"}],"replies":[{"embeddable":true,"href":"https:\/\/unisig.com\/es\/wp-json\/wp\/v2\/comments?post=208361"}],"version-history":[{"count":0,"href":"https:\/\/unisig.com\/es\/wp-json\/wp\/v2\/pages\/208361\/revisions"}],"wp:attachment":[{"href":"https:\/\/unisig.com\/es\/wp-json\/wp\/v2\/media?parent=208361"}],"wp:term":[{"taxonomy":"folder","embeddable":true,"href":"https:\/\/unisig.com\/es\/wp-json\/wp\/v2\/folder?post=208361"}],"curies":[{"name":"wp","href":"https:\/\/api.w.org\/{rel}","templated":true}]}}