{"id":208371,"date":"2025-06-03T13:00:44","date_gmt":"2025-06-03T18:00:44","guid":{"rendered":"https:\/\/unisig.com\/emts-2022\/"},"modified":"2025-06-03T13:00:49","modified_gmt":"2025-06-03T18:00:49","slug":"emts-2022","status":"publish","type":"page","link":"https:\/\/unisig.com\/es\/emts-2022\/","title":{"rendered":"EMTS 2022"},"content":{"rendered":"<div class=\"wpb-content-wrapper\"><p>[vc_row full_width=&#8221;stretch_row_content_no_spaces&#8221; css=&#8221;.vc_custom_1661364804010{margin-top: 115px !important;background: #005288 url(https:\/\/unisig.com\/wp-content\/uploads\/2022\/08\/IMTS_back-dark-1.jpg?id=204010) !important;background-position: center !important;background-repeat: no-repeat !important;background-size: cover !important;}&#8221; el_class=&#8221;imts-splash&#8221;][vc_column][vc_column_text]<\/p>\n<h1 style=\"text-align: center; color: #ffffff; text-shadow: 0px 0px 10px black;\"><strong>Perforaci\u00f3n con pistola<\/strong> M\u00e1quinas y <strong>automatizaci\u00f3n<\/strong><\/h1>\n<p>[\/vc_column_text][\/vc_column][\/vc_row][vc_row][vc_column][vc_column_text]<\/p>\n<p style=\"text-align: center; font-size: 125%; line-height: 150%;\">Ya sea que se encuentre en las industrias m\u00e9dica, de fabricaci\u00f3n de moldes, automotriz o aeroespacial, le mostramos las tecnolog\u00edas UNISIG que le permitir\u00e1n generar orificios profundos extremadamente desafiantes con una precisi\u00f3n sobresaliente junto con el rendimiento de producci\u00f3n y la confiabilidad del proceso de automatizaci\u00f3n completa.<\/p>\n<p style=\"text-align: center; font-size: 175%; line-height: 150%;\"><strong>Gracias por visitar UNISIG en IMTS 2022.<\/strong><\/p>\n<p>[\/vc_column_text][\/vc_column][\/vc_row][vc_row][vc_column][vc_separator][vc_row_inner][vc_column_inner width=&#8221;1\/2&#8243;][vc_column_text]<\/p>\n<h2>Simplificamos los procesos complejos<\/h2>\n<p>La perforaci\u00f3n con pistola, piezas de trabajo extremadamente precisas para la industria m\u00e9dica, es dif\u00edcil sin las m\u00e1quinas, herramientas y procesos adecuados. Las m\u00e1quinas de la serie UNISIG UNE6 lo hacen posible y fiable. <\/p>\n<p>En IMTS, destacamos la producci\u00f3n m\u00e9dica en la UNE6-2i que contaba con dos husillos independientes de alta velocidad para la producci\u00f3n de longitudes m\u00e1ximas de piezas de 10&#8243; o 30&#8243; y automatizaci\u00f3n integrada disponible a bordo. La alta precisi\u00f3n de la m\u00e1quina le permite perforar en extremo, soportando di\u00e1metros de orificio de 0,03 a 0,25&#8243; (0,8 mm-6 mm) y relaciones de profundidad a di\u00e1metro de 20:1 a m\u00e1s de 100:1 en piezas de trabajo de hasta 11 lb (5 kg). Con una velocidad total de perforaci\u00f3n de 28.000 rpm y un sistema de refrigeraci\u00f3n basado en flujo de 3.000 psi (207 bar), la UNE6-2i combina un control de proceso excepcional con una interfaz de control inteligente e intuitiva.[\/vc_column_text][vc_btn title=&#8221;Ver la UNISIG UNE6-2i&#8221; link=&#8221;url:https%3A%2F%2Fdirectory.imts.com%2F8_0%2Fexhibitor%2F00003327%2FUNISIG-Deep-Hole-Drilling-Systems|title:UNISIG%20UNE6-2i|target:%20_blank|&#8221; css=&#8221;.vc_custom_1660847500767{background-color: #005288 !important;}&#8221;][\/vc_column_inner][vc_column_inner width=&#8221;1\/2&#8243;][vc_single_image image=&#8221;203177&#8243; img_size=&#8221;full&#8221;][\/vc_column_inner][\/vc_row_inner][vc_separator][vc_row_inner][vc_column_inner][vc_column_text]<\/p>\n<h4>Soluciones de automatizaci\u00f3n para todas las industrias que satisfacen sus necesidades \u00fanicas<\/h4>\n<p>Adem\u00e1s de la fabricaci\u00f3n m\u00e9dica, los ingenieros de aplicaciones y el personal t\u00e9cnico de UNISIG estuvieron disponibles para discutir soluciones integrales de automatizaci\u00f3n y m\u00e1quinas herramienta para clientes en las industrias aeroespacial, automotriz, energ\u00e9tica, de armas de fuego, hidr\u00e1ulica, defensa, petr\u00f3leo y gas y fabricaci\u00f3n de moldes.[\/vc_column_text][\/vc_column_inner][\/vc_row_inner][vc_row_inner el_class=&#8221;imts-industry-list&#8221;][vc_column_inner width=&#8221;1\/4&#8243;][vc_single_image image=&#8221;203945&#8243; img_size=&#8221;medium&#8221;][vc_column_text]<\/p>\n<h4>Aeroespacial<\/h4>\n<p>UNISIG proporciona m\u00e1quinas perforadoras de agujeros profundos para producir componentes cr\u00edticos en la fabricaci\u00f3n de motores, transmisi\u00f3n de potencia, fuselaje y tren de aterrizaje[\/vc_column_text][vc_btn title=&#8221;Aprende m\u00e1s&#8221; link=&#8221;url:https%3A%2F%2Funisig.com%2Fes%2Faerospace-2%2F|title:Aeroespacial|&#8221;][\/vc_column_inner][vc_column_inner width=&#8221;1\/4&#8243;][vc_single_image image=&#8221;203948&#8243; img_size=&#8221;medium&#8221;][vc_column_text]<\/p>\n<h4>Automotor<\/h4>\n<p>Las m\u00e1quinas perforadoras de agujeros profundos de alto volumen son utilizadas por los fabricantes de autom\u00f3viles l\u00edderes en la industria para satisfacer las demandas de producci\u00f3n y precisi\u00f3n.[\/vc_column_text][vc_btn title=&#8221;Aprende m\u00e1s&#8221; link=&#8221;url:https%3A%2F%2Funisig.com%2Fes%2Fautomotive-2%2F|title:Aeroespacial|&#8221;][\/vc_column_inner][vc_column_inner width=&#8221;1\/4&#8243;][vc_single_image image=&#8221;1745&#8243; img_size=&#8221;medium&#8221;][vc_column_text]<\/p>\n<h4>Energ\u00eda<\/h4>\n<p>Los componentes energ\u00e9ticos, como las placas de tubos de intercambiadores de calor y los grandes ejes de las turbinas, se perforan en las m\u00e1quinas perforadoras de agujeros profundos de UNISIG, lo que satisface las demandas de precisi\u00f3n y eficiencia.[\/vc_column_text][vc_btn title=&#8221;Aprende m\u00e1s&#8221; link=&#8221;url:https%3A%2F%2Funisig.com%2Fes%2Femts-2022%2Fenergy-2%2F|title:Aeroespacial|&#8221;][\/vc_column_inner][vc_column_inner width=&#8221;1\/4&#8243;][vc_single_image image=&#8221;203969&#8243; img_size=&#8221;medium&#8221;][vc_column_text]<\/p>\n<h4>Armas<\/h4>\n<p>UNISIG ofrece m\u00e1quinas individuales de perforaci\u00f3n, escariado y estriado que se utilizan para fabricar ca\u00f1ones de rifles y pistolas de una precisi\u00f3n insuperable, con la fiabilidad que se espera de la tecnolog\u00eda de fabricaci\u00f3n moderna.[\/vc_column_text][vc_btn title=&#8221;Aprende m\u00e1s&#8221; link=&#8221;url:https%3A%2F%2Funisig.com%2Fes%2Ffirearms-2%2F|title:Aeroespacial|&#8221;][\/vc_column_inner][\/vc_row_inner][vc_row_inner el_class=&#8221;imts-industry-list&#8221;][vc_column_inner width=&#8221;1\/4&#8243;][vc_single_image image=&#8221;203972&#8243; img_size=&#8221;medium&#8221;][vc_column_text]<\/p>\n<h4>Hidr\u00e1ulica<\/h4>\n<p>La l\u00ednea de m\u00e1quinas biseladoras de UNISIG ha sido desarrollada para satisfacer las necesidades de los fabricantes de cilindros hidr\u00e1ulicos.[\/vc_column_text][vc_btn title=&#8221;Aprende m\u00e1s&#8221; link=&#8221;url:https%3A%2F%2Funisig.com%2Findustries%2Fhydraulic-cylinders%2F|title:Aeroespacial|&#8221;][\/vc_column_inner][vc_column_inner width=&#8221;1\/4&#8243;][vc_single_image image=&#8221;1746&#8243; img_size=&#8221;medium&#8221;][vc_column_text]<\/p>\n<h4>Defensa<\/h4>\n<p>Desde armamentos de precisi\u00f3n m\u00e1s peque\u00f1os hasta componentes de ca\u00f1ones de alta resistencia, las m\u00e1quinas perforadoras de agujeros profundos UNISIG pueden cumplir con los altos est\u00e1ndares de precisi\u00f3n exigidos para la industria de defensa.[\/vc_column_text][vc_btn title=&#8221;Aprende m\u00e1s&#8221; link=&#8221;url:https%3A%2F%2Funisig.com%2Findustries%2Fmilitary-and-defense%2F|title:Aeroespacial|&#8221;][\/vc_column_inner][vc_column_inner width=&#8221;1\/4&#8243;][vc_single_image image=&#8221;1749&#8243; img_size=&#8221;medium&#8221;][vc_column_text]<\/p>\n<h4>Petr\u00f3leo y gas<\/h4>\n<p>Las m\u00e1quinas perforadoras de pozos profundos UNISIG tienen experiencia en cumplir con las tolerancias exigentes y las relaciones extremas de profundidad a di\u00e1metro requeridas para los equipos de campos petroleros.[\/vc_column_text][vc_btn title=&#8221;Aprende m\u00e1s&#8221; link=&#8221;url:https%3A%2F%2Funisig.com%2Findustries%2Foil-and-gas%2F|title:Aeroespacial|&#8221;][\/vc_column_inner][vc_column_inner width=&#8221;1\/4&#8243;][vc_single_image image=&#8221;203028&#8243; img_size=&#8221;medium&#8221;][vc_column_text]<\/p>\n<h4>Fabricaci\u00f3n de moldes<\/h4>\n<p>Rendimiento inigualable de fresado y perforaci\u00f3n con pistola para fabricantes de moldes para menos configuraciones y mayor productividad.[\/vc_column_text][vc_btn title=&#8221;Aprende m\u00e1s&#8221; link=&#8221;url:https%3A%2F%2Funisig.com%2Fes%2Femts-2022%2Fmolds-2%2F|title:Aeroespacial|&#8221;][\/vc_column_inner][\/vc_row_inner][\/vc_column][\/vc_row]<\/p>\n<\/div>","protected":false},"excerpt":{"rendered":"<p>[vc_row full_width=&#8221;stretch_row_content_no_spaces&#8221; css=&#8221;.vc_custom_1661364804010{margin-top: 115px !important;background: #005288 url(https:\/\/unisig.com\/wp-content\/uploads\/2022\/08\/IMTS_back-dark-1.jpg?id=204010) !important;background-position: center !important;background-repeat: no-repeat !important;background-size: cover !important;}&#8221; el_class=&#8221;imts-splash&#8221;][vc_column][vc_column_text] Perforaci\u00f3n con pistola M\u00e1quinas y automatizaci\u00f3n [\/vc_column_text][\/vc_column][\/vc_row][vc_row][vc_column][vc_column_text] Ya sea que se encuentre en las industrias m\u00e9dica, de fabricaci\u00f3n de moldes, automotriz o aeroespacial, le mostramos las tecnolog\u00edas UNISIG que le permitir\u00e1n generar orificios profundos extremadamente desafiantes con una precisi\u00f3n sobresaliente<a href=\"https:\/\/unisig.com\/es\/emts-2022\/\" class=\"more-link\">Read More<\/a><\/p>\n","protected":false},"author":22,"featured_media":203133,"parent":0,"menu_order":0,"comment_status":"closed","ping_status":"closed","template":"page-templates\/template-5.php","meta":{"_acf_changed":false,"footnotes":""},"folder":[],"class_list":["post-208371","page","type-page","status-publish","has-post-thumbnail","hentry"],"acf":[],"_links":{"self":[{"href":"https:\/\/unisig.com\/es\/wp-json\/wp\/v2\/pages\/208371","targetHints":{"allow":["GET"]}}],"collection":[{"href":"https:\/\/unisig.com\/es\/wp-json\/wp\/v2\/pages"}],"about":[{"href":"https:\/\/unisig.com\/es\/wp-json\/wp\/v2\/types\/page"}],"author":[{"embeddable":true,"href":"https:\/\/unisig.com\/es\/wp-json\/wp\/v2\/users\/22"}],"replies":[{"embeddable":true,"href":"https:\/\/unisig.com\/es\/wp-json\/wp\/v2\/comments?post=208371"}],"version-history":[{"count":0,"href":"https:\/\/unisig.com\/es\/wp-json\/wp\/v2\/pages\/208371\/revisions"}],"wp:featuredmedia":[{"embeddable":true,"href":"https:\/\/unisig.com\/es\/wp-json\/wp\/v2\/media\/203133"}],"wp:attachment":[{"href":"https:\/\/unisig.com\/es\/wp-json\/wp\/v2\/media?parent=208371"}],"wp:term":[{"taxonomy":"folder","embeddable":true,"href":"https:\/\/unisig.com\/es\/wp-json\/wp\/v2\/folder?post=208371"}],"curies":[{"name":"wp","href":"https:\/\/api.w.org\/{rel}","templated":true}]}}