{"id":208390,"date":"2025-06-03T13:00:57","date_gmt":"2025-06-03T18:00:57","guid":{"rendered":"https:\/\/unisig.com\/vida-en-wisconsin\/"},"modified":"2025-06-03T13:01:08","modified_gmt":"2025-06-03T18:01:08","slug":"vida-en-wisconsin","status":"publish","type":"page","link":"https:\/\/unisig.com\/es\/Wisconsin-Vida","title":{"rendered":"Vida en Wisconsin"},"content":{"rendered":"<div class=\"wpb-content-wrapper\"><p>[vc_row css=&#8221;.vc_custom_1694452705057{margin-top: 125px !important;}&#8221;][vc_column]<div class=\"avt_masterslider_el \" >\n\t\t<!-- MasterSlider -->\n\t\t<div id=\"P_MS69e69bcc1c5c1\" class=\"master-slider-parent ms-parent-id-50\" style=\"\" >\n\n\t\t\t\n\t\t\t<!-- MasterSlider Main -->\n\t\t\t<div id=\"MS69e69bcc1c5c1\" class=\"master-slider ms-skin-black-2 round-skin\" >\n\t\t\t\t \t\t\t\t \n\n\t\t\t<div  class=\"ms-slide\" data-delay=\"3\" data-fill-mode=\"fill\"   >\n\t\t\t\t\t<img decoding=\"async\" src=\"https:\/\/unisig.com\/wp-content\/plugins\/masterslider\/public\/assets\/css\/blank.gif\" alt=\"\" title=\"SliderA\" data-src=\"https:\/\/unisig.com\/wp-content\/smush-webp\/2023\/09\/SliderA.jpg.webp\" \/>\n\n\n\t\t\t\t<\/div>\n\t\t\t<div  class=\"ms-slide\" data-delay=\"3\" data-fill-mode=\"fill\"   >\n\t\t\t\t\t<img decoding=\"async\" src=\"https:\/\/unisig.com\/wp-content\/plugins\/masterslider\/public\/assets\/css\/blank.gif\" alt=\"\" title=\"SliderB\" data-src=\"https:\/\/unisig.com\/wp-content\/smush-webp\/2023\/09\/SliderB.jpg.webp\" \/>\n\n\n\t\t\t\t<\/div>\n\t\t\t<div  class=\"ms-slide\" data-delay=\"3\" data-fill-mode=\"fill\"   >\n\t\t\t\t\t<img decoding=\"async\" src=\"https:\/\/unisig.com\/wp-content\/plugins\/masterslider\/public\/assets\/css\/blank.gif\" alt=\"\" title=\"SliderD\" data-src=\"https:\/\/unisig.com\/wp-content\/smush-webp\/2023\/09\/SliderD.jpg.webp\" \/>\n\n\n\t\t\t\t<\/div>\n\t\t\t<div  class=\"ms-slide\" data-delay=\"3\" data-fill-mode=\"fill\"   >\n\t\t\t\t\t<img decoding=\"async\" src=\"https:\/\/unisig.com\/wp-content\/plugins\/masterslider\/public\/assets\/css\/blank.gif\" alt=\"\" title=\"SliderE\" data-src=\"https:\/\/unisig.com\/wp-content\/smush-webp\/2023\/09\/SliderE.jpg.webp\" \/>\n\n\n\t\t\t\t<\/div>\n\t\t\t<div  class=\"ms-slide\" data-delay=\"3\" data-fill-mode=\"fill\"   >\n\t\t\t\t\t<img decoding=\"async\" src=\"https:\/\/unisig.com\/wp-content\/plugins\/masterslider\/public\/assets\/css\/blank.gif\" alt=\"\" title=\"SlliderC\" data-src=\"https:\/\/unisig.com\/wp-content\/smush-webp\/2023\/09\/SlliderC.jpg.webp\" \/>\n\n\n\t\t\t\t<\/div>\n\n\t\t\t<\/div>\n\t\t\t<!-- END MasterSlider Main -->\n\n\t\t\t \n\t\t<\/div>\n\t\t<!-- END MasterSlider -->\n\n\t\t<script>\n\t\t( window.MSReady = window.MSReady || [] ).push( function( $ ) {\n\n\t\t\t\"use strict\";\n\t\t\tvar masterslider_c5c1 = new MasterSlider();\n\n\t\t\t\/\/ slider controls\n\t\t\tmasterslider_c5c1.control('arrows'     ,{ autohide:true, overVideo:true  });\n\t\t\t\/\/ slider setup\n\t\t\tmasterslider_c5c1.setup(\"MS69e69bcc1c5c1\", {\n\t\t\t\twidth           : 1600,\n\t\t\t\theight          : 400,\n\t\t\t\tminHeight       : 0,\n\t\t\t\tspace           : 5,\n\t\t\t\tstart           : 1,\n\t\t\t\tgrabCursor      : true,\n\t\t\t\tswipe           : true,\n\t\t\t\tmouse           : true,\n\t\t\t\tkeyboard        : false,\n\t\t\t\tlayout          : \"fullwidth\",\n\t\t\t\twheel           : false,\n\t\t\t\tautoplay        : true,\n                instantStartLayers:false,\n\t\t\t\tmobileBGVideo:false,\n\t\t\t\tloop            : false,\n\t\t\t\tshuffle         : false,\n\t\t\t\tpreload         : 0,\n\t\t\t\theightLimit     : true,\n\t\t\t\tautoHeight      : false,\n\t\t\t\tsmoothHeight    : true,\n\t\t\t\tendPause        : false,\n\t\t\t\toverPause       : true,\n\t\t\t\tfillMode        : \"fill\",\n\t\t\t\tcenterControls  : true,\n\t\t\t\tstartOnAppear   : false,\n\t\t\t\tlayersMode      : \"center\",\n\t\t\t\tautofillTarget  : \"\",\n\t\t\t\thideLayers      : false,\n\t\t\t\tfullscreenMargin: 0,\n\t\t\t\tspeed           : 20,\n\t\t\t\tdir             : \"h\",\n\t\t\t\tresponsive      : true,\n\t\t\t\ttabletWidth     : 768,\n\t\t\t\ttabletHeight    : null,\n\t\t\t\tphoneWidth      : 480,\n\t\t\t\tphoneHeight    : null,\n\t\t\t\tsizingReference : window,\n\t\t\t\tparallaxMode    : 'swipe',\n\t\t\t\tview            : \"fadeBasic\"\n\t\t\t});\n\n\t\t\t\n\t\t\twindow.masterslider_instances = window.masterslider_instances || [];\n\t\t\twindow.masterslider_instances.push( masterslider_c5c1 );\n\t\t});\n\t\t<\/script>\n\n<\/div>[\/vc_column][\/vc_row][vc_row gap=&#8221;30&#8243;][vc_column width=&#8221;1\/2&#8243;][vc_column_text]<\/p>\n<h4>Un gran lugar para llamar hogar<\/h4>\n<p>UNISIG est\u00e1 ubicado en la esquina sureste de la hermosa Wisconsin. Estamos a solo unas millas de todos los deportes, la vida nocturna y la actividad cultural que Milwaukee tiene para ofrecer, y a poca distancia en auto de docenas de lagos, bosques, parques estatales y aventuras al aire libre. Wisconsin presenta cuatro estaciones dram\u00e1ticas, y cada una tiene su propio encanto. Disfrute del senderismo a trav\u00e9s de nevadas silenciosas o chapoteando en los lagos frescos y claros, y no olvide el aire fresco y fresco de las caminatas de oto\u00f1o.[\/vc_column_text][\/vc_column][vc_column width=&#8221;1\/2&#8243;][vc_column_text]<\/p>\n<h4>Algo para todos los gustos<\/h4>\n<p>Ya sea que le guste la m\u00fasica y los festivales o las motos de nieve y los paseos en bote, Wisconsin tiene algo para que disfrute. Nos enorgullecemos de nuestros sistemas escolares y de nuestros colegios y universidades reconocidos a nivel nacional. Desde peque\u00f1os pueblos hasta grandes ciudades, est\u00e1s destinado a encontrar algo que te guste. UNISIG se encuentra a 30 minutos de un aeropuerto internacional, a dos horas de Chicago y rodeado de comunidades vibrantes con restaurantes y tiendas en abundancia.[\/vc_column_text][\/vc_column][\/vc_row][vc_row][vc_column css=&#8221;.vc_custom_1632590730983{margin-top: 30px !important;margin-bottom: 30px !important;}&#8221;][vc_column_text]<\/p>\n<p style=\"text-align: center;\"><em>Todas las fotos de esta p\u00e1gina provienen de nuestros empleados, que quer\u00edan mostrar lo que m\u00e1s les gusta de la vida en Wisconsin<\/em><\/p>\n<p>[\/vc_column_text][\/vc_column][\/vc_row][vc_row][vc_column css=&#8221;.vc_custom_1632590730983{margin-top: 30px !important;margin-bottom: 30px !important;}&#8221;][vc_separator][\/vc_column][\/vc_row][vc_row gap=&#8221;30&#8243; content_placement=&#8221;middle&#8221;][vc_column width=&#8221;1\/2&#8243;][vc_gallery interval=&#8221;3&#8243; images=&#8221;205715,205856,205721,205724,205727,205730,205859,205733&#8243; img_size=&#8221;full&#8221; title=&#8221;Estaciones&#8221;][\/vc_column][vc_column width=&#8221;1\/2&#8243;][vc_column_text]<\/p>\n<h4>Las hermosas estaciones de Wisconsin<\/h4>\n<p>Cada estaci\u00f3n tiene su propio car\u00e1cter y variedad de actividades para los habitantes de Wisconsin. La belleza inolvidable del invierno es el escenario ideal para el esqu\u00ed, las motos de nieve, la pesca en hielo y los trineos. Pronto es primavera, y los numerosos lagos de Wisconsin se abren a medida que comienza la temporada de navegaci\u00f3n, navegaci\u00f3n y pesca. El verano est\u00e1 repleto de aventuras al aire libre, adem\u00e1s de ferias del condado y otros festivales para visitar en todo el estado. A medida que nos refrescamos en oto\u00f1o, es un buen momento para hacer senderismo o acampar, visitar una granja de calabazas o disfrutar de una fogata, y llega la temporada de caza.    <\/p>\n<p>Los entusiastas del automovilismo tienen muchas maneras de disfrutar cada temporada con opciones que incluyen todoterreno en ATV o UTV, motos de nieve, motocicletas y motos de cross, paseos en bote y motos acu\u00e1ticas, y tracci\u00f3n de camiones y tractores. Otras excelentes opciones incluyen carreras de autos y bicicletas en Road America, Milwaukee Mile y pistas locales como el Slinger Speedway.[\/vc_column_text][\/vc_column][\/vc_row][vc_row][vc_column css=&#8221;.vc_custom_1632590730983{margin-top: 30px !important;margin-bottom: 30px !important;}&#8221;][vc_separator][\/vc_column][\/vc_row][vc_row gap=&#8221;30&#8243; content_placement=&#8221;middle&#8221; el_class=&#8221;row-reverse&#8221;][vc_column width=&#8221;1\/2&#8243;][vc_column_text]<\/p>\n<h4>Si te gusta el aire libre, aqu\u00ed te encantar\u00e1<\/h4>\n<p>Rico en belleza natural y caracter\u00edsticas como r\u00edos, lagos y bosques, Wisconsin es un para\u00edso para los deportistas. Si lo tuyo es el senderismo o las raquetas de nieve, hay parques y senderos en todo el estado para que explores. \u00bfTe gusta cazar y pescar? Definitivamente has venido al lugar correcto. Y si siente la necesidad de velocidad, Wisconsin tiene millas y millas de senderos para uso de veh\u00edculos todo terreno y motos de nieve, carreras de motos de cross y pistas de carreras de resistencia.    <\/p>\n<p>Cada temporada ofrece nuevas razones para visitar los incre\u00edbles lagos y r\u00edos de Wisconsin, las carreteras pintorescas que atraviesan el estado, los lugares remotos para caminar, pescar o cazar, y mucho m\u00e1s. Desde la parte norte del estado, densamente boscosa, hasta las colinas y valles del suroeste sin deriva, hasta las orillas del lago Michigan, te esperan aventuras.[\/vc_column_text][\/vc_column][vc_column width=&#8221;1\/2&#8243;][vc_gallery interval=&#8221;3&#8243; images=&#8221;205742,205745,205748,205863,205754,205739&#8243; img_size=&#8221;full&#8221; title=&#8221;Al aire libre&#8221;][\/vc_column][\/vc_row][vc_row][vc_column css=&#8221;.vc_custom_1632590730983{margin-top: 30px !important;margin-bottom: 30px !important;}&#8221;][vc_separator][\/vc_column][\/vc_row][vc_row gap=&#8221;30&#8243; content_placement=&#8221;middle&#8221;][vc_column width=&#8221;1\/2&#8243;][vc_gallery interval=&#8221;3&#8243; images=&#8221;205866,205760,205763,205766,205769&#8243; img_size=&#8221;full&#8221; title=&#8221;Ciudad y vida nocturna&#8221;][\/vc_column][vc_column width=&#8221;1\/2&#8243;][vc_column_text]<\/p>\n<h4>Vida nocturna y luces de la ciudad<\/h4>\n<p>El encanto de Wisconsin no termina donde comienzan las aceras. Los fan\u00e1ticos de los deportes encuentran mucho que celebrar en Milwaukee y Green Bay, y la escena musical aqu\u00ed es incre\u00edble. El mundialmente famoso Summerfest de Milwaukee atrae a los mejores artistas de casi todos los g\u00e9neros musicales, y la gente viaja de todo el pa\u00eds para disfrutar de este festival que estar\u00eda a poca distancia en autom\u00f3vil de su vecindario.  <\/p>\n<p>En todas las ciudades se pueden encontrar restaurantes que ofrecen delicias culturales o versiones locales de los platos favoritos de todos. Los mecenas de las artes disfrutar\u00e1n de la Orquesta Sinf\u00f3nica de Milwaukee, el Museo de Arte de Milwaukee, el Teatro de Repertorio de Milwaukee y organizaciones m\u00e1s peque\u00f1as en las comunidades vecinas.[\/vc_column_text][\/vc_column][\/vc_row][vc_row][vc_column css=&#8221;.vc_custom_1632590730983{margin-top: 30px !important;margin-bottom: 30px !important;}&#8221;][vc_separator][\/vc_column][\/vc_row][vc_row gap=&#8221;30&#8243; content_placement=&#8221;middle&#8221; el_class=&#8221;row-reverse&#8221;][vc_column width=&#8221;1\/2&#8243;][vc_column_text]<\/p>\n<h4>Tu nuevo vecindario<\/h4>\n<p>UNISIG se encuentra en el pueblo de Menomonee Falls, que se incorpor\u00f3 en 1892 y es el hogar de m\u00e1s de 38.000 personas. \u201cThe Falls\u201d cuenta con m\u00faltiples fabricantes de tama\u00f1o mediano y parques empresariales, una amplia gama de opciones de tiendas y restaurantes, numerosos parques y senderos, hermosos campos de golf, un distrito escolar p\u00fablico K-12 clasificado en el puesto 25 en el estado y varias escuelas parroquiales y privadas. <\/p>\n<p>Las comunidades vecinas como Milwaukee, Sussex, Germantown, Wauwatosa y Brookfield tambi\u00e9n son excelentes opciones para establecer su residencia. Y todos estos est\u00e1n a menos de 30 minutos del Aeropuerto Internacional Mitchell, a dos horas de Chicago o de Green Bay, y a cuatro horas de Minneapolis.[\/vc_column_text][\/vc_column][vc_column width=&#8221;1\/2&#8243;][vc_gallery interval=&#8221;3&#8243; images=&#8221;205775,205778,205781,205784,205787,205772&#8243; img_size=&#8221;full&#8221; title=&#8221;Vecindario&#8221;][\/vc_column][\/vc_row][vc_row][vc_column css=&#8221;.vc_custom_1632590730983{margin-top: 30px !important;margin-bottom: 30px !important;}&#8221;][vc_separator][\/vc_column][\/vc_row][vc_row gap=&#8221;30&#8243; content_placement=&#8221;middle&#8221;][vc_column width=&#8221;1\/2&#8243;][vc_gallery interval=&#8221;3&#8243; images=&#8221;205793,205796,205799,205872,205869,205790&#8243; img_size=&#8221;full&#8221; title=&#8221;Bien clasificado&#8221;][\/vc_column][vc_column width=&#8221;1\/2&#8243;][vc_column_text]<\/p>\n<h4>Estado bien clasificado a nivel nacional<\/h4>\n<p>US News &amp; World Report enumera a Wisconsin como # 8 en la clasificaci\u00f3n general de los mejores lugares para vivir. El informe otorga al Estado del Tej\u00f3n excelentes puntajes en educaci\u00f3n, estabilidad fiscal, atenci\u00f3n m\u00e9dica y oportunidades en general. Agregue el \u00edndice de costo de vida razonable y tendr\u00e1 a\u00fan m\u00e1s razones para considerar hacer de Wisconsin su nuevo hogar.  <\/p>\n<p>Nuestra emblem\u00e1tica Universidad de Wisconsin tiene su sede en la ciudad de Madison, a unos 90 minutos de la sede de UNISIG, y hay m\u00faltiples campus sat\u00e9lites en otras \u00e1reas del estado, como Milwaukee, Whitewater, Oshkosh y Green Bay. El centro de Milwaukee es el hogar de la Universidad de Marquette, el Colegio T\u00e9cnico del \u00c1rea de Milwaukee y la Escuela de Ingenier\u00eda de Milwaukee. <\/p>\n<p>Otras escuelas locales incluyen la Universidad Carroll y el Colegio T\u00e9cnico del Condado de Waukesha en Waukesha, Alverno en Milwaukee, la Universidad de Lawrence en Appleton y m\u00e1s.[\/vc_column_text][\/vc_column][\/vc_row][vc_row][vc_column css=&#8221;.vc_custom_1632590730983{margin-top: 30px !important;margin-bottom: 30px !important;}&#8221;][vc_separator][\/vc_column][\/vc_row][vc_row gap=&#8221;30&#8243; content_placement=&#8221;middle&#8221; el_class=&#8221;row-reverse&#8221;][vc_column width=&#8221;1\/2&#8243;][vc_column_text]<\/p>\n<h4>M\u00e1s informaci\u00f3n sobre Wisconsin<\/h4>\n<ul>\n<li><a href=\"https:\/\/travelwisconsin.com\" target=\"_blank\" rel=\"noopener\">TravelWisconsin.com<\/a><\/li>\n<li><a href=\"https:\/\/www.menomonee-falls.org\/\" target=\"_blank\" rel=\"noopener\">Sitio web oficial de Menomonee Falls<\/a><\/li>\n<\/ul>\n<p>[\/vc_column_text][\/vc_column][vc_column width=&#8221;1\/2&#8243;][vc_single_image image=&#8221;205708&#8243; img_size=&#8221;large&#8221;][\/vc_column][\/vc_row][vc_row][vc_column css=&#8221;.vc_custom_1632590730983{margin-top: 30px !important;margin-bottom: 30px !important;}&#8221;][vc_separator][vc_column_text]<\/p>\n<h6 style=\"text-align: center;\">DO YOU LIKE WHAT YOU SEE? <a href=\"https:\/\/unisig.com\/careers-at-unisig\">Check out current job openings at UNISIG<\/a><\/h6>\n<p>[\/vc_column_text][vc_separator][\/vc_column][\/vc_row]<\/p>\n<\/div>","protected":false},"excerpt":{"rendered":"<p>[vc_row css=&#8221;.vc_custom_1694452705057{margin-top: 125px !important;}&#8221;][vc_column][\/vc_column][\/vc_row][vc_row gap=&#8221;30&#8243;][vc_column width=&#8221;1\/2&#8243;][vc_column_text] Un gran lugar para llamar hogar UNISIG est\u00e1 ubicado en la esquina sureste de la hermosa Wisconsin. Estamos a solo unas millas de todos los deportes, la vida nocturna y la actividad cultural que Milwaukee tiene para ofrecer, y a poca distancia en auto de docenas de lagos, bosques,<a href=\"https:\/\/unisig.com\/es\/Wisconsin-Vida\" class=\"more-link\">Read More<\/a><\/p>\n","protected":false},"author":20,"featured_media":0,"parent":0,"menu_order":0,"comment_status":"closed","ping_status":"closed","template":"","meta":{"_acf_changed":false,"footnotes":""},"folder":[1175],"class_list":["post-208390","page","type-page","status-publish","hentry"],"acf":[],"_links":{"self":[{"href":"https:\/\/unisig.com\/es\/wp-json\/wp\/v2\/pages\/208390","targetHints":{"allow":["GET"]}}],"collection":[{"href":"https:\/\/unisig.com\/es\/wp-json\/wp\/v2\/pages"}],"about":[{"href":"https:\/\/unisig.com\/es\/wp-json\/wp\/v2\/types\/page"}],"author":[{"embeddable":true,"href":"https:\/\/unisig.com\/es\/wp-json\/wp\/v2\/users\/20"}],"replies":[{"embeddable":true,"href":"https:\/\/unisig.com\/es\/wp-json\/wp\/v2\/comments?post=208390"}],"version-history":[{"count":0,"href":"https:\/\/unisig.com\/es\/wp-json\/wp\/v2\/pages\/208390\/revisions"}],"wp:attachment":[{"href":"https:\/\/unisig.com\/es\/wp-json\/wp\/v2\/media?parent=208390"}],"wp:term":[{"taxonomy":"folder","embeddable":true,"href":"https:\/\/unisig.com\/es\/wp-json\/wp\/v2\/folder?post=208390"}],"curies":[{"name":"wp","href":"https:\/\/api.w.org\/{rel}","templated":true}]}}