{"id":208401,"date":"2025-06-03T13:01:01","date_gmt":"2025-06-03T18:01:01","guid":{"rendered":"https:\/\/unisig.com\/talleres-de-trabajo\/"},"modified":"2025-06-03T13:01:05","modified_gmt":"2025-06-03T18:01:05","slug":"talleres-de-trabajo","status":"publish","type":"page","link":"https:\/\/unisig.com\/es\/Industrias\/Talleres\/","title":{"rendered":"Talleres de trabajo"},"content":{"rendered":"<div class=\"wpb-content-wrapper\"><p>[vc_row][vc_column][vc_column_text]\n\t\t\t<!-- START Job Shops REVOLUTION SLIDER 6.7.25 --><p class=\"rs-p-wp-fix\"><\/p>\n\t\t\t<rs-module-wrap id=\"rev_slider_25_1_wrapper\" data-source=\"gallery\" style=\"visibility:hidden;background:transparent;padding:0;margin:0px auto;margin-top:0;margin-bottom:0;\">\n\t\t\t\t<rs-module id=\"rev_slider_25_1\" style=\"\" data-version=\"6.7.25\">\n\t\t\t\t\t<rs-slides style=\"overflow: hidden; position: absolute;\">\n\t\t\t\t\t\t<rs-slide style=\"position: absolute;\" data-key=\"rs-31\" data-title=\"Slide\" data-duration=\"9000\" data-anim=\"ms:600;\" data-in=\"o:0;\" data-out=\"a:false;\">\n\t\t\t\t\t\t\t<img decoding=\"async\" src=\"\/\/unisig.com\/wp-content\/plugins\/revslider\/sr6\/assets\/assets\/dummy.png\" alt=\"\" title=\"oil and gas industry header_still\" width=\"1920\" height=\"720\" class=\"rev-slidebg tp-rs-img rs-lazyload\" data-lazyload=\"https:\/\/unisig.com\/wp-content\/smush-webp\/2022\/08\/oil-and-gas-industry-header_still.jpg.webp\" data-no-retina>\n\t\t\t\t\t\t\t<rs-bgvideo \n\t\t\t\t\t\t\t\tdata-video=\"vc:none;w:100%;h:100%;nse:false;l:true;ptimer:false;\"\n\t\t\t\t\t\t\t\tdata-vimeoid=\"880195483\"\n\t\t\t\t\t\t\t\tdata-vatr=\"background=1&amp;title=0&amp;byline=0&amp;portrait=0&amp;api=1&amp;dnt=1\"\n\t\t\t\t\t\t\t><\/rs-bgvideo>\n<!---->\t\t\t\t\t<\/rs-slide>\n\t\t\t\t\t<\/rs-slides>\n\t\t\t\t<\/rs-module>\n\t\t\t\t<script>\n\t\t\t\t\tsetREVStartSize({c: 'rev_slider_25_1',rl:[1240,1024,778,480],el:[600],gw:[1240],gh:[600],type:'standard',justify:'',layout:'fullwidth',mh:\"0\"});if (window.RS_MODULES!==undefined && window.RS_MODULES.modules!==undefined && window.RS_MODULES.modules[\"revslider251\"]!==undefined) {window.RS_MODULES.modules[\"revslider251\"].once = false;window.revapi25 = undefined;if (window.RS_MODULES.checkMinimal!==undefined) window.RS_MODULES.checkMinimal()}\n\t\t\t\t<\/script>\n\t\t\t<\/rs-module-wrap>\n\t\t\t<!-- END REVOLUTION SLIDER -->\n[\/vc_column_text][\/vc_column][\/vc_row][vc_row gap=&#8221;30&#8243;][vc_column width=&#8221;1\/2&#8243;][vc_column_text]<\/p>\n<h2>Llevando la tecnolog\u00eda de perforaci\u00f3n de pozos profundos a los talleres modernos.<\/h2>\n<p>[\/vc_column_text][vc_column_text]Durante m\u00e1s de 40 a\u00f1os, UNISIG ha estado dise\u00f1ando y construyendo m\u00e1quinas que simplifican el dif\u00edcil proceso de perforaci\u00f3n de pozos profundos. Dise\u00f1adas espec\u00edficamente para producir de manera confiable y consistente orificios de alta precisi\u00f3n en relaciones de profundidad a di\u00e1metro de 100:1 o m\u00e1s, las m\u00e1quinas perforadoras de orificios profundos de UNISIG ampl\u00edan sus capacidades como un complemento aut\u00e9ntico para las celdas de mecanizado CNC. Nuestras m\u00e1quinas perforadoras de agujeros profundos UNE y USK de tama\u00f1o compacto ofrecen perforaciones de precisi\u00f3n de 1,4 a 40 mm, con caracter\u00edsticas y opciones para soportar aplicaciones espec\u00edficas.[\/vc_column_text][\/vc_column][vc_column width=&#8221;1\/2&#8243;][vc_empty_space height=&#8221;114px&#8221;][vc_column_text]UNISIG ofrece todo el sistema de perforaci\u00f3n de pozos profundos: m\u00e1quinas, herramientas y automatizaci\u00f3n. Brindamos experiencia t\u00e9cnica, capacitaci\u00f3n y servicio remoto y presencial para ayudar a maximizar el valor de las inversiones que nuestros clientes han realizado. Disponemos de m\u00faltiples configuraciones de m\u00e1quinas dise\u00f1adas con automatizaci\u00f3n integrada, como cintas transportadoras, manipuladores de bandejas, robots, p\u00f3rticos y cargadores de barras pesadas. Esto permite a los talleres personalizar la soluci\u00f3n m\u00e1s eficaz que llevar\u00e1 las operaciones de perforaci\u00f3n de pozos profundos a sus instalaciones.[\/vc_column_text][\/vc_column][\/vc_row][vc_row][vc_column css=&#8221;.vc_custom_1632590730983{margin-top: 30px !important;margin-bottom: 30px !important;}&#8221;][vc_separator][\/vc_column][\/vc_row][vc_row gap=&#8221;30&#8243; content_placement=&#8221;middle&#8221;][vc_column width=&#8221;1\/2&#8243;][vc_gallery interval=&#8221;3&#8243; images=&#8221;205177,205180,205165&#8243; img_size=&#8221;large&#8221;][\/vc_column][vc_column width=&#8221;1\/2&#8243;][vc_column_text]<\/p>\n<h4>Taladros de pistola de la serie UNE<\/h4>\n<p>Las m\u00e1quinas de la serie UNISIG UNE est\u00e1n dise\u00f1adas por expertos para brindar rendimiento y confiabilidad de perforaci\u00f3n de agujeros profundos a talleres de cualquier tama\u00f1o y ofrecen una amplia gama de di\u00e1metros de orificio para longitudes de piezas de trabajo de hasta 3,000 mm. Disponibles en configuraciones de uno o dos husillos, las m\u00e1quinas de la serie UNE son soluciones rentables para los talleres que buscan agregar perforaci\u00f3n de agujeros profundos a sus capacidades. <\/p>\n<ul>\n<li>Dise\u00f1ado para caber en un espacio compacto<\/li>\n<li>Di\u00e1metros m\u00e1ximos de broca de hasta 40 mm<\/li>\n<li>Clasificado para taladros de carburo s\u00f3lidos, soldados y indexables<\/li>\n<\/ul>\n<p>[\/vc_column_text][vc_btn title=&#8221;Ver Taladros de pistola de la serie UNE&#8221; link=&#8221;url:https%3A%2F%2Funisig.com%2Fall-machines%2Fune%2F|&#8221;][\/vc_column][\/vc_row][vc_row][vc_column css=&#8221;.vc_custom_1632590730983{margin-top: 30px !important;margin-bottom: 30px !important;}&#8221;][vc_separator][\/vc_column][\/vc_row][vc_row gap=&#8221;30&#8243; content_placement=&#8221;middle&#8221; el_class=&#8221;row-reverse&#8221;][vc_column width=&#8221;1\/2&#8243;][vc_column_text]<\/p>\n<h4>M\u00e1quinas perforadoras CNC de la serie USK<\/h4>\n<p>Las m\u00e1quinas de mesa USK simplifican el proceso de perforaci\u00f3n de orificios desafiantes cuando la precisi\u00f3n es primordial. La serie USK utiliza tecnolog\u00eda de perforaci\u00f3n comprobada de toda la l\u00ednea de m\u00e1quinas perforadoras de pozos profundos de UNISIG, lo que brinda a los talleres acceso a las capacidades de precisi\u00f3n m\u00e1s extremas disponibles en el mercado. <\/p>\n<ul>\n<li>Capaz de perforar con armas<\/li>\n<li>Profundidades nominales de perforaci\u00f3n (en toda la serie): de 750 mm a 1.500 mm<\/li>\n<li>Construcci\u00f3n r\u00edgida de una sola pieza<\/li>\n<\/ul>\n<p>[\/vc_column_text][vc_btn title=&#8221;Ver M\u00e1quinas perforadoras CNC de la serie USK&#8221; link=&#8221;url:https%3A%2F%2Funisig.com%2Fall-machines%2Fusk%2F|&#8221;][\/vc_column][vc_column width=&#8221;1\/2&#8243;][vc_gallery interval=&#8221;3&#8243; images=&#8221;9278,205169,5084&#8243; img_size=&#8221;full&#8221;][\/vc_column][\/vc_row][vc_row][vc_column css=&#8221;.vc_custom_1632590730983{margin-top: 30px !important;margin-bottom: 30px !important;}&#8221;][vc_separator][\/vc_column][\/vc_row][vc_row gap=&#8221;30&#8243; content_placement=&#8221;middle&#8221;][vc_column width=&#8221;1\/2&#8243;][vc_single_image image=&#8221;201976&#8243; img_size=&#8221;large&#8221;][\/vc_column][vc_column width=&#8221;1\/2&#8243;][vc_column_text]<\/p>\n<h4>Herramientas de perforaci\u00f3n de agujeros profundos para talleres<\/h4>\n<p>UNISIG integra herramientas de corte y componentes de herramientas duraderos para procesos de perforaci\u00f3n con pistola y perforaci\u00f3n de pozos profundos BTA en cada m\u00e1quina que construimos, apoyando una amplia gama de industrias. Este herramental es esencial para satisfacer las demandas de producci\u00f3n y rendimiento de nuestros clientes, y estamos involucrados en la selecci\u00f3n de herramientas de corte, desarrollo de procesos, pruebas, refinamiento y documentaci\u00f3n de procesos \u00f3ptimos de perforaci\u00f3n de pozos profundos. <\/p>\n<p>Nuestros componentes de herramientas duraderos, utilizados para soportar y alinear herramientas de corte y piezas de trabajo durante todo el proceso de perforaci\u00f3n de agujeros profundos, se dise\u00f1an y fabrican en nuestras instalaciones siguiendo las normas ISO y DIN, y los productos de ingenier\u00eda personalizada est\u00e1n disponibles para aplicaciones \u00fanicas.[\/vc_column_text][vc_btn title=&#8221;Herramientas de perforaci\u00f3n de agujeros profundos&#8221; link=&#8221;url:%2Ftooling%2F|&#8221;][\/vc_column][\/vc_row][vc_row][vc_column css=&#8221;.vc_custom_1632590730983{margin-top: 30px !important;margin-bottom: 30px !important;}&#8221;][vc_separator][\/vc_column][\/vc_row][vc_row gap=&#8221;30&#8243; content_placement=&#8221;middle&#8221;][vc_column width=&#8221;1\/2&#8243;][vc_column_text]<\/p>\n<h4>Automatizaci\u00f3n<\/h4>\n<p>En UNISIG, nuestras m\u00e1quinas est\u00e1n dise\u00f1adas en torno a soluciones de automatizaci\u00f3n integradas que est\u00e1n programadas para aumentar la productividad, la fiabilidad y la flexibilidad. Tenemos experiencia en el desarrollo de automatizaci\u00f3n para pr\u00e1cticamente cualquier aplicaci\u00f3n, desde robots y transportadores para la producci\u00f3n de piezas peque\u00f1as hasta p\u00f3rticos y cargadores de barras pesadas necesarios para la perforaci\u00f3n de agujeros profundos en forjas grandes. <\/p>\n<p>Para los requisitos de automatizaci\u00f3n especializados, el enfoque de ingenier\u00eda colaborativa de UNISIG trabajar\u00e1 en estrecha colaboraci\u00f3n con usted para considerar sus requisitos de tolerancia y producci\u00f3n, instalaciones y presupuesto para desarrollar una soluci\u00f3n de automatizaci\u00f3n \u00f3ptima que satisfaga sus necesidades de fabricaci\u00f3n.[\/vc_column_text][vc_btn title=&#8221;Automatizaci\u00f3n&#8221; link=&#8221;url:%2Fautomation%2Fflexible-automation%2F|&#8221;][\/vc_column][vc_column width=&#8221;1\/2&#8243;][vc_single_image image=&#8221;205173&#8243; img_size=&#8221;large&#8221;][\/vc_column][\/vc_row][vc_row][vc_column css=&#8221;.vc_custom_1632590730983{margin-top: 30px !important;margin-bottom: 30px !important;}&#8221;][vc_separator][\/vc_column][\/vc_row][vc_row gap=&#8221;30&#8243; content_placement=&#8221;middle&#8221; el_class=&#8221;row-reverse&#8221;][vc_column width=&#8221;1\/2&#8243;][vc_single_image image=&#8221;203749&#8243; img_size=&#8221;large&#8221;][\/vc_column][vc_column width=&#8221;1\/2&#8243;][vc_column_text]<\/p>\n<h4>Soporte de aplicaciones<\/h4>\n<p>Las m\u00e1quinas UNISIG est\u00e1n dise\u00f1adas y fabricadas en los EE. UU. para nuestra base de clientes global. Tenemos instalaciones en Am\u00e9rica, Europa y Asia y brindamos el soporte t\u00e9cnico y el servicio que nuestros clientes necesitan para mantenerse productivos durante la vida \u00fatil del equipo. <\/p>\n<p>Nuestra experiencia proviene de resolver problemas con nuestros clientes y aprender lo que necesitan de sus m\u00e1quinas para lograr sus objetivos de perforaci\u00f3n de pozos profundos. Luego aplicamos lo que aprendemos con nuestras impresionantes capacidades de ingenier\u00eda y fabricaci\u00f3n, y establecemos nuevos est\u00e1ndares para el rendimiento de las m\u00e1quinas perforadoras de pozos profundos, lo que a su vez impulsa el desarrollo de herramientas en beneficio de la industria en su conjunto. <\/p>\n<p>UNISIG a menudo ayuda a los clientes con poca o ninguna experiencia en perforaci\u00f3n de pozos profundos a tener mucho \u00e9xito al lanzar nuevos proyectos que son cr\u00edticos para sus necesidades de fabricaci\u00f3n. Los clientes m\u00e1s experimentados tambi\u00e9n valoran la potencia, la precisi\u00f3n y el control que les ofrecen nuestras m\u00e1quinas.[\/vc_column_text][\/vc_column][\/vc_row][vc_row][vc_column css=&#8221;.vc_custom_1632590730983{margin-top: 30px !important;margin-bottom: 30px !important;}&#8221;][vc_separator][\/vc_column][\/vc_row][vc_row][vc_column width=&#8221;1\/2&#8243;][vc_column_text]<\/p>\n<h5>Recursos adicionales del taller de trabajo<\/h5>\n<p>[\/vc_column_text][unisig_icon_content icon=&#8221;fas fa-cogs&#8221;]<a href=\"https:\/\/unisig.com\/une-gundrilling-series-brochure\/\" target=\"_blank\" rel=\"noopener noreferrer\">UNE Series Job Shop and Production Machines | Brochure<\/a>[\/unisig_icon_content][\/vc_column][vc_column width=&#8221;1\/2&#8243;][vc_empty_space height=&#8221;14px&#8221;][vc_cta h2=&#8221;Env\u00ede su solicitud&#8221; h2_font_container=&#8221;color:%23005288&#8243; h2_google_fonts=&#8221;font_family:Open%20Sans%3A300%2C300italic%2Cregular%2Citalic%2C600%2C600italic%2C700%2C700italic%2C800%2C800italic|font_style:400%20regular%3A400%3Anormal&#8221; shape=&#8221;square&#8221; style=&#8221;custom&#8221; add_button=&#8221;bottom&#8221; btn_title=&#8221;Enviar solicitud&#8221; btn_shape=&#8221;square&#8221; use_custom_fonts_h2=&#8221;true&#8221; btn_add_icon=&#8221;true&#8221; custom_text=&#8221;#151515&#8243; custom_background=&#8221;#e3e3e3&#8243; css=&#8221;.vc_custom_1677766703635{border-top-width: 0px !important;border-right-width: 0px !important;border-bottom-width: 0px !important;border-left-width: 0px !important;}&#8221; btn_link=&#8221;url:https%3A%2F%2Funisig.com%2Fes%2Fcontacta-con-nosotros%2Fsolicite-una-cotizacion%2F|title:Solicite%20un%20presupuesto|&#8221;]Env\u00ede su solicitud para obtener una cotizaci\u00f3n para m\u00e1quinas perforadoras de pozos profundos estandarizadas de Job Shop.[\/vc_cta][\/vc_column][\/vc_row]<\/p>\n<\/div>","protected":false},"excerpt":{"rendered":"<p>[vc_row][vc_column][vc_column_text][\/vc_column_text][\/vc_column][\/vc_row][vc_row gap=&#8221;30&#8243;][vc_column width=&#8221;1\/2&#8243;][vc_column_text] Llevando la tecnolog\u00eda de perforaci\u00f3n de pozos profundos a los talleres modernos. [\/vc_column_text][vc_column_text]Durante m\u00e1s de 40 a\u00f1os, UNISIG ha estado dise\u00f1ando y construyendo m\u00e1quinas que simplifican el dif\u00edcil proceso de perforaci\u00f3n de pozos profundos. Dise\u00f1adas espec\u00edficamente para producir de manera confiable y consistente orificios de alta precisi\u00f3n en relaciones de profundidad a<a href=\"https:\/\/unisig.com\/es\/Industrias\/Talleres\/\" class=\"more-link\">Read More<\/a><\/p>\n","protected":false},"author":22,"featured_media":0,"parent":0,"menu_order":0,"comment_status":"closed","ping_status":"closed","template":"","meta":{"_acf_changed":false,"footnotes":""},"folder":[1199,1180],"class_list":["post-208401","page","type-page","status-publish","hentry"],"acf":[],"_links":{"self":[{"href":"https:\/\/unisig.com\/es\/wp-json\/wp\/v2\/pages\/208401","targetHints":{"allow":["GET"]}}],"collection":[{"href":"https:\/\/unisig.com\/es\/wp-json\/wp\/v2\/pages"}],"about":[{"href":"https:\/\/unisig.com\/es\/wp-json\/wp\/v2\/types\/page"}],"author":[{"embeddable":true,"href":"https:\/\/unisig.com\/es\/wp-json\/wp\/v2\/users\/22"}],"replies":[{"embeddable":true,"href":"https:\/\/unisig.com\/es\/wp-json\/wp\/v2\/comments?post=208401"}],"version-history":[{"count":0,"href":"https:\/\/unisig.com\/es\/wp-json\/wp\/v2\/pages\/208401\/revisions"}],"wp:attachment":[{"href":"https:\/\/unisig.com\/es\/wp-json\/wp\/v2\/media?parent=208401"}],"wp:term":[{"taxonomy":"folder","embeddable":true,"href":"https:\/\/unisig.com\/es\/wp-json\/wp\/v2\/folder?post=208401"}],"curies":[{"name":"wp","href":"https:\/\/api.w.org\/{rel}","templated":true}]}}