{"id":208421,"date":"2025-06-03T13:01:07","date_gmt":"2025-06-03T18:01:07","guid":{"rendered":"https:\/\/unisig.com\/emts-2024\/"},"modified":"2025-06-03T13:01:09","modified_gmt":"2025-06-03T18:01:09","slug":"emts-2024","status":"publish","type":"page","link":"https:\/\/unisig.com\/es\/emts-2024\/","title":{"rendered":"EMTS 2024"},"content":{"rendered":"<div class=\"wpb-content-wrapper\"><p>[vc_row full_width=&#8221;stretch_row_content_no_spaces&#8221; css=&#8221;.vc_custom_1718303713841{margin-top: 115px !important;background-color: #005288 !important;background-position: center !important;background-repeat: no-repeat !important;background-size: cover !important;}&#8221; el_class=&#8221;imts-splash&#8221;][vc_column]<div class=\"avt_masterslider_el \" >\n\t\t<!-- MasterSlider -->\n\t\t<div id=\"P_MS69f1c2de8ac65\" class=\"master-slider-parent ms-parent-id-52\" style=\"\" >\n\n\t\t\t\n\t\t\t<!-- MasterSlider Main -->\n\t\t\t<div id=\"MS69f1c2de8ac65\" class=\"master-slider ms-skin-default\" >\n\t\t\t\t \t\t\t\t \n\n\t\t\t<div  class=\"ms-slide\" data-delay=\"6\" data-fill-mode=\"fill\"   >\n\t\t\t\t\t<div class=\"ms-pattern \" style=\"background-color:rgba(0, 0, 0, 0.45);\" ><\/div>\n\t\t\t\t\t<img decoding=\"async\" src=\"https:\/\/unisig.com\/wp-content\/plugins\/masterslider\/public\/assets\/css\/blank.gif\" alt=\"\" title=\"\" data-src=\"https:\/\/unisig.com\/wp-content\/smush-webp\/2023\/06\/IMG_4390.jpeg.webp\" \/>\n\n\t\t\t\t\t<div  class=\"ms-layer\" style=\"\"      data-ease=\"easeOutQuint\"                data-offset-x=\"0\" data-offset-y=\"0\" data-origin=\"mc\"   >\n<h1 style=\"text-align: center; color: #ffffff; font-weight: bold; text-shadow: 0 0 20px rgba(0,0,0,0.5);\">Deep Hole Drilling Machines and Automation<\/h1><h2 style=\"text-align: center; color: #ffffff; text-shadow: 0 0 20px rgba(0,0,0,0.5);\">Visit UNISIG at Booth #339159<\/h2><\/div>\n\n\n\t\t\t\t<\/div>\n\t\t\t<div  class=\"ms-slide\" data-delay=\"6\" data-fill-mode=\"fill\"   >\n\t\t\t\t\t<div class=\"ms-pattern \" style=\"background-color:rgba(0, 0, 0, 0.45);\" ><\/div>\n\t\t\t\t\t<img decoding=\"async\" src=\"https:\/\/unisig.com\/wp-content\/plugins\/masterslider\/public\/assets\/css\/blank.gif\" alt=\"\" title=\"\" data-src=\"https:\/\/unisig.com\/wp-content\/smush-webp\/2023\/06\/B850-12M-Overall-View-Work-Side.jpeg.webp\" \/>\n\n\t\t\t\t\t<div  class=\"ms-layer\" style=\"\"      data-ease=\"easeOutQuint\"                data-offset-x=\"0\" data-offset-y=\"0\" data-origin=\"mc\"   >\n<h1 style=\"text-align: center; color: #ffffff; font-weight: bold; text-shadow: 0 0 20px rgba(0,0,0,0.5);\">Deep Hole Drilling Machines and Automation<\/h1><h2 style=\"text-align: center; color: #ffffff; text-shadow: 0 0 20px rgba(0,0,0,0.5);\">Visit UNISIG at Booth #339159<\/h2><\/div>\n\n\n\t\t\t\t<\/div>\n\t\t\t<div  class=\"ms-slide\" data-delay=\"6\" data-fill-mode=\"fill\"   >\n\t\t\t\t\t<div class=\"ms-pattern \" style=\"background-color:rgba(0, 0, 0, 0.45);\" ><\/div>\n\t\t\t\t\t<img decoding=\"async\" src=\"https:\/\/unisig.com\/wp-content\/plugins\/masterslider\/public\/assets\/css\/blank.gif\" alt=\"\" title=\"\" data-src=\"https:\/\/unisig.com\/wp-content\/smush-webp\/2024\/06\/UNE6-2i_Part_Stage_Automation.jpg.webp\" \/>\n\n\t\t\t\t\t<div  class=\"ms-layer\" style=\"\"      data-ease=\"easeOutQuint\"                data-offset-x=\"0\" data-offset-y=\"0\" data-origin=\"mc\"   >\n<h1 style=\"text-align: center; color: #ffffff; font-weight: bold; text-shadow: 0 0 20px rgba(0,0,0,0.5);\">Deep Hole Drilling Machines and Automation<\/h1><h2 style=\"text-align: center; color: #ffffff; text-shadow: 0 0 20px rgba(0,0,0,0.5);\">Visit UNISIG at Booth #339159<\/h2><\/div>\n\n\n\t\t\t\t<\/div>\n\t\t\t<div  class=\"ms-slide\" data-delay=\"6\" data-fill-mode=\"fill\"   >\n\t\t\t\t\t<div class=\"ms-pattern \" style=\"background-color:rgba(0, 0, 0, 0.45);\" ><\/div>\n\t\t\t\t\t<img decoding=\"async\" src=\"https:\/\/unisig.com\/wp-content\/plugins\/masterslider\/public\/assets\/css\/blank.gif\" alt=\"\" title=\"\" data-src=\"https:\/\/unisig.com\/wp-content\/smush-webp\/2024\/06\/B700-3M-Workpiece-Side.jpg.webp\" \/>\n\n\t\t\t\t\t<div  class=\"ms-layer\" style=\"\"      data-ease=\"easeOutQuint\"                data-offset-x=\"0\" data-offset-y=\"0\" data-origin=\"mc\"   >\n<h1 style=\"text-align: center; color: #ffffff; font-weight: bold; text-shadow: 0 0 20px rgba(0,0,0,0.5);\">Deep Hole Drilling Machines and Automation<\/h1><h2 style=\"text-align: center; color: #ffffff; text-shadow: 0 0 20px rgba(0,0,0,0.5);\">Visit UNISIG at Booth #339159<\/h2><\/div>\n\n\n\t\t\t\t<\/div>\n\t\t\t<div  class=\"ms-slide\" data-delay=\"6\" data-fill-mode=\"fill\"   >\n\t\t\t\t\t<div class=\"ms-pattern \" style=\"background-color:rgba(0, 0, 0, 0.45);\" ><\/div>\n\t\t\t\t\t<img decoding=\"async\" src=\"https:\/\/unisig.com\/wp-content\/plugins\/masterslider\/public\/assets\/css\/blank.gif\" alt=\"\" title=\"\" data-src=\"https:\/\/unisig.com\/wp-content\/smush-webp\/2024\/06\/UNI-20-4-1000_4-Spindle_Interior.jpg.webp\" \/>\n\n\t\t\t\t\t<div  class=\"ms-layer\" style=\"\"      data-ease=\"easeOutQuint\"                data-offset-x=\"0\" data-offset-y=\"0\" data-origin=\"mc\"   >\n<h1 style=\"text-align: center; color: #ffffff; font-weight: bold; text-shadow: 0 0 20px rgba(0,0,0,0.5);\">Deep Hole Drilling Machines and Automation<\/h1><h2 style=\"text-align: center; color: #ffffff; text-shadow: 0 0 20px rgba(0,0,0,0.5);\">Visit UNISIG at Booth #339159<\/h2><\/div>\n\n\n\t\t\t\t<\/div>\n\t\t\t<div  class=\"ms-slide\" data-delay=\"6\" data-fill-mode=\"fill\"   >\n\t\t\t\t\t<div class=\"ms-pattern \" style=\"background-color:rgba(0, 0, 0, 0.45);\" ><\/div>\n\t\t\t\t\t<img decoding=\"async\" src=\"https:\/\/unisig.com\/wp-content\/plugins\/masterslider\/public\/assets\/css\/blank.gif\" alt=\"\" title=\"\" data-src=\"https:\/\/unisig.com\/wp-content\/smush-webp\/2024\/06\/B600-1.5M-Cell-with-Robot-and-Loading-Track.jpg.webp\" \/>\n\n\t\t\t\t\t<div  class=\"ms-layer\" style=\"\"      data-ease=\"easeOutQuint\"                data-offset-x=\"0\" data-offset-y=\"0\" data-origin=\"mc\"   >\n<h1 style=\"text-align: center; color: #ffffff; font-weight: bold; text-shadow: 0 0 20px rgba(0,0,0,0.5);\">Deep Hole Drilling Machines and Automation<\/h1><h2 style=\"text-align: center; color: #ffffff; text-shadow: 0 0 20px rgba(0,0,0,0.5);\">Visit UNISIG at Booth #339159<\/h2><\/div>\n\n\n\t\t\t\t<\/div>\n\n\t\t\t<\/div>\n\t\t\t<!-- END MasterSlider Main -->\n\n\t\t\t \n\t\t<\/div>\n\t\t<!-- END MasterSlider -->\n\n\t\t<script>\n\t\t( window.MSReady = window.MSReady || [] ).push( function( $ ) {\n\n\t\t\t\"use strict\";\n\t\t\tvar masterslider_ac65 = new MasterSlider();\n\n\t\t\t\/\/ slider controls\n\t\t\tmasterslider_ac65.control('bullets'    ,{ autohide:true, overVideo:true, dir:'h', align:'bottom', space:6 , margin:10  });\n\t\t\t\/\/ slider setup\n\t\t\tmasterslider_ac65.setup(\"MS69f1c2de8ac65\", {\n\t\t\t\twidth           : 1140,\n\t\t\t\theight          : 745,\n\t\t\t\tminHeight       : 0,\n\t\t\t\tspace           : 0,\n\t\t\t\tstart           : 1,\n\t\t\t\tgrabCursor      : true,\n\t\t\t\tswipe           : true,\n\t\t\t\tmouse           : true,\n\t\t\t\tkeyboard        : true,\n\t\t\t\tlayout          : \"fillwidth\",\n\t\t\t\twheel           : false,\n\t\t\t\tautoplay        : true,\n                instantStartLayers:false,\n\t\t\t\tmobileBGVideo:false,\n\t\t\t\tloop            : true,\n\t\t\t\tshuffle         : false,\n\t\t\t\tpreload         : 0,\n\t\t\t\theightLimit     : true,\n\t\t\t\tautoHeight      : false,\n\t\t\t\tsmoothHeight    : true,\n\t\t\t\tendPause        : false,\n\t\t\t\toverPause       : true,\n\t\t\t\tfillMode        : \"fill\",\n\t\t\t\tcenterControls  : true,\n\t\t\t\tstartOnAppear   : false,\n\t\t\t\tlayersMode      : \"center\",\n\t\t\t\tautofillTarget  : \"\",\n\t\t\t\thideLayers      : false,\n\t\t\t\tfullscreenMargin: 0,\n\t\t\t\tspeed           : 20,\n\t\t\t\tdir             : \"h\",\n\t\t\t\tresponsive      : true,\n\t\t\t\ttabletWidth     : 768,\n\t\t\t\ttabletHeight    : null,\n\t\t\t\tphoneWidth      : 480,\n\t\t\t\tphoneHeight    : null,\n\t\t\t\tsizingReference : window,\n\t\t\t\tparallaxMode    : 'swipe',\n\t\t\t\tview            : \"parallaxMask\"\n\t\t\t});\n\n\t\t\t\n\t\t\twindow.masterslider_instances = window.masterslider_instances || [];\n\t\t\twindow.masterslider_instances.push( masterslider_ac65 );\n\t\t});\n\t\t<\/script>\n\n<\/div>[\/vc_column][\/vc_row][vc_row][vc_column][vc_text_separator title=&#8221;EMTS 2024&#8243; css=&#8221;&#8221;][vc_column_text css=&#8221;&#8221;]<\/p>\n<h2 style=\"text-align: center;\"><\/h2>\n<p style=\"text-align: center; font-size: 120%;\">UNISIG ha estado equipando a los fabricantes en los sectores aeroespacial, automotriz, m\u00e9dico, fabricaci\u00f3n de moldes, energ\u00eda, armas de fuego y defensa con sus m\u00e1quinas de perforaci\u00f3n y automatizaci\u00f3n de pozos profundos dise\u00f1adas y fabricadas en Estados Unidos durante m\u00e1s de 50 a\u00f1os.<\/p>\n<h4 style=\"text-align: center;\"><strong>VEN A VER UNISIG EN<\/strong> <span style=\"color: #005288;\">IMTS 2024 EN EL STAND #339159<\/span><\/h4>\n<p>[\/vc_column_text][vc_btn title=&#8221;REG\u00cdSTRESE HOY MISMO EN LAS IMTS 2024&#8243; align=&#8221;center&#8221; css=&#8221;&#8221; link=&#8221;url:https%3A%2F%2Fwww.imts.com%2Fshow%2Freg.cfm|target:_blank|&#8221;][vc_separator][vc_row_inner][vc_column_inner width=&#8221;1\/2&#8243;][vc_column_text css=&#8221;&#8221;]<\/p>\n<h3>UNISIG Deep Hole Drilling: Dise\u00f1ado y fabricado en los Estados Unidos para una base de clientes global<\/h3>\n<p>UNISIG ofrece a los clientes un sistema completo de perforaci\u00f3n de pozos profundos: m\u00e1quinas, herramientas y automatizaci\u00f3n que cubre toda la gama de aplicaciones de perforaci\u00f3n de pozos profundos. En IMTS 2024, aprender\u00e1 c\u00f3mo se pueden utilizar nuestras m\u00e1quinas perforadoras de pistola y BTA en aplicaciones que var\u00edan desde perforar orificios de menos de 0.040 \u201cde di\u00e1metro para componentes m\u00e9dicos de titanio hasta orificios de 20\u201d de di\u00e1metro de m\u00e1s de 30 pies de profundidad en forjados masivos de alta resistencia. Las m\u00e1quinas UNISIG realizan procesos complejos de perforaci\u00f3n de botellas y un desafiante taladrado descentrado de precisi\u00f3n. Tambi\u00e9n ofrecemos centros de taladrado y fresado que combinan el fresado CNC de 5 ejes y el taladrado de agujeros profundos en una sola plataforma de m\u00e1quina.[\/vc_column_text][\/vc_column_inner][vc_column_inner width=&#8221;1\/2&#8243;][vc_single_image image=&#8221;205650&#8243; img_size=&#8221;full&#8221; css=&#8221;&#8221;][\/vc_column_inner][\/vc_row_inner][vc_row_inner][vc_column_inner width=&#8221;1\/2&#8243;][vc_column_text css=&#8221;&#8221;]<\/p>\n<h4><strong>Automatizaci\u00f3n integrada<\/strong><\/h4>\n<p>En IMTS, obtenga m\u00e1s informaci\u00f3n sobre nuestra amplia experiencia en el dise\u00f1o e integraci\u00f3n de una variedad de soluciones de automatizaci\u00f3n est\u00e1ndar y especializadas en nuestras m\u00e1quinas, que incluyen:<\/p>\n<ul>\n<li>Cambiadores de palets<\/li>\n<li>rob\u00f3tica<\/li>\n<li>Transportadores inteligentes programables<\/li>\n<li>Cargadores de barras pesadas<\/li>\n<li>cargadores de cargadores<\/li>\n<li>y alimentadores a granel.<\/li>\n<\/ul>\n<p>[\/vc_column_text][\/vc_column_inner][vc_column_inner width=&#8221;1\/2&#8243;][vc_column_text css=&#8221;&#8221;]<\/p>\n<h4><strong>Colaboraci\u00f3n y apoyo<\/strong><\/h4>\n<p>Hable con nuestro personal in situ en IMTS para saber c\u00f3mo colaboramos con nuestros clientes para comprender y dise\u00f1ar un sistema de perforaci\u00f3n de pozos profundos que satisfaga sus necesidades. UNISIG tambi\u00e9n proporciona experiencia t\u00e9cnica, capacitaci\u00f3n y servicio remoto y presencial para ayudar a maximizar el valor de nuestras m\u00e1quinas. Apoyamos a nuestros clientes durante todo el proceso con un soporte t\u00e9cnico y un servicio insuperables.[\/vc_column_text][\/vc_column_inner][\/vc_row_inner][vc_separator][\/vc_column][\/vc_row][vc_row][vc_column][vc_row_inner][vc_column_inner width=&#8221;1\/2&#8243;][vc_column_text css=&#8221;&#8221;]<\/p>\n<h3 class=\"entry-title\">El nuevo sistema operativo UNISIG optimiza la interfaz humano-robot<\/h3>\n<p>Representando un salto adelante en la programaci\u00f3n, el sistema operativo de pr\u00f3xima generaci\u00f3n de UNISIG mejora a\u00fan m\u00e1s la interfaz humano-robot y reduce los tiempos de programaci\u00f3n.<\/p>\n<p>El nuevo sistema operativo, incluido en la perforadora de ca\u00f1\u00f3n de peque\u00f1o di\u00e1metro UNE6-2i-750-CR de UNISIG, agiliza la configuraci\u00f3n de docenas de combinaciones diferentes de manipulaci\u00f3n de piezas para reducir los tiempos de configuraci\u00f3n de nuevas piezas en un 80% o m\u00e1s. El sistema mejora significativamente la comunicaci\u00f3n entre la interfaz hombre-m\u00e1quina (HMI) de la m\u00e1quina y el controlador rob\u00f3tico. Esto permite el almacenamiento centralizado de datos o una \u00fanica fuente de verdad: la codificaci\u00f3n y los datos para la operaci\u00f3n de perforaci\u00f3n con pistola y el programa para el manejo de piezas se almacenan juntos para facilitar la recuperaci\u00f3n.[\/vc_column_text][unisig_icon_content icon=&#8221;fas fa-file-alt&#8221;]<a href=\"https:\/\/unisig.com\/new-unisig-operating-system-streamlines-the-human-robot-interface\/\">Read the Full Press Release<\/a>[\/unisig_icon_content][\/vc_column_inner][vc_column_inner width=&#8221;1\/2&#8243;][vc_single_image image=&#8221;206851&#8243; img_size=&#8221;full&#8221; css=&#8221;&#8221;][\/vc_column_inner][\/vc_row_inner][vc_column_text css=&#8221;&#8221;]<\/p>\n<h2 style=\"text-align: center;\">UNISIG: M\u00c1QUINAS DE PERFORACI\u00d3N Y AUTOMATIZACI\u00d3N GUNDRILLING Y BTA<\/h2>\n<p>[\/vc_column_text][vc_btn title=&#8221;A\u00d1ADE UNISIG A TU PLANIFICADOR DE ESPECT\u00c1CULOS IMTS&#8221; align=&#8221;center&#8221; css=&#8221;&#8221; link=&#8221;url:https%3A%2F%2Fdirectory.imts.com%2F8_0%2Flogin%2Flogin.cfm|target:_blank|&#8221;][\/vc_column][\/vc_row]<\/p>\n<\/div>","protected":false},"excerpt":{"rendered":"<p>[vc_row full_width=&#8221;stretch_row_content_no_spaces&#8221; css=&#8221;.vc_custom_1718303713841{margin-top: 115px !important;background-color: #005288 !important;background-position: center !important;background-repeat: no-repeat !important;background-size: cover !important;}&#8221; el_class=&#8221;imts-splash&#8221;][vc_column][\/vc_column][\/vc_row][vc_row][vc_column][vc_text_separator title=&#8221;EMTS 2024&#8243; css=&#8221;&#8221;][vc_column_text css=&#8221;&#8221;] UNISIG ha estado equipando a los fabricantes en los sectores aeroespacial, automotriz, m\u00e9dico, fabricaci\u00f3n de moldes, energ\u00eda, armas de fuego y defensa con sus m\u00e1quinas de perforaci\u00f3n y automatizaci\u00f3n de pozos profundos dise\u00f1adas y fabricadas en Estados<a href=\"https:\/\/unisig.com\/es\/emts-2024\/\" class=\"more-link\">Read More<\/a><\/p>\n","protected":false},"author":3,"featured_media":203133,"parent":0,"menu_order":0,"comment_status":"closed","ping_status":"closed","template":"page-templates\/template-5.php","meta":{"_acf_changed":false,"footnotes":""},"folder":[],"class_list":["post-208421","page","type-page","status-publish","has-post-thumbnail","hentry"],"acf":[],"_links":{"self":[{"href":"https:\/\/unisig.com\/es\/wp-json\/wp\/v2\/pages\/208421","targetHints":{"allow":["GET"]}}],"collection":[{"href":"https:\/\/unisig.com\/es\/wp-json\/wp\/v2\/pages"}],"about":[{"href":"https:\/\/unisig.com\/es\/wp-json\/wp\/v2\/types\/page"}],"author":[{"embeddable":true,"href":"https:\/\/unisig.com\/es\/wp-json\/wp\/v2\/users\/3"}],"replies":[{"embeddable":true,"href":"https:\/\/unisig.com\/es\/wp-json\/wp\/v2\/comments?post=208421"}],"version-history":[{"count":0,"href":"https:\/\/unisig.com\/es\/wp-json\/wp\/v2\/pages\/208421\/revisions"}],"wp:featuredmedia":[{"embeddable":true,"href":"https:\/\/unisig.com\/es\/wp-json\/wp\/v2\/media\/203133"}],"wp:attachment":[{"href":"https:\/\/unisig.com\/es\/wp-json\/wp\/v2\/media?parent=208421"}],"wp:term":[{"taxonomy":"folder","embeddable":true,"href":"https:\/\/unisig.com\/es\/wp-json\/wp\/v2\/folder?post=208421"}],"curies":[{"name":"wp","href":"https:\/\/api.w.org\/{rel}","templated":true}]}}